{"id":3755,"date":"2022-08-08T20:46:42","date_gmt":"2022-08-08T20:46:42","guid":{"rendered":"https:\/\/www.sunkaraoke.hu\/index.php\/termek\/farao-akkor-szep-az-erdo\/"},"modified":"2025-04-05T14:52:16","modified_gmt":"2025-04-05T14:52:16","slug":"farao-akkor-szep-az-erdo","status":"publish","type":"product","link":"https:\/\/www.sunkaraoke.hu\/index.php\/termek\/farao-akkor-szep-az-erdo\/","title":{"rendered":"<div class=\"wcmp-player-container product-3755\"><audio controlslist=\"nodownload\" data-product=\"3755\"  volume=\"1\"  preload=\"none\" data-lazyloading=\"none\" class=\"wcmp-player track mejs-classic\" data-duration=\"0:32\" data-estimated_duration=\"4\"><source src=\"https:\/\/www.sunkaraoke.hu\/wp-content\/uploads\/2022\/08\/Akkor-szep-_demooo.mp3\" type=\"audio\/mp3\" \/><\/audio><\/div>F\u00e1ra\u00f3 &#8211; Akkor sz\u00e9p az erd\u0151 (Original Palika Edition)"},"content":{"rendered":"<p><strong>03:26<\/strong> | <strong><img loading=\"lazy\" decoding=\"async\" class=\"alignnone size-full wp-image-467\" src=\"https:\/\/www.sunkaraoke.hu\/wp-content\/uploads\/2022\/07\/choir_2-copy.webp\" alt=\"\" width=\"30\" height=\"30\" \/> <\/strong><\/p>\n","protected":false},"excerpt":{"rendered":"<h6><strong>Bits\u0171r\u0171s\u00e9g: 320<\/strong>kb\/s<strong><br \/>\n<\/strong><strong>Hossz: <\/strong>03:26<strong><br \/>\n<\/strong><strong style=\"font-size: 16px;\">Vok\u00e1lt tartalmaz: <\/strong>Nem <img loading=\"lazy\" decoding=\"async\" class=\"alignnone size-full wp-image-467\" src=\"http:\/\/www.sunkaraoke.hu\/wp-content\/uploads\/2022\/07\/choir_2-copy.png\" alt=\"\" width=\"30\" height=\"30\" \/><strong style=\"font-size: 16px;\"><br \/>\n<\/strong><\/h6>\n<p>Sunkaraoke mp3 st\u00fadi\u00f3 \/ www.sunkaraoke.hu \/ Inf: Tel: 06 20 4275001<\/p>\n<p>&#8212;Intr\u00f3&#8212;<br \/>\nAkkor sz\u00e9p az erd\u0151 mikor z\u00f6ld,<br \/>\nmikor a vadgalamb benne k\u00f6lt.<br \/>\nOlyan a vadgalamb, mint a b\u00fcszke l\u00e1ny,<br \/>\ns\u00edrva j\u00e1r a leg\u00e9nyek ut\u00e1n.<br \/>\nOlyan a vadgalamb, mint a b\u00fcszke l\u00e1ny,<br \/>\ns\u00edrva j\u00e1r a leg\u00e9nyek ut\u00e1n.<\/p>\n<p>Megv\u00e1gtam az ujjam kisk\u00e9ssel,<br \/>\nbek\u00f6t\u00f6m csipk\u00e9s kis kend\u0151vel.<br \/>\nCsipk\u00e9s kis kend\u0151 az \u00e9desany\u00e1m\u00e9,<br \/>\nsoha nem leszek a bab\u00e1m\u00e9.<br \/>\nCsipk\u00e9s kis kend\u0151 az \u00e9desany\u00e1m\u00e9,<br \/>\nsoha nem leszek a bab\u00e1m\u00e9.<br \/>\n&#8212;Sz\u00f3l\u00f3&#8212;<br \/>\nNem vagyok \u00e9n oka semminek,<br \/>\n\u00e9desany\u00e1m oka mindennek.<br \/>\nMi\u00e9rt nem adott engem juh\u00e1sz fi\u00e1nak,<br \/>\nakit v\u00e1lasztottam magamnak.<br \/>\nMi\u00e9rt nem adott engem juh\u00e1sz fi\u00e1nak,<br \/>\nakit v\u00e1lasztottam magamnak.<br \/>\n&#8212;Sz\u00f3l\u00f3&#8212;<br \/>\nAkkor sz\u00e9p az erd\u0151 mikor z\u00f6ld,<br \/>\nmikor a vadgalamb benne k\u00f6lt.<br \/>\nOlyan a vadgalamb, mint a b\u00fcszke l\u00e1ny,<br \/>\ns\u00edrva j\u00e1r a leg\u00e9nyek ut\u00e1n.<br \/>\nOlyan a vadgalamb, mint a b\u00fcszke l\u00e1ny,<br \/>\ns\u00edrva j\u00e1r a leg\u00e9nyek ut\u00e1n.<br \/>\n&#8212;Sz\u00f3l\u00f3&#8212;<br \/>\nOlyan a vadgalamb, mint a b\u00fcszke l\u00e1ny,<br \/>\ns\u00edrva j\u00e1r a leg\u00e9nyek ut\u00e1n.<br \/>\n&#8212;V\u00e9ge&#8212;<\/p>\n","protected":false},"featured_media":9691,"template":"","meta":{"site-sidebar-layout":"default","site-content-layout":"default","ast-site-content-layout":"default","site-content-style":"default","site-sidebar-style":"default","ast-global-header-display":"","ast-banner-title-visibility":"","ast-main-header-display":"","ast-hfb-above-header-display":"","ast-hfb-below-header-display":"","ast-hfb-mobile-header-display":"","site-post-title":"","ast-breadcrumbs-content":"","ast-featured-img":"","footer-sml-layout":"","theme-transparent-header-meta":"default","adv-header-id-meta":"","stick-header-meta":"","header-above-stick-meta":"","header-main-stick-meta":"","header-below-stick-meta":"","astra-migrate-meta-layouts":"set","ast-page-background-enabled":"default","ast-page-background-meta":{"desktop":{"background-color":"var(--ast-global-color-4)","background-image":"","background-repeat":"repeat","background-position":"center center","background-size":"auto","background-attachment":"scroll","background-type":"","background-media":"","overlay-type":"","overlay-color":"","overlay-opacity":"","overlay-gradient":""},"tablet":{"background-color":"","background-image":"","background-repeat":"repeat","background-position":"center center","background-size":"auto","background-attachment":"scroll","background-type":"","background-media":"","overlay-type":"","overlay-color":"","overlay-opacity":"","overlay-gradient":""},"mobile":{"background-color":"","background-image":"","background-repeat":"repeat","background-position":"center center","background-size":"auto","background-attachment":"scroll","background-type":"","background-media":"","overlay-type":"","overlay-color":"","overlay-opacity":"","overlay-gradient":""}},"ast-content-background-meta":{"desktop":{"background-color":"var(--ast-global-color-5)","background-image":"","background-repeat":"repeat","background-position":"center center","background-size":"auto","background-attachment":"scroll","background-type":"","background-media":"","overlay-type":"","overlay-color":"","overlay-opacity":"","overlay-gradient":""},"tablet":{"background-color":"var(--ast-global-color-5)","background-image":"","background-repeat":"repeat","background-position":"center center","background-size":"auto","background-attachment":"scroll","background-type":"","background-media":"","overlay-type":"","overlay-color":"","overlay-opacity":"","overlay-gradient":""},"mobile":{"background-color":"var(--ast-global-color-5)","background-image":"","background-repeat":"repeat","background-position":"center center","background-size":"auto","background-attachment":"scroll","background-type":"","background-media":"","overlay-type":"","overlay-color":"","overlay-opacity":"","overlay-gradient":""}}},"product_cat":[48],"product_tag":[],"class_list":["post-3755","product","type-product","status-publish","has-post-thumbnail","hentry","product_cat-sunkaraoke-dalok","desktop-align-left","tablet-align-left","mobile-align-left"],"_links":{"self":[{"href":"https:\/\/www.sunkaraoke.hu\/index.php\/wp-json\/wp\/v2\/product\/3755","targetHints":{"allow":["GET"]}}],"collection":[{"href":"https:\/\/www.sunkaraoke.hu\/index.php\/wp-json\/wp\/v2\/product"}],"about":[{"href":"https:\/\/www.sunkaraoke.hu\/index.php\/wp-json\/wp\/v2\/types\/product"}],"wp:featuredmedia":[{"embeddable":true,"href":"https:\/\/www.sunkaraoke.hu\/index.php\/wp-json\/wp\/v2\/media\/9691"}],"wp:attachment":[{"href":"https:\/\/www.sunkaraoke.hu\/index.php\/wp-json\/wp\/v2\/media?parent=3755"}],"wp:term":[{"taxonomy":"product_cat","embeddable":true,"href":"https:\/\/www.sunkaraoke.hu\/index.php\/wp-json\/wp\/v2\/product_cat?post=3755"},{"taxonomy":"product_tag","embeddable":true,"href":"https:\/\/www.sunkaraoke.hu\/index.php\/wp-json\/wp\/v2\/product_tag?post=3755"}],"curies":[{"name":"wp","href":"https:\/\/api.w.org\/{rel}","templated":true}]}}