{"id":3746,"date":"2022-08-08T20:46:41","date_gmt":"2022-08-08T20:46:41","guid":{"rendered":"https:\/\/www.sunkaraoke.hu\/index.php\/termek\/retro-mix-2011-retro-mix-2011\/"},"modified":"2025-04-09T05:48:24","modified_gmt":"2025-04-09T05:48:24","slug":"retro-mix-2011-retro-mix-2011","status":"publish","type":"product","link":"https:\/\/www.sunkaraoke.hu\/index.php\/termek\/retro-mix-2011-retro-mix-2011\/","title":{"rendered":"<div class=\"wcmp-player-container product-3746\"><audio controlslist=\"nodownload\" data-product=\"3746\"  volume=\"1\"  preload=\"none\" data-lazyloading=\"none\" class=\"wcmp-player track mejs-classic\" data-duration=\"0:31\" data-estimated_duration=\"4\"><source src=\"https:\/\/www.sunkaraoke.hu\/wp-content\/uploads\/2022\/08\/Retro-MIX-2011.-kdemoo.mp3\" type=\"audio\/mp3\" \/><\/audio><\/div>Retro Dalok &#8211; Retro Buli Mix 02. (Original Palika Edition)"},"content":{"rendered":"","protected":false},"excerpt":{"rendered":"<h6><strong>Bits\u0171r\u0171s\u00e9g: 320<\/strong>kb\/s<strong><br \/>\n<\/strong><strong>Hossz: <\/strong>06:46<strong><br \/>\n<\/strong><strong style=\"font-size: 16px;\">Vok\u00e1lt tartalmaz: <\/strong>Nem <img loading=\"lazy\" decoding=\"async\" class=\"alignnone size-full wp-image-467\" src=\"http:\/\/www.sunkaraoke.hu\/wp-content\/uploads\/2022\/07\/choir_2-copy.png\" alt=\"\" width=\"30\" height=\"30\" \/><strong style=\"font-size: 16px;\"><br \/>\n<\/strong><\/h6>\n<p>Sunkaraoke mp3 st\u00fadi\u00f3 \/ www.sunkaraoke.hu \/ Inf: Tel: 06 20 4275001<\/p>\n<p>Sz\u00f3ljon hangosan az \u00e9nek,<br \/>\n\u00f6r\u00fclj velem k\u00e9rlek, \u00fagy ahogyan \u00e9n.<br \/>\nSz\u00f3ljon hangosan az \u00e9nek,<br \/>\nameddig csak \u00e9lek, \u00e9nekelek \u00e9n.<br \/>\n&#8212;Sz\u00f3l\u00f3&#8212;<br \/>\nBecs\u00edpve mentem tegnap haza, \u00fagy f\u00e9l 9-kor hajnal t\u00e1jt,<br \/>\n\u00e9s \u00e1lmomban 9 kis kacsa dalolva \u00e1gyam mell\u00e9m \u00e1llt.<br \/>\n&#8212;Sz\u00f3l\u00f3&#8212;<br \/>\nK\u00e1r \u00f6sszeveszni velem, k\u00e1r eldobni a sz\u00edvem,<br \/>\nhogyha nincsen erre m\u00e9g elsz\u00e1nva,<br \/>\njobb, ha egyet kett\u0151t alszik r\u00e1ja.<br \/>\nK\u00e1r \u00f6sszeveszni velem, k\u00e1r eldobni s a sz\u00edvem,<br \/>\nhiszen nincs a f\u00f6ld\u00f6n szebb se jobb se<br \/>\nmint a b\u00e9kess\u00e9g,k\u00e9rem ne tapossa s\u00e1rba l\u00e1ba,<br \/>\na tulajdon\u00e1ban l\u00e9v\u0151 fotogr\u00e1fi\u00e1mat m\u00e9g.<br \/>\nSz\u00f3ljon hangosan az \u00e9nek,<br \/>\n\u00f6r\u00fclj velem k\u00e9rlek, \u00fagy ahogyan \u00e9n.<br \/>\nSz\u00f3ljon hangosan az \u00e9nek,<br \/>\nameddig csak \u00e9lek, \u00e9nekelek \u00e9n.<br \/>\nMajd \u00e9jf\u00e9l fel\u00e9 vedd fel \u00e9des a legszebb ruh\u00e1d,<br \/>\n\u00e9s sz\u00edved f\u00f6l\u00e9 legyen kit\u0171zve egy sz\u00e1l vir\u00e1g.<br \/>\n\u00dagy add majd a sz\u00e1d, legyen forr\u00f3bb mint m\u00e1skor a cs\u00f3k,<br \/>\nmert gondold csak \u00e1t ez a legels\u0151 \u00e9vfordul\u00f3nk.<br \/>\nNe h\u00edvjunk vend\u00e9geket, legyen csendes a mi \u00fcnnep\u00fcnk,<br \/>\nmulatni \u00edgy is lehet, \u00e9s ma jobb ha csak ketten lesz\u00fcnk.<br \/>\nK\u00e9rlek, hogy semmit ne v\u00e9gy, ne l\u00e9gy k\u00f6nnyelm\u0171 ezt nem szabad,<br \/>\nn\u00e9kem egy cs\u00f3kod el\u00e9g, legszebb aj\u00e1nd\u00e9k te vagy magad.<br \/>\nPr\u00f3b\u00e1lj meg laz\u00edtani,pr\u00f3b\u00e1lj meg laz\u00edtani,<br \/>\nnem gy\u0151zlek tan\u00edtani, hogyan csin\u00e1ld,<br \/>\nKell egy kis \u00e1ramsz\u00fcnet,id\u0151nk\u00e9nt mindenkinek,<br \/>\n\u00e9s azt\u00e1n megint mehet minden tov\u00e1bb.<br \/>\nPr\u00f3b\u00e1lj meg laz\u00edtani, pr\u00f3b\u00e1lj meg laz\u00edtani ,<br \/>\nnem gy\u0151zlek tan\u00edtani, hogyan csin\u00e1ld,<br \/>\nKell egy kis \u00e1ramsz\u00fcnet,id\u0151nk\u00e9nt mindenkinek,<br \/>\n\u00e9s azt\u00e1n megint mehet minden tov\u00e1bb.<br \/>\n&#8212;Sz\u00f3l\u00f3&#8212;<br \/>\nDalolj csak j\u00f3 harm\u00f3nik\u00e1m, t\u00e1ncoljon az a sz\u00e9p le\u00e1ny!<br \/>\nDalolj csak \u00f6reg cimbora, nem megy\u00fcnk egyed\u00fcl haza.<br \/>\nDzsin, Dzsin, Dzsingisz k\u00e1n,<br \/>\nh\u00e9 lovas, h\u00f3 lovas ! H\u00e9 lovas ! Rajta ! B\u00e1tran !<br \/>\nDzsin, Dzsin, Dzsingisz k\u00e1n,<br \/>\nh\u00e9 pajt\u00e1s, h\u00f3 pajt\u00e1s, h\u00e9 pajt\u00e1s !<br \/>\nSose h\u00e1tra senkit\u0151l se f\u00e9l\u00fcnk Ho-Ho-Ho-Ho,<br \/>\ncsak a m\u00e1nak \u00e9l\u00fcnk Ha-Ha-Ha-Ha!<br \/>\nGy\u0151zelem kell, gy\u0151zelem ut\u00e1n!<br \/>\n&#8212;Sz\u00f3l\u00f3&#8212;<br \/>\nEzt a dalt d\u00fadolj\u00e1k ma a &#8220;Cabalierrok&#8221; ,<br \/>\nb\u00fcszke torr\u00e9r\u00f3k, mert ez a sl\u00e1ger\u00fck.<br \/>\nMargarita, Mercedes, no meg a Pedro,<br \/>\nmegr\u00f3nak nyomban, ha nem f\u00fajom vel\u00fck.<br \/>\nHa meghallj\u00e1k a vid\u00e1m dallam\u00e1t,<br \/>\nmajd egy\u00fctt d\u00fadol vel\u00fcnk a vil\u00e1g.<br \/>\nMadrid, Granada csodasz\u00e9p Eviva espana,<br \/>\naz \u00e9gbolt \u00e9jjel, nappal k\u00e9k Eviva espana.<br \/>\nNincs szebb sz\u00f3 ann\u00e1l, mint amor, Eviva espana.<br \/>\nA v\u00e9r oly t\u00fczes, mint a bor Espana porfavor!<br \/>\nMadrid, Granada csodasz\u00e9p Eviva espana,<br \/>\nAz \u00e9gbolt \u00e9jjel, nappal k\u00e9k Eviva espana.<br \/>\nNincs szebb sz\u00f3 ann\u00e1l, mint amor, Eviva espana.<br \/>\nA v\u00e9r oly t\u00fczes, mint a bor Espana porfavor!<br \/>\n&#8212;V\u00e9ge&#8212;<\/p>\n","protected":false},"featured_media":18052,"template":"","meta":{"site-sidebar-layout":"default","site-content-layout":"","ast-site-content-layout":"default","site-content-style":"default","site-sidebar-style":"default","ast-global-header-display":"","ast-banner-title-visibility":"","ast-main-header-display":"","ast-hfb-above-header-display":"","ast-hfb-below-header-display":"","ast-hfb-mobile-header-display":"","site-post-title":"","ast-breadcrumbs-content":"","ast-featured-img":"","footer-sml-layout":"","theme-transparent-header-meta":"default","adv-header-id-meta":"","stick-header-meta":"","header-above-stick-meta":"","header-main-stick-meta":"","header-below-stick-meta":"","astra-migrate-meta-layouts":"set","ast-page-background-enabled":"default","ast-page-background-meta":{"desktop":{"background-color":"var(--ast-global-color-4)","background-image":"","background-repeat":"repeat","background-position":"center center","background-size":"auto","background-attachment":"scroll","background-type":"","background-media":"","overlay-type":"","overlay-color":"","overlay-opacity":"","overlay-gradient":""},"tablet":{"background-color":"","background-image":"","background-repeat":"repeat","background-position":"center center","background-size":"auto","background-attachment":"scroll","background-type":"","background-media":"","overlay-type":"","overlay-color":"","overlay-opacity":"","overlay-gradient":""},"mobile":{"background-color":"","background-image":"","background-repeat":"repeat","background-position":"center center","background-size":"auto","background-attachment":"scroll","background-type":"","background-media":"","overlay-type":"","overlay-color":"","overlay-opacity":"","overlay-gradient":""}},"ast-content-background-meta":{"desktop":{"background-color":"var(--ast-global-color-5)","background-image":"","background-repeat":"repeat","background-position":"center center","background-size":"auto","background-attachment":"scroll","background-type":"","background-media":"","overlay-type":"","overlay-color":"","overlay-opacity":"","overlay-gradient":""},"tablet":{"background-color":"var(--ast-global-color-5)","background-image":"","background-repeat":"repeat","background-position":"center center","background-size":"auto","background-attachment":"scroll","background-type":"","background-media":"","overlay-type":"","overlay-color":"","overlay-opacity":"","overlay-gradient":""},"mobile":{"background-color":"var(--ast-global-color-5)","background-image":"","background-repeat":"repeat","background-position":"center center","background-size":"auto","background-attachment":"scroll","background-type":"","background-media":"","overlay-type":"","overlay-color":"","overlay-opacity":"","overlay-gradient":""}}},"product_cat":[48],"product_tag":[],"class_list":["post-3746","product","type-product","status-publish","has-post-thumbnail","hentry","product_cat-sunkaraoke-dalok","desktop-align-left","tablet-align-left","mobile-align-left"],"_links":{"self":[{"href":"https:\/\/www.sunkaraoke.hu\/index.php\/wp-json\/wp\/v2\/product\/3746","targetHints":{"allow":["GET"]}}],"collection":[{"href":"https:\/\/www.sunkaraoke.hu\/index.php\/wp-json\/wp\/v2\/product"}],"about":[{"href":"https:\/\/www.sunkaraoke.hu\/index.php\/wp-json\/wp\/v2\/types\/product"}],"wp:featuredmedia":[{"embeddable":true,"href":"https:\/\/www.sunkaraoke.hu\/index.php\/wp-json\/wp\/v2\/media\/18052"}],"wp:attachment":[{"href":"https:\/\/www.sunkaraoke.hu\/index.php\/wp-json\/wp\/v2\/media?parent=3746"}],"wp:term":[{"taxonomy":"product_cat","embeddable":true,"href":"https:\/\/www.sunkaraoke.hu\/index.php\/wp-json\/wp\/v2\/product_cat?post=3746"},{"taxonomy":"product_tag","embeddable":true,"href":"https:\/\/www.sunkaraoke.hu\/index.php\/wp-json\/wp\/v2\/product_tag?post=3746"}],"curies":[{"name":"wp","href":"https:\/\/api.w.org\/{rel}","templated":true}]}}