{"id":3727,"date":"2022-08-08T20:46:40","date_gmt":"2022-08-08T20:46:40","guid":{"rendered":"https:\/\/www.sunkaraoke.hu\/index.php\/termek\/farao-kisfiu\/"},"modified":"2025-04-05T14:44:03","modified_gmt":"2025-04-05T14:44:03","slug":"farao-kisfiu","status":"publish","type":"product","link":"https:\/\/www.sunkaraoke.hu\/index.php\/termek\/farao-kisfiu\/","title":{"rendered":"<div class=\"wcmp-player-container product-3727\"><audio controlslist=\"nodownload\" data-product=\"3727\"  volume=\"1\"  preload=\"none\" data-lazyloading=\"none\" class=\"wcmp-player track mejs-classic\" data-duration=\"0:31\" data-estimated_duration=\"4\"><source src=\"https:\/\/www.sunkaraoke.hu\/wp-content\/uploads\/2022\/08\/Kisfiu-Tommy-kdemooo.mp3\" type=\"audio\/mp3\" \/><\/audio><\/div>F\u00e1ra\u00f3 &#8211; Kisfi\u00fa (Original Tommy Edition)"},"content":{"rendered":"<p><strong>02:36<\/strong> | <strong><img loading=\"lazy\" decoding=\"async\" class=\"alignnone size-full wp-image-467\" src=\"https:\/\/www.sunkaraoke.hu\/wp-content\/uploads\/2022\/07\/choir_2-copy.webp\" alt=\"\" width=\"30\" height=\"30\" \/> <\/strong><\/p>\n","protected":false},"excerpt":{"rendered":"<h6><strong>Bits\u0171r\u0171s\u00e9g: 320<\/strong>kb\/s<strong><br \/>\n<\/strong><strong>Hossz: <\/strong>02:36<strong><br \/>\n<\/strong><strong style=\"font-size: 16px;\">Vok\u00e1lt tartalmaz: <\/strong>Nem <img loading=\"lazy\" decoding=\"async\" class=\"alignnone size-full wp-image-467\" src=\"http:\/\/www.sunkaraoke.hu\/wp-content\/uploads\/2022\/07\/choir_2-copy.png\" alt=\"\" width=\"30\" height=\"30\" \/><strong style=\"font-size: 16px;\"><br \/>\n<\/strong><\/h6>\n<p>Sunkaraoke mp3 st\u00fadi\u00f3 \/ www.sunkaraoke.hu \/ Inf: Tel: 06 20 4275001<\/p>\n<p>&#8212;Intr\u00f3&#8212;<br \/>\n\u00daj \u00e9let indul fels\u00edr a gyerek,<br \/>\nhangja harsona, v\u00e1rja otthona utc\u00e1k terek.<br \/>\nMeg \u0151 is feln\u0151tt lesz \u00e9lni tanul,<br \/>\nminden mozdulat m\u00e1st \u00e9s m\u00e1st mutat \u00edgy boldogul.<\/p>\n<p>Kisfi\u00fa tiszta arcodon f\u00e9lelem m\u00e9rt van nem tudom,<br \/>\nm\u00e9rt v\u00e1rod m\u00e9g \u00fajra a r\u00e9gi mes\u00e9t.<br \/>\nAzt a sz\u00e9p sz\u00e1zszor sz\u00e1z csod\u00e1t,<br \/>\namiben csak b\u00e9k\u00e9t tal\u00e1lsz,<br \/>\na mi mes\u00e9nk r\u00e9g nem igazi m\u00e1r.<\/p>\n<p>T\u00fal m\u00e1r az iskol\u00e1n nincs tananyag,<br \/>\nm\u00e9gis tudni kell mi\u00e9rt k\u00e9rdezel,s mit nem szabad.<br \/>\nSz\u00f3lj hogyha kell \u00e9s nagyon figyelj,<br \/>\nnyisd ki j\u00f3l szemed ny\u00fajtsd ki k\u00e9t kezed,<br \/>\nk\u00e9rdezz s felelj.<br \/>\nKisfi\u00fa tiszta arcodon f\u00e9lelem m\u00e9rt van nem tudom,<br \/>\nm\u00e9rt v\u00e1rod m\u00e9g \u00fajra a r\u00e9gi mes\u00e9t.<br \/>\nAzt a sz\u00e9p sz\u00e1zszor sz\u00e1z csod\u00e1t,<br \/>\namiben csak b\u00e9k\u00e9t tal\u00e1lsz,<br \/>\na mi mes\u00e9nk r\u00e9g nem igazi m\u00e1r.<br \/>\n&#8212;Sz\u00f3l\u00f3&#8212;<br \/>\nKisfi\u00fa tiszta arcodon f\u00e9lelem m\u00e9rt van nem tudom,<br \/>\nm\u00e9rt v\u00e1rod m\u00e9g \u00fajra a r\u00e9gi mes\u00e9t.<br \/>\nAzt a sz\u00e9p sz\u00e1zszor sz\u00e1z csod\u00e1t,<br \/>\namiben csak b\u00e9k\u00e9t tal\u00e1lsz,<br \/>\na mi mes\u00e9nk r\u00e9g nem igazi m\u00e1r.<br \/>\n&#8212;V\u00e9ge&#8212;<\/p>\n","protected":false},"featured_media":9691,"template":"","meta":{"site-sidebar-layout":"default","site-content-layout":"default","ast-site-content-layout":"default","site-content-style":"default","site-sidebar-style":"default","ast-global-header-display":"","ast-banner-title-visibility":"","ast-main-header-display":"","ast-hfb-above-header-display":"","ast-hfb-below-header-display":"","ast-hfb-mobile-header-display":"","site-post-title":"","ast-breadcrumbs-content":"","ast-featured-img":"","footer-sml-layout":"","theme-transparent-header-meta":"default","adv-header-id-meta":"","stick-header-meta":"","header-above-stick-meta":"","header-main-stick-meta":"","header-below-stick-meta":"","astra-migrate-meta-layouts":"set","ast-page-background-enabled":"default","ast-page-background-meta":{"desktop":{"background-color":"var(--ast-global-color-4)","background-image":"","background-repeat":"repeat","background-position":"center center","background-size":"auto","background-attachment":"scroll","background-type":"","background-media":"","overlay-type":"","overlay-color":"","overlay-opacity":"","overlay-gradient":""},"tablet":{"background-color":"","background-image":"","background-repeat":"repeat","background-position":"center center","background-size":"auto","background-attachment":"scroll","background-type":"","background-media":"","overlay-type":"","overlay-color":"","overlay-opacity":"","overlay-gradient":""},"mobile":{"background-color":"","background-image":"","background-repeat":"repeat","background-position":"center center","background-size":"auto","background-attachment":"scroll","background-type":"","background-media":"","overlay-type":"","overlay-color":"","overlay-opacity":"","overlay-gradient":""}},"ast-content-background-meta":{"desktop":{"background-color":"var(--ast-global-color-5)","background-image":"","background-repeat":"repeat","background-position":"center center","background-size":"auto","background-attachment":"scroll","background-type":"","background-media":"","overlay-type":"","overlay-color":"","overlay-opacity":"","overlay-gradient":""},"tablet":{"background-color":"var(--ast-global-color-5)","background-image":"","background-repeat":"repeat","background-position":"center center","background-size":"auto","background-attachment":"scroll","background-type":"","background-media":"","overlay-type":"","overlay-color":"","overlay-opacity":"","overlay-gradient":""},"mobile":{"background-color":"var(--ast-global-color-5)","background-image":"","background-repeat":"repeat","background-position":"center center","background-size":"auto","background-attachment":"scroll","background-type":"","background-media":"","overlay-type":"","overlay-color":"","overlay-opacity":"","overlay-gradient":""}}},"product_cat":[48],"product_tag":[],"class_list":["post-3727","product","type-product","status-publish","has-post-thumbnail","hentry","product_cat-sunkaraoke-dalok","desktop-align-left","tablet-align-left","mobile-align-left"],"_links":{"self":[{"href":"https:\/\/www.sunkaraoke.hu\/index.php\/wp-json\/wp\/v2\/product\/3727","targetHints":{"allow":["GET"]}}],"collection":[{"href":"https:\/\/www.sunkaraoke.hu\/index.php\/wp-json\/wp\/v2\/product"}],"about":[{"href":"https:\/\/www.sunkaraoke.hu\/index.php\/wp-json\/wp\/v2\/types\/product"}],"wp:featuredmedia":[{"embeddable":true,"href":"https:\/\/www.sunkaraoke.hu\/index.php\/wp-json\/wp\/v2\/media\/9691"}],"wp:attachment":[{"href":"https:\/\/www.sunkaraoke.hu\/index.php\/wp-json\/wp\/v2\/media?parent=3727"}],"wp:term":[{"taxonomy":"product_cat","embeddable":true,"href":"https:\/\/www.sunkaraoke.hu\/index.php\/wp-json\/wp\/v2\/product_cat?post=3727"},{"taxonomy":"product_tag","embeddable":true,"href":"https:\/\/www.sunkaraoke.hu\/index.php\/wp-json\/wp\/v2\/product_tag?post=3727"}],"curies":[{"name":"wp","href":"https:\/\/api.w.org\/{rel}","templated":true}]}}