{"id":3719,"date":"2022-08-08T20:46:40","date_gmt":"2022-08-08T20:46:40","guid":{"rendered":"https:\/\/www.sunkaraoke.hu\/index.php\/termek\/polgarmester-csak-tavasz-ne-jonne\/"},"modified":"2025-04-06T11:06:12","modified_gmt":"2025-04-06T11:06:12","slug":"polgarmester-csak-tavasz-ne-jonne","status":"publish","type":"product","link":"https:\/\/www.sunkaraoke.hu\/index.php\/termek\/polgarmester-csak-tavasz-ne-jonne\/","title":{"rendered":"<div class=\"wcmp-player-container product-3719\"><audio controlslist=\"nodownload\" data-product=\"3719\"  volume=\"1\"  preload=\"none\" data-lazyloading=\"none\" class=\"wcmp-player track mejs-classic\" data-duration=\"0:32\" data-estimated_duration=\"4\"><source src=\"https:\/\/www.sunkaraoke.hu\/wp-content\/uploads\/2022\/08\/Csak-tavasz-ne-jonne-kdemooo.mp3\" type=\"audio\/mp3\" \/><\/audio><\/div>Polg\u00e1rmester &#8211; Csak tavasz ne j\u00f6nne (Original)"},"content":{"rendered":"<p><strong>03:37<\/strong> | <strong><img loading=\"lazy\" decoding=\"async\" class=\"alignnone size-full wp-image-467\" src=\"https:\/\/www.sunkaraoke.hu\/wp-content\/uploads\/2022\/07\/choir_2-copy.webp\" alt=\"\" width=\"30\" height=\"30\" \/> <\/strong><\/p>\n","protected":false},"excerpt":{"rendered":"<h6><strong>Bits\u0171r\u0171s\u00e9g: 320<\/strong>kb\/s<strong><br \/>\n<\/strong><strong>Hossz: <\/strong>03:37<strong><br \/>\n<\/strong><strong style=\"font-size: 16px;\">Vok\u00e1lt tartalmaz: <\/strong>Nem <img loading=\"lazy\" decoding=\"async\" class=\"alignnone size-full wp-image-467\" src=\"http:\/\/www.sunkaraoke.hu\/wp-content\/uploads\/2022\/07\/choir_2-copy.png\" alt=\"\" width=\"30\" height=\"30\" \/><strong style=\"font-size: 16px;\"><br \/>\n<\/strong><\/h6>\n<p>Sunkaraoke mp3 st\u00fadi\u00f3 \/ www.sunkaraoke.hu \/ Inf: Tel: 06 20 4275001<\/p>\n<p>&#8212;Intr\u00f3&#8212;<br \/>\nCsak tavasz ne j\u00f6nne sohasem,<br \/>\n\u00e9n mindent felejten\u00e9k.<br \/>\nCsak ne h\u00edvna \u00fagy a szerelem,<br \/>\nnem menn\u00e9k sosem fel\u00e9d.<br \/>\nCsak ne l\u00e1tn\u00e9k t\u00f6bb\u00e9 iboly\u00e1t,<br \/>\ncsak ne lenne vir\u00e1gos r\u00e9t.<br \/>\nCsak tavasz ne j\u00f6nne sohasem,<br \/>\n\u00e9n meg nem bocs\u00e1tan\u00e9k.<\/p>\n<p>A cs\u00f3nakom pihent a Dun\u00e1n,<br \/>\nringatta a tavaszi sz\u00e9l.<br \/>\nA zene sz\u00f3lt valahol Bud\u00e1n,<br \/>\neml\u00e9kszem, ahogy szerett\u00e9l.<br \/>\nCsillagos \u00e9g volt, ragyogott fent,<br \/>\nde csoda sz\u00e9p volt a szerelem.<br \/>\nAkkor m\u00e9g boldog voltam nagyon,<br \/>\nde utol\u00e9rt a v\u00e9gzetem.<\/p>\n<p>Csak tavasz ne j\u00f6nne sohasem,<br \/>\n\u00e9n mindent felejten\u00e9k.<br \/>\nCsak ne h\u00edvna \u00fagy a szerelem,<br \/>\nnem menn\u00e9k sosem fel\u00e9d.<br \/>\nCsak ne l\u00e1tn\u00e9k t\u00f6bb\u00e9 iboly\u00e1t,<br \/>\ncsak ne lenne vir\u00e1gos r\u00e9t.<br \/>\nCsak tavasz ne j\u00f6nne sohasem,<br \/>\n\u00e9n meg nem bocs\u00e1tan\u00e9k.<\/p>\n<p>Neked csak j\u00e1t\u00e9k volt a sz\u00edvem,<br \/>\nhazug volt ajkadon a cs\u00f3k.<br \/>\nB\u00e1natomat magammal viszem,<br \/>\na sz\u00edved nem gy\u00f3gy\u00edthat\u00f3.<br \/>\nA r\u00e9gi ny\u00e1rnak m\u00e1r nyoma sincs,<br \/>\n\u00e9n egyre v\u00e1rlak hogy sz\u00f3lj, vagy ints.<br \/>\nDe mit tudod, hogy nekem mi f\u00e1j,<br \/>\nmert hiszen neked sz\u00edved nincs.<\/p>\n<p>Csak tavasz ne j\u00f6nne sohasem,<br \/>\n\u00e9n mindent felejten\u00e9k.<br \/>\nCsak ne h\u00edvna \u00fagy a szerelem,<br \/>\nnem menn\u00e9k sosem fel\u00e9d.<br \/>\nCsak ne l\u00e1tn\u00e9k t\u00f6bb\u00e9 iboly\u00e1t,<br \/>\ncsak ne lenne vir\u00e1gos r\u00e9t.<br \/>\nCsak tavasz ne j\u00f6nne sohasem,<br \/>\n\u00e9n meg nem bocs\u00e1tan\u00e9k.<br \/>\nCsak ne l\u00e1tn\u00e9k t\u00f6bb\u00e9 iboly\u00e1t,<br \/>\ncsak ne lenne vir\u00e1gos r\u00e9t.<br \/>\nCsak tavasz ne j\u00f6nne sohasem,<br \/>\n\u00e9n meg nem bocs\u00e1tan\u00e9k.<br \/>\nCsak ne l\u00e1tn\u00e9k t\u00f6bb\u00e9 iboly\u00e1t,<br \/>\ncsak ne lenne vir\u00e1gos r\u00e9t.<br \/>\nCsak tavasz ne j\u00f6nne sohasem,<br \/>\n\u00e9n meg nem bocs\u00e1tan\u00e9k.<br \/>\n&#8212;V\u00e9ge&#8212;<\/p>\n","protected":false},"featured_media":10083,"template":"","meta":{"site-sidebar-layout":"default","site-content-layout":"default","ast-site-content-layout":"default","site-content-style":"default","site-sidebar-style":"default","ast-global-header-display":"","ast-banner-title-visibility":"","ast-main-header-display":"","ast-hfb-above-header-display":"","ast-hfb-below-header-display":"","ast-hfb-mobile-header-display":"","site-post-title":"","ast-breadcrumbs-content":"","ast-featured-img":"","footer-sml-layout":"","theme-transparent-header-meta":"default","adv-header-id-meta":"","stick-header-meta":"","header-above-stick-meta":"","header-main-stick-meta":"","header-below-stick-meta":"","astra-migrate-meta-layouts":"set","ast-page-background-enabled":"default","ast-page-background-meta":{"desktop":{"background-color":"var(--ast-global-color-4)","background-image":"","background-repeat":"repeat","background-position":"center center","background-size":"auto","background-attachment":"scroll","background-type":"","background-media":"","overlay-type":"","overlay-color":"","overlay-opacity":"","overlay-gradient":""},"tablet":{"background-color":"","background-image":"","background-repeat":"repeat","background-position":"center center","background-size":"auto","background-attachment":"scroll","background-type":"","background-media":"","overlay-type":"","overlay-color":"","overlay-opacity":"","overlay-gradient":""},"mobile":{"background-color":"","background-image":"","background-repeat":"repeat","background-position":"center center","background-size":"auto","background-attachment":"scroll","background-type":"","background-media":"","overlay-type":"","overlay-color":"","overlay-opacity":"","overlay-gradient":""}},"ast-content-background-meta":{"desktop":{"background-color":"var(--ast-global-color-5)","background-image":"","background-repeat":"repeat","background-position":"center center","background-size":"auto","background-attachment":"scroll","background-type":"","background-media":"","overlay-type":"","overlay-color":"","overlay-opacity":"","overlay-gradient":""},"tablet":{"background-color":"var(--ast-global-color-5)","background-image":"","background-repeat":"repeat","background-position":"center center","background-size":"auto","background-attachment":"scroll","background-type":"","background-media":"","overlay-type":"","overlay-color":"","overlay-opacity":"","overlay-gradient":""},"mobile":{"background-color":"var(--ast-global-color-5)","background-image":"","background-repeat":"repeat","background-position":"center center","background-size":"auto","background-attachment":"scroll","background-type":"","background-media":"","overlay-type":"","overlay-color":"","overlay-opacity":"","overlay-gradient":""}}},"product_cat":[46],"product_tag":[],"class_list":["post-3719","product","type-product","status-publish","has-post-thumbnail","hentry","product_cat-eredeti-karaoke-dalok","desktop-align-left","tablet-align-left","mobile-align-left"],"_links":{"self":[{"href":"https:\/\/www.sunkaraoke.hu\/index.php\/wp-json\/wp\/v2\/product\/3719","targetHints":{"allow":["GET"]}}],"collection":[{"href":"https:\/\/www.sunkaraoke.hu\/index.php\/wp-json\/wp\/v2\/product"}],"about":[{"href":"https:\/\/www.sunkaraoke.hu\/index.php\/wp-json\/wp\/v2\/types\/product"}],"wp:featuredmedia":[{"embeddable":true,"href":"https:\/\/www.sunkaraoke.hu\/index.php\/wp-json\/wp\/v2\/media\/10083"}],"wp:attachment":[{"href":"https:\/\/www.sunkaraoke.hu\/index.php\/wp-json\/wp\/v2\/media?parent=3719"}],"wp:term":[{"taxonomy":"product_cat","embeddable":true,"href":"https:\/\/www.sunkaraoke.hu\/index.php\/wp-json\/wp\/v2\/product_cat?post=3719"},{"taxonomy":"product_tag","embeddable":true,"href":"https:\/\/www.sunkaraoke.hu\/index.php\/wp-json\/wp\/v2\/product_tag?post=3719"}],"curies":[{"name":"wp","href":"https:\/\/api.w.org\/{rel}","templated":true}]}}