{"id":3716,"date":"2022-08-08T20:46:40","date_gmt":"2022-08-08T20:46:40","guid":{"rendered":"https:\/\/www.sunkaraoke.hu\/index.php\/termek\/polgarmester-nekem-olyan-n-kell\/"},"modified":"2025-04-06T11:00:43","modified_gmt":"2025-04-06T11:00:43","slug":"polgarmester-nekem-olyan-n-kell","status":"publish","type":"product","link":"https:\/\/www.sunkaraoke.hu\/index.php\/termek\/polgarmester-nekem-olyan-n-kell\/","title":{"rendered":"<div class=\"wcmp-player-container product-3716\"><audio controlslist=\"nodownload\" data-product=\"3716\"  volume=\"1\"  preload=\"none\" data-lazyloading=\"none\" class=\"wcmp-player track mejs-classic\" data-duration=\"0:32\" data-estimated_duration=\"4\"><source src=\"https:\/\/www.sunkaraoke.hu\/wp-content\/uploads\/2022\/08\/Nekem-olyan-no-kell2-kdemoooo.mp3\" type=\"audio\/mp3\" \/><\/audio><\/div>Polg\u00e1rmester &#8211; Nekem olyan n\u0151 kell (Original)"},"content":{"rendered":"<p><strong>03:23<\/strong> | <strong><img loading=\"lazy\" decoding=\"async\" class=\"alignnone size-full wp-image-467\" src=\"https:\/\/www.sunkaraoke.hu\/wp-content\/uploads\/2022\/07\/choir_2-copy.webp\" alt=\"\" width=\"30\" height=\"30\" \/> <\/strong><\/p>\n","protected":false},"excerpt":{"rendered":"<h6><strong>Bits\u0171r\u0171s\u00e9g: 320<\/strong>kb\/s<strong><br \/>\n<\/strong><strong>Hossz: <\/strong>03:23<strong><br \/>\n<\/strong><strong style=\"font-size: 16px;\">Vok\u00e1lt tartalmaz: <\/strong>Nem <img loading=\"lazy\" decoding=\"async\" class=\"alignnone size-full wp-image-467\" src=\"http:\/\/www.sunkaraoke.hu\/wp-content\/uploads\/2022\/07\/choir_2-copy.png\" alt=\"\" width=\"30\" height=\"30\" \/><strong style=\"font-size: 16px;\"><br \/>\n<\/strong><\/h6>\n<p>Sunkaraoke mp3 st\u00fadi\u00f3 \/ www.sunkaraoke.hu \/ Inf: Tel: 06 20 4275001<\/p>\n<p>&#8212;Intr\u00f3&#8212;<br \/>\nB\u0171nre cs\u00e1b\u00edtott k\u00e9t szemed, elvar\u00e1zsolt\u00e1l,<br \/>\nb\u00e1rmit k\u00e9rt\u00e9l, \u00e9n megtettem,<br \/>\nde \u00e9rzem, nincs tov\u00e1bb.<br \/>\nB\u00f6rt\u00f6n\u00f6db\u0151l, ha szabadulok, egyszer, majd tal\u00e1n,<br \/>\n\u00e9sszel d\u00f6nt\u00f6m el, kit akarok, \u00e9s hogyan tov\u00e1bb.<\/p>\n<p>Nekem olyan n\u0151 kell, aki buta, de sz\u00e9p,<br \/>\naki elhiszi az \u00e9n mes\u00e9m.<br \/>\nNekem olyan n\u0151 kell, aki karj\u00e1ba z\u00e1r,<br \/>\negy elt\u00e9vesztett \u00e9jszaka ut\u00e1n.<br \/>\nNekem olyan n\u0151 kell, aki buta, de sz\u00e9p,<br \/>\naki elhiszi az \u00e9n mes\u00e9m.<br \/>\nNekem olyan n\u0151 kell, aki karj\u00e1ba z\u00e1r,<br \/>\negy elt\u00e9vesztett \u00e9jszaka ut\u00e1n.<\/p>\n<p>Nincs bocs\u00e1nat, nem t\u00e9vedtem, nem kell hazugs\u00e1g,<br \/>\nm\u00e1s\u00e9 lesz majd, mit v\u00e9letlen elcs\u00e1b\u00edtott\u00e1l.<br \/>\nB\u00f6rt\u00f6n\u00f6db\u0151l, ha szabadulok egyszer majd tal\u00e1n.<br \/>\n\u00e9sszel d\u00f6nt\u00f6m el, kit akarok. \u00e9s hogyan tov\u00e1bb.<br \/>\nNekem olyan n\u0151 kell, aki buta, de sz\u00e9p,<br \/>\naki elhiszi az \u00e9n mes\u00e9m.<br \/>\nNekem olyan n\u0151 kell, aki karj\u00e1ba z\u00e1r,<br \/>\negy elt\u00e9vesztett \u00e9jszaka ut\u00e1n.<br \/>\nNekem olyan n\u0151 kell, aki buta, de sz\u00e9p,<br \/>\naki elhiszi az \u00e9n mes\u00e9m.<br \/>\nNekem olyan n\u0151 kell, aki karj\u00e1ba z\u00e1r,<br \/>\negy elt\u00e9vesztett \u00e9jszaka ut\u00e1n.<br \/>\n&#8212;Sz\u00f3l\u00f3&#8212;<br \/>\nNekem olyan n\u0151 kell, aki buta, de sz\u00e9p,<br \/>\naki elhiszi az \u00e9n mes\u00e9m.<br \/>\nNekem olyan n\u0151 kell, aki karj\u00e1ba z\u00e1r,<br \/>\negy elt\u00e9vesztett \u00e9jszaka ut\u00e1n.<br \/>\nNekem olyan n\u0151 kell, aki buta, de sz\u00e9p,<br \/>\naki elhiszi az \u00e9n mes\u00e9m.<br \/>\nNekem olyan n\u0151 kell, aki karj\u00e1ba z\u00e1r,<br \/>\negy elt\u00e9vesztett \u00e9jszaka ut\u00e1n.<br \/>\n&#8212;V\u00e9ge&#8212;<\/p>\n","protected":false},"featured_media":10083,"template":"","meta":{"site-sidebar-layout":"default","site-content-layout":"default","ast-site-content-layout":"default","site-content-style":"default","site-sidebar-style":"default","ast-global-header-display":"","ast-banner-title-visibility":"","ast-main-header-display":"","ast-hfb-above-header-display":"","ast-hfb-below-header-display":"","ast-hfb-mobile-header-display":"","site-post-title":"","ast-breadcrumbs-content":"","ast-featured-img":"","footer-sml-layout":"","theme-transparent-header-meta":"default","adv-header-id-meta":"","stick-header-meta":"","header-above-stick-meta":"","header-main-stick-meta":"","header-below-stick-meta":"","astra-migrate-meta-layouts":"set","ast-page-background-enabled":"default","ast-page-background-meta":{"desktop":{"background-color":"var(--ast-global-color-4)","background-image":"","background-repeat":"repeat","background-position":"center center","background-size":"auto","background-attachment":"scroll","background-type":"","background-media":"","overlay-type":"","overlay-color":"","overlay-opacity":"","overlay-gradient":""},"tablet":{"background-color":"","background-image":"","background-repeat":"repeat","background-position":"center center","background-size":"auto","background-attachment":"scroll","background-type":"","background-media":"","overlay-type":"","overlay-color":"","overlay-opacity":"","overlay-gradient":""},"mobile":{"background-color":"","background-image":"","background-repeat":"repeat","background-position":"center center","background-size":"auto","background-attachment":"scroll","background-type":"","background-media":"","overlay-type":"","overlay-color":"","overlay-opacity":"","overlay-gradient":""}},"ast-content-background-meta":{"desktop":{"background-color":"var(--ast-global-color-5)","background-image":"","background-repeat":"repeat","background-position":"center center","background-size":"auto","background-attachment":"scroll","background-type":"","background-media":"","overlay-type":"","overlay-color":"","overlay-opacity":"","overlay-gradient":""},"tablet":{"background-color":"var(--ast-global-color-5)","background-image":"","background-repeat":"repeat","background-position":"center center","background-size":"auto","background-attachment":"scroll","background-type":"","background-media":"","overlay-type":"","overlay-color":"","overlay-opacity":"","overlay-gradient":""},"mobile":{"background-color":"var(--ast-global-color-5)","background-image":"","background-repeat":"repeat","background-position":"center center","background-size":"auto","background-attachment":"scroll","background-type":"","background-media":"","overlay-type":"","overlay-color":"","overlay-opacity":"","overlay-gradient":""}}},"product_cat":[46],"product_tag":[],"class_list":["post-3716","product","type-product","status-publish","has-post-thumbnail","hentry","product_cat-eredeti-karaoke-dalok","desktop-align-left","tablet-align-left","mobile-align-left"],"_links":{"self":[{"href":"https:\/\/www.sunkaraoke.hu\/index.php\/wp-json\/wp\/v2\/product\/3716","targetHints":{"allow":["GET"]}}],"collection":[{"href":"https:\/\/www.sunkaraoke.hu\/index.php\/wp-json\/wp\/v2\/product"}],"about":[{"href":"https:\/\/www.sunkaraoke.hu\/index.php\/wp-json\/wp\/v2\/types\/product"}],"wp:featuredmedia":[{"embeddable":true,"href":"https:\/\/www.sunkaraoke.hu\/index.php\/wp-json\/wp\/v2\/media\/10083"}],"wp:attachment":[{"href":"https:\/\/www.sunkaraoke.hu\/index.php\/wp-json\/wp\/v2\/media?parent=3716"}],"wp:term":[{"taxonomy":"product_cat","embeddable":true,"href":"https:\/\/www.sunkaraoke.hu\/index.php\/wp-json\/wp\/v2\/product_cat?post=3716"},{"taxonomy":"product_tag","embeddable":true,"href":"https:\/\/www.sunkaraoke.hu\/index.php\/wp-json\/wp\/v2\/product_tag?post=3716"}],"curies":[{"name":"wp","href":"https:\/\/api.w.org\/{rel}","templated":true}]}}