{"id":3713,"date":"2022-08-08T20:46:39","date_gmt":"2022-08-08T20:46:39","guid":{"rendered":"https:\/\/www.sunkaraoke.hu\/index.php\/termek\/polgarmester-nelkuled-az-elet-gyotrelem\/"},"modified":"2025-04-06T10:50:47","modified_gmt":"2025-04-06T10:50:47","slug":"polgarmester-nelkuled-az-elet-gyotrelem","status":"publish","type":"product","link":"https:\/\/www.sunkaraoke.hu\/index.php\/termek\/polgarmester-nelkuled-az-elet-gyotrelem\/","title":{"rendered":"<div class=\"wcmp-player-container product-3713\"><audio controlslist=\"nodownload\" data-product=\"3713\"  volume=\"1\"  preload=\"none\" data-lazyloading=\"none\" class=\"wcmp-player track mejs-classic\" data-duration=\"0:34\" data-estimated_duration=\"4\"><source src=\"https:\/\/www.sunkaraoke.hu\/wp-content\/uploads\/2022\/08\/Nelkuled-az-elet2-kdemooo.mp3\" type=\"audio\/mp3\" \/><\/audio><\/div>Polg\u00e1rmester &#8211; N\u00e9lk\u00fcled az \u00e9let gy\u00f6trelem (Original)"},"content":{"rendered":"<p><strong>04:02<\/strong> | <strong><img loading=\"lazy\" decoding=\"async\" class=\"alignnone size-full wp-image-467\" src=\"https:\/\/www.sunkaraoke.hu\/wp-content\/uploads\/2022\/07\/choir_2-copy.webp\" alt=\"\" width=\"30\" height=\"30\" \/> <\/strong><\/p>\n","protected":false},"excerpt":{"rendered":"<h6><strong>Bits\u0171r\u0171s\u00e9g: 320<\/strong>kb\/s<strong><br \/>\n<\/strong><strong>Hossz: <\/strong>04:02<strong><br \/>\n<\/strong><strong style=\"font-size: 16px;\">Vok\u00e1lt tartalmaz: <\/strong>Nem <img loading=\"lazy\" decoding=\"async\" class=\"alignnone size-full wp-image-467\" src=\"http:\/\/www.sunkaraoke.hu\/wp-content\/uploads\/2022\/07\/choir_2-copy.png\" alt=\"\" width=\"30\" height=\"30\" \/><strong style=\"font-size: 16px;\"><br \/>\n<\/strong><\/h6>\n<p>Sunkaraoke mp3 st\u00fadi\u00f3 \/ www.sunkaraoke.hu \/ Inf: Tel: 06 20 4275001<\/p>\n<p>&#8212;Intr\u00f3&#8212;<br \/>\nN\u00e9ha r\u00e1d eml\u00e9kszem, r\u00e9gi kedvesem,<br \/>\n\u00fajra \u00e9rzem ajkad \u00edz\u00e9t,<br \/>\nde te nem vagy mellettem.<br \/>\n\u00dajra \u00e9rzem ajkad \u00edz\u00e9t,<br \/>\nde te nem vagy mellettem.<\/p>\n<p>Ha m\u00e9gis visszaj\u00f6nn\u00e9l,<br \/>\negy boldog d\u00e9lut\u00e1n,<br \/>\na sziv\u00e1rv\u00e1ny minden sz\u00edn\u00e9t,<br \/>\nszemeidre cs\u00f3koln\u00e1m.<br \/>\nA sziv\u00e1rv\u00e1ny minden sz\u00edn\u00e9t,<br \/>\nszemeidre cs\u00f3koln\u00e1m.<\/p>\n<p>N\u00e9lk\u00fcled az \u00e9let gy\u00f6trelem,<br \/>\nnem viselem el csak r\u00e9szegen.<br \/>\nNem seg\u00edt a bor, a sz\u00edvem dobban\u00e1s\u00e1n, nem.<br \/>\nN\u00e9lk\u00fcled az \u00e9let gy\u00f6trelem.<br \/>\nN\u00e9lk\u00fcled az \u00e9let gy\u00f6trelem,<br \/>\nnem viselem el csak r\u00e9szegen.<br \/>\nNem seg\u00edt a bor, a sz\u00edvem dobban\u00e1s\u00e1n, nem.<br \/>\nN\u00e9lk\u00fcled az \u00e9let gy\u00f6trelem.<\/p>\n<p>Feh\u00e9r t\u00e9li este f\u00e1radt h\u00f3pehely.<br \/>\n\u00c1lmodozni, re\u00e1d v\u00e1rni,<br \/>\nhi\u00e1ba, hisz&#8217; nem j\u00f6ssz el.<br \/>\n\u00c1lmodozni, re\u00e1d v\u00e1rni,<br \/>\nhi\u00e1ba, hisz&#8217; nem j\u00f6ssz el.<br \/>\nDe \u00fajra h\u00edvni foglak hossz\u00fa \u00e9veken.<br \/>\nM\u00e9g egyszer akarlak l\u00e1tni,<br \/>\nmiel\u0151tt meg\u00f6regszem.<br \/>\nM\u00e9g egyszer akarlak l\u00e1tni,<br \/>\nmiel\u0151tt meg\u00f6regszem.<\/p>\n<p>N\u00e9lk\u00fcled az \u00e9let gy\u00f6trelem,<br \/>\nnem viselem el csak r\u00e9szegen.<br \/>\nNem seg\u00edt a bor, a sz\u00edvem dobban\u00e1s\u00e1n, nem.<br \/>\nN\u00e9lk\u00fcled az \u00e9let gy\u00f6trelem.<br \/>\nN\u00e9lk\u00fcled az \u00e9let gy\u00f6trelem,<br \/>\nnem viselem el csak r\u00e9szegen.<br \/>\nNem seg\u00edt a bor, a sz\u00edvem dobban\u00e1s\u00e1n, nem.<br \/>\nN\u00e9lk\u00fcled az \u00e9let gy\u00f6trelem.<br \/>\n&#8212;Sz\u00f3l\u00f3&#8212;<br \/>\nN\u00e9lk\u00fcled az \u00e9let gy\u00f6trelem,<br \/>\nnem viselem el csak r\u00e9szegen.<br \/>\nNem seg\u00edt a bor, a sz\u00edvem dobban\u00e1s\u00e1n, nem.<br \/>\nN\u00e9lk\u00fcled az \u00e9let gy\u00f6trelem.<br \/>\nN\u00e9lk\u00fcled az \u00e9let gy\u00f6trelem,<br \/>\nnem viselem el csak r\u00e9szegen.<br \/>\nNem seg\u00edt a bor, a sz\u00edvem dobban\u00e1s\u00e1n, nem.<br \/>\nN\u00e9lk\u00fcled az \u00e9let gy\u00f6trelem.<br \/>\n&#8212;V\u00e9ge&#8212;<\/p>\n","protected":false},"featured_media":10083,"template":"","meta":{"site-sidebar-layout":"default","site-content-layout":"default","ast-site-content-layout":"default","site-content-style":"default","site-sidebar-style":"default","ast-global-header-display":"","ast-banner-title-visibility":"","ast-main-header-display":"","ast-hfb-above-header-display":"","ast-hfb-below-header-display":"","ast-hfb-mobile-header-display":"","site-post-title":"","ast-breadcrumbs-content":"","ast-featured-img":"","footer-sml-layout":"","theme-transparent-header-meta":"default","adv-header-id-meta":"","stick-header-meta":"","header-above-stick-meta":"","header-main-stick-meta":"","header-below-stick-meta":"","astra-migrate-meta-layouts":"set","ast-page-background-enabled":"default","ast-page-background-meta":{"desktop":{"background-color":"var(--ast-global-color-4)","background-image":"","background-repeat":"repeat","background-position":"center center","background-size":"auto","background-attachment":"scroll","background-type":"","background-media":"","overlay-type":"","overlay-color":"","overlay-opacity":"","overlay-gradient":""},"tablet":{"background-color":"","background-image":"","background-repeat":"repeat","background-position":"center center","background-size":"auto","background-attachment":"scroll","background-type":"","background-media":"","overlay-type":"","overlay-color":"","overlay-opacity":"","overlay-gradient":""},"mobile":{"background-color":"","background-image":"","background-repeat":"repeat","background-position":"center center","background-size":"auto","background-attachment":"scroll","background-type":"","background-media":"","overlay-type":"","overlay-color":"","overlay-opacity":"","overlay-gradient":""}},"ast-content-background-meta":{"desktop":{"background-color":"var(--ast-global-color-5)","background-image":"","background-repeat":"repeat","background-position":"center center","background-size":"auto","background-attachment":"scroll","background-type":"","background-media":"","overlay-type":"","overlay-color":"","overlay-opacity":"","overlay-gradient":""},"tablet":{"background-color":"var(--ast-global-color-5)","background-image":"","background-repeat":"repeat","background-position":"center center","background-size":"auto","background-attachment":"scroll","background-type":"","background-media":"","overlay-type":"","overlay-color":"","overlay-opacity":"","overlay-gradient":""},"mobile":{"background-color":"var(--ast-global-color-5)","background-image":"","background-repeat":"repeat","background-position":"center center","background-size":"auto","background-attachment":"scroll","background-type":"","background-media":"","overlay-type":"","overlay-color":"","overlay-opacity":"","overlay-gradient":""}}},"product_cat":[46],"product_tag":[],"class_list":["post-3713","product","type-product","status-publish","has-post-thumbnail","hentry","product_cat-eredeti-karaoke-dalok","desktop-align-left","tablet-align-left","mobile-align-left"],"_links":{"self":[{"href":"https:\/\/www.sunkaraoke.hu\/index.php\/wp-json\/wp\/v2\/product\/3713","targetHints":{"allow":["GET"]}}],"collection":[{"href":"https:\/\/www.sunkaraoke.hu\/index.php\/wp-json\/wp\/v2\/product"}],"about":[{"href":"https:\/\/www.sunkaraoke.hu\/index.php\/wp-json\/wp\/v2\/types\/product"}],"wp:featuredmedia":[{"embeddable":true,"href":"https:\/\/www.sunkaraoke.hu\/index.php\/wp-json\/wp\/v2\/media\/10083"}],"wp:attachment":[{"href":"https:\/\/www.sunkaraoke.hu\/index.php\/wp-json\/wp\/v2\/media?parent=3713"}],"wp:term":[{"taxonomy":"product_cat","embeddable":true,"href":"https:\/\/www.sunkaraoke.hu\/index.php\/wp-json\/wp\/v2\/product_cat?post=3713"},{"taxonomy":"product_tag","embeddable":true,"href":"https:\/\/www.sunkaraoke.hu\/index.php\/wp-json\/wp\/v2\/product_tag?post=3713"}],"curies":[{"name":"wp","href":"https:\/\/api.w.org\/{rel}","templated":true}]}}