{"id":3707,"date":"2022-08-08T20:46:39","date_gmt":"2022-08-08T20:46:39","guid":{"rendered":"https:\/\/www.sunkaraoke.hu\/index.php\/termek\/sprint-jo-kedvem-van-vegre\/"},"modified":"2025-04-09T05:22:30","modified_gmt":"2025-04-09T05:22:30","slug":"sprint-jo-kedvem-van-vegre","status":"publish","type":"product","link":"https:\/\/www.sunkaraoke.hu\/index.php\/termek\/sprint-jo-kedvem-van-vegre\/","title":{"rendered":"<div class=\"wcmp-player-container product-3707\"><audio controlslist=\"nodownload\" data-product=\"3707\"  volume=\"1\"  preload=\"none\" data-lazyloading=\"none\" class=\"wcmp-player track mejs-classic\" data-duration=\"0:32\" data-estimated_duration=\"4\"><source src=\"https:\/\/www.sunkaraoke.hu\/wp-content\/uploads\/2022\/08\/Jo-kedvem-van-vegre-kdemoo.mp3\" type=\"audio\/mp3\" \/><\/audio><\/div>Sprint &#8211; J\u00f3 kedvem van v\u00e9gre (Original Palika Edition)"},"content":{"rendered":"<p><strong>03:07<\/strong> | <strong><img loading=\"lazy\" decoding=\"async\" class=\"alignnone size-full wp-image-467\" src=\"https:\/\/www.sunkaraoke.hu\/wp-content\/uploads\/2022\/07\/choir_2-copy.webp\" alt=\"\" width=\"30\" height=\"30\" \/> <\/strong><\/p>\n","protected":false},"excerpt":{"rendered":"<h6><strong>Bits\u0171r\u0171s\u00e9g: 320<\/strong>kb\/s<strong><br \/>\n<\/strong><strong>Hossz: <\/strong>03:07<strong><br \/>\n<\/strong><strong style=\"font-size: 16px;\">Vok\u00e1lt tartalmaz: <\/strong>Nem <img loading=\"lazy\" decoding=\"async\" class=\"alignnone size-full wp-image-467\" src=\"http:\/\/www.sunkaraoke.hu\/wp-content\/uploads\/2022\/07\/choir_2-copy.png\" alt=\"\" width=\"30\" height=\"30\" \/><strong style=\"font-size: 16px;\"><br \/>\n<\/strong><\/h6>\n<p>Sunkaraoke mp3 st\u00fadi\u00f3 \/ www.sunkaraoke.hu \/ Inf: Tel: 06 20 4275001<\/p>\n<p>&#8212;Intr\u00f3&#8212;<br \/>\nJ\u00f3 kedvem van v\u00e9gre, j\u00f3 a t\u00e1rsas\u00e1g,<br \/>\nhallgatom a hangokat, r\u00e9g l\u00e1ttam az arcodat.<br \/>\nJ\u00f3 kedvem van v\u00e9gre, borral koccintunk,<br \/>\n\u00f6reg hob\u00f3k mes\u00e9lnek, a feles\u00e9gek nevetnek a sztorikon.<\/p>\n<p>R\u00e9g volt mikor stoppal j\u00e1rtunk, az orsz\u00e1g legszebb t\u00e1jain.<br \/>\nA Duna parti l\u00e9pcs\u0151n \u00fclve, udvaroltunk hajnalig,<br \/>\naz volt csak a sz\u00e9p.<br \/>\nOlykor suli helyett moziba j\u00e1rtunk,<br \/>\n\u00f6sszetart\u00f3 t\u00e1rsas\u00e1gunk, egy\u00fctt maradt \u00e9vekig.<\/p>\n<p>J\u00f3 kedvem van v\u00e9gre, j\u00f3 a t\u00e1rsas\u00e1g,<br \/>\nhallgatom a hangokat, r\u00e9g l\u00e1ttam az arcodat.<br \/>\nJ\u00f3 kedvem van v\u00e9gre, borral koccintunk,<br \/>\n\u00f6reg hob\u00f3k mes\u00e9lnek, a feles\u00e9gek nevetnek a sztorikon.<\/p>\n<p>R\u00e9g volt mikor klubba j\u00e1rtunk, rock and rollra t\u00e1ncoltunk,<br \/>\na sz\u00fcnetben csak Bambit ittunk, \u00e9nekelt\u00fcnk, tapsoltunk,<br \/>\naz volt csak a sz\u00e9p.<br \/>\nOlykor t\u00e9li est\u00e9n j\u00e9gre j\u00e1rtunk, n\u00e9ha egy-egy l\u00e1nyt buktattunk,<br \/>\nhogy megfoghassuk k\u00e9t kez\u00e9t.<\/p>\n<p>J\u00f3 kedvem van v\u00e9gre, j\u00f3 a t\u00e1rsas\u00e1g,<br \/>\nhallgatom a hangokat, r\u00e9g l\u00e1ttam az arcodat.<br \/>\nJ\u00f3 kedvem van v\u00e9gre, borral koccintunk.<br \/>\n\u00f6reg hob\u00f3k mes\u00e9lnek, a feles\u00e9gek nevetnek\u2026.<br \/>\nJ\u00f3 kedvem van v\u00e9gre, j\u00f3 a t\u00e1rsas\u00e1g,<br \/>\nhallgatom a hangokat, r\u00e9g l\u00e1ttam az arcodat.<br \/>\nJ\u00f3 kedvem van v\u00e9gre, borral koccintunk.<br \/>\n\u00f6reg hob\u00f3k mes\u00e9lnek, a feles\u00e9gek nevetnek a sztorikon.<br \/>\n&#8212;V\u00e9ge&#8212;<\/p>\n","protected":false},"featured_media":8726,"template":"","meta":{"site-sidebar-layout":"default","site-content-layout":"default","ast-site-content-layout":"default","site-content-style":"default","site-sidebar-style":"default","ast-global-header-display":"","ast-banner-title-visibility":"","ast-main-header-display":"","ast-hfb-above-header-display":"","ast-hfb-below-header-display":"","ast-hfb-mobile-header-display":"","site-post-title":"","ast-breadcrumbs-content":"","ast-featured-img":"","footer-sml-layout":"","theme-transparent-header-meta":"default","adv-header-id-meta":"","stick-header-meta":"","header-above-stick-meta":"","header-main-stick-meta":"","header-below-stick-meta":"","astra-migrate-meta-layouts":"set","ast-page-background-enabled":"default","ast-page-background-meta":{"desktop":{"background-color":"var(--ast-global-color-4)","background-image":"","background-repeat":"repeat","background-position":"center center","background-size":"auto","background-attachment":"scroll","background-type":"","background-media":"","overlay-type":"","overlay-color":"","overlay-opacity":"","overlay-gradient":""},"tablet":{"background-color":"","background-image":"","background-repeat":"repeat","background-position":"center center","background-size":"auto","background-attachment":"scroll","background-type":"","background-media":"","overlay-type":"","overlay-color":"","overlay-opacity":"","overlay-gradient":""},"mobile":{"background-color":"","background-image":"","background-repeat":"repeat","background-position":"center center","background-size":"auto","background-attachment":"scroll","background-type":"","background-media":"","overlay-type":"","overlay-color":"","overlay-opacity":"","overlay-gradient":""}},"ast-content-background-meta":{"desktop":{"background-color":"var(--ast-global-color-5)","background-image":"","background-repeat":"repeat","background-position":"center center","background-size":"auto","background-attachment":"scroll","background-type":"","background-media":"","overlay-type":"","overlay-color":"","overlay-opacity":"","overlay-gradient":""},"tablet":{"background-color":"var(--ast-global-color-5)","background-image":"","background-repeat":"repeat","background-position":"center center","background-size":"auto","background-attachment":"scroll","background-type":"","background-media":"","overlay-type":"","overlay-color":"","overlay-opacity":"","overlay-gradient":""},"mobile":{"background-color":"var(--ast-global-color-5)","background-image":"","background-repeat":"repeat","background-position":"center center","background-size":"auto","background-attachment":"scroll","background-type":"","background-media":"","overlay-type":"","overlay-color":"","overlay-opacity":"","overlay-gradient":""}}},"product_cat":[48],"product_tag":[],"class_list":["post-3707","product","type-product","status-publish","has-post-thumbnail","hentry","product_cat-sunkaraoke-dalok","desktop-align-left","tablet-align-left","mobile-align-left"],"_links":{"self":[{"href":"https:\/\/www.sunkaraoke.hu\/index.php\/wp-json\/wp\/v2\/product\/3707","targetHints":{"allow":["GET"]}}],"collection":[{"href":"https:\/\/www.sunkaraoke.hu\/index.php\/wp-json\/wp\/v2\/product"}],"about":[{"href":"https:\/\/www.sunkaraoke.hu\/index.php\/wp-json\/wp\/v2\/types\/product"}],"wp:featuredmedia":[{"embeddable":true,"href":"https:\/\/www.sunkaraoke.hu\/index.php\/wp-json\/wp\/v2\/media\/8726"}],"wp:attachment":[{"href":"https:\/\/www.sunkaraoke.hu\/index.php\/wp-json\/wp\/v2\/media?parent=3707"}],"wp:term":[{"taxonomy":"product_cat","embeddable":true,"href":"https:\/\/www.sunkaraoke.hu\/index.php\/wp-json\/wp\/v2\/product_cat?post=3707"},{"taxonomy":"product_tag","embeddable":true,"href":"https:\/\/www.sunkaraoke.hu\/index.php\/wp-json\/wp\/v2\/product_tag?post=3707"}],"curies":[{"name":"wp","href":"https:\/\/api.w.org\/{rel}","templated":true}]}}