{"id":3703,"date":"2022-08-08T20:46:39","date_gmt":"2022-08-08T20:46:39","guid":{"rendered":"https:\/\/www.sunkaraoke.hu\/index.php\/termek\/republic-szallj-el-kismadar-2011\/"},"modified":"2025-04-09T05:15:05","modified_gmt":"2025-04-09T05:15:05","slug":"republic-szallj-el-kismadar-2011","status":"publish","type":"product","link":"https:\/\/www.sunkaraoke.hu\/index.php\/termek\/republic-szallj-el-kismadar-2011\/","title":{"rendered":"<div class=\"wcmp-player-container product-3703\"><audio controlslist=\"nodownload\" data-product=\"3703\"  volume=\"1\"  preload=\"none\" data-lazyloading=\"none\" class=\"wcmp-player track mejs-classic\" data-duration=\"0:32\" data-estimated_duration=\"4\"><source src=\"https:\/\/www.sunkaraoke.hu\/wp-content\/uploads\/2022\/08\/Szallj-el-kismadar-2011.-demoo.mp3\" type=\"audio\/mp3\" \/><\/audio><\/div>Republic &#8211; Sz\u00e1llj el kismad\u00e1r (Original Palika Edition)"},"content":{"rendered":"<p><strong>04:02<\/strong> | <strong><img loading=\"lazy\" decoding=\"async\" class=\"alignnone size-full wp-image-467\" src=\"https:\/\/www.sunkaraoke.hu\/wp-content\/uploads\/2022\/07\/choir_2-copy.webp\" alt=\"\" width=\"30\" height=\"30\" \/> <\/strong><\/p>\n","protected":false},"excerpt":{"rendered":"<h6><strong>Bits\u0171r\u0171s\u00e9g: 320<\/strong>kb\/s<strong><br \/>\n<\/strong><strong>Hossz: <\/strong>04:02<strong><br \/>\n<\/strong><strong style=\"font-size: 16px;\">Vok\u00e1lt tartalmaz: <\/strong>Nem <img loading=\"lazy\" decoding=\"async\" class=\"alignnone size-full wp-image-467\" src=\"http:\/\/www.sunkaraoke.hu\/wp-content\/uploads\/2022\/07\/choir_2-copy.png\" alt=\"\" width=\"30\" height=\"30\" \/><strong style=\"font-size: 16px;\"><br \/>\n<\/strong><\/h6>\n<p>Sunkaraoke mp3 st\u00fadi\u00f3 \/ www.sunkaraoke.hu \/ Inf: Tel: 06 20 4275001<\/p>\n<p>&#8212;Intr\u00f3&#8212;<br \/>\nSz\u00e1llj el kismad\u00e1r,n\u00e9zd meg, hogy merre j\u00e1r,<br \/>\nmondd el, hogy merre j\u00e1rhat \u0150!<br \/>\nMondd el, hogy szeretem,mondd el, hogy kell nekem,<br \/>\nmondd el, hogy semmi m\u00e1s nem kell!<br \/>\nCsak a hold az \u00e9gen,csak a nap ragyogjon,<br \/>\nsimogasson a sz\u00e9l,simogasson, ha arcomhoz \u00e9r.<br \/>\nCsak a hold ragyogjon,csak a nap az \u00e9gen,<br \/>\nnekem semmi m\u00e1s nem kell!<br \/>\nKell, hogy r\u00e1tal\u00e1lj,sz\u00e1llj el kismad\u00e1r,<br \/>\nn\u00e9zd meg, hogy merre j\u00e1rhat \u0150!<br \/>\nVidd el a levelem,<br \/>\nmondd el, hogy kell nekem,<br \/>\nmondd el, hogy semmi m\u00e1s nem kell!<br \/>\nCsak a hold az \u00e9gen,<br \/>\ncsak a nap ragyogjon,<br \/>\nsimogasson a sz\u00e9l,<br \/>\nsimogasson, ha arcomhoz \u00e9r.<br \/>\nCsak a hold ragyogjon,<br \/>\ncsak a nap az \u00e9gen,<br \/>\nnekem semmi m\u00e1s nem kell!<br \/>\nSoha ne gyere,ha most nem j\u00f6ssz!<br \/>\nSoha ne szeress,ha most nem vagy itt!<br \/>\nSoha ne gyere,ha most nem j\u00f6ssz!<br \/>\nSoha ne szeress,ha most nem vagy itt!<br \/>\nV\u00e1p, v\u00e1p, v\u00e1ppsuv\u00e1pp,<br \/>\nV\u00e1p, v\u00e1p, suv\u00e1pp\u00e1pp,<br \/>\nV\u00e1p, v\u00e1p, v\u00e1ppsuv\u00e1pp\u00e1pp\u00e9j.<br \/>\nV\u00e1p, v\u00e1p, v\u00e1ppsuv\u00e1pp,<br \/>\nV\u00e1p, v\u00e1p, suv\u00e1pp\u00e1pp,<br \/>\nV\u00e1p, v\u00e1p, v\u00e1ppsuv\u00e1pp\u00e1pp\u00e9j.<br \/>\nCsak a hold az \u00e9gen,<br \/>\ncsak a nap ragyogjon,<br \/>\nsimogasson a sz\u00e9l,<br \/>\nsimogasson, ha arcomhoz \u00e9r.<br \/>\nCsak a hold ragyogjon,<br \/>\ncsak a nap az \u00e9gen,<br \/>\nnekem semmi m\u00e1s nem kell!<br \/>\nKell, hogy r\u00e1tal\u00e1lj,<br \/>\nsz\u00e1llj el kismad\u00e1r,<br \/>\nn\u00e9zd meg, hogy merre j\u00e1rhat \u0150!<br \/>\nVidd el a levelem,<br \/>\nmondd el, hogy kell nekem,<br \/>\nmondd el, hogy semmi m\u00e1s nem kell!<br \/>\nCsak a hold az \u00e9gen,<br \/>\ncsak a nap ragyogjon,<br \/>\nsimogasson a sz\u00e9l,<br \/>\nsimogasson, ha arcomhoz \u00e9r.<br \/>\nCsak a hold ragyogjon,<br \/>\ncsak a nap az \u00e9gen,<br \/>\nnekem semmi m\u00e1s nem kell!<\/p>\n<p>\u00d3h, \u00f3h, \u00f3h, \u00f3h&#8230;.<br \/>\n&#8212;V\u00e9ge&#8212;<\/p>\n","protected":false},"featured_media":10423,"template":"","meta":{"site-sidebar-layout":"default","site-content-layout":"default","ast-site-content-layout":"default","site-content-style":"default","site-sidebar-style":"default","ast-global-header-display":"","ast-banner-title-visibility":"","ast-main-header-display":"","ast-hfb-above-header-display":"","ast-hfb-below-header-display":"","ast-hfb-mobile-header-display":"","site-post-title":"","ast-breadcrumbs-content":"","ast-featured-img":"","footer-sml-layout":"","theme-transparent-header-meta":"default","adv-header-id-meta":"","stick-header-meta":"","header-above-stick-meta":"","header-main-stick-meta":"","header-below-stick-meta":"","astra-migrate-meta-layouts":"set","ast-page-background-enabled":"default","ast-page-background-meta":{"desktop":{"background-color":"var(--ast-global-color-4)","background-image":"","background-repeat":"repeat","background-position":"center center","background-size":"auto","background-attachment":"scroll","background-type":"","background-media":"","overlay-type":"","overlay-color":"","overlay-opacity":"","overlay-gradient":""},"tablet":{"background-color":"","background-image":"","background-repeat":"repeat","background-position":"center center","background-size":"auto","background-attachment":"scroll","background-type":"","background-media":"","overlay-type":"","overlay-color":"","overlay-opacity":"","overlay-gradient":""},"mobile":{"background-color":"","background-image":"","background-repeat":"repeat","background-position":"center center","background-size":"auto","background-attachment":"scroll","background-type":"","background-media":"","overlay-type":"","overlay-color":"","overlay-opacity":"","overlay-gradient":""}},"ast-content-background-meta":{"desktop":{"background-color":"var(--ast-global-color-5)","background-image":"","background-repeat":"repeat","background-position":"center center","background-size":"auto","background-attachment":"scroll","background-type":"","background-media":"","overlay-type":"","overlay-color":"","overlay-opacity":"","overlay-gradient":""},"tablet":{"background-color":"var(--ast-global-color-5)","background-image":"","background-repeat":"repeat","background-position":"center center","background-size":"auto","background-attachment":"scroll","background-type":"","background-media":"","overlay-type":"","overlay-color":"","overlay-opacity":"","overlay-gradient":""},"mobile":{"background-color":"var(--ast-global-color-5)","background-image":"","background-repeat":"repeat","background-position":"center center","background-size":"auto","background-attachment":"scroll","background-type":"","background-media":"","overlay-type":"","overlay-color":"","overlay-opacity":"","overlay-gradient":""}}},"product_cat":[48],"product_tag":[],"class_list":["post-3703","product","type-product","status-publish","has-post-thumbnail","hentry","product_cat-sunkaraoke-dalok","desktop-align-left","tablet-align-left","mobile-align-left"],"_links":{"self":[{"href":"https:\/\/www.sunkaraoke.hu\/index.php\/wp-json\/wp\/v2\/product\/3703","targetHints":{"allow":["GET"]}}],"collection":[{"href":"https:\/\/www.sunkaraoke.hu\/index.php\/wp-json\/wp\/v2\/product"}],"about":[{"href":"https:\/\/www.sunkaraoke.hu\/index.php\/wp-json\/wp\/v2\/types\/product"}],"wp:featuredmedia":[{"embeddable":true,"href":"https:\/\/www.sunkaraoke.hu\/index.php\/wp-json\/wp\/v2\/media\/10423"}],"wp:attachment":[{"href":"https:\/\/www.sunkaraoke.hu\/index.php\/wp-json\/wp\/v2\/media?parent=3703"}],"wp:term":[{"taxonomy":"product_cat","embeddable":true,"href":"https:\/\/www.sunkaraoke.hu\/index.php\/wp-json\/wp\/v2\/product_cat?post=3703"},{"taxonomy":"product_tag","embeddable":true,"href":"https:\/\/www.sunkaraoke.hu\/index.php\/wp-json\/wp\/v2\/product_tag?post=3703"}],"curies":[{"name":"wp","href":"https:\/\/api.w.org\/{rel}","templated":true}]}}