{"id":3699,"date":"2022-08-08T20:46:39","date_gmt":"2022-08-08T20:46:39","guid":{"rendered":"https:\/\/www.sunkaraoke.hu\/index.php\/termek\/jolly-miert-nem-vagy-velem\/"},"modified":"2025-03-27T13:33:00","modified_gmt":"2025-03-27T13:33:00","slug":"jolly-miert-nem-vagy-velem","status":"publish","type":"product","link":"https:\/\/www.sunkaraoke.hu\/index.php\/termek\/jolly-miert-nem-vagy-velem\/","title":{"rendered":"<div class=\"wcmp-player-container product-3699\"><audio controlslist=\"nodownload\" data-product=\"3699\"  volume=\"1\"  preload=\"none\" data-lazyloading=\"none\" class=\"wcmp-player track mejs-classic\" data-duration=\"0:31\" data-estimated_duration=\"4\"><source src=\"https:\/\/www.sunkaraoke.hu\/wp-content\/uploads\/2022\/08\/Miert-nem-vagy-velem-SB._demo.mp3\" type=\"audio\/mp3\" \/><\/audio><\/div>Jolly &#8211; Mi\u00e9rt nem vagy velem (Original)"},"content":{"rendered":"<p><strong>04:04<\/strong> | <strong><img loading=\"lazy\" decoding=\"async\" class=\"alignnone size-full wp-image-467\" src=\"https:\/\/www.sunkaraoke.hu\/wp-content\/uploads\/2022\/07\/choir_2-copy.webp\" alt=\"\" width=\"30\" height=\"30\" \/> <\/strong><\/p>\n","protected":false},"excerpt":{"rendered":"<h6>Bits\u0171r\u0171s\u00e9g: 320 kb\/s<br \/>\nHossz: 04:04<br \/>\nVok\u00e1lt tartalmaz: Nem <img loading=\"lazy\" decoding=\"async\" class=\"alignnone size-full wp-image-467\" src=\"http:\/\/www.sunkaraoke.hu\/wp-content\/uploads\/2022\/07\/choir_2-copy.png\" alt=\"\" width=\"30\" height=\"30\" \/><strong style=\"font-size: 16px;\"><br \/>\n<\/strong><\/h6>\n<p>Sunkaraoke mp3 st\u00fadi\u00f3 \/ www.sunkaraoke.hu \/ Inf: Tel: 06 20 4275001<\/p>\n<p>&#8212;Intr\u00f3&#8212;<\/p>\n<p>Az \u00e9jnek k\u00f6zep\u00e9n r\u00f3lad \u00e1lmodom \u00e9n,<br \/>\nmenn\u00e9k hozz\u00e1d de m\u00e1r nem lehet,<br \/>\ncsak te vagy nekem, kinek mindent megteszek,<br \/>\nmondd el k\u00e9rlek hogy szeresselek.<br \/>\nTudom \u00e9n hib\u00e1ztam el, hogy sokszor nem voltam veled,<br \/>\nkincsem volt\u00e1l s mind\u00e9g az leszel,<br \/>\n\u00fagy f\u00e1j a sz\u00edvemnek az, hogy nem vagy m\u00e1r velem,<br \/>\nmondd el k\u00e9rlek hogy szeresselek.<\/p>\n<p>Mi\u00e9rt nem vagy velem, amikor f\u00e1j az \u00e9n sz\u00edvem,<br \/>\nv\u00edz hangzik m\u00e9g bennem amit mondt\u00e1l,<br \/>\nsalanananana, boldogtalan \u00e9jszak\u00e1k \u00e9s nappalok,<br \/>\noly mag\u00e1nyos vagyok.<br \/>\nMi\u00e9rt nem vagy velem amikor f\u00e1j az \u00e9n sz\u00edvem,<br \/>\nv\u00edz hangzik m\u00e9g bennem amit mondt\u00e1l,<br \/>\nsalanananana, boldogtalan \u00e9jszak\u00e1k \u00e9s nappalok,<br \/>\negy l\u00e1ny rabja vagyok.<br \/>\n&#8212;Sz\u00f3l\u00f3&#8212;<br \/>\nAz \u00e9jnek k\u00f6zep\u00e9n r\u00f3lad \u00e1lmodom \u00e9n,<br \/>\nmenn\u00e9k hozz\u00e1d de m\u00e1r nem lehet,<br \/>\ncsak te vagy nekem, kinek mindent megteszek,<br \/>\nmondd el k\u00e9rlek hogy szeresselek.<br \/>\nTudom \u00e9n hib\u00e1ztam el, hogy sokszor nem voltam veled,<br \/>\nkincsem volt\u00e1l s mind\u00e9g az leszel,<br \/>\n\u00fagy f\u00e1j a sz\u00edvemnek az, hogy nem vagy m\u00e1r velem,<br \/>\nmondd el k\u00e9rlek hogy szeresselek.<\/p>\n<p>Mi\u00e9rt nem vagy velem, amikor f\u00e1j az \u00e9n sz\u00edvem,<br \/>\nv\u00edz hangzik m\u00e9g bennem amit mondt\u00e1l,<br \/>\nsalanananana, boldogtalan \u00e9jszak\u00e1k \u00e9s nappalok,<br \/>\noly mag\u00e1nyos vagyok.<br \/>\nMi\u00e9rt nem vagy velem amikor f\u00e1j az \u00e9n sz\u00edvem,<br \/>\nv\u00edz hangzik m\u00e9g bennem amit mondt\u00e1l,<br \/>\nsalanananana, boldogtalan \u00e9jszak\u00e1k \u00e9s nappalok,<br \/>\negy l\u00e1ny rabja vagyok.<br \/>\n&#8212;Sz\u00f3l\u00f3&#8212;<br \/>\nMi\u00e9rt nem vagy velem, amikor f\u00e1j az \u00e9n sz\u00edvem,<br \/>\nv\u00edz hangzik m\u00e9g bennem amit mondt\u00e1l,<br \/>\nsalanananana, boldogtalan \u00e9jszak\u00e1k \u00e9s nappalok,<br \/>\noly mag\u00e1nyos vagyok.<br \/>\nMi\u00e9rt nem vagy velem amikor f\u00e1j az \u00e9n sz\u00edvem,<br \/>\nv\u00edz hangzik m\u00e9g bennem amit mondt\u00e1l,<br \/>\nsalanananana, boldogtalan \u00e9jszak\u00e1k \u00e9s nappalok,<br \/>\negy l\u00e1ny rabja vagyok.<br \/>\n&#8212;V\u00e9ge&#8212;<\/p>\n","protected":false},"featured_media":6147,"template":"","meta":{"site-sidebar-layout":"default","site-content-layout":"default","ast-site-content-layout":"default","site-content-style":"default","site-sidebar-style":"default","ast-global-header-display":"","ast-banner-title-visibility":"","ast-main-header-display":"","ast-hfb-above-header-display":"","ast-hfb-below-header-display":"","ast-hfb-mobile-header-display":"","site-post-title":"","ast-breadcrumbs-content":"","ast-featured-img":"","footer-sml-layout":"","theme-transparent-header-meta":"default","adv-header-id-meta":"","stick-header-meta":"","header-above-stick-meta":"","header-main-stick-meta":"","header-below-stick-meta":"","astra-migrate-meta-layouts":"set","ast-page-background-enabled":"default","ast-page-background-meta":{"desktop":{"background-color":"var(--ast-global-color-4)","background-image":"","background-repeat":"repeat","background-position":"center center","background-size":"auto","background-attachment":"scroll","background-type":"","background-media":"","overlay-type":"","overlay-color":"","overlay-opacity":"","overlay-gradient":""},"tablet":{"background-color":"","background-image":"","background-repeat":"repeat","background-position":"center center","background-size":"auto","background-attachment":"scroll","background-type":"","background-media":"","overlay-type":"","overlay-color":"","overlay-opacity":"","overlay-gradient":""},"mobile":{"background-color":"","background-image":"","background-repeat":"repeat","background-position":"center center","background-size":"auto","background-attachment":"scroll","background-type":"","background-media":"","overlay-type":"","overlay-color":"","overlay-opacity":"","overlay-gradient":""}},"ast-content-background-meta":{"desktop":{"background-color":"var(--ast-global-color-5)","background-image":"","background-repeat":"repeat","background-position":"center center","background-size":"auto","background-attachment":"scroll","background-type":"","background-media":"","overlay-type":"","overlay-color":"","overlay-opacity":"","overlay-gradient":""},"tablet":{"background-color":"var(--ast-global-color-5)","background-image":"","background-repeat":"repeat","background-position":"center center","background-size":"auto","background-attachment":"scroll","background-type":"","background-media":"","overlay-type":"","overlay-color":"","overlay-opacity":"","overlay-gradient":""},"mobile":{"background-color":"var(--ast-global-color-5)","background-image":"","background-repeat":"repeat","background-position":"center center","background-size":"auto","background-attachment":"scroll","background-type":"","background-media":"","overlay-type":"","overlay-color":"","overlay-opacity":"","overlay-gradient":""}}},"product_cat":[48],"product_tag":[],"class_list":["post-3699","product","type-product","status-publish","has-post-thumbnail","hentry","product_cat-sunkaraoke-dalok","desktop-align-left","tablet-align-left","mobile-align-left"],"_links":{"self":[{"href":"https:\/\/www.sunkaraoke.hu\/index.php\/wp-json\/wp\/v2\/product\/3699","targetHints":{"allow":["GET"]}}],"collection":[{"href":"https:\/\/www.sunkaraoke.hu\/index.php\/wp-json\/wp\/v2\/product"}],"about":[{"href":"https:\/\/www.sunkaraoke.hu\/index.php\/wp-json\/wp\/v2\/types\/product"}],"wp:featuredmedia":[{"embeddable":true,"href":"https:\/\/www.sunkaraoke.hu\/index.php\/wp-json\/wp\/v2\/media\/6147"}],"wp:attachment":[{"href":"https:\/\/www.sunkaraoke.hu\/index.php\/wp-json\/wp\/v2\/media?parent=3699"}],"wp:term":[{"taxonomy":"product_cat","embeddable":true,"href":"https:\/\/www.sunkaraoke.hu\/index.php\/wp-json\/wp\/v2\/product_cat?post=3699"},{"taxonomy":"product_tag","embeddable":true,"href":"https:\/\/www.sunkaraoke.hu\/index.php\/wp-json\/wp\/v2\/product_tag?post=3699"}],"curies":[{"name":"wp","href":"https:\/\/api.w.org\/{rel}","templated":true}]}}