{"id":3696,"date":"2022-08-08T20:46:38","date_gmt":"2022-08-08T20:46:38","guid":{"rendered":"https:\/\/www.sunkaraoke.hu\/index.php\/termek\/stefano-tobbet-nem-pialok\/"},"modified":"2025-04-09T05:01:33","modified_gmt":"2025-04-09T05:01:33","slug":"stefano-tobbet-nem-pialok","status":"publish","type":"product","link":"https:\/\/www.sunkaraoke.hu\/index.php\/termek\/stefano-tobbet-nem-pialok\/","title":{"rendered":"<div class=\"wcmp-player-container product-3696\"><audio controlslist=\"nodownload\" data-product=\"3696\"  volume=\"1\"  preload=\"none\" data-lazyloading=\"none\" class=\"wcmp-player track mejs-classic\" data-duration=\"0:34\" data-estimated_duration=\"4\"><source src=\"https:\/\/www.sunkaraoke.hu\/wp-content\/uploads\/2022\/08\/Tobbet-nem-pialok-SB.-demooo.mp3\" type=\"audio\/mp3\" \/><\/audio><\/div>Stefano &#8211; T\u00f6bbet nem pi\u00e1lok (Original)"},"content":{"rendered":"<p><strong>02:56<\/strong> | <strong><img loading=\"lazy\" decoding=\"async\" class=\"alignnone size-full wp-image-467\" src=\"https:\/\/www.sunkaraoke.hu\/wp-content\/uploads\/2022\/07\/choir_2-copy.webp\" alt=\"\" width=\"30\" height=\"30\" \/> <\/strong><\/p>\n","protected":false},"excerpt":{"rendered":"<h6><strong>Bits\u0171r\u0171s\u00e9g: 320<\/strong>kb\/s<strong><br \/>\n<\/strong><strong>Hossz: <\/strong>02:56<strong><br \/>\n<\/strong><strong style=\"font-size: 16px;\">Vok\u00e1lt tartalmaz: <\/strong>Nem <img loading=\"lazy\" decoding=\"async\" class=\"alignnone size-full wp-image-467\" src=\"http:\/\/www.sunkaraoke.hu\/wp-content\/uploads\/2022\/07\/choir_2-copy.png\" alt=\"\" width=\"30\" height=\"30\" \/><strong style=\"font-size: 16px;\"><br \/>\n<\/strong><\/h6>\n<p>Sunkaraoke mp3 st\u00fadi\u00f3 \/ www.sunkaraoke.hu \/ Inf: Tel: 06 20 4275001<\/p>\n<p>Isten bizony t\u00f6bbet nem pi\u00e1lok,<br \/>\na l\u00e1bamon alig-alig \u00e1llok.<br \/>\nAzt sem tudom hol j\u00e1rok,<br \/>\n\u00e9n mindenb\u0151l kett\u0151t l\u00e1tok,<br \/>\na h\u00e1zamra tal\u00e1n csak r\u00e1 tal\u00e1lok.<br \/>\nAz utat n\u00e9zem, vagy csak k\u00e9pzelem,<br \/>\negy fura alak szalad velem szemben.<br \/>\nSodr\u00f3fa a kez\u00e9ben, ez az \u00e9n feles\u00e9gem,<br \/>\nmost vagyok \u00e9n igaz\u00e1n csak vesz\u00e9lyben.<br \/>\n&#8212;Sz\u00f3l\u00f3&#8212;<br \/>\nEgy h\u00e9ten legal\u00e1bb k\u00e9tszer \u00edgy mulatok,<br \/>\na feles\u00e9gemt\u0151l ilyenkor kivagyok.<br \/>\nMinden p\u00e9nzt \u00e9n eliszok,<br \/>\negy nagy balh\u00e9t kib\u00edrok,<br \/>\na vil\u00e1gba b\u00fcszk\u00e9n \u00e9lni akarok.<br \/>\nAz asszonyt\u00f3l fr\u00e1szt kapok,<br \/>\nameddig nem hagyom ott,<br \/>\nne v\u00e1rja meg azt a rossz pillanatot.<\/p>\n<p>Isten bizony t\u00f6bbet nem pi\u00e1lok,<br \/>\na l\u00e1bamon alig-alig \u00e1llok.<br \/>\nAzt sem tudom hol j\u00e1rok,<br \/>\n\u00e9n mindenb\u0151l kett\u0151t l\u00e1tok,<br \/>\na h\u00e1zamra tal\u00e1n csak r\u00e1 tal\u00e1lok.<br \/>\nAz utat n\u00e9zem, vagy csak k\u00e9pzelem,<br \/>\negy fura alak szalad velem szemben.<br \/>\nSodr\u00f3fa a kez\u00e9ben, ez az \u00e9n feles\u00e9gem,<br \/>\nmost vagyok \u00e9n igaz\u00e1n csak vesz\u00e9lyben.<br \/>\n&#8212;Sz\u00f3l\u00f3&#8212;<br \/>\nEgy h\u00e9ten legal\u00e1bb k\u00e9tszer \u00edgy mulatok,<br \/>\na feles\u00e9gemt\u0151l ilyenkor kivagyok.<br \/>\nMinden p\u00e9nzt \u00e9n eliszok,<br \/>\negy nagy balh\u00e9t kib\u00edrok,<br \/>\na vil\u00e1gba b\u00fcszk\u00e9n \u00e9lni akarok.<br \/>\nAz asszonyt\u00f3l fr\u00e1szt kapok,<br \/>\nameddig nem hagyom ott,<br \/>\nne v\u00e1rja meg azt a rossz pillanatot.<\/p>\n<p>Isten bizony t\u00f6bbet nem pi\u00e1lok,<br \/>\na l\u00e1bamon alig-alig \u00e1llok.<br \/>\nAzt sem tudom hol j\u00e1rok,<br \/>\n\u00e9n mindenb\u0151l kett\u0151t l\u00e1tok,<br \/>\na h\u00e1zamra tal\u00e1n csak r\u00e1 tal\u00e1lok.<br \/>\nAz utat n\u00e9zem, vagy csak k\u00e9pzelem,<br \/>\negy fura alak szalad velem szemben.<br \/>\nSodr\u00f3fa a kez\u00e9ben, ez az \u00e9n feles\u00e9gem,<br \/>\nmost vagyok \u00e9n igaz\u00e1n csak vesz\u00e9lyben.<br \/>\nIsten bizony t\u00f6bbet nem pi\u00e1lok,<br \/>\na l\u00e1bamon alig-alig \u00e1llok.<br \/>\nAzt sem tudom hol j\u00e1rok,<br \/>\n\u00e9n mindenb\u0151l kett\u0151t l\u00e1tok,<br \/>\na h\u00e1zamra tal\u00e1n csak r\u00e1 tal\u00e1lok.<br \/>\nAz utat n\u00e9zem, vagy csak k\u00e9pzelem,<br \/>\negy fura alak szalad velem szemben.<br \/>\nSodr\u00f3fa a kez\u00e9ben, ez az \u00e9n feles\u00e9gem,<br \/>\nmost vagyok \u00e9n igaz\u00e1n csak vesz\u00e9lyben.<br \/>\nSodr\u00f3fa a kez\u00e9ben, ez az \u00e9n feles\u00e9gem,<br \/>\nmost vagyok \u00e9n igaz\u00e1n csak vesz\u00e9lyben.<br \/>\n&#8212;V\u00e9ge&#8212;<\/p>\n","protected":false},"featured_media":10030,"template":"","meta":{"site-sidebar-layout":"default","site-content-layout":"default","ast-site-content-layout":"default","site-content-style":"default","site-sidebar-style":"default","ast-global-header-display":"","ast-banner-title-visibility":"","ast-main-header-display":"","ast-hfb-above-header-display":"","ast-hfb-below-header-display":"","ast-hfb-mobile-header-display":"","site-post-title":"","ast-breadcrumbs-content":"","ast-featured-img":"","footer-sml-layout":"","theme-transparent-header-meta":"default","adv-header-id-meta":"","stick-header-meta":"","header-above-stick-meta":"","header-main-stick-meta":"","header-below-stick-meta":"","astra-migrate-meta-layouts":"set","ast-page-background-enabled":"default","ast-page-background-meta":{"desktop":{"background-color":"var(--ast-global-color-4)","background-image":"","background-repeat":"repeat","background-position":"center center","background-size":"auto","background-attachment":"scroll","background-type":"","background-media":"","overlay-type":"","overlay-color":"","overlay-opacity":"","overlay-gradient":""},"tablet":{"background-color":"","background-image":"","background-repeat":"repeat","background-position":"center center","background-size":"auto","background-attachment":"scroll","background-type":"","background-media":"","overlay-type":"","overlay-color":"","overlay-opacity":"","overlay-gradient":""},"mobile":{"background-color":"","background-image":"","background-repeat":"repeat","background-position":"center center","background-size":"auto","background-attachment":"scroll","background-type":"","background-media":"","overlay-type":"","overlay-color":"","overlay-opacity":"","overlay-gradient":""}},"ast-content-background-meta":{"desktop":{"background-color":"var(--ast-global-color-5)","background-image":"","background-repeat":"repeat","background-position":"center center","background-size":"auto","background-attachment":"scroll","background-type":"","background-media":"","overlay-type":"","overlay-color":"","overlay-opacity":"","overlay-gradient":""},"tablet":{"background-color":"var(--ast-global-color-5)","background-image":"","background-repeat":"repeat","background-position":"center center","background-size":"auto","background-attachment":"scroll","background-type":"","background-media":"","overlay-type":"","overlay-color":"","overlay-opacity":"","overlay-gradient":""},"mobile":{"background-color":"var(--ast-global-color-5)","background-image":"","background-repeat":"repeat","background-position":"center center","background-size":"auto","background-attachment":"scroll","background-type":"","background-media":"","overlay-type":"","overlay-color":"","overlay-opacity":"","overlay-gradient":""}}},"product_cat":[48],"product_tag":[],"class_list":["post-3696","product","type-product","status-publish","has-post-thumbnail","hentry","product_cat-sunkaraoke-dalok","desktop-align-left","tablet-align-left","mobile-align-left"],"_links":{"self":[{"href":"https:\/\/www.sunkaraoke.hu\/index.php\/wp-json\/wp\/v2\/product\/3696","targetHints":{"allow":["GET"]}}],"collection":[{"href":"https:\/\/www.sunkaraoke.hu\/index.php\/wp-json\/wp\/v2\/product"}],"about":[{"href":"https:\/\/www.sunkaraoke.hu\/index.php\/wp-json\/wp\/v2\/types\/product"}],"wp:featuredmedia":[{"embeddable":true,"href":"https:\/\/www.sunkaraoke.hu\/index.php\/wp-json\/wp\/v2\/media\/10030"}],"wp:attachment":[{"href":"https:\/\/www.sunkaraoke.hu\/index.php\/wp-json\/wp\/v2\/media?parent=3696"}],"wp:term":[{"taxonomy":"product_cat","embeddable":true,"href":"https:\/\/www.sunkaraoke.hu\/index.php\/wp-json\/wp\/v2\/product_cat?post=3696"},{"taxonomy":"product_tag","embeddable":true,"href":"https:\/\/www.sunkaraoke.hu\/index.php\/wp-json\/wp\/v2\/product_tag?post=3696"}],"curies":[{"name":"wp","href":"https:\/\/api.w.org\/{rel}","templated":true}]}}