{"id":3685,"date":"2022-08-08T20:46:37","date_gmt":"2022-08-08T20:46:37","guid":{"rendered":"https:\/\/www.sunkaraoke.hu\/index.php\/termek\/kothencz-lajos-ringo-vallu\/"},"modified":"2025-04-08T17:32:42","modified_gmt":"2025-04-08T17:32:42","slug":"kothencz-lajos-ringo-vallu","status":"publish","type":"product","link":"https:\/\/www.sunkaraoke.hu\/index.php\/termek\/kothencz-lajos-ringo-vallu\/","title":{"rendered":"<div class=\"wcmp-player-container product-3685\"><audio controlslist=\"nodownload\" data-product=\"3685\"  volume=\"1\"  preload=\"none\" data-lazyloading=\"none\" class=\"wcmp-player track mejs-classic\" data-duration=\"0:31\" data-estimated_duration=\"4\"><source src=\"https:\/\/www.sunkaraoke.hu\/wp-content\/uploads\/2022\/08\/Ringo-vallu-2014-DanceSB.-demoo.mp3\" type=\"audio\/mp3\" \/><\/audio><\/div>Kothencz Lajos &#8211; Ring\u00f3 v\u00e1ll\u00fa (Original SB Dance Edition)"},"content":{"rendered":"<p><strong>02:58<\/strong> | <strong><img loading=\"lazy\" decoding=\"async\" class=\"alignnone size-full wp-image-467\" src=\"https:\/\/www.sunkaraoke.hu\/wp-content\/uploads\/2022\/07\/choir_2-copy.webp\" alt=\"\" width=\"30\" height=\"30\" \/> <\/strong><\/p>\n","protected":false},"excerpt":{"rendered":"<h6><strong>Bits\u0171r\u0171s\u00e9g: 320<\/strong>kb\/s<strong><br \/>\n<\/strong><strong>Hossz: <\/strong>02:58<strong><br \/>\n<\/strong><strong style=\"font-size: 16px;\">Vok\u00e1lt tartalmaz: <\/strong>Nem <img loading=\"lazy\" decoding=\"async\" class=\"alignnone size-full wp-image-467\" src=\"http:\/\/www.sunkaraoke.hu\/wp-content\/uploads\/2022\/07\/choir_2-copy.png\" alt=\"\" width=\"30\" height=\"30\" \/><strong style=\"font-size: 16px;\"><br \/>\n<\/strong><\/h6>\n<p>Sunkaraoke mp3 st\u00fadi\u00f3 \/ www.sunkaraoke.hu \/ Inf: Tel: 06 20 4275001<\/p>\n<p>&#8212;Intr\u00f3&#8212;-<br \/>\nT\u0171zr\u0151lpattant barna l\u00e1nyok, nyalka sz\u00e9p leg\u00e9nyek,<br \/>\nCsenger t\u00e1j\u00e1n hogyha j\u00e1rnak a cs\u00e1rd\u00e1ba t\u00e9rnek.<br \/>\nK\u00e9t sz\u00e1l f\u00fcst\u00f6s v\u00edgan h\u00fazza bizsereg a cs\u00e1rd\u00e1s,<br \/>\nnincs jobb dolga a f\u00fcst\u00f6snek a t\u00edzedik m\u00e1r a r\u00e1ad\u00e1s.<\/p>\n<p>Ring\u00f3 v\u00e1ll\u00fa csengeri viol\u00e1m kis angyalom,<br \/>\nj\u00e1rjad, j\u00e1rjad, sej de ma a bok\u00e1m let\u00e1ncolom.<br \/>\nRingasd, ringasd rezg\u0151 v\u00e1llad magadhoz csalj,<br \/>\nh\u00e9that\u00e1ron nincs szebb n\u00e1lad ihaj csuhajj haj haj haj.<br \/>\nRing\u00f3 v\u00e1ll\u00fa csengeri viol\u00e1m a t\u00e1nc nem \u00e1rt,<br \/>\nezt nem hagyjuk abba, de nem \u00e1m csak j\u00e1rd, csak j\u00e1rd.<br \/>\nHogy h\u00e1ny \u00f3ra, \u00e9des kincsem, te azt ne b\u00e1nd,<br \/>\nhej, csak bokorugr\u00f3 szokny\u00e1dat risz\u00e1ld.<\/p>\n<p>Hogyha elm\u00e9sz a v\u00e1s\u00e1rba, furcs\u00e1t l\u00e1tni fogsz ott,<br \/>\nj\u00e1rnak ottan t\u00e1ntorogva tang\u00f3t, bluest meg foxot.<br \/>\nDe Csengerben m\u00e1s a m\u00f3di ismeretlen a pukkan\u00f3s pezsg\u0151,<br \/>\nt\u00far\u00f3s csusza meg p\u00f6rk\u00f6ltszaft, att\u00f3l esik j\u00f3l a rezg\u0151.<\/p>\n<p>Ring\u00f3 v\u00e1ll\u00fa csengeri viol\u00e1m kis angyalom,<br \/>\ngy\u00farjad, gy\u00farjad, sej de ma a bok\u00e1m let\u00e1ncolom.<br \/>\nRingasd, ringasd rezg\u0151 v\u00e1llad magadhoz csalj,<br \/>\nh\u00e9that\u00e1ron nincs szebb n\u00e1lad ihaj csuhaj haj haj haj.<br \/>\nRing\u00f3 v\u00e1ll\u00fa csengeri viol\u00e1m a t\u00e1nc nem \u00e1rt,<br \/>\nezt nem hagyjuk abba, de nem \u00e1m csak j\u00e1rd, csak j\u00e1rd.<br \/>\nHogy h\u00e1ny \u00f3ra, \u00e9des kincsem, te azt ne b\u00e1nd,<br \/>\nhej, csak bokorugr\u00f3 szokny\u00e1dat risz\u00e1ld.<\/p>\n<p>Ring\u00f3 v\u00e1ll\u00fa csengeri viol\u00e1m kis angyalom,<br \/>\ngy\u00farjad, gy\u00farjad, sej de ma a bok\u00e1m let\u00e1ncolom.<br \/>\nRingasd, ringasd rezg\u0151 v\u00e1llad magadhoz csalj,<br \/>\nh\u00e9that\u00e1ron nincs szebb n\u00e1lad, ihaj csuhajj haj haj haj.<br \/>\nRing\u00f3 v\u00e1ll\u00fa csengeri viol\u00e1m a t\u00e1nc nem \u00e1rt,<br \/>\nezt nem hagyjuk abba, de nem \u00e1m csak j\u00e1rd, csak j\u00e1rd.<br \/>\nHogy h\u00e1ny \u00f3ra, \u00e9des kincsem, te azt ne b\u00e1nd,<br \/>\nhej, csak bokorugr\u00f3 szokny\u00e1dat risz\u00e1ld.<\/p>\n<p>Ring\u00f3 v\u00e1ll\u00fa csengeri viol\u00e1m kis angyalom,<br \/>\ngy\u00farjad, gy\u00farjad, sej de ma a bok\u00e1m let\u00e1ncolom.<br \/>\nRingasd, ringasd rezg\u0151 v\u00e1llad magadhoz csalj,<br \/>\nh\u00e9that\u00e1ron nincs szebb n\u00e1lad ihaj csuhaj haj haj haj.<br \/>\nRing\u00f3 v\u00e1ll\u00fa csengeri viol\u00e1m a t\u00e1nc nem \u00e1rt,<br \/>\nezt nem hagyjuk abba, de nem \u00e1m csak j\u00e1rd, csak j\u00e1rd.<br \/>\nHogy h\u00e1ny \u00f3ra, \u00e9des kincsem, te azt ne b\u00e1nd,<br \/>\nhej, csak bokorugr\u00f3 szokny\u00e1dat risz\u00e1ld.<br \/>\nRing\u00f3 v\u00e1ll\u00fa csengeri viol\u00e1m kis angyalom,<br \/>\ngy\u00farjad, gy\u00farjad, sej de ma a bok\u00e1m let\u00e1ncolom.<br \/>\nRingasd, ringasd rezg\u0151 v\u00e1llad magadhoz csalj,<br \/>\nh\u00e9that\u00e1ron nincs szebb n\u00e1lad ihaj csuhaj haj haj haj.<br \/>\nRing\u00f3 v\u00e1ll\u00fa csengeri viol\u00e1m a t\u00e1nc nem \u00e1rt,<br \/>\nezt nem hagyjuk abba, de nem \u00e1m csak j\u00e1rd, csak j\u00e1rd.<br \/>\nHogy h\u00e1ny \u00f3ra, \u00e9des kincsem, te azt ne b\u00e1nd,<br \/>\nhej, csak bokorugr\u00f3 szokny\u00e1dat risz\u00e1ld.<br \/>\n&#8212;V\u00e9ge&#8212;<\/p>\n","protected":false},"featured_media":18001,"template":"","meta":{"site-sidebar-layout":"default","site-content-layout":"default","ast-site-content-layout":"default","site-content-style":"default","site-sidebar-style":"default","ast-global-header-display":"","ast-banner-title-visibility":"","ast-main-header-display":"","ast-hfb-above-header-display":"","ast-hfb-below-header-display":"","ast-hfb-mobile-header-display":"","site-post-title":"","ast-breadcrumbs-content":"","ast-featured-img":"","footer-sml-layout":"","theme-transparent-header-meta":"default","adv-header-id-meta":"","stick-header-meta":"","header-above-stick-meta":"","header-main-stick-meta":"","header-below-stick-meta":"","astra-migrate-meta-layouts":"set","ast-page-background-enabled":"default","ast-page-background-meta":{"desktop":{"background-color":"var(--ast-global-color-4)","background-image":"","background-repeat":"repeat","background-position":"center center","background-size":"auto","background-attachment":"scroll","background-type":"","background-media":"","overlay-type":"","overlay-color":"","overlay-opacity":"","overlay-gradient":""},"tablet":{"background-color":"","background-image":"","background-repeat":"repeat","background-position":"center center","background-size":"auto","background-attachment":"scroll","background-type":"","background-media":"","overlay-type":"","overlay-color":"","overlay-opacity":"","overlay-gradient":""},"mobile":{"background-color":"","background-image":"","background-repeat":"repeat","background-position":"center center","background-size":"auto","background-attachment":"scroll","background-type":"","background-media":"","overlay-type":"","overlay-color":"","overlay-opacity":"","overlay-gradient":""}},"ast-content-background-meta":{"desktop":{"background-color":"var(--ast-global-color-5)","background-image":"","background-repeat":"repeat","background-position":"center center","background-size":"auto","background-attachment":"scroll","background-type":"","background-media":"","overlay-type":"","overlay-color":"","overlay-opacity":"","overlay-gradient":""},"tablet":{"background-color":"var(--ast-global-color-5)","background-image":"","background-repeat":"repeat","background-position":"center center","background-size":"auto","background-attachment":"scroll","background-type":"","background-media":"","overlay-type":"","overlay-color":"","overlay-opacity":"","overlay-gradient":""},"mobile":{"background-color":"var(--ast-global-color-5)","background-image":"","background-repeat":"repeat","background-position":"center center","background-size":"auto","background-attachment":"scroll","background-type":"","background-media":"","overlay-type":"","overlay-color":"","overlay-opacity":"","overlay-gradient":""}}},"product_cat":[48],"product_tag":[],"class_list":["post-3685","product","type-product","status-publish","has-post-thumbnail","hentry","product_cat-sunkaraoke-dalok","desktop-align-left","tablet-align-left","mobile-align-left"],"_links":{"self":[{"href":"https:\/\/www.sunkaraoke.hu\/index.php\/wp-json\/wp\/v2\/product\/3685","targetHints":{"allow":["GET"]}}],"collection":[{"href":"https:\/\/www.sunkaraoke.hu\/index.php\/wp-json\/wp\/v2\/product"}],"about":[{"href":"https:\/\/www.sunkaraoke.hu\/index.php\/wp-json\/wp\/v2\/types\/product"}],"wp:featuredmedia":[{"embeddable":true,"href":"https:\/\/www.sunkaraoke.hu\/index.php\/wp-json\/wp\/v2\/media\/18001"}],"wp:attachment":[{"href":"https:\/\/www.sunkaraoke.hu\/index.php\/wp-json\/wp\/v2\/media?parent=3685"}],"wp:term":[{"taxonomy":"product_cat","embeddable":true,"href":"https:\/\/www.sunkaraoke.hu\/index.php\/wp-json\/wp\/v2\/product_cat?post=3685"},{"taxonomy":"product_tag","embeddable":true,"href":"https:\/\/www.sunkaraoke.hu\/index.php\/wp-json\/wp\/v2\/product_tag?post=3685"}],"curies":[{"name":"wp","href":"https:\/\/api.w.org\/{rel}","templated":true}]}}