{"id":3684,"date":"2022-08-08T20:46:37","date_gmt":"2022-08-08T20:46:37","guid":{"rendered":"https:\/\/www.sunkaraoke.hu\/index.php\/termek\/tilinger-attila-elmegyek\/"},"modified":"2025-04-08T17:37:12","modified_gmt":"2025-04-08T17:37:12","slug":"tilinger-attila-elmegyek","status":"publish","type":"product","link":"https:\/\/www.sunkaraoke.hu\/index.php\/termek\/tilinger-attila-elmegyek\/","title":{"rendered":"<div class=\"wcmp-player-container product-3684\"><audio controlslist=\"nodownload\" data-product=\"3684\"  volume=\"1\"  preload=\"none\" data-lazyloading=\"none\" class=\"wcmp-player track mejs-classic\" data-duration=\"0:31\" data-estimated_duration=\"4\"><source src=\"https:\/\/www.sunkaraoke.hu\/wp-content\/uploads\/2022\/08\/Elmegyek-kdemoo.mp3\" type=\"audio\/mp3\" \/><\/audio><\/div>Tilinger Attila &#8211; Elmegyek (Original)"},"content":{"rendered":"<p><strong>04:58<\/strong> | <strong><img loading=\"lazy\" decoding=\"async\" class=\"alignnone size-full wp-image-467\" src=\"https:\/\/www.sunkaraoke.hu\/wp-content\/uploads\/2022\/07\/choir_2-copy.webp\" alt=\"\" width=\"30\" height=\"30\" \/> <\/strong><\/p>\n","protected":false},"excerpt":{"rendered":"<h6><strong>Bits\u0171r\u0171s\u00e9g: 320<\/strong>kb\/s<strong><br \/>\n<\/strong><strong>Hossz: <\/strong>04:58<strong><br \/>\n<\/strong><strong style=\"font-size: 16px;\">Vok\u00e1lt tartalmaz: <\/strong>Nem <img loading=\"lazy\" decoding=\"async\" class=\"alignnone size-full wp-image-467\" src=\"http:\/\/www.sunkaraoke.hu\/wp-content\/uploads\/2022\/07\/choir_2-copy.png\" alt=\"\" width=\"30\" height=\"30\" \/><strong style=\"font-size: 16px;\"><br \/>\n<\/strong><\/h6>\n<p>Sunkaraoke mp3 st\u00fadi\u00f3 \/ www.sunkaraoke.hu \/ Inf: Tel: 06 20 4275001<\/p>\n<p>&#8212;Intr\u00f3&#8212;<br \/>\nEgy kis patak mindig rohant,<br \/>\ns k\u00f6zben csak \u00e9nekelt.<br \/>\nEgy sziklafal \u00fatj\u00e1ba \u00e1llt,<br \/>\ns a dalnak \u00edgy v\u00e9ge lett.<br \/>\n\u00c9n is \u00edgy lettem n\u00e9ma v\u00edzt\u00fck\u00f6r,<br \/>\nmikor t\u0151lem elment\u00e9l.<br \/>\nNekem t\u00f6bb\u00e9 m\u00e1r a nap sem t\u00fcnd\u00f6k\u00f6l,<br \/>\ncsak ha \u00fajra megj\u00f6nn\u00e9l.<\/p>\n<p>Elmegyek, elmegyek,<br \/>\nmilyen \u00faton indulok, m\u00e9g nem tudom.<br \/>\nElhagyom az otthonom,<br \/>\nm\u00e9g a j\u00f3 bar\u00e1tokt\u00f3l sem b\u00facs\u00fazom.<br \/>\nElmegyek, \u00f3 elmegyek,<br \/>\nigen megkereslek \u00e9n, b\u00e1rmerre j\u00e1rsz.<br \/>\nNem tudom, hogy merre vagy,<br \/>\nm\u00e9gis \u00fagy \u00e9rzem, hogy engem egyre v\u00e1rsz.<br \/>\n&#8212;Sz\u00f3l\u00f3&#8212;<br \/>\nVas\u00e1rnap volt, vas\u00e1rnap volt,<br \/>\namikor elhagyt\u00e1l.<br \/>\nAz\u00f3ta \u00e9n minden napot,feket\u00e9vel \u00edrok m\u00e1r.<br \/>\nL\u00e1tod \u00edgy vitted el a sz\u00edneket,<br \/>\nmikor t\u0151lem elment\u00e9l.<br \/>\nNekem t\u00f6bb\u00e9 m\u00e1r nem t\u00fcnd\u00f6k\u00f6l a Nap,<br \/>\ncsak ha \u00fajra megj\u00f6nn\u00e9l.<\/p>\n<p>Elmegyek, elmegyek,<br \/>\nmilyen \u00faton indulok, m\u00e9g nem tudom.<br \/>\nElhagyom az otthonom,<br \/>\nm\u00e9g a j\u00f3 bar\u00e1tokt\u00f3l sem b\u00facs\u00fazom.<br \/>\nElmegyek, \u00f3 elmegyek,<br \/>\nigen megkereslek \u00e9n, b\u00e1rmerre j\u00e1rsz.<br \/>\nNem tudom, hogy merre vagy,<br \/>\nm\u00e9gis \u00fagy \u00e9rzem, hogy engem egyre v\u00e1rsz.<br \/>\n&#8212;Sz\u00f3l\u00f3&#8212;<br \/>\nL\u00e1tod \u00edgy vitted el a sz\u00edneket,<br \/>\nmikor t\u0151lem elment\u00e9l.<br \/>\nNekem t\u00f6bb\u00e9 m\u00e1r nem t\u00fcnd\u00f6k\u00f6l a nap,<br \/>\ncsak ha \u00fajra megj\u00f6nn\u00e9l.<\/p>\n<p>Elmegyek, elmegyek,<br \/>\nmilyen \u00faton indulok, m\u00e9g nem tudom.<br \/>\nElhagyom az otthonom,<br \/>\nm\u00e9g a j\u00f3 bar\u00e1tokt\u00f3l sem b\u00facs\u00fazom.<br \/>\nElmegyek, \u00f3 elmegyek,<br \/>\nigen megkereslek \u00e9n, b\u00e1rmerre j\u00e1rsz.<br \/>\nNem tudom, hogy merre vagy,<br \/>\nm\u00e9gis \u00fagy \u00e9rzem, hogy engem egyre v\u00e1rsz.<br \/>\n&#8212;V\u00e9ge&#8212;<\/p>\n","protected":false},"featured_media":18002,"template":"","meta":{"site-sidebar-layout":"default","site-content-layout":"default","ast-site-content-layout":"default","site-content-style":"default","site-sidebar-style":"default","ast-global-header-display":"","ast-banner-title-visibility":"","ast-main-header-display":"","ast-hfb-above-header-display":"","ast-hfb-below-header-display":"","ast-hfb-mobile-header-display":"","site-post-title":"","ast-breadcrumbs-content":"","ast-featured-img":"","footer-sml-layout":"","theme-transparent-header-meta":"default","adv-header-id-meta":"","stick-header-meta":"","header-above-stick-meta":"","header-main-stick-meta":"","header-below-stick-meta":"","astra-migrate-meta-layouts":"set","ast-page-background-enabled":"default","ast-page-background-meta":{"desktop":{"background-color":"var(--ast-global-color-4)","background-image":"","background-repeat":"repeat","background-position":"center center","background-size":"auto","background-attachment":"scroll","background-type":"","background-media":"","overlay-type":"","overlay-color":"","overlay-opacity":"","overlay-gradient":""},"tablet":{"background-color":"","background-image":"","background-repeat":"repeat","background-position":"center center","background-size":"auto","background-attachment":"scroll","background-type":"","background-media":"","overlay-type":"","overlay-color":"","overlay-opacity":"","overlay-gradient":""},"mobile":{"background-color":"","background-image":"","background-repeat":"repeat","background-position":"center center","background-size":"auto","background-attachment":"scroll","background-type":"","background-media":"","overlay-type":"","overlay-color":"","overlay-opacity":"","overlay-gradient":""}},"ast-content-background-meta":{"desktop":{"background-color":"var(--ast-global-color-5)","background-image":"","background-repeat":"repeat","background-position":"center center","background-size":"auto","background-attachment":"scroll","background-type":"","background-media":"","overlay-type":"","overlay-color":"","overlay-opacity":"","overlay-gradient":""},"tablet":{"background-color":"var(--ast-global-color-5)","background-image":"","background-repeat":"repeat","background-position":"center center","background-size":"auto","background-attachment":"scroll","background-type":"","background-media":"","overlay-type":"","overlay-color":"","overlay-opacity":"","overlay-gradient":""},"mobile":{"background-color":"var(--ast-global-color-5)","background-image":"","background-repeat":"repeat","background-position":"center center","background-size":"auto","background-attachment":"scroll","background-type":"","background-media":"","overlay-type":"","overlay-color":"","overlay-opacity":"","overlay-gradient":""}}},"product_cat":[48],"product_tag":[],"class_list":["post-3684","product","type-product","status-publish","has-post-thumbnail","hentry","product_cat-sunkaraoke-dalok","desktop-align-left","tablet-align-left","mobile-align-left"],"_links":{"self":[{"href":"https:\/\/www.sunkaraoke.hu\/index.php\/wp-json\/wp\/v2\/product\/3684","targetHints":{"allow":["GET"]}}],"collection":[{"href":"https:\/\/www.sunkaraoke.hu\/index.php\/wp-json\/wp\/v2\/product"}],"about":[{"href":"https:\/\/www.sunkaraoke.hu\/index.php\/wp-json\/wp\/v2\/types\/product"}],"wp:featuredmedia":[{"embeddable":true,"href":"https:\/\/www.sunkaraoke.hu\/index.php\/wp-json\/wp\/v2\/media\/18002"}],"wp:attachment":[{"href":"https:\/\/www.sunkaraoke.hu\/index.php\/wp-json\/wp\/v2\/media?parent=3684"}],"wp:term":[{"taxonomy":"product_cat","embeddable":true,"href":"https:\/\/www.sunkaraoke.hu\/index.php\/wp-json\/wp\/v2\/product_cat?post=3684"},{"taxonomy":"product_tag","embeddable":true,"href":"https:\/\/www.sunkaraoke.hu\/index.php\/wp-json\/wp\/v2\/product_tag?post=3684"}],"curies":[{"name":"wp","href":"https:\/\/api.w.org\/{rel}","templated":true}]}}