{"id":3682,"date":"2022-08-08T20:46:37","date_gmt":"2022-08-08T20:46:37","guid":{"rendered":"https:\/\/www.sunkaraoke.hu\/index.php\/termek\/zero-hol-vagy-nagy-szerelem\/"},"modified":"2025-04-09T04:54:16","modified_gmt":"2025-04-09T04:54:16","slug":"zero-hol-vagy-nagy-szerelem","status":"publish","type":"product","link":"https:\/\/www.sunkaraoke.hu\/index.php\/termek\/zero-hol-vagy-nagy-szerelem\/","title":{"rendered":"<div class=\"wcmp-player-container product-3682\"><audio controlslist=\"nodownload\" data-product=\"3682\"  volume=\"1\"  preload=\"none\" data-lazyloading=\"none\" class=\"wcmp-player track mejs-classic\" data-duration=\"0:34\" data-estimated_duration=\"4\"><source src=\"https:\/\/www.sunkaraoke.hu\/wp-content\/uploads\/2022\/08\/Hol-vagy-nagy-szerelem-demooo.mp3\" type=\"audio\/mp3\" \/><\/audio><\/div>Zero &#8211; Hol vagy nagy szerelem (Original)"},"content":{"rendered":"<p><strong>03:44<\/strong> | <strong><img loading=\"lazy\" decoding=\"async\" class=\"alignnone size-full wp-image-467\" src=\"https:\/\/www.sunkaraoke.hu\/wp-content\/uploads\/2022\/07\/choir_2-copy.webp\" alt=\"\" width=\"30\" height=\"30\" \/> <\/strong><\/p>\n","protected":false},"excerpt":{"rendered":"<h6><strong>Bits\u0171r\u0171s\u00e9g: 320<\/strong>kb\/s<strong><br \/>\n<\/strong><strong>Hossz: <\/strong>03:44<strong><br \/>\n<\/strong><strong style=\"font-size: 16px;\">Vok\u00e1lt tartalmaz: <\/strong>Nem <img loading=\"lazy\" decoding=\"async\" class=\"alignnone size-full wp-image-467\" src=\"http:\/\/www.sunkaraoke.hu\/wp-content\/uploads\/2022\/07\/choir_2-copy.png\" alt=\"\" width=\"30\" height=\"30\" \/><strong style=\"font-size: 16px;\"><br \/>\n<\/strong><\/h6>\n<p>Sunkaraoke mp3 st\u00fadi\u00f3 \/ www.sunkaraoke.hu \/ Inf: Tel: 06 20 4275001<\/p>\n<p>&#8212;Intr\u00f3&#8212;<br \/>\nEz a hajnal nem adott semmit sz\u00e1momra,<br \/>\naz \u00e9bred\u00e9ssel belekarmolt az \u00e1lmokba.<br \/>\nEgyed\u00fcl hagyott, hogy f\u00e1jjon \u00e9reznem,<br \/>\negyed\u00fcl vagyok a b\u0171nnel is, ha v\u00e9tkeztem!<br \/>\nItt r\u00f6videk a nappalok \u00e9s hidegek az \u00e9jszak\u00e1k,<br \/>\nezer \u00e9ve itt vagyok, csak v\u00e1rok r\u00e1d!<br \/>\nHol vagy nagy szerelem?<br \/>\nMi\u00e9rt nem vagy ma velem?<br \/>\nOdakint \u00f6sszeb\u00fajik a h\u00f3 meg a sz\u00e9l,<br \/>\n\u00e9s r\u00e1m zuhan az \u00e9jjel!<br \/>\nHol vagy nagy szerelem?<br \/>\nMi\u00e9rt nem vagy ma velem?<br \/>\nHi\u00e1ba \u00e9g a t\u0171z a sz\u00edvemben,<br \/>\nh\u00f3vihar van a lelkemben!<br \/>\n&#8212;Sz\u00f3l\u00f3&#8212;<br \/>\nEz a v\u00e1ros messze van az \u00e9dent\u0151l,<br \/>\nkimaradtak a nagy csod\u00e1k az \u00e9letb\u0151l.<br \/>\nCsak az \u00e1lmok j\u00e1rnak vissza, \u00fagy mint r\u00e9g,<br \/>\ncsak az \u00e1lmok venn\u00e9k \u00e9szre, ha elmenn\u00e9k!<br \/>\nMert j\u00f6nnek a nappalok, m\u00falnak az \u00e9jszak\u00e1k,<br \/>\nvalami a sz\u00edvemben m\u00e9g f\u00e1j.<br \/>\nHol vagy nagy szerelem?<br \/>\nMi\u00e9rt nem vagy ma velem?<br \/>\nOdakint \u00f6sszeb\u00fajik a h\u00f3 meg a sz\u00e9l,<br \/>\n\u00e9s r\u00e1m zuhan az \u00e9jjel!<br \/>\nHol vagy nagy szerelem?<br \/>\nMi\u00e9rt nem vagy ma velem?<br \/>\nHi\u00e1ba \u00e9g a t\u0171z a sz\u00edvemben,<br \/>\nh\u00f3vihar van a lelkemben!<br \/>\nHol vagy nagy szerelem?<br \/>\nMi\u00e9rt nem vagy ma velem?<br \/>\nOdakint \u00f6sszeb\u00fajik a h\u00f3 meg a sz\u00e9l,<br \/>\n\u00e9s r\u00e1m zuhan az \u00e9jjel!<br \/>\nHol vagy nagy szerelem?<br \/>\nMi\u00e9rt nem vagy ma velem?<br \/>\nHi\u00e1ba \u00e9g a t\u0171z a sz\u00edvemben,<br \/>\nh\u00f3vihar van a lelkemben!<br \/>\n&#8212;V\u00e9ge&#8212;<\/p>\n","protected":false},"featured_media":11806,"template":"","meta":{"site-sidebar-layout":"default","site-content-layout":"default","ast-site-content-layout":"default","site-content-style":"default","site-sidebar-style":"default","ast-global-header-display":"","ast-banner-title-visibility":"","ast-main-header-display":"","ast-hfb-above-header-display":"","ast-hfb-below-header-display":"","ast-hfb-mobile-header-display":"","site-post-title":"","ast-breadcrumbs-content":"","ast-featured-img":"","footer-sml-layout":"","theme-transparent-header-meta":"default","adv-header-id-meta":"","stick-header-meta":"","header-above-stick-meta":"","header-main-stick-meta":"","header-below-stick-meta":"","astra-migrate-meta-layouts":"set","ast-page-background-enabled":"default","ast-page-background-meta":{"desktop":{"background-color":"var(--ast-global-color-4)","background-image":"","background-repeat":"repeat","background-position":"center center","background-size":"auto","background-attachment":"scroll","background-type":"","background-media":"","overlay-type":"","overlay-color":"","overlay-opacity":"","overlay-gradient":""},"tablet":{"background-color":"","background-image":"","background-repeat":"repeat","background-position":"center center","background-size":"auto","background-attachment":"scroll","background-type":"","background-media":"","overlay-type":"","overlay-color":"","overlay-opacity":"","overlay-gradient":""},"mobile":{"background-color":"","background-image":"","background-repeat":"repeat","background-position":"center center","background-size":"auto","background-attachment":"scroll","background-type":"","background-media":"","overlay-type":"","overlay-color":"","overlay-opacity":"","overlay-gradient":""}},"ast-content-background-meta":{"desktop":{"background-color":"var(--ast-global-color-5)","background-image":"","background-repeat":"repeat","background-position":"center center","background-size":"auto","background-attachment":"scroll","background-type":"","background-media":"","overlay-type":"","overlay-color":"","overlay-opacity":"","overlay-gradient":""},"tablet":{"background-color":"var(--ast-global-color-5)","background-image":"","background-repeat":"repeat","background-position":"center center","background-size":"auto","background-attachment":"scroll","background-type":"","background-media":"","overlay-type":"","overlay-color":"","overlay-opacity":"","overlay-gradient":""},"mobile":{"background-color":"var(--ast-global-color-5)","background-image":"","background-repeat":"repeat","background-position":"center center","background-size":"auto","background-attachment":"scroll","background-type":"","background-media":"","overlay-type":"","overlay-color":"","overlay-opacity":"","overlay-gradient":""}}},"product_cat":[48],"product_tag":[],"class_list":["post-3682","product","type-product","status-publish","has-post-thumbnail","hentry","product_cat-sunkaraoke-dalok","desktop-align-left","tablet-align-left","mobile-align-left"],"_links":{"self":[{"href":"https:\/\/www.sunkaraoke.hu\/index.php\/wp-json\/wp\/v2\/product\/3682","targetHints":{"allow":["GET"]}}],"collection":[{"href":"https:\/\/www.sunkaraoke.hu\/index.php\/wp-json\/wp\/v2\/product"}],"about":[{"href":"https:\/\/www.sunkaraoke.hu\/index.php\/wp-json\/wp\/v2\/types\/product"}],"wp:featuredmedia":[{"embeddable":true,"href":"https:\/\/www.sunkaraoke.hu\/index.php\/wp-json\/wp\/v2\/media\/11806"}],"wp:attachment":[{"href":"https:\/\/www.sunkaraoke.hu\/index.php\/wp-json\/wp\/v2\/media?parent=3682"}],"wp:term":[{"taxonomy":"product_cat","embeddable":true,"href":"https:\/\/www.sunkaraoke.hu\/index.php\/wp-json\/wp\/v2\/product_cat?post=3682"},{"taxonomy":"product_tag","embeddable":true,"href":"https:\/\/www.sunkaraoke.hu\/index.php\/wp-json\/wp\/v2\/product_tag?post=3682"}],"curies":[{"name":"wp","href":"https:\/\/api.w.org\/{rel}","templated":true}]}}