{"id":3672,"date":"2022-08-08T20:46:37","date_gmt":"2022-08-08T20:46:37","guid":{"rendered":"https:\/\/www.sunkaraoke.hu\/index.php\/termek\/mulatos-dalok-mar-minalunk-babam\/"},"modified":"2025-04-06T14:27:11","modified_gmt":"2025-04-06T14:27:11","slug":"mulatos-dalok-mar-minalunk-babam","status":"publish","type":"product","link":"https:\/\/www.sunkaraoke.hu\/index.php\/termek\/mulatos-dalok-mar-minalunk-babam\/","title":{"rendered":"<div class=\"wcmp-player-container product-3672\"><audio controlslist=\"nodownload\" data-product=\"3672\"  volume=\"1\"  preload=\"none\" data-lazyloading=\"none\" class=\"wcmp-player track mejs-classic\" data-duration=\"0:32\" data-estimated_duration=\"4\"><source src=\"https:\/\/www.sunkaraoke.hu\/wp-content\/uploads\/2022\/08\/Mar-minalunk-babam-S-B-demooo.mp3\" type=\"audio\/mp3\" \/><\/audio><\/div>Mulat\u00f3s dalok &#8211; M\u00e1r min\u00e1lunk bab\u00e1m (Original SB. Edition)"},"content":{"rendered":"<p><strong>03:23<\/strong> | <strong><img loading=\"lazy\" decoding=\"async\" class=\"alignnone size-full wp-image-467\" src=\"https:\/\/www.sunkaraoke.hu\/wp-content\/uploads\/2022\/07\/choir_2-copy.webp\" alt=\"\" width=\"30\" height=\"30\" \/> <\/strong><\/p>\n","protected":false},"excerpt":{"rendered":"<h6><strong>Bits\u0171r\u0171s\u00e9g: 320<\/strong>kb\/s<strong><br \/>\n<\/strong><strong>Hossz: <\/strong>03:23<strong><br \/>\n<\/strong><strong style=\"font-size: 16px;\">Vok\u00e1lt tartalmaz: <\/strong>Nem <img loading=\"lazy\" decoding=\"async\" class=\"alignnone size-full wp-image-467\" src=\"http:\/\/www.sunkaraoke.hu\/wp-content\/uploads\/2022\/07\/choir_2-copy.png\" alt=\"\" width=\"30\" height=\"30\" \/><strong style=\"font-size: 16px;\"><br \/>\n<\/strong><\/h6>\n<p>Sunkaraoke mp3 st\u00fadi\u00f3 \/ www.sunkaraoke.hu \/ Inf: Tel: 06 20 4275001<\/p>\n<p>&#8212;Intr\u00f3&#8212;<br \/>\nM\u00e1r min\u00e1lunk bab\u00e1m,m\u00e1r min\u00e1lunk bab\u00e1m,<br \/>\naz j\u00f6tt a szok\u00e1sba.<br \/>\nHogy nem szedik a meggyet,<br \/>\nnem szedik a meggyet fedeles kos\u00e1rba.<br \/>\nFelmegy a leg\u00e9ny a f\u00e1ra, a meggyfa tetej\u00e9re,<br \/>\nler\u00e1zza a meggyet, te meg bab\u00e1m szedjed,<br \/>\na r\u00f3zs\u00e1s k\u00f6t\u00e9nyedbe!<br \/>\nFelmegy a leg\u00e9ny a f\u00e1ra, a meggyfa tetej\u00e9re,<br \/>\nler\u00e1zza a meggyet, te meg bab\u00e1m szedjed,<br \/>\na r\u00f3zs\u00e1s k\u00f6t\u00e9nyedbe!<\/p>\n<p>M\u00e1r min\u00e1lunk bab\u00e1m,m\u00e1r min\u00e1lunk bab\u00e1m,<br \/>\naz j\u00f6tt a szok\u00e1sba.<br \/>\nHogy nem szedik a makkot,<br \/>\nnem szedik a makkot fedeles kos\u00e1rba.<br \/>\nFelmegy a leg\u00e9ny a f\u00e1ra,a makkfa tetej\u00e9re,<br \/>\nler\u00e1zza a makkot, te meg bab\u00e1m kapkodd,<br \/>\na r\u00f3zs\u00e1s k\u00f6t\u00e9nyedbe!<br \/>\nFelmegy a leg\u00e9ny a f\u00e1ra,a makkfa tetej\u00e9re,<br \/>\nler\u00e1zza a makkot, te meg bab\u00e1m kapkodd,<br \/>\na r\u00f3zs\u00e1s k\u00f6t\u00e9nyedbe!<br \/>\n&#8212;Sz\u00f3l\u00f3&#8212;<br \/>\nM\u00e1r min\u00e1lunk bab\u00e1m,m\u00e1r min\u00e1lunk bab\u00e1m,<br \/>\naz j\u00f6tt a szok\u00e1sba.<br \/>\nHogy nem szedik a meggyet-makkot,<br \/>\nnem szedik a meggyet-makkot fedeles kos\u00e1rba.<br \/>\nFelmegy a leg\u00e9ny a f\u00e1ra,a meggyfa-makkfa tetej\u00e9re,<br \/>\nler\u00e1zza a meggyet-makkot,<br \/>\nte meg bab\u00e1m szedjed-kapkodd,a r\u00f3zs\u00e1s k\u00f6t\u00e9nyedbe!<br \/>\nFelmegy a leg\u00e9ny a f\u00e1ra,a meggyfa-makkfa tetej\u00e9re,<br \/>\nler\u00e1zza a meggyet-makkot,<br \/>\nte meg bab\u00e1m szedjed-kapkodd,a r\u00f3zs\u00e1s k\u00f6t\u00e9nyedbe!<br \/>\nM\u00e1r min\u00e1lunk bab\u00e1m,m\u00e1r min\u00e1lunk bab\u00e1m,<br \/>\naz j\u00f6tt a szok\u00e1sba.<br \/>\nHogy nem szedik a meggyet,<br \/>\nnem szedik a meggyet fedeles kos\u00e1rba.<br \/>\nFelmegy a leg\u00e9ny a f\u00e1ra, a meggyfa tetej\u00e9re,<br \/>\nler\u00e1zza a meggyet, te meg bab\u00e1m szedjed,<br \/>\na r\u00f3zs\u00e1s k\u00f6t\u00e9nyedbe!<br \/>\nFelmegy a leg\u00e9ny a f\u00e1ra, a meggyfa tetej\u00e9re,<br \/>\nler\u00e1zza a meggyet, te meg bab\u00e1m szedjed,<br \/>\na r\u00f3zs\u00e1s k\u00f6t\u00e9nyedbe!<br \/>\n&#8212;Sz\u00f3l\u00f3&#8212;<\/p>\n","protected":false},"featured_media":8757,"template":"","meta":{"site-sidebar-layout":"default","site-content-layout":"default","ast-site-content-layout":"default","site-content-style":"default","site-sidebar-style":"default","ast-global-header-display":"","ast-banner-title-visibility":"","ast-main-header-display":"","ast-hfb-above-header-display":"","ast-hfb-below-header-display":"","ast-hfb-mobile-header-display":"","site-post-title":"","ast-breadcrumbs-content":"","ast-featured-img":"","footer-sml-layout":"","theme-transparent-header-meta":"default","adv-header-id-meta":"","stick-header-meta":"","header-above-stick-meta":"","header-main-stick-meta":"","header-below-stick-meta":"","astra-migrate-meta-layouts":"set","ast-page-background-enabled":"default","ast-page-background-meta":{"desktop":{"background-color":"var(--ast-global-color-4)","background-image":"","background-repeat":"repeat","background-position":"center center","background-size":"auto","background-attachment":"scroll","background-type":"","background-media":"","overlay-type":"","overlay-color":"","overlay-opacity":"","overlay-gradient":""},"tablet":{"background-color":"","background-image":"","background-repeat":"repeat","background-position":"center center","background-size":"auto","background-attachment":"scroll","background-type":"","background-media":"","overlay-type":"","overlay-color":"","overlay-opacity":"","overlay-gradient":""},"mobile":{"background-color":"","background-image":"","background-repeat":"repeat","background-position":"center center","background-size":"auto","background-attachment":"scroll","background-type":"","background-media":"","overlay-type":"","overlay-color":"","overlay-opacity":"","overlay-gradient":""}},"ast-content-background-meta":{"desktop":{"background-color":"var(--ast-global-color-5)","background-image":"","background-repeat":"repeat","background-position":"center center","background-size":"auto","background-attachment":"scroll","background-type":"","background-media":"","overlay-type":"","overlay-color":"","overlay-opacity":"","overlay-gradient":""},"tablet":{"background-color":"var(--ast-global-color-5)","background-image":"","background-repeat":"repeat","background-position":"center center","background-size":"auto","background-attachment":"scroll","background-type":"","background-media":"","overlay-type":"","overlay-color":"","overlay-opacity":"","overlay-gradient":""},"mobile":{"background-color":"var(--ast-global-color-5)","background-image":"","background-repeat":"repeat","background-position":"center center","background-size":"auto","background-attachment":"scroll","background-type":"","background-media":"","overlay-type":"","overlay-color":"","overlay-opacity":"","overlay-gradient":""}}},"product_cat":[48],"product_tag":[],"class_list":["post-3672","product","type-product","status-publish","has-post-thumbnail","hentry","product_cat-sunkaraoke-dalok","desktop-align-left","tablet-align-left","mobile-align-left"],"_links":{"self":[{"href":"https:\/\/www.sunkaraoke.hu\/index.php\/wp-json\/wp\/v2\/product\/3672","targetHints":{"allow":["GET"]}}],"collection":[{"href":"https:\/\/www.sunkaraoke.hu\/index.php\/wp-json\/wp\/v2\/product"}],"about":[{"href":"https:\/\/www.sunkaraoke.hu\/index.php\/wp-json\/wp\/v2\/types\/product"}],"wp:featuredmedia":[{"embeddable":true,"href":"https:\/\/www.sunkaraoke.hu\/index.php\/wp-json\/wp\/v2\/media\/8757"}],"wp:attachment":[{"href":"https:\/\/www.sunkaraoke.hu\/index.php\/wp-json\/wp\/v2\/media?parent=3672"}],"wp:term":[{"taxonomy":"product_cat","embeddable":true,"href":"https:\/\/www.sunkaraoke.hu\/index.php\/wp-json\/wp\/v2\/product_cat?post=3672"},{"taxonomy":"product_tag","embeddable":true,"href":"https:\/\/www.sunkaraoke.hu\/index.php\/wp-json\/wp\/v2\/product_tag?post=3672"}],"curies":[{"name":"wp","href":"https:\/\/api.w.org\/{rel}","templated":true}]}}