{"id":3668,"date":"2022-08-08T20:46:36","date_gmt":"2022-08-08T20:46:36","guid":{"rendered":"https:\/\/www.sunkaraoke.hu\/index.php\/termek\/jolly-addig-addig-fogok-remix\/"},"modified":"2026-02-14T15:46:17","modified_gmt":"2026-02-14T13:46:17","slug":"jolly-addig-addig-fogok-remix","status":"publish","type":"product","link":"https:\/\/www.sunkaraoke.hu\/index.php\/termek\/jolly-addig-addig-fogok-remix\/","title":{"rendered":"<div class=\"wcmp-player-container product-3668\"><audio controlslist=\"nodownload\" data-product=\"3668\"  volume=\"1\"  preload=\"none\" data-lazyloading=\"none\" class=\"wcmp-player track mejs-classic\" data-duration=\"0:32\" data-estimated_duration=\"4\"><source src=\"https:\/\/www.sunkaraoke.hu\/wp-content\/uploads\/2022\/08\/Addigaddig-remix-_demo.mp3\" type=\"audio\/mp3\" \/><\/audio><\/div>Jolly &#8211; Addig, addig fogok (Original SB. Remix)"},"content":{"rendered":"<p><strong>04:22<\/strong> | <strong><img loading=\"lazy\" decoding=\"async\" class=\"alignnone size-full wp-image-467\" src=\"https:\/\/www.sunkaraoke.hu\/wp-content\/uploads\/2022\/07\/choir_2-copy.webp\" alt=\"\" width=\"30\" height=\"30\" \/> <\/strong><\/p>\n","protected":false},"excerpt":{"rendered":"<h6>Bits\u0171r\u0171s\u00e9g: 320 kb\/s<br \/>\nHossz: 04:22<br \/>\nVok\u00e1lt tartalmaz: Nem <img loading=\"lazy\" decoding=\"async\" class=\"alignnone size-full wp-image-467\" src=\"http:\/\/www.sunkaraoke.hu\/wp-content\/uploads\/2022\/07\/choir_2-copy.png\" alt=\"\" width=\"30\" height=\"30\" \/><strong style=\"font-size: 16px;\"><br \/>\n<\/strong><\/h6>\n<p>Sunkaraoke mp3 st\u00fadi\u00f3 \/ www.sunkaraoke.hu \/ Inf: Tel: 06 20 4275001<\/p>\n<p>&#8212;Intr\u00f3&#8212;<br \/>\nElmegyek az \u00e9jszak\u00e1ba mulatni,<br \/>\nott fogom a b\u00e1natom elfeledni.<br \/>\nVigye el a sz\u00edvemet a b\u00fab\u00e1nat,<br \/>\nnem s\u00edrok \u00e9n m\u00e1r ut\u00e1nad.<\/p>\n<p>\u00dagy h\u00fazom a h\u00faszezrest a von\u00f3ba,<br \/>\nhad sz\u00f3ljon ma nekem a cig\u00e1nyn\u00f3ta.<br \/>\n\u00cdgy fogom a b\u00e1natom elfeledni,<br \/>\naz \u00e9jszak\u00e1ban mulatni.<br \/>\nAddig-addig-addig fogok mulatni,<br \/>\nam\u00edg a b\u00e1natomat el nem tudom feledni.<br \/>\nNem lesz m\u00e1r az \u00e9n sz\u00edvemben b\u00fab\u00e1nat,<br \/>\nt\u00f6bb\u00e9 nem s\u00edrok ut\u00e1nad.<br \/>\nJaj addig-addig-addig fogok mulatni,<br \/>\nam\u00edg a b\u00e1natomat el nem fogom feledni.<br \/>\nNem lesz m\u00e1r az \u00c9n sz\u00edvemben b\u00fab\u00e1nat,<br \/>\nt\u00f6bb\u00e9 nem s\u00edrok ut\u00e1nad.<br \/>\n&#8212;Sz\u00f3l\u00f3&#8212;<br \/>\nElmegyek az \u00e9jszak\u00e1ba mulatni,<br \/>\nott fogom a b\u00e1natom elfeledni.<br \/>\nVigye el a sz\u00edvemet a b\u00fab\u00e1nat,<br \/>\nnem s\u00edrok \u00e9n m\u00e1r ut\u00e1nad.<br \/>\n\u00dagy h\u00fazom a h\u00faszezrest a von\u00f3ba,<br \/>\nhad sz\u00f3ljon ma nekem a cig\u00e1nyn\u00f3ta.<br \/>\n\u00cdgy fogom a b\u00e1natom elfeledni,<br \/>\naz \u00e9jszak\u00e1ban mulatni.<br \/>\nAddig-addig-addig fogok mulatni,<br \/>\nam\u00edg a b\u00e1natomat el nem tudom feledni.<br \/>\nNem lesz m\u00e1r az \u00e9n sz\u00edvemben b\u00fab\u00e1nat,<br \/>\nt\u00f6bb\u00e9 nem s\u00edrok ut\u00e1nad.<br \/>\nJaj addig-addig-addig fogok mulatni,<br \/>\nam\u00edg a b\u00e1natomat el nem fogom feledni.<br \/>\nNem lesz m\u00e1r az \u00c9n sz\u00edvemben b\u00fab\u00e1nat,<br \/>\nt\u00f6bb\u00e9 nem s\u00edrok ut\u00e1nad.<br \/>\n&#8212;Sz\u00f3l\u00f3&#8212;<br \/>\nAddig-addig-addig fogok mulatni,<br \/>\nam\u00edg a b\u00e1natomat el nem tudom feledni.<br \/>\nNem lesz m\u00e1r az \u00e9n sz\u00edvemben b\u00fab\u00e1nat,<br \/>\nt\u00f6bb\u00e9 nem s\u00edrok ut\u00e1nad.<br \/>\nJaj addig-addig-addig fogok mulatni,<br \/>\nam\u00edg a b\u00e1natomat el nem fogom feledni.<br \/>\nNem lesz m\u00e1r az \u00c9n sz\u00edvemben b\u00fab\u00e1nat,<br \/>\nt\u00f6bb\u00e9 nem s\u00edrok ut\u00e1nad.<br \/>\nAddig-addig-addig fogok mulatni,<br \/>\nam\u00edg a b\u00e1natomat el nem tudom feledni.<br \/>\nNem lesz m\u00e1r az \u00e9n sz\u00edvemben b\u00fab\u00e1nat,<br \/>\nt\u00f6bb\u00e9 nem s\u00edrok ut\u00e1nad.<br \/>\nJaj addig-addig-addig fogok mulatni,<br \/>\nam\u00edg a b\u00e1natomat el nem fogom feledni.<br \/>\nNem lesz m\u00e1r az \u00c9n sz\u00edvemben b\u00fab\u00e1nat,<br \/>\nt\u00f6bb\u00e9 nem s\u00edrok ut\u00e1nad.<\/p>\n<p>&#8212;V\u00e9ge&#8212;<\/p>\n","protected":false},"featured_media":6147,"template":"","meta":{"site-sidebar-layout":"default","site-content-layout":"default","ast-site-content-layout":"default","site-content-style":"default","site-sidebar-style":"default","ast-global-header-display":"","ast-banner-title-visibility":"","ast-main-header-display":"","ast-hfb-above-header-display":"","ast-hfb-below-header-display":"","ast-hfb-mobile-header-display":"","site-post-title":"","ast-breadcrumbs-content":"","ast-featured-img":"","footer-sml-layout":"","theme-transparent-header-meta":"default","adv-header-id-meta":"","stick-header-meta":"","header-above-stick-meta":"","header-main-stick-meta":"","header-below-stick-meta":"","astra-migrate-meta-layouts":"set","ast-page-background-enabled":"default","ast-page-background-meta":{"desktop":{"background-color":"var(--ast-global-color-4)","background-image":"","background-repeat":"repeat","background-position":"center center","background-size":"auto","background-attachment":"scroll","background-type":"","background-media":"","overlay-type":"","overlay-color":"","overlay-opacity":"","overlay-gradient":""},"tablet":{"background-color":"","background-image":"","background-repeat":"repeat","background-position":"center center","background-size":"auto","background-attachment":"scroll","background-type":"","background-media":"","overlay-type":"","overlay-color":"","overlay-opacity":"","overlay-gradient":""},"mobile":{"background-color":"","background-image":"","background-repeat":"repeat","background-position":"center center","background-size":"auto","background-attachment":"scroll","background-type":"","background-media":"","overlay-type":"","overlay-color":"","overlay-opacity":"","overlay-gradient":""}},"ast-content-background-meta":{"desktop":{"background-color":"var(--ast-global-color-5)","background-image":"","background-repeat":"repeat","background-position":"center center","background-size":"auto","background-attachment":"scroll","background-type":"","background-media":"","overlay-type":"","overlay-color":"","overlay-opacity":"","overlay-gradient":""},"tablet":{"background-color":"var(--ast-global-color-5)","background-image":"","background-repeat":"repeat","background-position":"center center","background-size":"auto","background-attachment":"scroll","background-type":"","background-media":"","overlay-type":"","overlay-color":"","overlay-opacity":"","overlay-gradient":""},"mobile":{"background-color":"var(--ast-global-color-5)","background-image":"","background-repeat":"repeat","background-position":"center center","background-size":"auto","background-attachment":"scroll","background-type":"","background-media":"","overlay-type":"","overlay-color":"","overlay-opacity":"","overlay-gradient":""}}},"product_cat":[48],"product_tag":[],"class_list":["post-3668","product","type-product","status-publish","has-post-thumbnail","hentry","product_cat-sunkaraoke-dalok","desktop-align-left","tablet-align-left","mobile-align-left"],"_links":{"self":[{"href":"https:\/\/www.sunkaraoke.hu\/index.php\/wp-json\/wp\/v2\/product\/3668","targetHints":{"allow":["GET"]}}],"collection":[{"href":"https:\/\/www.sunkaraoke.hu\/index.php\/wp-json\/wp\/v2\/product"}],"about":[{"href":"https:\/\/www.sunkaraoke.hu\/index.php\/wp-json\/wp\/v2\/types\/product"}],"wp:featuredmedia":[{"embeddable":true,"href":"https:\/\/www.sunkaraoke.hu\/index.php\/wp-json\/wp\/v2\/media\/6147"}],"wp:attachment":[{"href":"https:\/\/www.sunkaraoke.hu\/index.php\/wp-json\/wp\/v2\/media?parent=3668"}],"wp:term":[{"taxonomy":"product_cat","embeddable":true,"href":"https:\/\/www.sunkaraoke.hu\/index.php\/wp-json\/wp\/v2\/product_cat?post=3668"},{"taxonomy":"product_tag","embeddable":true,"href":"https:\/\/www.sunkaraoke.hu\/index.php\/wp-json\/wp\/v2\/product_tag?post=3668"}],"curies":[{"name":"wp","href":"https:\/\/api.w.org\/{rel}","templated":true}]}}