{"id":3666,"date":"2022-08-08T20:46:36","date_gmt":"2022-08-08T20:46:36","guid":{"rendered":"https:\/\/www.sunkaraoke.hu\/index.php\/termek\/roma-dalok-aranyeso-2011\/"},"modified":"2025-04-02T12:04:44","modified_gmt":"2025-04-02T12:04:44","slug":"roma-dalok-aranyeso-2011","status":"publish","type":"product","link":"https:\/\/www.sunkaraoke.hu\/index.php\/termek\/roma-dalok-aranyeso-2011\/","title":{"rendered":"<div class=\"wcmp-player-container product-3666\"><audio controlslist=\"nodownload\" data-product=\"3666\"  volume=\"1\"  preload=\"none\" data-lazyloading=\"none\" class=\"wcmp-player track mejs-classic\" data-duration=\"0:32\" data-estimated_duration=\"4\"><source src=\"https:\/\/www.sunkaraoke.hu\/wp-content\/uploads\/2022\/08\/Aranyeso-romadalok_demopoo.mp3\" type=\"audio\/mp3\" \/><\/audio><\/div>Roma dalok &#8211; Aranyes\u0151 ( SB. Edition)"},"content":{"rendered":"<p><strong>04:16<\/strong> | <strong><img loading=\"lazy\" decoding=\"async\" class=\"alignnone size-full wp-image-467\" src=\"https:\/\/www.sunkaraoke.hu\/wp-content\/uploads\/2022\/07\/choir_2-copy.webp\" alt=\"\" width=\"30\" height=\"30\" \/> <\/strong><\/p>\n","protected":false},"excerpt":{"rendered":"<h6><strong>Bits\u0171r\u0171s\u00e9g: 320<\/strong>kb\/s<strong><br \/>\n<\/strong><strong>Hossz: <\/strong>04:16<strong><br \/>\n<\/strong><strong style=\"font-size: 16px;\">Vok\u00e1lt tartalmaz: <\/strong>Nem <img loading=\"lazy\" decoding=\"async\" class=\"alignnone size-full wp-image-467\" src=\"http:\/\/www.sunkaraoke.hu\/wp-content\/uploads\/2022\/07\/choir_2-copy.png\" alt=\"\" width=\"30\" height=\"30\" \/><strong style=\"font-size: 16px;\"><br \/>\n<\/strong><\/h6>\n<p>Sunkaraoke mp3 st\u00fadi\u00f3 \/ www.sunkaraoke.hu \/ Inf: Tel: 06 20 4275001<\/p>\n<p>&#8212;Intr\u00f3&#8212;<br \/>\nDr\u00e1ga isten arra k\u00e9rlek, aranyes\u0151 hulljon n\u00e9kem,<br \/>\naranyes\u0151 a vir\u00e1gos r\u00e9ten.<br \/>\nAranyes\u0151 a sz\u00e9p kis h\u00e1zra, aranyes\u0151 a j\u00f3 any\u00e1mra,<br \/>\njaj, ha meghalok.<br \/>\nAranyes\u0151 a sz\u00e9p kis h\u00e1zra, aranyes\u0151 a j\u00f3 any\u00e1mra,<br \/>\njaj, ha meghalok.<\/p>\n<p>Olyan asszony vagy te n\u00e9kem,<br \/>\nm\u00e1jusban suk\u00e1r vagy n\u00e9kem,<br \/>\nm\u00e1jusban a vir\u00e1gos r\u00e9ten.<br \/>\nHulljon es\u0151 a sz\u00e9p kis h\u00e1zra,<br \/>\naranyes\u0151 a j\u00f3 any\u00e1mra jaj, ha meghalok.<br \/>\nHulljon es\u0151 a sz\u00e9p kis h\u00e1zra,<br \/>\naranyes\u0151 a j\u00f3 any\u00e1mra jaj, ha meghalok.<br \/>\n&#8212;Sz\u00f3l\u00f3&#8212;<br \/>\nAzt hiszed hogy j\u00f3 kedvem van,<br \/>\npedig a sz\u00edvem gy\u00e1szban van,<br \/>\ngy\u00e1szban is lesz am\u00edg csak \u00e9lek.<br \/>\nGy\u00e1szban is lesz m\u00edg csak \u00e9lek<br \/>\nm\u00edg a s\u00edrba le nem tesznek jaj ha meghalok.<br \/>\nGy\u00e1szban is lesz m\u00edg csak \u00e9lek<br \/>\nm\u00edg a s\u00edrba le nem tesznek jaj ha meghalok.<\/p>\n<p>Dr\u00e1ga isten arra k\u00e9rlek, aranyes\u0151 hulljon n\u00e9kem,<br \/>\naranyes\u0151 a vir\u00e1gos r\u00e9ten.<br \/>\nAranyes\u0151 a sz\u00e9p kis h\u00e1zra, aranyes\u0151 a j\u00f3 any\u00e1mra,<br \/>\njaj, ha meghalok.<br \/>\nAranyes\u0151 a sz\u00e9p kis h\u00e1zra, aranyes\u0151 a j\u00f3 any\u00e1mra,<br \/>\njaj, ha meghalok.<br \/>\n&#8212;Sz\u00f3l\u00f3&#8212;<br \/>\nDr\u00e1ga isten arra k\u00e9rlek, aranyes\u0151 hulljon n\u00e9kem,<br \/>\naranyes\u0151 a vir\u00e1gos r\u00e9ten.<br \/>\nAranyes\u0151 a sz\u00e9p kis h\u00e1zra, aranyes\u0151 a j\u00f3 any\u00e1mra,<br \/>\njaj, ha meghalok.<br \/>\nAranyes\u0151 a sz\u00e9p kis h\u00e1zra, aranyes\u0151 a j\u00f3 any\u00e1mra,<br \/>\njaj, ha meghalok.<br \/>\n&#8212;V\u00e9ge&#8212;<\/p>\n","protected":false},"featured_media":8758,"template":"","meta":{"site-sidebar-layout":"default","site-content-layout":"default","ast-site-content-layout":"default","site-content-style":"default","site-sidebar-style":"default","ast-global-header-display":"","ast-banner-title-visibility":"","ast-main-header-display":"","ast-hfb-above-header-display":"","ast-hfb-below-header-display":"","ast-hfb-mobile-header-display":"","site-post-title":"","ast-breadcrumbs-content":"","ast-featured-img":"","footer-sml-layout":"","theme-transparent-header-meta":"default","adv-header-id-meta":"","stick-header-meta":"","header-above-stick-meta":"","header-main-stick-meta":"","header-below-stick-meta":"","astra-migrate-meta-layouts":"set","ast-page-background-enabled":"default","ast-page-background-meta":{"desktop":{"background-color":"var(--ast-global-color-4)","background-image":"","background-repeat":"repeat","background-position":"center center","background-size":"auto","background-attachment":"scroll","background-type":"","background-media":"","overlay-type":"","overlay-color":"","overlay-opacity":"","overlay-gradient":""},"tablet":{"background-color":"","background-image":"","background-repeat":"repeat","background-position":"center center","background-size":"auto","background-attachment":"scroll","background-type":"","background-media":"","overlay-type":"","overlay-color":"","overlay-opacity":"","overlay-gradient":""},"mobile":{"background-color":"","background-image":"","background-repeat":"repeat","background-position":"center center","background-size":"auto","background-attachment":"scroll","background-type":"","background-media":"","overlay-type":"","overlay-color":"","overlay-opacity":"","overlay-gradient":""}},"ast-content-background-meta":{"desktop":{"background-color":"var(--ast-global-color-5)","background-image":"","background-repeat":"repeat","background-position":"center center","background-size":"auto","background-attachment":"scroll","background-type":"","background-media":"","overlay-type":"","overlay-color":"","overlay-opacity":"","overlay-gradient":""},"tablet":{"background-color":"var(--ast-global-color-5)","background-image":"","background-repeat":"repeat","background-position":"center center","background-size":"auto","background-attachment":"scroll","background-type":"","background-media":"","overlay-type":"","overlay-color":"","overlay-opacity":"","overlay-gradient":""},"mobile":{"background-color":"var(--ast-global-color-5)","background-image":"","background-repeat":"repeat","background-position":"center center","background-size":"auto","background-attachment":"scroll","background-type":"","background-media":"","overlay-type":"","overlay-color":"","overlay-opacity":"","overlay-gradient":""}}},"product_cat":[48],"product_tag":[],"class_list":["post-3666","product","type-product","status-publish","has-post-thumbnail","hentry","product_cat-sunkaraoke-dalok","desktop-align-left","tablet-align-left","mobile-align-left"],"_links":{"self":[{"href":"https:\/\/www.sunkaraoke.hu\/index.php\/wp-json\/wp\/v2\/product\/3666","targetHints":{"allow":["GET"]}}],"collection":[{"href":"https:\/\/www.sunkaraoke.hu\/index.php\/wp-json\/wp\/v2\/product"}],"about":[{"href":"https:\/\/www.sunkaraoke.hu\/index.php\/wp-json\/wp\/v2\/types\/product"}],"wp:featuredmedia":[{"embeddable":true,"href":"https:\/\/www.sunkaraoke.hu\/index.php\/wp-json\/wp\/v2\/media\/8758"}],"wp:attachment":[{"href":"https:\/\/www.sunkaraoke.hu\/index.php\/wp-json\/wp\/v2\/media?parent=3666"}],"wp:term":[{"taxonomy":"product_cat","embeddable":true,"href":"https:\/\/www.sunkaraoke.hu\/index.php\/wp-json\/wp\/v2\/product_cat?post=3666"},{"taxonomy":"product_tag","embeddable":true,"href":"https:\/\/www.sunkaraoke.hu\/index.php\/wp-json\/wp\/v2\/product_tag?post=3666"}],"curies":[{"name":"wp","href":"https:\/\/api.w.org\/{rel}","templated":true}]}}