{"id":3646,"date":"2022-08-08T20:46:35","date_gmt":"2022-08-08T20:46:35","guid":{"rendered":"https:\/\/www.sunkaraoke.hu\/index.php\/termek\/retro-boys-szellemvilag\/"},"modified":"2025-04-08T13:59:22","modified_gmt":"2025-04-08T13:59:22","slug":"retro-boys-szellemvilag","status":"publish","type":"product","link":"https:\/\/www.sunkaraoke.hu\/index.php\/termek\/retro-boys-szellemvilag\/","title":{"rendered":"<div class=\"wcmp-player-container product-3646\"><audio controlslist=\"nodownload\" data-product=\"3646\"  volume=\"1\"  preload=\"none\" data-lazyloading=\"none\" class=\"wcmp-player track mejs-classic\" data-duration=\"0:32\" data-estimated_duration=\"4\"><source src=\"https:\/\/www.sunkaraoke.hu\/wp-content\/uploads\/2022\/08\/Szellemvilag_demooo.mp3\" type=\"audio\/mp3\" \/><\/audio><\/div>Retro Boys &#8211; Szellemvil\u00e1g (Original)"},"content":{"rendered":"<p><strong>03:53<\/strong> | <strong><img loading=\"lazy\" decoding=\"async\" class=\"alignnone size-full wp-image-467\" src=\"https:\/\/www.sunkaraoke.hu\/wp-content\/uploads\/2022\/07\/choir_2-copy.webp\" alt=\"\" width=\"30\" height=\"30\" \/> <\/strong><\/p>\n","protected":false},"excerpt":{"rendered":"<h6><strong>Bits\u0171r\u0171s\u00e9g: 320<\/strong>kb\/s<strong><br \/>\n<\/strong><strong>Hossz: <\/strong>03:53<strong><br \/>\n<\/strong><strong style=\"font-size: 16px;\">Vok\u00e1lt tartalmaz: <\/strong>Nem <img loading=\"lazy\" decoding=\"async\" class=\"alignnone size-full wp-image-467\" src=\"http:\/\/www.sunkaraoke.hu\/wp-content\/uploads\/2022\/07\/choir_2-copy.png\" alt=\"\" width=\"30\" height=\"30\" \/><strong style=\"font-size: 16px;\"><br \/>\n<\/strong><\/h6>\n<p>Sunkaraoke mp3 st\u00fadi\u00f3 \/ www.sunkaraoke.hu \/ Inf: Tel: 06 20 4275001<\/p>\n<p>&#8212;Intr\u00f3&#8212;<br \/>\nSz\u00e1lljunk fel!!!<\/p>\n<p>N\u00e1n\u00e1nn\u00e1&#8230;&#8230;.<br \/>\n&#8212;-Sz\u00f3l\u00f3&#8212;<br \/>\nAz \u00fcres fal \u00e9s az \u00fcres \u00e1gy,<br \/>\ncsak te volt\u00e1l, ennyi maradt\u00e1l.<br \/>\nAmit megtudok, olyan lehangol\u00f3,<br \/>\ns\u00f6t\u00e9t \u00faton j\u00e1rsz, kezedben altat\u00f3.<\/p>\n<p>Hi\u00e1ba k\u00e9rdezik, a v\u00e1laszod r\u00f6vid,<br \/>\nk\u00f6sz\u00f6n\u00f6m, j\u00f3l vagyok,hamisan cseng ez \u00edgy.<br \/>\nUtols\u00f3 \u00e9jszak\u00e1m, itt vagyok veled,<br \/>\nutols\u00f3 \u00e9jszak\u00e1n, \u00fajra csak neked.<\/p>\n<p>Szellemvil\u00e1g, ahol \u00e9lsz.<br \/>\nA val\u00f3s\u00e1g utol\u00e9r, utol\u00e9r.<\/p>\n<p>Sz\u00e1lljunk fel,\u00e9n is akarom,<br \/>\n\u00edgy most j\u00f3, nem kell besz\u00e9lni!<br \/>\nSz\u00e1lljunk fel, \u00e9n is akarom,<br \/>\n\u00edgy most j\u00f3, nem kell besz\u00e9lni!!<br \/>\nSz\u00e1lljunk fel, \u00e9n is akarom,<br \/>\n\u00edgy most j\u00f3, nem kell besz\u00e9lni!<br \/>\nSz\u00e1lljunk fel, \u00e9n is akarom,<br \/>\n\u00edgy most j\u00f3, \u00edgy j\u00f3!<br \/>\n&#8212;Sz\u00f3l\u00f3&#8212;<br \/>\nFurcsa h\u00edrt kapok, nem lenn\u00e9l te m\u00e1r,<br \/>\nha nincs egy ismer\u0151s, aki \u00e9pp arra j\u00e1r.<br \/>\nDics\u0151 gondolat, mit is tehetn\u00e9k,<br \/>\nnincs r\u00e1 alkalom, pedig szeretn\u00e9k.<\/p>\n<p>Sz\u00edved dobog m\u00e9g, a tested m\u00e1r halott,<br \/>\nseg\u00edten\u00e9k neked, var\u00e1zsl\u00f3 nem vagyok.<br \/>\nUtols\u00f3 \u00e9jszak\u00e1n, itt vagyok veled,<br \/>\nutols\u00f3 \u00e9jszak\u00e1n, \u00fajra csak neked.<\/p>\n<p>Szellemvil\u00e1g, ahol \u00e9lsz.<br \/>\nA val\u00f3s\u00e1g utol\u00e9r, utol\u00e9r.<\/p>\n<p>Sz\u00e1lljunk fel, \u00e9n is akarom,<br \/>\n\u00edgy most j\u00f3, nem kell besz\u00e9lni!<br \/>\nSz\u00e1lljunk fel, \u00e9n is akarom,<br \/>\n\u00edgy most j\u00f3, nem kell besz\u00e9lni!<br \/>\nSz\u00e1lljunk fel, \u00e9n is akarom,<br \/>\n\u00edgy most j\u00f3, nem kell besz\u00e9lni.<br \/>\n\u00cdgy most j\u00f3, \u00edgy j\u00f3!<\/p>\n<p>Ez itt a hardcore!<br \/>\n&#8212;Sz\u00f3l\u00f3&#8212;<br \/>\nSz\u00e1lljunk fel, \u00e9n is akarom,<br \/>\n\u00edgy most j\u00f3, nem kell besz\u00e9lni!<br \/>\nSz\u00e1lljunk fel, \u00e9n is akarom,<br \/>\n\u00edgy most j\u00f3, nem kell besz\u00e9lni!<br \/>\nSz\u00e1lljunk fel, \u00e9n is akarom,<br \/>\n\u00edgy most j\u00f3, nem kell besz\u00e9lni!<br \/>\nSz\u00e1lljunk fel, \u00e9n is akarom,<br \/>\n\u00edgy most j\u00f3, nem kell besz\u00e9lni!<br \/>\nSz\u00e1lljunk fel, \u00e9n is akarom,<br \/>\n\u00edgy most j\u00f3, nem kell besz\u00e9lni.<br \/>\n\u00cdgy most j\u00f3, \u00edgy j\u00f3!<\/p>\n","protected":false},"featured_media":17555,"template":"","meta":{"site-sidebar-layout":"default","site-content-layout":"default","ast-site-content-layout":"default","site-content-style":"default","site-sidebar-style":"default","ast-global-header-display":"","ast-banner-title-visibility":"","ast-main-header-display":"","ast-hfb-above-header-display":"","ast-hfb-below-header-display":"","ast-hfb-mobile-header-display":"","site-post-title":"","ast-breadcrumbs-content":"","ast-featured-img":"","footer-sml-layout":"","theme-transparent-header-meta":"default","adv-header-id-meta":"","stick-header-meta":"","header-above-stick-meta":"","header-main-stick-meta":"","header-below-stick-meta":"","astra-migrate-meta-layouts":"set","ast-page-background-enabled":"default","ast-page-background-meta":{"desktop":{"background-color":"var(--ast-global-color-4)","background-image":"","background-repeat":"repeat","background-position":"center center","background-size":"auto","background-attachment":"scroll","background-type":"","background-media":"","overlay-type":"","overlay-color":"","overlay-opacity":"","overlay-gradient":""},"tablet":{"background-color":"","background-image":"","background-repeat":"repeat","background-position":"center center","background-size":"auto","background-attachment":"scroll","background-type":"","background-media":"","overlay-type":"","overlay-color":"","overlay-opacity":"","overlay-gradient":""},"mobile":{"background-color":"","background-image":"","background-repeat":"repeat","background-position":"center center","background-size":"auto","background-attachment":"scroll","background-type":"","background-media":"","overlay-type":"","overlay-color":"","overlay-opacity":"","overlay-gradient":""}},"ast-content-background-meta":{"desktop":{"background-color":"var(--ast-global-color-5)","background-image":"","background-repeat":"repeat","background-position":"center center","background-size":"auto","background-attachment":"scroll","background-type":"","background-media":"","overlay-type":"","overlay-color":"","overlay-opacity":"","overlay-gradient":""},"tablet":{"background-color":"var(--ast-global-color-5)","background-image":"","background-repeat":"repeat","background-position":"center center","background-size":"auto","background-attachment":"scroll","background-type":"","background-media":"","overlay-type":"","overlay-color":"","overlay-opacity":"","overlay-gradient":""},"mobile":{"background-color":"var(--ast-global-color-5)","background-image":"","background-repeat":"repeat","background-position":"center center","background-size":"auto","background-attachment":"scroll","background-type":"","background-media":"","overlay-type":"","overlay-color":"","overlay-opacity":"","overlay-gradient":""}}},"product_cat":[46],"product_tag":[],"class_list":["post-3646","product","type-product","status-publish","has-post-thumbnail","hentry","product_cat-eredeti-karaoke-dalok","desktop-align-left","tablet-align-left","mobile-align-left"],"_links":{"self":[{"href":"https:\/\/www.sunkaraoke.hu\/index.php\/wp-json\/wp\/v2\/product\/3646","targetHints":{"allow":["GET"]}}],"collection":[{"href":"https:\/\/www.sunkaraoke.hu\/index.php\/wp-json\/wp\/v2\/product"}],"about":[{"href":"https:\/\/www.sunkaraoke.hu\/index.php\/wp-json\/wp\/v2\/types\/product"}],"wp:featuredmedia":[{"embeddable":true,"href":"https:\/\/www.sunkaraoke.hu\/index.php\/wp-json\/wp\/v2\/media\/17555"}],"wp:attachment":[{"href":"https:\/\/www.sunkaraoke.hu\/index.php\/wp-json\/wp\/v2\/media?parent=3646"}],"wp:term":[{"taxonomy":"product_cat","embeddable":true,"href":"https:\/\/www.sunkaraoke.hu\/index.php\/wp-json\/wp\/v2\/product_cat?post=3646"},{"taxonomy":"product_tag","embeddable":true,"href":"https:\/\/www.sunkaraoke.hu\/index.php\/wp-json\/wp\/v2\/product_tag?post=3646"}],"curies":[{"name":"wp","href":"https:\/\/api.w.org\/{rel}","templated":true}]}}