{"id":3645,"date":"2022-08-08T20:46:35","date_gmt":"2022-08-08T20:46:35","guid":{"rendered":"https:\/\/www.sunkaraoke.hu\/index.php\/termek\/retro-boys-miert-hagytuk-hogy-igy-legyen\/"},"modified":"2025-04-08T15:45:06","modified_gmt":"2025-04-08T15:45:06","slug":"retro-boys-miert-hagytuk-hogy-igy-legyen","status":"publish","type":"product","link":"https:\/\/www.sunkaraoke.hu\/index.php\/termek\/retro-boys-miert-hagytuk-hogy-igy-legyen\/","title":{"rendered":"<div class=\"wcmp-player-container product-3645\"><audio controlslist=\"nodownload\" data-product=\"3645\"  volume=\"1\"  preload=\"none\" data-lazyloading=\"none\" class=\"wcmp-player track mejs-classic\" data-duration=\"0:32\" data-estimated_duration=\"4\"><source src=\"https:\/\/www.sunkaraoke.hu\/wp-content\/uploads\/2022\/08\/Miert-hagytuk-hogy-igy-legyen-Reto-B.-kdemooo.mp3\" type=\"audio\/mp3\" \/><\/audio><\/div>Retro Boys &#8211; Mi\u00e9rt hagytuk hogy \u00edgy legyen (Original)"},"content":{"rendered":"<p><strong>04:13<\/strong> | <strong><img loading=\"lazy\" decoding=\"async\" class=\"alignnone size-full wp-image-467\" src=\"https:\/\/www.sunkaraoke.hu\/wp-content\/uploads\/2022\/07\/choir_2-copy.webp\" alt=\"\" width=\"30\" height=\"30\" \/> <\/strong><\/p>\n","protected":false},"excerpt":{"rendered":"<h6><strong>Bits\u0171r\u0171s\u00e9g: 320<\/strong>kb\/s<strong><br \/>\n<\/strong><strong>Hossz: <\/strong>04:13<strong><br \/>\n<\/strong><strong style=\"font-size: 16px;\">Vok\u00e1lt tartalmaz: <\/strong>Nem <img loading=\"lazy\" decoding=\"async\" class=\"alignnone size-full wp-image-467\" src=\"http:\/\/www.sunkaraoke.hu\/wp-content\/uploads\/2022\/07\/choir_2-copy.png\" alt=\"\" width=\"30\" height=\"30\" \/><strong style=\"font-size: 16px;\"><br \/>\n<\/strong><\/h6>\n<p>Sunkaraoke mp3 st\u00fadi\u00f3 \/ www.sunkaraoke.hu \/ Inf: Tel: 06 20 4275001<\/p>\n<p>&#8212;Intr\u00f3&#8212;<br \/>\nAzt hiszed, hogy ny\u00edlik m\u00e9g a s\u00e1rga r\u00f3zsa,<br \/>\nazt hiszed, hogy hallgatunk a hazug sz\u00f3ra.<br \/>\nAzt hiszed, hogy mindig mindent megbocs\u00e1tunk,<br \/>\nazt hiszed, hogy megtagadjuk minden \u00e1lmunk,.<\/p>\n<p>Vir\u00e1gok k\u00f6zt veled lenni, tudom, sz\u00e9p volna, kedvesem.<br \/>\nVir\u00e1g sincsen, te sem vagy m\u00e1r, mi\u00e9rt hagytuk, hogy \u00edgy legyen?<br \/>\nVir\u00e1gok k\u00f6zt veled lenni, tudom, sz\u00e9p volna, kedvesem.<br \/>\nVir\u00e1g sincsen, te sem vagy m\u00e1r,nem ad v\u00e1laszt ma senki sem.<br \/>\n&#8212;Sz\u00f3l\u00f3&#8212;<br \/>\nEl ne hidd azt, b\u00e1rki mondja, hogy ez j\u00f3 \u00edgy,<br \/>\nel ne hidd, hogy minden rendben, b\u00e1rki sz\u00e9d\u00edt.<br \/>\nEl ne hidd, hogy megv\u00e1ltoztunk vez\u00e9nysz\u00f3ra,<br \/>\nel ne hidd, hogy ny\u00edlik m\u00e9g a s\u00e1rga r\u00f3zsa, s\u00e1rga r\u00f3zsa.<br \/>\nVir\u00e1gok k\u00f6zt veled lenni, tudom, sz\u00e9p volna, kedvesem.<br \/>\nVir\u00e1g sincsen, te sem vagy m\u00e1r, mi\u00e9rt hagytuk, hogy \u00edgy legyen?<br \/>\nVir\u00e1gok k\u00f6zt veled lenni, tudom, sz\u00e9p volna, kedvesem.<br \/>\nVir\u00e1g sincsen, te sem vagy m\u00e1r,nem ad v\u00e1laszt ma senki sem.<br \/>\n&#8212;Sz\u00f3l\u00f3&#8212;<br \/>\nVir\u00e1gok k\u00f6zt veled lenni, tudom, sz\u00e9p volna, kedvesem.<br \/>\nVir\u00e1g sincsen, te sem vagy m\u00e1r, mi\u00e9rt hagytuk, hogy \u00edgy legyen?<br \/>\nVir\u00e1gok k\u00f6zt veled lenni, tudom, sz\u00e9p volna, kedvesem.<br \/>\nVir\u00e1g sincsen, te sem vagy m\u00e1r,nem ad v\u00e1laszt ma senki sem.<br \/>\nVir\u00e1gok k\u00f6zt veled lenni, tudom, sz\u00e9p volna, kedvesem.<br \/>\nVir\u00e1g sincsen, te sem vagy m\u00e1r, mi\u00e9rt hagytuk, hogy \u00edgy legyen?<br \/>\nVir\u00e1gok k\u00f6zt veled lenni, tudom, sz\u00e9p volna, kedvesem.<br \/>\nVir\u00e1g sincsen, te sem vagy m\u00e1r,nem ad v\u00e1laszt ma senki sem.<br \/>\n&#8212;V\u00e9ge&#8212;<\/p>\n","protected":false},"featured_media":17555,"template":"","meta":{"site-sidebar-layout":"default","site-content-layout":"default","ast-site-content-layout":"default","site-content-style":"default","site-sidebar-style":"default","ast-global-header-display":"","ast-banner-title-visibility":"","ast-main-header-display":"","ast-hfb-above-header-display":"","ast-hfb-below-header-display":"","ast-hfb-mobile-header-display":"","site-post-title":"","ast-breadcrumbs-content":"","ast-featured-img":"","footer-sml-layout":"","theme-transparent-header-meta":"default","adv-header-id-meta":"","stick-header-meta":"","header-above-stick-meta":"","header-main-stick-meta":"","header-below-stick-meta":"","astra-migrate-meta-layouts":"set","ast-page-background-enabled":"default","ast-page-background-meta":{"desktop":{"background-color":"var(--ast-global-color-4)","background-image":"","background-repeat":"repeat","background-position":"center center","background-size":"auto","background-attachment":"scroll","background-type":"","background-media":"","overlay-type":"","overlay-color":"","overlay-opacity":"","overlay-gradient":""},"tablet":{"background-color":"","background-image":"","background-repeat":"repeat","background-position":"center center","background-size":"auto","background-attachment":"scroll","background-type":"","background-media":"","overlay-type":"","overlay-color":"","overlay-opacity":"","overlay-gradient":""},"mobile":{"background-color":"","background-image":"","background-repeat":"repeat","background-position":"center center","background-size":"auto","background-attachment":"scroll","background-type":"","background-media":"","overlay-type":"","overlay-color":"","overlay-opacity":"","overlay-gradient":""}},"ast-content-background-meta":{"desktop":{"background-color":"var(--ast-global-color-5)","background-image":"","background-repeat":"repeat","background-position":"center center","background-size":"auto","background-attachment":"scroll","background-type":"","background-media":"","overlay-type":"","overlay-color":"","overlay-opacity":"","overlay-gradient":""},"tablet":{"background-color":"var(--ast-global-color-5)","background-image":"","background-repeat":"repeat","background-position":"center center","background-size":"auto","background-attachment":"scroll","background-type":"","background-media":"","overlay-type":"","overlay-color":"","overlay-opacity":"","overlay-gradient":""},"mobile":{"background-color":"var(--ast-global-color-5)","background-image":"","background-repeat":"repeat","background-position":"center center","background-size":"auto","background-attachment":"scroll","background-type":"","background-media":"","overlay-type":"","overlay-color":"","overlay-opacity":"","overlay-gradient":""}}},"product_cat":[46],"product_tag":[],"class_list":["post-3645","product","type-product","status-publish","has-post-thumbnail","hentry","product_cat-eredeti-karaoke-dalok","desktop-align-left","tablet-align-left","mobile-align-left"],"_links":{"self":[{"href":"https:\/\/www.sunkaraoke.hu\/index.php\/wp-json\/wp\/v2\/product\/3645","targetHints":{"allow":["GET"]}}],"collection":[{"href":"https:\/\/www.sunkaraoke.hu\/index.php\/wp-json\/wp\/v2\/product"}],"about":[{"href":"https:\/\/www.sunkaraoke.hu\/index.php\/wp-json\/wp\/v2\/types\/product"}],"wp:featuredmedia":[{"embeddable":true,"href":"https:\/\/www.sunkaraoke.hu\/index.php\/wp-json\/wp\/v2\/media\/17555"}],"wp:attachment":[{"href":"https:\/\/www.sunkaraoke.hu\/index.php\/wp-json\/wp\/v2\/media?parent=3645"}],"wp:term":[{"taxonomy":"product_cat","embeddable":true,"href":"https:\/\/www.sunkaraoke.hu\/index.php\/wp-json\/wp\/v2\/product_cat?post=3645"},{"taxonomy":"product_tag","embeddable":true,"href":"https:\/\/www.sunkaraoke.hu\/index.php\/wp-json\/wp\/v2\/product_tag?post=3645"}],"curies":[{"name":"wp","href":"https:\/\/api.w.org\/{rel}","templated":true}]}}