{"id":3644,"date":"2022-08-08T20:46:35","date_gmt":"2022-08-08T20:46:35","guid":{"rendered":"https:\/\/www.sunkaraoke.hu\/index.php\/termek\/retro-boys-neked-konny-lehet\/"},"modified":"2025-04-08T15:48:11","modified_gmt":"2025-04-08T15:48:11","slug":"retro-boys-neked-konny-lehet","status":"publish","type":"product","link":"https:\/\/www.sunkaraoke.hu\/index.php\/termek\/retro-boys-neked-konny-lehet\/","title":{"rendered":"<div class=\"wcmp-player-container product-3644\"><audio controlslist=\"nodownload\" data-product=\"3644\"  volume=\"1\"  preload=\"none\" data-lazyloading=\"none\" class=\"wcmp-player track mejs-classic\" data-duration=\"0:35\" data-estimated_duration=\"4\"><source src=\"https:\/\/www.sunkaraoke.hu\/wp-content\/uploads\/2022\/08\/Neked_konnyu_lehet-Retro-B.-kdemoo.mp3\" type=\"audio\/mp3\" \/><\/audio><\/div>Retro Boys &#8211; Neked k\u00f6nny\u0171 lehet (Original)"},"content":{"rendered":"<p><strong>04:21<\/strong> | <strong><img loading=\"lazy\" decoding=\"async\" class=\"alignnone size-full wp-image-467\" src=\"https:\/\/www.sunkaraoke.hu\/wp-content\/uploads\/2022\/07\/choir_2-copy.webp\" alt=\"\" width=\"30\" height=\"30\" \/> <\/strong><\/p>\n","protected":false},"excerpt":{"rendered":"<h6><strong>Bits\u0171r\u0171s\u00e9g: 320<\/strong>kb\/s<strong><br \/>\n<\/strong><strong>Hossz: <\/strong>04:21<strong><br \/>\n<\/strong><strong style=\"font-size: 16px;\">Vok\u00e1lt tartalmaz: <\/strong>Nem <img loading=\"lazy\" decoding=\"async\" class=\"alignnone size-full wp-image-467\" src=\"http:\/\/www.sunkaraoke.hu\/wp-content\/uploads\/2022\/07\/choir_2-copy.png\" alt=\"\" width=\"30\" height=\"30\" \/><strong style=\"font-size: 16px;\"><br \/>\n<\/strong><\/h6>\n<p>Sunkaraoke mp3 st\u00fadi\u00f3 \/ www.sunkaraoke.hu \/ Inf: Tel: 06 20 4275001<\/p>\n<p>&#8212;Intr\u00f3&#8212;<br \/>\nL\u00e1tod, hogy milyen sz\u00e9p felett\u00fcnk az \u00e9g,<br \/>\nnem hittem volna akkor, hogy ennyit \u00e9rt.<br \/>\nKezemb\u0151l vir\u00e1got kezedbe k\u00e9pzelek,<br \/>\nde ne hidd el m\u00e9gse, b\u00e1rhogy mondom neked.<br \/>\nNem tudom, hogy van ez, de neked k\u00f6nny\u0171 lehet,<br \/>\nNem tudom, hogy van ez,hogy csak \u00e9n vesz\u00edthetek!<br \/>\nNeked k\u00f6nny\u0171 lehet,de az\u00e9rt nekem se rossz,<br \/>\narra gondolok, amire akarok!<br \/>\nNeked k\u00f6nny\u0171 lehet,de az\u00e9rt nekem se rossz,<br \/>\narra gondolok, amire akarok!<br \/>\n&#8212;Sz\u00f3l\u00f3&#8212;<br \/>\nHamupip\u0151ke, a cip\u0151t pr\u00f3b\u00e1ld fel,<br \/>\na b\u00e1lban a legszebb, megl\u00e1tod te leszel!<br \/>\nTudom, hogy tudtad m\u00e1r a legelej\u00e9n,<br \/>\na rossz elm\u00falik, a j\u00f3 utol\u00e9r!<br \/>\nNem tudom, hogy van ez, de neked k\u00f6nny\u0171 lehet,<br \/>\nNem tudom, hogy van ez,hogy csak \u00e9n vesz\u00edthetek!<br \/>\nNeked k\u00f6nny\u0171 lehet,de az\u00e9rt nekem se rossz,<br \/>\narra gondolok, amire akarok!<br \/>\nNeked k\u00f6nny\u0171 lehet, de az\u00e9rt nekem se rossz,<br \/>\narra gondolok, amire akarok!<br \/>\n&#8212;Sz\u00f3l\u00f3&#8212;<br \/>\nNem tudom, hogy van ez, de neked k\u00f6nny\u0171 lehet,<br \/>\nNem tudom, hogy van ez,hogy csak \u00e9n vesz\u00edthetek!<br \/>\nNeked k\u00f6nny\u0171 lehet,de az\u00e9rt nekem se rossz,<br \/>\narra gondolok, amire akarok!<br \/>\nNeked k\u00f6nny\u0171 lehet, de az\u00e9rt nekem se rossz,<br \/>\narra gondolok, amire akarok!<br \/>\nNeked k\u00f6nny\u0171 lehet,de az\u00e9rt nekem se rossz,<br \/>\narra gondolok, amire akarok!<br \/>\nNeked k\u00f6nny\u0171 lehet, de az\u00e9rt nekem se rossz,<br \/>\narra gondolok, amire akarok!<br \/>\n&#8212;V\u00e9ge&#8212;<\/p>\n","protected":false},"featured_media":17555,"template":"","meta":{"site-sidebar-layout":"default","site-content-layout":"default","ast-site-content-layout":"default","site-content-style":"default","site-sidebar-style":"default","ast-global-header-display":"","ast-banner-title-visibility":"","ast-main-header-display":"","ast-hfb-above-header-display":"","ast-hfb-below-header-display":"","ast-hfb-mobile-header-display":"","site-post-title":"","ast-breadcrumbs-content":"","ast-featured-img":"","footer-sml-layout":"","theme-transparent-header-meta":"default","adv-header-id-meta":"","stick-header-meta":"","header-above-stick-meta":"","header-main-stick-meta":"","header-below-stick-meta":"","astra-migrate-meta-layouts":"set","ast-page-background-enabled":"default","ast-page-background-meta":{"desktop":{"background-color":"var(--ast-global-color-4)","background-image":"","background-repeat":"repeat","background-position":"center center","background-size":"auto","background-attachment":"scroll","background-type":"","background-media":"","overlay-type":"","overlay-color":"","overlay-opacity":"","overlay-gradient":""},"tablet":{"background-color":"","background-image":"","background-repeat":"repeat","background-position":"center center","background-size":"auto","background-attachment":"scroll","background-type":"","background-media":"","overlay-type":"","overlay-color":"","overlay-opacity":"","overlay-gradient":""},"mobile":{"background-color":"","background-image":"","background-repeat":"repeat","background-position":"center center","background-size":"auto","background-attachment":"scroll","background-type":"","background-media":"","overlay-type":"","overlay-color":"","overlay-opacity":"","overlay-gradient":""}},"ast-content-background-meta":{"desktop":{"background-color":"var(--ast-global-color-5)","background-image":"","background-repeat":"repeat","background-position":"center center","background-size":"auto","background-attachment":"scroll","background-type":"","background-media":"","overlay-type":"","overlay-color":"","overlay-opacity":"","overlay-gradient":""},"tablet":{"background-color":"var(--ast-global-color-5)","background-image":"","background-repeat":"repeat","background-position":"center center","background-size":"auto","background-attachment":"scroll","background-type":"","background-media":"","overlay-type":"","overlay-color":"","overlay-opacity":"","overlay-gradient":""},"mobile":{"background-color":"var(--ast-global-color-5)","background-image":"","background-repeat":"repeat","background-position":"center center","background-size":"auto","background-attachment":"scroll","background-type":"","background-media":"","overlay-type":"","overlay-color":"","overlay-opacity":"","overlay-gradient":""}}},"product_cat":[46],"product_tag":[],"class_list":["post-3644","product","type-product","status-publish","has-post-thumbnail","hentry","product_cat-eredeti-karaoke-dalok","desktop-align-left","tablet-align-left","mobile-align-left"],"_links":{"self":[{"href":"https:\/\/www.sunkaraoke.hu\/index.php\/wp-json\/wp\/v2\/product\/3644","targetHints":{"allow":["GET"]}}],"collection":[{"href":"https:\/\/www.sunkaraoke.hu\/index.php\/wp-json\/wp\/v2\/product"}],"about":[{"href":"https:\/\/www.sunkaraoke.hu\/index.php\/wp-json\/wp\/v2\/types\/product"}],"wp:featuredmedia":[{"embeddable":true,"href":"https:\/\/www.sunkaraoke.hu\/index.php\/wp-json\/wp\/v2\/media\/17555"}],"wp:attachment":[{"href":"https:\/\/www.sunkaraoke.hu\/index.php\/wp-json\/wp\/v2\/media?parent=3644"}],"wp:term":[{"taxonomy":"product_cat","embeddable":true,"href":"https:\/\/www.sunkaraoke.hu\/index.php\/wp-json\/wp\/v2\/product_cat?post=3644"},{"taxonomy":"product_tag","embeddable":true,"href":"https:\/\/www.sunkaraoke.hu\/index.php\/wp-json\/wp\/v2\/product_tag?post=3644"}],"curies":[{"name":"wp","href":"https:\/\/api.w.org\/{rel}","templated":true}]}}