{"id":3639,"date":"2022-08-08T20:46:35","date_gmt":"2022-08-08T20:46:35","guid":{"rendered":"https:\/\/www.sunkaraoke.hu\/index.php\/termek\/retro-boys-ez-nem-semmi\/"},"modified":"2025-04-08T16:04:28","modified_gmt":"2025-04-08T16:04:28","slug":"retro-boys-ez-nem-semmi","status":"publish","type":"product","link":"https:\/\/www.sunkaraoke.hu\/index.php\/termek\/retro-boys-ez-nem-semmi\/","title":{"rendered":"<div class=\"wcmp-player-container product-3639\"><audio controlslist=\"nodownload\" data-product=\"3639\"  volume=\"1\"  preload=\"none\" data-lazyloading=\"none\" class=\"wcmp-player track mejs-classic\" data-duration=\"0:32\" data-estimated_duration=\"4\"><source src=\"https:\/\/www.sunkaraoke.hu\/wp-content\/uploads\/2022\/08\/Hat-ez-nem-semmi-Retro-B.-kdemooo.mp3\" type=\"audio\/mp3\" \/><\/audio><\/div>Retro Boys &#8211; Ez nem semmi (Original)"},"content":{"rendered":"<p><strong>04:03<\/strong> | <strong><img loading=\"lazy\" decoding=\"async\" class=\"alignnone size-full wp-image-467\" src=\"https:\/\/www.sunkaraoke.hu\/wp-content\/uploads\/2022\/07\/choir_2-copy.webp\" alt=\"\" width=\"30\" height=\"30\" \/> <\/strong><\/p>\n","protected":false},"excerpt":{"rendered":"<h6><strong>Bits\u0171r\u0171s\u00e9g: 320<\/strong>kb\/s<strong><br \/>\n<\/strong><strong>Hossz: <\/strong>04:03<strong><br \/>\n<\/strong><strong style=\"font-size: 16px;\">Vok\u00e1lt tartalmaz: <\/strong>Nem <img loading=\"lazy\" decoding=\"async\" class=\"alignnone size-full wp-image-467\" src=\"http:\/\/www.sunkaraoke.hu\/wp-content\/uploads\/2022\/07\/choir_2-copy.png\" alt=\"\" width=\"30\" height=\"30\" \/><strong style=\"font-size: 16px;\"><br \/>\n<\/strong><\/h6>\n<p>Sunkaraoke mp3 st\u00fadi\u00f3 \/ www.sunkaraoke.hu \/ Inf: Tel: 06 20 4275001<\/p>\n<p>&#8212;Intr\u00f3&#8212;<br \/>\nFigyelj r\u00e1m, elford\u00edtod fejed, t\u00e1n a f\u00fcled f\u00e1j?<br \/>\nFigyelj r\u00e1m, n\u00e9zz v\u00e9gig rajtam, kit hagyn\u00e1l itt, kisany\u00e1m!<br \/>\nNa, mi lesz m\u00e1r, ha t\u00e9tov\u00e1zol, a v\u00e9g\u00e9n m\u00e9g meggondolod!<br \/>\nH\u00e1t, mi lesz m\u00e1r, hogy megpr\u00f3b\u00e1lod egymagadban, mondhatod.<br \/>\nN\u00e9lk\u00fclem , vastag a b\u0151r a k\u00e9peden!<br \/>\n\u00daristen, h\u00e1t d\u00f6ntsd el v\u00e9gre m\u00e1r!<br \/>\nHey-hey-hey!<br \/>\nH\u00e1t, ez nem semmi, hanem valami volt!<br \/>\nMagyar a virtus, csak a heged\u0171 sz\u00f3lt!<br \/>\nH\u00e1t, ez nem semmi, hanem valami volt!<br \/>\nA szemed alatt az\u00e9rt marad egy folt!<br \/>\nH\u00e1t, ez nem semmi, hanem valami volt!<br \/>\nMagyar a virtus, csak a heged\u0171 sz\u00f3lt!<br \/>\nH\u00e1t, ez nem semmi, hanem valami volt!<br \/>\nA szemed alatt az\u00e9rt marad egy folt!<br \/>\n&#8212;Sz\u00f3l\u00f3&#8212;<br \/>\nElhagyt\u00e1l, I can\u2019t get no satisfaction ezut\u00e1n!<br \/>\nElhagyt\u00e1l, azt mondod, szebb a sz\u00f3d\u00e1s n\u00e1lam, h\u00e1t azt\u00e1n!<br \/>\nH\u00e1t, maradj ott, \u00e9n igen lassan kih\u0171l\u00f6k majd n\u00e9lk\u00fcled!<br \/>\nH\u00e1t, maradj ott,<br \/>\nb\u00e1natomban intim-centert nyithatok,<br \/>\nte \u00e1tkozott, de orrba v\u00e1g az illatod!<br \/>\nSzell\u0151ztess\u00fcnk gyorsan v\u00e9gre m\u00e1r!<br \/>\nHey-hey-hey!<\/p>\n<p>H\u00e1t, ez nem semmi, hanem valami volt!<br \/>\nMagyar a virtus, csak a heged\u0171 sz\u00f3lt!<br \/>\nH\u00e1t, ez nem semmi, hanem valami volt!<br \/>\nA szemed alatt az\u00e9rt marad egy folt!<br \/>\nH\u00e1t, ez nem semmi, hanem valami volt!<br \/>\nMagyar a virtus, csak a heged\u0171 sz\u00f3lt!<br \/>\nH\u00e1t, ez nem semmi, hanem valami volt!<br \/>\nA szemed alatt az\u00e9rt marad egy folt!<br \/>\n&#8212;V\u00e9ge&#8212;<\/p>\n","protected":false},"featured_media":17555,"template":"","meta":{"site-sidebar-layout":"default","site-content-layout":"default","ast-site-content-layout":"default","site-content-style":"default","site-sidebar-style":"default","ast-global-header-display":"","ast-banner-title-visibility":"","ast-main-header-display":"","ast-hfb-above-header-display":"","ast-hfb-below-header-display":"","ast-hfb-mobile-header-display":"","site-post-title":"","ast-breadcrumbs-content":"","ast-featured-img":"","footer-sml-layout":"","theme-transparent-header-meta":"default","adv-header-id-meta":"","stick-header-meta":"","header-above-stick-meta":"","header-main-stick-meta":"","header-below-stick-meta":"","astra-migrate-meta-layouts":"set","ast-page-background-enabled":"default","ast-page-background-meta":{"desktop":{"background-color":"var(--ast-global-color-4)","background-image":"","background-repeat":"repeat","background-position":"center center","background-size":"auto","background-attachment":"scroll","background-type":"","background-media":"","overlay-type":"","overlay-color":"","overlay-opacity":"","overlay-gradient":""},"tablet":{"background-color":"","background-image":"","background-repeat":"repeat","background-position":"center center","background-size":"auto","background-attachment":"scroll","background-type":"","background-media":"","overlay-type":"","overlay-color":"","overlay-opacity":"","overlay-gradient":""},"mobile":{"background-color":"","background-image":"","background-repeat":"repeat","background-position":"center center","background-size":"auto","background-attachment":"scroll","background-type":"","background-media":"","overlay-type":"","overlay-color":"","overlay-opacity":"","overlay-gradient":""}},"ast-content-background-meta":{"desktop":{"background-color":"var(--ast-global-color-5)","background-image":"","background-repeat":"repeat","background-position":"center center","background-size":"auto","background-attachment":"scroll","background-type":"","background-media":"","overlay-type":"","overlay-color":"","overlay-opacity":"","overlay-gradient":""},"tablet":{"background-color":"var(--ast-global-color-5)","background-image":"","background-repeat":"repeat","background-position":"center center","background-size":"auto","background-attachment":"scroll","background-type":"","background-media":"","overlay-type":"","overlay-color":"","overlay-opacity":"","overlay-gradient":""},"mobile":{"background-color":"var(--ast-global-color-5)","background-image":"","background-repeat":"repeat","background-position":"center center","background-size":"auto","background-attachment":"scroll","background-type":"","background-media":"","overlay-type":"","overlay-color":"","overlay-opacity":"","overlay-gradient":""}}},"product_cat":[46],"product_tag":[],"class_list":["post-3639","product","type-product","status-publish","has-post-thumbnail","hentry","product_cat-eredeti-karaoke-dalok","desktop-align-left","tablet-align-left","mobile-align-left"],"_links":{"self":[{"href":"https:\/\/www.sunkaraoke.hu\/index.php\/wp-json\/wp\/v2\/product\/3639","targetHints":{"allow":["GET"]}}],"collection":[{"href":"https:\/\/www.sunkaraoke.hu\/index.php\/wp-json\/wp\/v2\/product"}],"about":[{"href":"https:\/\/www.sunkaraoke.hu\/index.php\/wp-json\/wp\/v2\/types\/product"}],"wp:featuredmedia":[{"embeddable":true,"href":"https:\/\/www.sunkaraoke.hu\/index.php\/wp-json\/wp\/v2\/media\/17555"}],"wp:attachment":[{"href":"https:\/\/www.sunkaraoke.hu\/index.php\/wp-json\/wp\/v2\/media?parent=3639"}],"wp:term":[{"taxonomy":"product_cat","embeddable":true,"href":"https:\/\/www.sunkaraoke.hu\/index.php\/wp-json\/wp\/v2\/product_cat?post=3639"},{"taxonomy":"product_tag","embeddable":true,"href":"https:\/\/www.sunkaraoke.hu\/index.php\/wp-json\/wp\/v2\/product_tag?post=3639"}],"curies":[{"name":"wp","href":"https:\/\/api.w.org\/{rel}","templated":true}]}}