{"id":3638,"date":"2022-08-08T20:46:34","date_gmt":"2022-08-08T20:46:34","guid":{"rendered":"https:\/\/www.sunkaraoke.hu\/index.php\/termek\/retro-boys-foldvar-fele-feluton\/"},"modified":"2025-04-08T13:16:18","modified_gmt":"2025-04-08T13:16:18","slug":"retro-boys-foldvar-fele-feluton","status":"publish","type":"product","link":"https:\/\/www.sunkaraoke.hu\/index.php\/termek\/retro-boys-foldvar-fele-feluton\/","title":{"rendered":"<div class=\"wcmp-player-container product-3638\"><audio controlslist=\"nodownload\" data-product=\"3638\"  volume=\"1\"  preload=\"none\" data-lazyloading=\"none\" class=\"wcmp-player track mejs-classic\" data-duration=\"0:33\" data-estimated_duration=\"4\"><source src=\"https:\/\/www.sunkaraoke.hu\/wp-content\/uploads\/2022\/08\/Foldvar-fele-feluton-Retro-B.-kdemoo.mp3\" type=\"audio\/mp3\" \/><\/audio><\/div>Retro Boys &#8211; F\u00f6ldv\u00e1r fel\u00e9 f\u00e9l\u00faton (Original)"},"content":{"rendered":"<p><strong>04:46<\/strong> | <strong><img loading=\"lazy\" decoding=\"async\" class=\"alignnone size-full wp-image-467\" src=\"https:\/\/www.sunkaraoke.hu\/wp-content\/uploads\/2022\/07\/choir_2-copy.webp\" alt=\"\" width=\"30\" height=\"30\" \/> <\/strong><\/p>\n","protected":false},"excerpt":{"rendered":"<h6><strong>Bits\u0171r\u0171s\u00e9g: 320<\/strong>kb\/s<strong><br \/>\n<\/strong><strong>Hossz: <\/strong>04:46<strong><br \/>\n<\/strong><strong style=\"font-size: 16px;\">Vok\u00e1lt tartalmaz: <\/strong>Nem <img loading=\"lazy\" decoding=\"async\" class=\"alignnone size-full wp-image-467\" src=\"http:\/\/www.sunkaraoke.hu\/wp-content\/uploads\/2022\/07\/choir_2-copy.png\" alt=\"\" width=\"30\" height=\"30\" \/><strong style=\"font-size: 16px;\"><br \/>\n<\/strong><\/h6>\n<p>Sunkaraoke mp3 st\u00fadi\u00f3 \/ www.sunkaraoke.hu \/ Inf: Tel: 06 20 4275001<\/p>\n<p>&#8212;Intr\u00f3&#8212;<br \/>\nOtt \u00e1llt a l\u00e1ny az \u00fat jobb oldal\u00e1n,<br \/>\negy s\u00e1rga r\u00f3zsa hervadt homlok\u00e1n,<br \/>\na sz\u00fcrke \u00faton csak \u00e1llt v\u00e1rakoz\u00f3n,<br \/>\nF\u00f6ldv\u00e1r fel\u00e9 f\u00e9l \u00faton&#8230;<br \/>\nAz \u0151szi napf\u00e9ny, b\u00e1gyadtan virult,<br \/>\naz \u0151szi b\u00e1nat, sz\u00e9p szem\u00e9re hullt.<br \/>\nOly ismer\u0151s volt, hogy honnan nem tudom,<br \/>\nF\u00f6ldv\u00e1r fel\u00e9 f\u00e9l \u00faton&#8230;<br \/>\n&#8212;Sz\u00f3l\u00f3&#8212;<br \/>\nMegsz\u00f3l\u00edtottam, b\u00e1r neh\u00e9z volt sz\u00edvem,<br \/>\nF\u00f6ldv\u00e1r fel\u00e9, ha elj\u00f6n, elviszem.<br \/>\nNem v\u00e1laszolt, csak n\u00e9zett \u00e1lmod\u00f3n,<br \/>\nF\u00f6ldv\u00e1r fel\u00e9 f\u00e9l \u00faton&#8230;<br \/>\nV\u00e1rtam egy percet, vagy annyit, sem tal\u00e1n,<br \/>\n\u00e9s m\u00e9rgel\u0151dtem, t\u00e1n s\u00fcket ez a l\u00e1ny?<br \/>\nM\u00e9g egyszer sz\u00f3ltam, ha nem j\u00f6n, itt hagyom,<br \/>\nF\u00f6ldv\u00e1r fel\u00e9 f\u00e9l \u00faton&#8230;<br \/>\n&#8212;Sz\u00f3l\u00f3&#8212;<br \/>\nCsak \u00e1llt ott n\u00e9m\u00e1n, \u00e9s nem fordult fel\u00e9m,<br \/>\naz \u0151szi napf\u00e9ny felragyogott szem\u00e9n.<br \/>\nEgy k\u00f6nnycsepp g\u00f6rd\u00fclt az arc\u00e1n csillog\u00f3n,<br \/>\nF\u00f6ldv\u00e1r fel\u00e9 f\u00e9l \u00faton&#8230;<br \/>\nNem k\u00e9rtem t\u00f6bbsz\u00f6r, hisz v\u00e1rtak m\u00e1r re\u00e1m,<br \/>\na f\u00f6ldv\u00e1ri kult\u00farh\u00e1z \u00f3cska sz\u00ednpad\u00e1n,<br \/>\notthagytam \u0151t, \u00e9s m\u00e1st is j\u00f3l tudom,<br \/>\nF\u00f6ldv\u00e1r fel\u00e9 f\u00e9l \u00faton&#8230;<br \/>\nAz\u00f3ta n\u00e9zem az \u00fat jobb oldal\u00e1t,<br \/>\ntal\u00e1n m\u00e9g egyszer megl\u00e1tom, azt a l\u00e1nyt.<br \/>\nHa megtal\u00e1lom, megvigasztalom,<br \/>\nF\u00f6ldv\u00e1r fel\u00e9 f\u00e9l \u00faton&#8230;<br \/>\nHa megtal\u00e1lom, megvigasztalom,<br \/>\nF\u00f6ldv\u00e1r fel\u00e9 f\u00e9l \u00faton&#8230;<br \/>\n&#8212;V\u00e9ge&#8212;<\/p>\n","protected":false},"featured_media":17555,"template":"","meta":{"site-sidebar-layout":"default","site-content-layout":"default","ast-site-content-layout":"default","site-content-style":"default","site-sidebar-style":"default","ast-global-header-display":"","ast-banner-title-visibility":"","ast-main-header-display":"","ast-hfb-above-header-display":"","ast-hfb-below-header-display":"","ast-hfb-mobile-header-display":"","site-post-title":"","ast-breadcrumbs-content":"","ast-featured-img":"","footer-sml-layout":"","theme-transparent-header-meta":"default","adv-header-id-meta":"","stick-header-meta":"","header-above-stick-meta":"","header-main-stick-meta":"","header-below-stick-meta":"","astra-migrate-meta-layouts":"set","ast-page-background-enabled":"default","ast-page-background-meta":{"desktop":{"background-color":"var(--ast-global-color-4)","background-image":"","background-repeat":"repeat","background-position":"center center","background-size":"auto","background-attachment":"scroll","background-type":"","background-media":"","overlay-type":"","overlay-color":"","overlay-opacity":"","overlay-gradient":""},"tablet":{"background-color":"","background-image":"","background-repeat":"repeat","background-position":"center center","background-size":"auto","background-attachment":"scroll","background-type":"","background-media":"","overlay-type":"","overlay-color":"","overlay-opacity":"","overlay-gradient":""},"mobile":{"background-color":"","background-image":"","background-repeat":"repeat","background-position":"center center","background-size":"auto","background-attachment":"scroll","background-type":"","background-media":"","overlay-type":"","overlay-color":"","overlay-opacity":"","overlay-gradient":""}},"ast-content-background-meta":{"desktop":{"background-color":"var(--ast-global-color-5)","background-image":"","background-repeat":"repeat","background-position":"center center","background-size":"auto","background-attachment":"scroll","background-type":"","background-media":"","overlay-type":"","overlay-color":"","overlay-opacity":"","overlay-gradient":""},"tablet":{"background-color":"var(--ast-global-color-5)","background-image":"","background-repeat":"repeat","background-position":"center center","background-size":"auto","background-attachment":"scroll","background-type":"","background-media":"","overlay-type":"","overlay-color":"","overlay-opacity":"","overlay-gradient":""},"mobile":{"background-color":"var(--ast-global-color-5)","background-image":"","background-repeat":"repeat","background-position":"center center","background-size":"auto","background-attachment":"scroll","background-type":"","background-media":"","overlay-type":"","overlay-color":"","overlay-opacity":"","overlay-gradient":""}}},"product_cat":[46],"product_tag":[],"class_list":["post-3638","product","type-product","status-publish","has-post-thumbnail","hentry","product_cat-eredeti-karaoke-dalok","desktop-align-left","tablet-align-left","mobile-align-left"],"_links":{"self":[{"href":"https:\/\/www.sunkaraoke.hu\/index.php\/wp-json\/wp\/v2\/product\/3638","targetHints":{"allow":["GET"]}}],"collection":[{"href":"https:\/\/www.sunkaraoke.hu\/index.php\/wp-json\/wp\/v2\/product"}],"about":[{"href":"https:\/\/www.sunkaraoke.hu\/index.php\/wp-json\/wp\/v2\/types\/product"}],"wp:featuredmedia":[{"embeddable":true,"href":"https:\/\/www.sunkaraoke.hu\/index.php\/wp-json\/wp\/v2\/media\/17555"}],"wp:attachment":[{"href":"https:\/\/www.sunkaraoke.hu\/index.php\/wp-json\/wp\/v2\/media?parent=3638"}],"wp:term":[{"taxonomy":"product_cat","embeddable":true,"href":"https:\/\/www.sunkaraoke.hu\/index.php\/wp-json\/wp\/v2\/product_cat?post=3638"},{"taxonomy":"product_tag","embeddable":true,"href":"https:\/\/www.sunkaraoke.hu\/index.php\/wp-json\/wp\/v2\/product_tag?post=3638"}],"curies":[{"name":"wp","href":"https:\/\/api.w.org\/{rel}","templated":true}]}}