{"id":3637,"date":"2022-08-08T20:46:34","date_gmt":"2022-08-08T20:46:34","guid":{"rendered":"https:\/\/www.sunkaraoke.hu\/index.php\/termek\/v-tech-megszakad-az-rult-szivem\/"},"modified":"2025-04-08T13:20:35","modified_gmt":"2025-04-08T13:20:35","slug":"v-tech-megszakad-az-rult-szivem","status":"publish","type":"product","link":"https:\/\/www.sunkaraoke.hu\/index.php\/termek\/v-tech-megszakad-az-rult-szivem\/","title":{"rendered":"<div class=\"wcmp-player-container product-3637\"><audio controlslist=\"nodownload\" data-product=\"3637\"  volume=\"1\"  preload=\"none\" data-lazyloading=\"none\" class=\"wcmp-player track mejs-classic\" data-duration=\"0:32\" data-estimated_duration=\"4\"><source src=\"https:\/\/www.sunkaraoke.hu\/wp-content\/uploads\/2022\/08\/Megszakad-a-szivem-kademoo.mp3\" type=\"audio\/mp3\" \/><\/audio><\/div>V-Tech &#8211; Megszakad az \u0151r\u00fclt sz\u00edvem (Original)"},"content":{"rendered":"<p><strong>04:13<\/strong> | <strong><img loading=\"lazy\" decoding=\"async\" class=\"alignnone size-full wp-image-467\" src=\"https:\/\/www.sunkaraoke.hu\/wp-content\/uploads\/2022\/07\/choir_2-copy.webp\" alt=\"\" width=\"30\" height=\"30\" \/> <\/strong><\/p>\n","protected":false},"excerpt":{"rendered":"<h6><strong>Bits\u0171r\u0171s\u00e9g: 320<\/strong>kb\/s<strong><br \/>\n<\/strong><strong>Hossz: <\/strong>04:13<strong><br \/>\n<\/strong><strong style=\"font-size: 16px;\">Vok\u00e1lt tartalmaz: <\/strong>Nem <img loading=\"lazy\" decoding=\"async\" class=\"alignnone size-full wp-image-467\" src=\"http:\/\/www.sunkaraoke.hu\/wp-content\/uploads\/2022\/07\/choir_2-copy.png\" alt=\"\" width=\"30\" height=\"30\" \/><strong style=\"font-size: 16px;\"><br \/>\n<\/strong><\/h6>\n<p>Sunkaraoke mp3 st\u00fadi\u00f3 \/ www.sunkaraoke.hu \/ Inf: Tel: 06 20 4275001<\/p>\n<p>&#8212;Intr\u00f3&#8212;<br \/>\nMint egy sz\u00e9gyenl\u0151s kisgyerek, ki egy \u00e1rva sz\u00f3t sem sz\u00f3l,<br \/>\nt\u00e9tlen\u00fcl n\u00e9ztelek az els\u0151 \u00e9jszak\u00e1n.<br \/>\nOlyan k\u00f6zelnek t\u0171nt \u00e9s te m\u00e9gis oly t\u00e1vol volt\u00e1l,<br \/>\nnem mondtam semmit, f\u00e9ltem, hogy elrontom tal\u00e1n.<\/p>\n<p>De \u00e9n most m\u00e1r nem b\u00edrom,<br \/>\n\u00edgy h\u00e1t nem titkolom tov\u00e1bb,<br \/>\nhogy ha nem mondhatom senkinek,<br \/>\nmost tudja meg a vil\u00e1g.<\/p>\n<p>Megszakad az \u0151r\u00fclt sz\u00edvem \u00e9rted,<br \/>\nmert belehalok \u00fagy szeretlek t\u00e9ged,<br \/>\ns ha te is ugyan\u00fagy \u00e9rzed, az m\u00e1r a boldogs\u00e1g!<br \/>\nTudj\u00e1k meg a f\u00f6ld\u00f6n \u00e9s az \u00e9gen,<br \/>\nhogy ez az, amit titkolok m\u00e1r r\u00e9gen,<br \/>\n\u00e9s nem sz\u00e9gyellem, mert ez az igazs\u00e1g!<br \/>\n&#8212;Sz\u00f3l\u00f3&#8212;<br \/>\nTudom, a legjobb volna t\u00e9ged t\u00e9nyleg elfelejteni,<br \/>\nami nekem a v\u00e9gzetem, neked j\u00e1t\u00e9k tal\u00e1n.<br \/>\nSz\u00e1mat minden egyes el nem cs\u00f3kolt cs\u00f3kod \u00e9geti,<br \/>\nf\u00e9lek, ha nem mondom el t\u00fal k\u00e9s\u0151 lesz m\u00e1r!<\/p>\n<p>De \u00e9n most m\u00e1r nem b\u00edrom,<br \/>\n\u00edgy h\u00e1t nem titkolom tov\u00e1bb,<br \/>\nhogy ha nem mondhatom senkinek,<br \/>\nmost tudja meg a vil\u00e1g.<\/p>\n<p>Megszakad az \u0151r\u00fclt sz\u00edvem \u00e9rted,<br \/>\nmert belehalok \u00fagy szeretlek t\u00e9ged,<br \/>\ns ha te is ugyan\u00fagy \u00e9rzed, az m\u00e1r a boldogs\u00e1g!<br \/>\nTudj\u00e1k meg a f\u00f6ld\u00f6n \u00e9s az \u00e9gen,<br \/>\nhogy ez az, amit titkolok m\u00e1r r\u00e9gen,<br \/>\n\u00e9s nem sz\u00e9gyellem, mert ez az igazs\u00e1g!<\/p>\n<p>Mert \u00e9n most m\u00e1r nem b\u00edrom,<br \/>\n\u00edgy h\u00e1t nem titkolom tov\u00e1bb,<br \/>\nhogy ha nem mondhatom senkinek,<br \/>\nmost tudja meg a vil\u00e1g.<\/p>\n<p>Azt hogy \u00e9n megszakadn\u00e9k \u00e9rted,<br \/>\nmert belehalok \u00fagy szeretn\u00e9lek,<br \/>\ns ha te is ugyan\u00fagy \u00e9rzed az m\u00e1r a boldogs\u00e1g.<br \/>\nTudj\u00e1k az \u00e9gen, hogy ez az amit titkolok m\u00e1r r\u00e9gen,<br \/>\n\u00e9s nem sz\u00e9gyellem, mert ez az igazs\u00e1g!<br \/>\n&#8212;V\u00e9ge&#8212;<\/p>\n","protected":false},"featured_media":17911,"template":"","meta":{"site-sidebar-layout":"default","site-content-layout":"default","ast-site-content-layout":"default","site-content-style":"default","site-sidebar-style":"default","ast-global-header-display":"","ast-banner-title-visibility":"","ast-main-header-display":"","ast-hfb-above-header-display":"","ast-hfb-below-header-display":"","ast-hfb-mobile-header-display":"","site-post-title":"","ast-breadcrumbs-content":"","ast-featured-img":"","footer-sml-layout":"","theme-transparent-header-meta":"default","adv-header-id-meta":"","stick-header-meta":"","header-above-stick-meta":"","header-main-stick-meta":"","header-below-stick-meta":"","astra-migrate-meta-layouts":"set","ast-page-background-enabled":"default","ast-page-background-meta":{"desktop":{"background-color":"var(--ast-global-color-4)","background-image":"","background-repeat":"repeat","background-position":"center center","background-size":"auto","background-attachment":"scroll","background-type":"","background-media":"","overlay-type":"","overlay-color":"","overlay-opacity":"","overlay-gradient":""},"tablet":{"background-color":"","background-image":"","background-repeat":"repeat","background-position":"center center","background-size":"auto","background-attachment":"scroll","background-type":"","background-media":"","overlay-type":"","overlay-color":"","overlay-opacity":"","overlay-gradient":""},"mobile":{"background-color":"","background-image":"","background-repeat":"repeat","background-position":"center center","background-size":"auto","background-attachment":"scroll","background-type":"","background-media":"","overlay-type":"","overlay-color":"","overlay-opacity":"","overlay-gradient":""}},"ast-content-background-meta":{"desktop":{"background-color":"var(--ast-global-color-5)","background-image":"","background-repeat":"repeat","background-position":"center center","background-size":"auto","background-attachment":"scroll","background-type":"","background-media":"","overlay-type":"","overlay-color":"","overlay-opacity":"","overlay-gradient":""},"tablet":{"background-color":"var(--ast-global-color-5)","background-image":"","background-repeat":"repeat","background-position":"center center","background-size":"auto","background-attachment":"scroll","background-type":"","background-media":"","overlay-type":"","overlay-color":"","overlay-opacity":"","overlay-gradient":""},"mobile":{"background-color":"var(--ast-global-color-5)","background-image":"","background-repeat":"repeat","background-position":"center center","background-size":"auto","background-attachment":"scroll","background-type":"","background-media":"","overlay-type":"","overlay-color":"","overlay-opacity":"","overlay-gradient":""}}},"product_cat":[48],"product_tag":[],"class_list":["post-3637","product","type-product","status-publish","has-post-thumbnail","hentry","product_cat-sunkaraoke-dalok","desktop-align-left","tablet-align-left","mobile-align-left"],"_links":{"self":[{"href":"https:\/\/www.sunkaraoke.hu\/index.php\/wp-json\/wp\/v2\/product\/3637","targetHints":{"allow":["GET"]}}],"collection":[{"href":"https:\/\/www.sunkaraoke.hu\/index.php\/wp-json\/wp\/v2\/product"}],"about":[{"href":"https:\/\/www.sunkaraoke.hu\/index.php\/wp-json\/wp\/v2\/types\/product"}],"wp:featuredmedia":[{"embeddable":true,"href":"https:\/\/www.sunkaraoke.hu\/index.php\/wp-json\/wp\/v2\/media\/17911"}],"wp:attachment":[{"href":"https:\/\/www.sunkaraoke.hu\/index.php\/wp-json\/wp\/v2\/media?parent=3637"}],"wp:term":[{"taxonomy":"product_cat","embeddable":true,"href":"https:\/\/www.sunkaraoke.hu\/index.php\/wp-json\/wp\/v2\/product_cat?post=3637"},{"taxonomy":"product_tag","embeddable":true,"href":"https:\/\/www.sunkaraoke.hu\/index.php\/wp-json\/wp\/v2\/product_tag?post=3637"}],"curies":[{"name":"wp","href":"https:\/\/api.w.org\/{rel}","templated":true}]}}