{"id":3633,"date":"2022-08-08T20:46:34","date_gmt":"2022-08-08T20:46:34","guid":{"rendered":"https:\/\/www.sunkaraoke.hu\/index.php\/termek\/retro-boys-a-film-forog-tovabb\/"},"modified":"2025-04-08T13:33:56","modified_gmt":"2025-04-08T13:33:56","slug":"retro-boys-a-film-forog-tovabb","status":"publish","type":"product","link":"https:\/\/www.sunkaraoke.hu\/index.php\/termek\/retro-boys-a-film-forog-tovabb\/","title":{"rendered":"<div class=\"wcmp-player-container product-3633\"><audio controlslist=\"nodownload\" data-product=\"3633\"  volume=\"1\"  preload=\"none\" data-lazyloading=\"none\" class=\"wcmp-player track mejs-classic\" data-duration=\"0:31\" data-estimated_duration=\"4\"><source src=\"https:\/\/www.sunkaraoke.hu\/wp-content\/uploads\/2022\/08\/A-film-forog-tovabb-Retro-B.demoo_.mp3\" type=\"audio\/mp3\" \/><\/audio><\/div>Retro Boys &#8211; A film forog tov\u00e1bb (Original)"},"content":{"rendered":"<p><strong>03:46<\/strong> | <strong><img loading=\"lazy\" decoding=\"async\" class=\"alignnone size-full wp-image-467\" src=\"https:\/\/www.sunkaraoke.hu\/wp-content\/uploads\/2022\/07\/choir_2-copy.webp\" alt=\"\" width=\"30\" height=\"30\" \/> <\/strong><\/p>\n","protected":false},"excerpt":{"rendered":"<h6><strong>Bits\u0171r\u0171s\u00e9g: 320<\/strong>kb\/s<strong><br \/>\n<\/strong><strong>Hossz: <\/strong>03:46<strong><br \/>\n<\/strong><strong style=\"font-size: 16px;\">Vok\u00e1lt tartalmaz: <\/strong>Nem <img loading=\"lazy\" decoding=\"async\" class=\"alignnone size-full wp-image-467\" src=\"http:\/\/www.sunkaraoke.hu\/wp-content\/uploads\/2022\/07\/choir_2-copy.png\" alt=\"\" width=\"30\" height=\"30\" \/><strong style=\"font-size: 16px;\"><br \/>\n<\/strong><\/h6>\n<p>Sunkaraoke mp3 st\u00fadi\u00f3 \/ www.sunkaraoke.hu \/ Inf: Tel: 06 20 4275001<\/p>\n<p>&#8212;Intr\u00f3&#8212;<br \/>\nVan \u00fagy, hogy az eg\u00e9sz sz\u00ednes, mint egy kalandreg\u00e9ny,<br \/>\ncsapd\u00e1k, \u00e1larcok, vad, kem\u00e9ny csat\u00e1k.<br \/>\nVan \u00fagy, hogy az eg\u00e9sz szabad, j\u00f3\u00edz\u0171 nevet\u00e9s,<br \/>\nsz\u00e9lesv\u00e1szn\u00fa vid\u00e1m bolondoz\u00e1s.<br \/>\n&#8212;Sz\u00f3l\u00f3&#8212;<br \/>\nVan \u00fagy, hogy a szerep, amit r\u00e9g\u00f3ta cipelek,<br \/>\nmegr\u00e9m\u00edt, ez nem is \u00e9n vagyok tal\u00e1n.<br \/>\nDe ak\u00e1rhov\u00e1 megyek, ut\u00e1nam ny\u00fal a szerelem,<br \/>\ns minden gondot a m\u00falt \u00f6l\u00e9be r\u00e1nt.<br \/>\nMi\u00e9nk a f\u0151szerep, de m\u00e9g j\u00f6hetsz, kom\u00e9di\u00e1zz vel\u00fcnk!<br \/>\nTe d\u00f6nt\u00f6d el, vajon vel\u00fcnk leszel, vagy egyenesen ellen\u00fcnk.<br \/>\nVigy\u00e1zz, a d\u00edszletek val\u00f3diak, mozi az eg\u00e9sz vil\u00e1g!<br \/>\nForog a film, forog tov\u00e1bb-tov\u00e1bb, soha-soha meg nem \u00e1ll.<\/p>\n<p>L\u00e1tod m\u00e1r, ez a film az \u00e9let\u00fcnk,<br \/>\nhadd legyen teh\u00e1t a mi\u00e9nk!<br \/>\nElj\u00e1tsszuk azt, hogy mi is rendez\u00fcnk,<br \/>\na filmben \u00e9ppen ez, ami sz\u00e9p.<br \/>\n&#8212;Sz\u00f3l\u00f3&#8212;<br \/>\nAm\u00edg fut a szalag, s forgat\u00f3k\u00f6nyv szerint halad,<br \/>\naz \u00e1lomgy\u00e1r, Hollywood hi\u00e1ba v\u00e1r.<br \/>\nTudom, sose marad unalmas ez a forgatag,<br \/>\nmert minden nap hoz egy \u00faj folytat\u00e1st.<br \/>\nL\u00e1tod m\u00e1r, ez a film az \u00e9let\u00fcnk,<br \/>\nhadd legyen teh\u00e1t a mi\u00e9nk!<br \/>\nElj\u00e1tsszuk azt, hogy mi is rendez\u00fcnk,<br \/>\na filmben \u00e9ppen ez, ami sz\u00e9p.<br \/>\nL\u00e1tod m\u00e1r, ez a film az \u00e9let\u00fcnk,<br \/>\nhadd legyen teh\u00e1t a mi\u00e9nk!<br \/>\nElj\u00e1tsszuk azt, hogy mi is rendez\u00fcnk,<br \/>\na filmben \u00e9ppen ez, ami sz\u00e9p.<br \/>\n&#8212;Sz\u00f3l\u00f3&#8212;<br \/>\nMi\u00e9nk a f\u0151szerep, de m\u00e9g j\u00f6hetsz, kom\u00e9di\u00e1zz vel\u00fcnk!<br \/>\nTe d\u00f6nt\u00f6d el, vajon vel\u00fcnk leszel, vagy egyenesen ellen\u00fcnk.<br \/>\nVigy\u00e1zz, a d\u00edszletek val\u00f3diak, mozi az eg\u00e9sz vil\u00e1g!<br \/>\nForog a film, forog tov\u00e1bb-tov\u00e1bb, soha-soha meg nem \u00e1ll.<br \/>\nL\u00e1tod m\u00e1r, ez a film az \u00e9let\u00fcnk,<br \/>\nhadd legyen teh\u00e1t a mi\u00e9nk!<br \/>\nElj\u00e1tsszuk azt, hogy mi is rendez\u00fcnk,<br \/>\na filmben \u00e9ppen ez, ami sz\u00e9p.<br \/>\nL\u00e1tod m\u00e1r, ez a film az \u00e9let\u00fcnk,<br \/>\nhadd legyen teh\u00e1t a mi\u00e9nk!<br \/>\nElj\u00e1tsszuk azt, hogy mi is rendez\u00fcnk,<br \/>\na filmben \u00e9ppen ez, ami sz\u00e9p.<br \/>\n&#8212;V\u00e9ge&#8212;<\/p>\n","protected":false},"featured_media":17555,"template":"","meta":{"site-sidebar-layout":"default","site-content-layout":"default","ast-site-content-layout":"default","site-content-style":"default","site-sidebar-style":"default","ast-global-header-display":"","ast-banner-title-visibility":"","ast-main-header-display":"","ast-hfb-above-header-display":"","ast-hfb-below-header-display":"","ast-hfb-mobile-header-display":"","site-post-title":"","ast-breadcrumbs-content":"","ast-featured-img":"","footer-sml-layout":"","theme-transparent-header-meta":"default","adv-header-id-meta":"","stick-header-meta":"","header-above-stick-meta":"","header-main-stick-meta":"","header-below-stick-meta":"","astra-migrate-meta-layouts":"set","ast-page-background-enabled":"default","ast-page-background-meta":{"desktop":{"background-color":"var(--ast-global-color-4)","background-image":"","background-repeat":"repeat","background-position":"center center","background-size":"auto","background-attachment":"scroll","background-type":"","background-media":"","overlay-type":"","overlay-color":"","overlay-opacity":"","overlay-gradient":""},"tablet":{"background-color":"","background-image":"","background-repeat":"repeat","background-position":"center center","background-size":"auto","background-attachment":"scroll","background-type":"","background-media":"","overlay-type":"","overlay-color":"","overlay-opacity":"","overlay-gradient":""},"mobile":{"background-color":"","background-image":"","background-repeat":"repeat","background-position":"center center","background-size":"auto","background-attachment":"scroll","background-type":"","background-media":"","overlay-type":"","overlay-color":"","overlay-opacity":"","overlay-gradient":""}},"ast-content-background-meta":{"desktop":{"background-color":"var(--ast-global-color-5)","background-image":"","background-repeat":"repeat","background-position":"center center","background-size":"auto","background-attachment":"scroll","background-type":"","background-media":"","overlay-type":"","overlay-color":"","overlay-opacity":"","overlay-gradient":""},"tablet":{"background-color":"var(--ast-global-color-5)","background-image":"","background-repeat":"repeat","background-position":"center center","background-size":"auto","background-attachment":"scroll","background-type":"","background-media":"","overlay-type":"","overlay-color":"","overlay-opacity":"","overlay-gradient":""},"mobile":{"background-color":"var(--ast-global-color-5)","background-image":"","background-repeat":"repeat","background-position":"center center","background-size":"auto","background-attachment":"scroll","background-type":"","background-media":"","overlay-type":"","overlay-color":"","overlay-opacity":"","overlay-gradient":""}}},"product_cat":[46],"product_tag":[],"class_list":["post-3633","product","type-product","status-publish","has-post-thumbnail","hentry","product_cat-eredeti-karaoke-dalok","desktop-align-left","tablet-align-left","mobile-align-left"],"_links":{"self":[{"href":"https:\/\/www.sunkaraoke.hu\/index.php\/wp-json\/wp\/v2\/product\/3633","targetHints":{"allow":["GET"]}}],"collection":[{"href":"https:\/\/www.sunkaraoke.hu\/index.php\/wp-json\/wp\/v2\/product"}],"about":[{"href":"https:\/\/www.sunkaraoke.hu\/index.php\/wp-json\/wp\/v2\/types\/product"}],"wp:featuredmedia":[{"embeddable":true,"href":"https:\/\/www.sunkaraoke.hu\/index.php\/wp-json\/wp\/v2\/media\/17555"}],"wp:attachment":[{"href":"https:\/\/www.sunkaraoke.hu\/index.php\/wp-json\/wp\/v2\/media?parent=3633"}],"wp:term":[{"taxonomy":"product_cat","embeddable":true,"href":"https:\/\/www.sunkaraoke.hu\/index.php\/wp-json\/wp\/v2\/product_cat?post=3633"},{"taxonomy":"product_tag","embeddable":true,"href":"https:\/\/www.sunkaraoke.hu\/index.php\/wp-json\/wp\/v2\/product_tag?post=3633"}],"curies":[{"name":"wp","href":"https:\/\/api.w.org\/{rel}","templated":true}]}}