{"id":3618,"date":"2022-08-08T20:46:33","date_gmt":"2022-08-08T20:46:33","guid":{"rendered":"https:\/\/www.sunkaraoke.hu\/index.php\/termek\/suzy-jolly-csokodat-izlelem\/"},"modified":"2025-03-27T16:27:54","modified_gmt":"2025-03-27T16:27:54","slug":"suzy-jolly-csokodat-izlelem","status":"publish","type":"product","link":"https:\/\/www.sunkaraoke.hu\/index.php\/termek\/suzy-jolly-csokodat-izlelem\/","title":{"rendered":"<div class=\"wcmp-player-container product-3618\"><audio controlslist=\"nodownload\" data-product=\"3618\"  volume=\"1\"  preload=\"none\" data-lazyloading=\"none\" class=\"wcmp-player track mejs-classic\" data-duration=\"0:31\" data-estimated_duration=\"4\"><source src=\"https:\/\/www.sunkaraoke.hu\/wp-content\/uploads\/2022\/08\/Csokodat-izlelem-vocal_demo.mp3\" type=\"audio\/mp3\" \/><\/audio><\/div>Suzy &#038; Jolly &#8211; Cs\u00f3kodat \u00edzlelem (Original)"},"content":{"rendered":"<p><strong>04:14<\/strong> | <strong><img loading=\"lazy\" decoding=\"async\" class=\"alignnone size-full wp-image-466\" src=\"https:\/\/www.sunkaraoke.hu\/wp-content\/uploads\/2022\/07\/choir_1-copy.webp\" alt=\"\" width=\"30\" height=\"30\" \/> <\/strong><\/p>\n","protected":false},"excerpt":{"rendered":"<h6>Bits\u0171r\u0171s\u00e9g: 320 kb\/s<br \/>\nHossz: 04:14<br \/>\nVok\u00e1lt tartalmaz: Igen <img loading=\"lazy\" decoding=\"async\" class=\"alignnone size-full wp-image-466\" src=\"http:\/\/www.sunkaraoke.hu\/wp-content\/uploads\/2022\/07\/choir_1-copy.png\" alt=\"\" width=\"30\" height=\"30\" \/><strong style=\"font-size: 16px;\"><br \/>\n<\/strong><\/h6>\n<p>Sunkaraoke mp3 st\u00fadi\u00f3 \/ www.sunkaraoke.hu \/ Inf: Tel: 06 20 4275001<\/p>\n<p>&#8212;Intr\u00f3&#8212;<br \/>\nSz\u00edvembe loptad magad, a vil\u00e1g csak vel\u00fcnk t\u00e1ncol.<br \/>\nT\u0151led sz\u00e9p az \u00e9letem, veled j\u00f3 lenni b\u00e1rhol.<br \/>\nElm\u00falik a b\u00e1natom, boldogs\u00e1g veled az \u00e9let.<br \/>\n\u00d3, mindig maradj velem, tudod \u00e9n csak ennyit k\u00e9rek.<\/p>\n<p>Cs\u00f3kodat \u00edzlelem, n\u00e9zem a sz\u00e9p szemed,<br \/>\nezernyi boldogs\u00e1g v\u00e1r r\u00e1nk.<br \/>\nFeledni nem tudom, cs\u00f3kod az ajkamon,<br \/>\na sz\u00edvem \u00e9rted dobban m\u00e1r.<br \/>\nCs\u00f3kodat \u00edzlelem, s fogom a k\u00e9t kezed,<br \/>\na sz\u00edvem olyan boldog m\u00e1r.<br \/>\nN\u00e9lk\u00fcled az \u00e9let, nem is \u00e9rne semmit tal\u00e1n.<br \/>\n&#8212;Sz\u00f3l\u00f3&#8212;<br \/>\nNekem te vagy az a l\u00e1ny,akit \u00e9n mindig \u00fagy v\u00e1rtam.<br \/>\nMegl\u00e1ttam szemeidet, \u00e9reztem m\u00falik a b\u00e1nat.<br \/>\nSzomor\u00fa volt a sz\u00edvem, csal\u00f3dtam l\u00e1nyokban sz\u00e1zszor.<br \/>\nTudd meg, hogy te vagy nekem, aki\u00e9rt sz\u00edvem \u00fagy l\u00e1ngol.<br \/>\nCs\u00f3kodat \u00edzlelem, n\u00e9zem a sz\u00e9p szemed,<br \/>\nezernyi boldogs\u00e1g v\u00e1r r\u00e1nk.<br \/>\nFeledni nem tudom, cs\u00f3kod az ajkamon,<br \/>\na sz\u00edvem \u00e9rted dobban m\u00e1r.<br \/>\nCs\u00f3kodat \u00edzlelem, s fogom a k\u00e9t kezed,<br \/>\na sz\u00edvem olyan boldog m\u00e1r.<br \/>\nN\u00e9lk\u00fcled az \u00e9let, nem is \u00e9rne semmit tal\u00e1n.<br \/>\n&#8212;Sz\u00f3l\u00f3&#8212;<\/p>\n<p>Cs\u00f3kodat \u00edzlelem, n\u00e9zem a sz\u00e9p szemed,<br \/>\nezernyi boldogs\u00e1g v\u00e1r r\u00e1nk.<br \/>\nFeledni nem tudom, cs\u00f3kod az ajkamon,<br \/>\na sz\u00edvem \u00e9rted dobban m\u00e1r.<br \/>\nCs\u00f3kodat \u00edzlelem, s fogom a k\u00e9t kezed,<br \/>\na sz\u00edvem olyan boldog m\u00e1r.<br \/>\nN\u00e9lk\u00fcled az \u00e9let, nem is \u00e9rne semmit tal\u00e1n.<\/p>\n<p>Cs\u00f3kodat \u00edzlelem, n\u00e9zem a sz\u00e9p szemed,<br \/>\nezernyi boldogs\u00e1g v\u00e1r r\u00e1nk.<br \/>\nFeledni nem tudom, cs\u00f3kod az ajkamon,<br \/>\na sz\u00edvem \u00e9rted dobban m\u00e1r.<br \/>\nCs\u00f3kodat \u00edzlelem, s fogom a k\u00e9t kezed,<br \/>\na sz\u00edvem olyan boldog m\u00e1r.<br \/>\nN\u00e9lk\u00fcled az \u00e9let, nem is \u00e9rne semmit tal\u00e1n.<\/p>\n<p>&#8212;V\u00e9ge&#8212;<\/p>\n","protected":false},"featured_media":9007,"template":"","meta":{"site-sidebar-layout":"default","site-content-layout":"default","ast-site-content-layout":"default","site-content-style":"default","site-sidebar-style":"default","ast-global-header-display":"","ast-banner-title-visibility":"","ast-main-header-display":"","ast-hfb-above-header-display":"","ast-hfb-below-header-display":"","ast-hfb-mobile-header-display":"","site-post-title":"","ast-breadcrumbs-content":"","ast-featured-img":"","footer-sml-layout":"","theme-transparent-header-meta":"default","adv-header-id-meta":"","stick-header-meta":"","header-above-stick-meta":"","header-main-stick-meta":"","header-below-stick-meta":"","astra-migrate-meta-layouts":"set","ast-page-background-enabled":"default","ast-page-background-meta":{"desktop":{"background-color":"var(--ast-global-color-4)","background-image":"","background-repeat":"repeat","background-position":"center center","background-size":"auto","background-attachment":"scroll","background-type":"","background-media":"","overlay-type":"","overlay-color":"","overlay-opacity":"","overlay-gradient":""},"tablet":{"background-color":"","background-image":"","background-repeat":"repeat","background-position":"center center","background-size":"auto","background-attachment":"scroll","background-type":"","background-media":"","overlay-type":"","overlay-color":"","overlay-opacity":"","overlay-gradient":""},"mobile":{"background-color":"","background-image":"","background-repeat":"repeat","background-position":"center center","background-size":"auto","background-attachment":"scroll","background-type":"","background-media":"","overlay-type":"","overlay-color":"","overlay-opacity":"","overlay-gradient":""}},"ast-content-background-meta":{"desktop":{"background-color":"var(--ast-global-color-5)","background-image":"","background-repeat":"repeat","background-position":"center center","background-size":"auto","background-attachment":"scroll","background-type":"","background-media":"","overlay-type":"","overlay-color":"","overlay-opacity":"","overlay-gradient":""},"tablet":{"background-color":"var(--ast-global-color-5)","background-image":"","background-repeat":"repeat","background-position":"center center","background-size":"auto","background-attachment":"scroll","background-type":"","background-media":"","overlay-type":"","overlay-color":"","overlay-opacity":"","overlay-gradient":""},"mobile":{"background-color":"var(--ast-global-color-5)","background-image":"","background-repeat":"repeat","background-position":"center center","background-size":"auto","background-attachment":"scroll","background-type":"","background-media":"","overlay-type":"","overlay-color":"","overlay-opacity":"","overlay-gradient":""}}},"product_cat":[48],"product_tag":[],"class_list":["post-3618","product","type-product","status-publish","has-post-thumbnail","hentry","product_cat-sunkaraoke-dalok","desktop-align-left","tablet-align-left","mobile-align-left"],"_links":{"self":[{"href":"https:\/\/www.sunkaraoke.hu\/index.php\/wp-json\/wp\/v2\/product\/3618","targetHints":{"allow":["GET"]}}],"collection":[{"href":"https:\/\/www.sunkaraoke.hu\/index.php\/wp-json\/wp\/v2\/product"}],"about":[{"href":"https:\/\/www.sunkaraoke.hu\/index.php\/wp-json\/wp\/v2\/types\/product"}],"wp:featuredmedia":[{"embeddable":true,"href":"https:\/\/www.sunkaraoke.hu\/index.php\/wp-json\/wp\/v2\/media\/9007"}],"wp:attachment":[{"href":"https:\/\/www.sunkaraoke.hu\/index.php\/wp-json\/wp\/v2\/media?parent=3618"}],"wp:term":[{"taxonomy":"product_cat","embeddable":true,"href":"https:\/\/www.sunkaraoke.hu\/index.php\/wp-json\/wp\/v2\/product_cat?post=3618"},{"taxonomy":"product_tag","embeddable":true,"href":"https:\/\/www.sunkaraoke.hu\/index.php\/wp-json\/wp\/v2\/product_tag?post=3618"}],"curies":[{"name":"wp","href":"https:\/\/api.w.org\/{rel}","templated":true}]}}