{"id":3617,"date":"2022-08-08T20:46:33","date_gmt":"2022-08-08T20:46:33","guid":{"rendered":"https:\/\/www.sunkaraoke.hu\/index.php\/termek\/suzy-jolly-szerelem-hajnalan\/"},"modified":"2026-02-14T15:46:17","modified_gmt":"2026-02-14T13:46:17","slug":"suzy-jolly-szerelem-hajnalan","status":"publish","type":"product","link":"https:\/\/www.sunkaraoke.hu\/index.php\/termek\/suzy-jolly-szerelem-hajnalan\/","title":{"rendered":"<div class=\"wcmp-player-container product-3617\"><audio controlslist=\"nodownload\" data-product=\"3617\"  volume=\"1\"  preload=\"none\" data-lazyloading=\"none\" class=\"wcmp-player track mejs-classic\" data-duration=\"0:30\" data-estimated_duration=\"3\"><source src=\"https:\/\/www.sunkaraoke.hu\/wp-content\/uploads\/2022\/08\/Szerelem-hajnalan-vocal_demo.mp3\" type=\"audio\/mp3\" \/><\/audio><\/div>Suzy &#038; Jolly &#8211; Szerelem hajnal\u00e1n (Original)"},"content":{"rendered":"<p><strong>03:41<\/strong> | <strong><img loading=\"lazy\" decoding=\"async\" class=\"alignnone size-full wp-image-466\" src=\"https:\/\/www.sunkaraoke.hu\/wp-content\/uploads\/2022\/07\/choir_1-copy.webp\" alt=\"\" width=\"30\" height=\"30\" \/> <\/strong><\/p>\n","protected":false},"excerpt":{"rendered":"<h6>Bits\u0171r\u0171s\u00e9g: 320 kb\/s<br \/>\nHossz: 03:41<br \/>\nVok\u00e1lt tartalmaz: Igen <img loading=\"lazy\" decoding=\"async\" class=\"alignnone size-full wp-image-466\" src=\"http:\/\/www.sunkaraoke.hu\/wp-content\/uploads\/2022\/07\/choir_1-copy.png\" alt=\"\" width=\"30\" height=\"30\" \/><strong style=\"font-size: 16px;\"><br \/>\n<\/strong><\/h6>\n<p>Sunkaraoke mp3 st\u00fadi\u00f3 \/ www.sunkaraoke.hu \/ Inf: Tel: 06 20 4275001<\/p>\n<p>&#8212;Intr\u00f3&#8212;<br \/>\nEgy v\u00e9gtelen \u00e9j, csak veled,<br \/>\naz kell neked, hogy \u00fajra \u00e9rezd.<br \/>\nKellesz nekem, \u00f3 minden \u00e9jjel,<br \/>\nmert meg\u00f6l a v\u00e1gy, ha nem vagy itt velem.<\/p>\n<p>Add nekem ezt az \u00e9jszak\u00e1t,<br \/>\n\u00e9s gyere b\u00fajj k\u00f6zel hozz\u00e1m!<br \/>\n\u00dagy \u00f6lelj ahogy senki m\u00e1st,<br \/>\n\u00f3h, a szerelem hajnal\u00e1n.<br \/>\nAdd nekem ezt az \u00e9jszak\u00e1t,<br \/>\n\u00e9s gyere b\u00fajj k\u00f6zel hozz\u00e1m!<br \/>\nK\u00e9rlek \u00fagy szeress engem,<br \/>\nahogy m\u00e9g senki m\u00e1st!<\/p>\n<p>Egy \u0151r\u00f6lt \u00e9j, csak veled,<br \/>\naz kell neked, hogy \u00fajra \u00e9rezz.<br \/>\nKellesz nekem, minden \u00e9jjel.<br \/>\nmert meg\u00f6l a v\u00e1gy,<br \/>\nha nem vagy itt velem.<\/p>\n<p>Add nekem ezt az \u00e9jszak\u00e1t,<br \/>\n\u00e9s gyere b\u00fajj k\u00f6zel hozz\u00e1m!<br \/>\n\u00dagy \u00f6lelj ahogy senki m\u00e1st,<br \/>\n\u00f3h, a szerelem hajnal\u00e1n.<br \/>\nAdd nekem ezt az \u00e9jszak\u00e1t,<br \/>\n\u00e9s gyere b\u00fajj k\u00f6zel hozz\u00e1m!<br \/>\nK\u00e9rlek \u00fagy szeress engem,<br \/>\nahogy m\u00e9g senki m\u00e1st!<br \/>\n&#8212;Sz\u00f3l\u00f3&#8212;<\/p>\n<p>Add nekem ezt az \u00e9jszak\u00e1t,<br \/>\n\u00e9s gyere b\u00fajj k\u00f6zel hozz\u00e1m!<br \/>\n\u00dagy \u00f6lelj ahogy senki m\u00e1st,<br \/>\n\u00f3h, a szerelem hajnal\u00e1n.<br \/>\nAdd nekem ezt az \u00e9jszak\u00e1t,<br \/>\n\u00e9s gyere b\u00fajj k\u00f6zel hozz\u00e1m!<br \/>\nK\u00e9rlek \u00fagy szeress engem,<br \/>\nahogy m\u00e9g senki m\u00e1st!<br \/>\n&#8212;V\u00e9ge&#8212;<\/p>\n","protected":false},"featured_media":9007,"template":"","meta":{"site-sidebar-layout":"default","site-content-layout":"default","ast-site-content-layout":"default","site-content-style":"default","site-sidebar-style":"default","ast-global-header-display":"","ast-banner-title-visibility":"","ast-main-header-display":"","ast-hfb-above-header-display":"","ast-hfb-below-header-display":"","ast-hfb-mobile-header-display":"","site-post-title":"","ast-breadcrumbs-content":"","ast-featured-img":"","footer-sml-layout":"","theme-transparent-header-meta":"default","adv-header-id-meta":"","stick-header-meta":"","header-above-stick-meta":"","header-main-stick-meta":"","header-below-stick-meta":"","astra-migrate-meta-layouts":"set","ast-page-background-enabled":"default","ast-page-background-meta":{"desktop":{"background-color":"var(--ast-global-color-4)","background-image":"","background-repeat":"repeat","background-position":"center center","background-size":"auto","background-attachment":"scroll","background-type":"","background-media":"","overlay-type":"","overlay-color":"","overlay-opacity":"","overlay-gradient":""},"tablet":{"background-color":"","background-image":"","background-repeat":"repeat","background-position":"center center","background-size":"auto","background-attachment":"scroll","background-type":"","background-media":"","overlay-type":"","overlay-color":"","overlay-opacity":"","overlay-gradient":""},"mobile":{"background-color":"","background-image":"","background-repeat":"repeat","background-position":"center center","background-size":"auto","background-attachment":"scroll","background-type":"","background-media":"","overlay-type":"","overlay-color":"","overlay-opacity":"","overlay-gradient":""}},"ast-content-background-meta":{"desktop":{"background-color":"var(--ast-global-color-5)","background-image":"","background-repeat":"repeat","background-position":"center center","background-size":"auto","background-attachment":"scroll","background-type":"","background-media":"","overlay-type":"","overlay-color":"","overlay-opacity":"","overlay-gradient":""},"tablet":{"background-color":"var(--ast-global-color-5)","background-image":"","background-repeat":"repeat","background-position":"center center","background-size":"auto","background-attachment":"scroll","background-type":"","background-media":"","overlay-type":"","overlay-color":"","overlay-opacity":"","overlay-gradient":""},"mobile":{"background-color":"var(--ast-global-color-5)","background-image":"","background-repeat":"repeat","background-position":"center center","background-size":"auto","background-attachment":"scroll","background-type":"","background-media":"","overlay-type":"","overlay-color":"","overlay-opacity":"","overlay-gradient":""}}},"product_cat":[48],"product_tag":[],"class_list":["post-3617","product","type-product","status-publish","has-post-thumbnail","hentry","product_cat-sunkaraoke-dalok","desktop-align-left","tablet-align-left","mobile-align-left"],"_links":{"self":[{"href":"https:\/\/www.sunkaraoke.hu\/index.php\/wp-json\/wp\/v2\/product\/3617","targetHints":{"allow":["GET"]}}],"collection":[{"href":"https:\/\/www.sunkaraoke.hu\/index.php\/wp-json\/wp\/v2\/product"}],"about":[{"href":"https:\/\/www.sunkaraoke.hu\/index.php\/wp-json\/wp\/v2\/types\/product"}],"wp:featuredmedia":[{"embeddable":true,"href":"https:\/\/www.sunkaraoke.hu\/index.php\/wp-json\/wp\/v2\/media\/9007"}],"wp:attachment":[{"href":"https:\/\/www.sunkaraoke.hu\/index.php\/wp-json\/wp\/v2\/media?parent=3617"}],"wp:term":[{"taxonomy":"product_cat","embeddable":true,"href":"https:\/\/www.sunkaraoke.hu\/index.php\/wp-json\/wp\/v2\/product_cat?post=3617"},{"taxonomy":"product_tag","embeddable":true,"href":"https:\/\/www.sunkaraoke.hu\/index.php\/wp-json\/wp\/v2\/product_tag?post=3617"}],"curies":[{"name":"wp","href":"https:\/\/api.w.org\/{rel}","templated":true}]}}