{"id":3611,"date":"2022-08-08T20:46:33","date_gmt":"2022-08-08T20:46:33","guid":{"rendered":"https:\/\/www.sunkaraoke.hu\/index.php\/termek\/domotor-balazs-csongess-be-hozzam\/"},"modified":"2026-02-14T15:46:17","modified_gmt":"2026-02-14T13:46:17","slug":"domotor-balazs-csongess-be-hozzam","status":"publish","type":"product","link":"https:\/\/www.sunkaraoke.hu\/index.php\/termek\/domotor-balazs-csongess-be-hozzam\/","title":{"rendered":"<div class=\"wcmp-player-container product-3611\"><audio controlslist=\"nodownload\" data-product=\"3611\"  volume=\"1\"  preload=\"none\" data-lazyloading=\"none\" class=\"wcmp-player track mejs-classic\" data-duration=\"0:33\" data-estimated_duration=\"4\"><source src=\"https:\/\/www.sunkaraoke.hu\/wp-content\/uploads\/2022\/08\/Csongess-be-hozzam-Orig-Domotor-DB-demo.mp3\" type=\"audio\/mp3\" \/><\/audio><\/div>D\u00f6m\u00f6t\u00f6r Bal\u00e1zs &#8211; Cs\u00f6ngess be hozz\u00e1m (Original)"},"content":{"rendered":"<p><strong>02:54<\/strong> | <strong><img loading=\"lazy\" decoding=\"async\" class=\"alignnone size-full wp-image-467\" src=\"https:\/\/www.sunkaraoke.hu\/wp-content\/uploads\/2022\/07\/choir_2-copy.webp\" alt=\"\" width=\"30\" height=\"30\" \/> <\/strong><\/p>\n","protected":false},"excerpt":{"rendered":"<h6><strong>Bits\u0171r\u0171s\u00e9g: 320 k<\/strong>b\/s<strong><br \/>\n<\/strong><strong>Hossz: <\/strong>02:54<strong><br \/>\n<\/strong><strong style=\"font-size: 16px;\">Vok\u00e1lt tartalmaz: <\/strong>Nem <img loading=\"lazy\" decoding=\"async\" class=\"alignnone size-full wp-image-467\" src=\"http:\/\/www.sunkaraoke.hu\/wp-content\/uploads\/2022\/07\/choir_2-copy.png\" alt=\"\" width=\"30\" height=\"30\" \/><strong style=\"font-size: 16px;\"><br \/>\n<\/strong><\/h6>\n<p>Sunkaraoke mp3 st\u00fadi\u00f3 \/ www.sunkaraoke.hu \/ Inf: Tel: 06 20 4275001<\/p>\n<p>&#8211;Intr\u00f3&#8212;<br \/>\nBennem frissen \u00e9l minden sz\u00e9p eml\u00e9k,<br \/>\ntudok minden bar\u00e1tr\u00f3l,<br \/>\n\u00e9s ha felcsend\u00fcl a dallam,<br \/>\nlelkem hozz\u00e1d vissza v\u00e1ndorol.<br \/>\n\u00c9n m\u00e9g eml\u00e9kszem hol a tejb\u00fcf\u00e9,<br \/>\nhova sokszor bet\u00e9rt\u00fcnk,<br \/>\n\u00fclt\u00fcnk egy t\u00e1l \u00e9tel mellett,<br \/>\n\u00e9s a sz\u00e9p j\u00f6v\u0151r\u0151l besz\u00e9lt\u00fcnk.<\/p>\n<p>Cs\u00f6ngess be hozz\u00e1m j\u00f3 bar\u00e1t,<br \/>\ncsak ne \u00e1lmos hajnalon,<br \/>\na takar\u00f3mat \u00e9n ilyenkor a fejemre h\u00fazom.<br \/>\nCs\u00f6ngess be hozz\u00e1m j\u00f3 bar\u00e1t,<br \/>\ncsak ne \u00e1lmos hajnalon,<br \/>\na takar\u00f3mat \u00e9n ilyenkor a fejemre h\u00fazom.<br \/>\n&#8212;Sz\u00f3l\u00f3&#8212;<br \/>\nN\u00e9ha \u00fajs\u00e1gb\u00f3l felolvastunk,<br \/>\n\u00e9s szavaltunk verseket,<br \/>\n\u00e9s ha l\u00e1nyok j\u00f6ttek arra,<br \/>\negy\u00fctt \u00e9lvezt\u00fck a perceket.<br \/>\nNekem m\u00e1st \u00edrtak meg a csillagok,<br \/>\nde te arr\u00f3l nem tehetsz,<br \/>\nhogyha \u00e9ppen \u00e9n hi\u00e1nyzom,<br \/>\nhozz\u00e1m ak\u00e1rmikor felj\u00f6hetsz!<br \/>\nCs\u00f6ngess be hozz\u00e1m j\u00f3 bar\u00e1t,<br \/>\ncsak ne \u00e1lmos hajnalon,<br \/>\na takar\u00f3mat \u00e9n ilyenkor a fejemre h\u00fazom.<br \/>\nCs\u00f6ngess be hozz\u00e1m j\u00f3 bar\u00e1t,<br \/>\ncsak ne \u00e1lmos hajnalon,<br \/>\na takar\u00f3mat \u00e9n ilyenkor a fejemre h\u00fazom.<br \/>\n&#8212;Sz\u00f3l\u00f3&#8212;<br \/>\nCs\u00f6ngess be hozz\u00e1m j\u00f3 bar\u00e1t,<br \/>\ncsak ne \u00e1lmos hajnalon,<br \/>\na takar\u00f3mat \u00e9n ilyenkor a fejemre h\u00fazom.<br \/>\nCs\u00f6ngess be hozz\u00e1m j\u00f3 bar\u00e1t,<br \/>\ncsak ne \u00e1lmos hajnalon,<br \/>\na takar\u00f3mat \u00e9n ilyenkor a fejemre h\u00fazom.<br \/>\n&#8212;V\u00e9ge&#8212;<\/p>\n","protected":false},"featured_media":13436,"template":"","meta":{"site-sidebar-layout":"default","site-content-layout":"default","ast-site-content-layout":"default","site-content-style":"default","site-sidebar-style":"default","ast-global-header-display":"","ast-banner-title-visibility":"","ast-main-header-display":"","ast-hfb-above-header-display":"","ast-hfb-below-header-display":"","ast-hfb-mobile-header-display":"","site-post-title":"","ast-breadcrumbs-content":"","ast-featured-img":"","footer-sml-layout":"","theme-transparent-header-meta":"default","adv-header-id-meta":"","stick-header-meta":"","header-above-stick-meta":"","header-main-stick-meta":"","header-below-stick-meta":"","astra-migrate-meta-layouts":"set","ast-page-background-enabled":"default","ast-page-background-meta":{"desktop":{"background-color":"var(--ast-global-color-4)","background-image":"","background-repeat":"repeat","background-position":"center center","background-size":"auto","background-attachment":"scroll","background-type":"","background-media":"","overlay-type":"","overlay-color":"","overlay-opacity":"","overlay-gradient":""},"tablet":{"background-color":"","background-image":"","background-repeat":"repeat","background-position":"center center","background-size":"auto","background-attachment":"scroll","background-type":"","background-media":"","overlay-type":"","overlay-color":"","overlay-opacity":"","overlay-gradient":""},"mobile":{"background-color":"","background-image":"","background-repeat":"repeat","background-position":"center center","background-size":"auto","background-attachment":"scroll","background-type":"","background-media":"","overlay-type":"","overlay-color":"","overlay-opacity":"","overlay-gradient":""}},"ast-content-background-meta":{"desktop":{"background-color":"var(--ast-global-color-5)","background-image":"","background-repeat":"repeat","background-position":"center center","background-size":"auto","background-attachment":"scroll","background-type":"","background-media":"","overlay-type":"","overlay-color":"","overlay-opacity":"","overlay-gradient":""},"tablet":{"background-color":"var(--ast-global-color-5)","background-image":"","background-repeat":"repeat","background-position":"center center","background-size":"auto","background-attachment":"scroll","background-type":"","background-media":"","overlay-type":"","overlay-color":"","overlay-opacity":"","overlay-gradient":""},"mobile":{"background-color":"var(--ast-global-color-5)","background-image":"","background-repeat":"repeat","background-position":"center center","background-size":"auto","background-attachment":"scroll","background-type":"","background-media":"","overlay-type":"","overlay-color":"","overlay-opacity":"","overlay-gradient":""}}},"product_cat":[46],"product_tag":[],"class_list":["post-3611","product","type-product","status-publish","has-post-thumbnail","hentry","product_cat-eredeti-karaoke-dalok","desktop-align-left","tablet-align-left","mobile-align-left"],"_links":{"self":[{"href":"https:\/\/www.sunkaraoke.hu\/index.php\/wp-json\/wp\/v2\/product\/3611","targetHints":{"allow":["GET"]}}],"collection":[{"href":"https:\/\/www.sunkaraoke.hu\/index.php\/wp-json\/wp\/v2\/product"}],"about":[{"href":"https:\/\/www.sunkaraoke.hu\/index.php\/wp-json\/wp\/v2\/types\/product"}],"wp:featuredmedia":[{"embeddable":true,"href":"https:\/\/www.sunkaraoke.hu\/index.php\/wp-json\/wp\/v2\/media\/13436"}],"wp:attachment":[{"href":"https:\/\/www.sunkaraoke.hu\/index.php\/wp-json\/wp\/v2\/media?parent=3611"}],"wp:term":[{"taxonomy":"product_cat","embeddable":true,"href":"https:\/\/www.sunkaraoke.hu\/index.php\/wp-json\/wp\/v2\/product_cat?post=3611"},{"taxonomy":"product_tag","embeddable":true,"href":"https:\/\/www.sunkaraoke.hu\/index.php\/wp-json\/wp\/v2\/product_tag?post=3611"}],"curies":[{"name":"wp","href":"https:\/\/api.w.org\/{rel}","templated":true}]}}