{"id":3610,"date":"2022-08-08T20:46:33","date_gmt":"2022-08-08T20:46:33","guid":{"rendered":"https:\/\/www.sunkaraoke.hu\/index.php\/termek\/domotor-balazs-csak-egy-tanc-volt\/"},"modified":"2025-03-31T17:13:10","modified_gmt":"2025-03-31T17:13:10","slug":"domotor-balazs-csak-egy-tanc-volt","status":"publish","type":"product","link":"https:\/\/www.sunkaraoke.hu\/index.php\/termek\/domotor-balazs-csak-egy-tanc-volt\/","title":{"rendered":"<div class=\"wcmp-player-container product-3610\"><audio controlslist=\"nodownload\" data-product=\"3610\"  volume=\"1\"  preload=\"none\" data-lazyloading=\"none\" class=\"wcmp-player track mejs-classic\" data-duration=\"0:31\" data-estimated_duration=\"4\"><source src=\"https:\/\/www.sunkaraoke.hu\/wp-content\/uploads\/2022\/08\/Csak-egy-tanc-Domotor-demo.mp3\" type=\"audio\/mp3\" \/><\/audio><\/div>D\u00f6m\u00f6t\u00f6r Bal\u00e1zs &#8211; Csak egy t\u00e1nc volt (Original)"},"content":{"rendered":"<p><strong>03:05<\/strong> | <strong><img loading=\"lazy\" decoding=\"async\" class=\"alignnone size-full wp-image-467\" src=\"https:\/\/www.sunkaraoke.hu\/wp-content\/uploads\/2022\/07\/choir_2-copy.webp\" alt=\"\" width=\"30\" height=\"30\" \/> <\/strong><\/p>\n","protected":false},"excerpt":{"rendered":"<h6><strong>Bits\u0171r\u0171s\u00e9g: 320<\/strong>kb\/s<strong><br \/>\n<\/strong><strong>Hossz: <\/strong>03:05<strong><br \/>\n<\/strong><strong style=\"font-size: 16px;\">Vok\u00e1lt tartalmaz: <\/strong>Nem <img loading=\"lazy\" decoding=\"async\" class=\"alignnone size-full wp-image-467\" src=\"http:\/\/www.sunkaraoke.hu\/wp-content\/uploads\/2022\/07\/choir_2-copy.png\" alt=\"\" width=\"30\" height=\"30\" \/><strong style=\"font-size: 16px;\"><br \/>\n<\/strong><\/h6>\n<p>Sunkaraoke mp3 st\u00fadi\u00f3 \/ www.sunkaraoke.hu \/ Inf: Tel: 06 20 4275001<\/p>\n<p>&#8212;Intr\u00f3&#8212;<br \/>\nCsak egy t\u00e1nc volt mit t\u0151led kaptam \u00e9n,<br \/>\nazut\u00e1n ment minden k\u00f6nnyed\u00e9n,<br \/>\negy\u00fctt ment\u00fcnk haza az \u00faton,<br \/>\n\u00e9s a t\u00f6bbit nem tudom.<br \/>\nCsak egy cs\u00f3k volt boldog pillanat,<br \/>\namit loptam kaputok alatt,<br \/>\nt\u00f6bbsz\u00f6r mondtad \u00e9s most b\u00facs\u00fazom,<br \/>\n\u00e9s a t\u00f6bbit nem tudom.<\/p>\n<p>Ny\u00edlt a kapu, ki v\u00e1rt re\u00e1d,<br \/>\nnem volt az m\u00e1s, csak a mam\u00e1d.<br \/>\nR\u00e1d is mordult,gyere be,<br \/>\nt\u00f6bb\u00e9 nem engedlek el vele.<br \/>\nCsak egy t\u00e1nc volt mit t\u0151led kaptam \u00e9n,<br \/>\nde m\u00e1r t\u00f6bb kell maradj az eny\u00e9m,<br \/>\nmeg is k\u00e9rem a kezed ez\u00faton,<br \/>\n\u00e9s a t\u00f6bbit nem tudom.<br \/>\n&#8212;Sz\u00f3l\u00f3&#8212;<br \/>\nNy\u00edlt a kapu, ki v\u00e1rt re\u00e1d,<br \/>\nnem volt az m\u00e1s, csak a mam\u00e1d.<br \/>\nR\u00e1d is mordult,gyere be,<br \/>\nt\u00f6bb\u00e9 nem engedlek el vele.<br \/>\nCsak egy t\u00e1nc volt mit t\u0151led kaptam \u00e9n,<br \/>\nazut\u00e1n ment minden k\u00f6nnyed\u00e9n,<br \/>\negy\u00fctt ment\u00fcnk haza az \u00faton,<br \/>\n\u00e9s a t\u00f6bbit nem tudom.<br \/>\n&#8212;Sz\u00f3l\u00f3&#8212;<br \/>\nCsak egy t\u00e1nc volt mit t\u0151led kaptam \u00e9n,<br \/>\nazut\u00e1n ment minden k\u00f6nnyed\u00e9n,<br \/>\negy\u00fctt ment\u00fcnk haza az \u00faton,<br \/>\n\u00e9s a t\u00f6bbit nem tudom.<br \/>\nCsak egy cs\u00f3k volt boldog pillanat,<br \/>\namit loptam kaputok alatt,<br \/>\nt\u00f6bbsz\u00f6r mondtad \u00e9s most b\u00facs\u00fazom,<br \/>\n\u00e9s a t\u00f6bbit nem tudom.<br \/>\nNy\u00edlt a kapu, ki v\u00e1rt re\u00e1d,<br \/>\nnem volt az m\u00e1s, csak a mam\u00e1d.<br \/>\nR\u00e1d is mordult,gyere be,<br \/>\nt\u00f6bb\u00e9 nem engedlek el vele.<br \/>\nCsak egy t\u00e1nc volt mit t\u0151led kaptam \u00e9n,<br \/>\nazut\u00e1n ment minden k\u00f6nnyed\u00e9n,<br \/>\negy\u00fctt ment\u00fcnk haza az \u00faton,<br \/>\n\u00e9s a t\u00f6bbit nem tudom,<br \/>\n\u00e9s a t\u00f6bbit nem tudom.<br \/>\n&#8212;V\u00e9ge&#8212;<\/p>\n","protected":false},"featured_media":13436,"template":"","meta":{"site-sidebar-layout":"default","site-content-layout":"default","ast-site-content-layout":"default","site-content-style":"default","site-sidebar-style":"default","ast-global-header-display":"","ast-banner-title-visibility":"","ast-main-header-display":"","ast-hfb-above-header-display":"","ast-hfb-below-header-display":"","ast-hfb-mobile-header-display":"","site-post-title":"","ast-breadcrumbs-content":"","ast-featured-img":"","footer-sml-layout":"","theme-transparent-header-meta":"default","adv-header-id-meta":"","stick-header-meta":"","header-above-stick-meta":"","header-main-stick-meta":"","header-below-stick-meta":"","astra-migrate-meta-layouts":"set","ast-page-background-enabled":"default","ast-page-background-meta":{"desktop":{"background-color":"var(--ast-global-color-4)","background-image":"","background-repeat":"repeat","background-position":"center center","background-size":"auto","background-attachment":"scroll","background-type":"","background-media":"","overlay-type":"","overlay-color":"","overlay-opacity":"","overlay-gradient":""},"tablet":{"background-color":"","background-image":"","background-repeat":"repeat","background-position":"center center","background-size":"auto","background-attachment":"scroll","background-type":"","background-media":"","overlay-type":"","overlay-color":"","overlay-opacity":"","overlay-gradient":""},"mobile":{"background-color":"","background-image":"","background-repeat":"repeat","background-position":"center center","background-size":"auto","background-attachment":"scroll","background-type":"","background-media":"","overlay-type":"","overlay-color":"","overlay-opacity":"","overlay-gradient":""}},"ast-content-background-meta":{"desktop":{"background-color":"var(--ast-global-color-5)","background-image":"","background-repeat":"repeat","background-position":"center center","background-size":"auto","background-attachment":"scroll","background-type":"","background-media":"","overlay-type":"","overlay-color":"","overlay-opacity":"","overlay-gradient":""},"tablet":{"background-color":"var(--ast-global-color-5)","background-image":"","background-repeat":"repeat","background-position":"center center","background-size":"auto","background-attachment":"scroll","background-type":"","background-media":"","overlay-type":"","overlay-color":"","overlay-opacity":"","overlay-gradient":""},"mobile":{"background-color":"var(--ast-global-color-5)","background-image":"","background-repeat":"repeat","background-position":"center center","background-size":"auto","background-attachment":"scroll","background-type":"","background-media":"","overlay-type":"","overlay-color":"","overlay-opacity":"","overlay-gradient":""}}},"product_cat":[46],"product_tag":[],"class_list":["post-3610","product","type-product","status-publish","has-post-thumbnail","hentry","product_cat-eredeti-karaoke-dalok","desktop-align-left","tablet-align-left","mobile-align-left"],"_links":{"self":[{"href":"https:\/\/www.sunkaraoke.hu\/index.php\/wp-json\/wp\/v2\/product\/3610","targetHints":{"allow":["GET"]}}],"collection":[{"href":"https:\/\/www.sunkaraoke.hu\/index.php\/wp-json\/wp\/v2\/product"}],"about":[{"href":"https:\/\/www.sunkaraoke.hu\/index.php\/wp-json\/wp\/v2\/types\/product"}],"wp:featuredmedia":[{"embeddable":true,"href":"https:\/\/www.sunkaraoke.hu\/index.php\/wp-json\/wp\/v2\/media\/13436"}],"wp:attachment":[{"href":"https:\/\/www.sunkaraoke.hu\/index.php\/wp-json\/wp\/v2\/media?parent=3610"}],"wp:term":[{"taxonomy":"product_cat","embeddable":true,"href":"https:\/\/www.sunkaraoke.hu\/index.php\/wp-json\/wp\/v2\/product_cat?post=3610"},{"taxonomy":"product_tag","embeddable":true,"href":"https:\/\/www.sunkaraoke.hu\/index.php\/wp-json\/wp\/v2\/product_tag?post=3610"}],"curies":[{"name":"wp","href":"https:\/\/api.w.org\/{rel}","templated":true}]}}