{"id":3607,"date":"2022-08-08T20:46:32","date_gmt":"2022-08-08T20:46:32","guid":{"rendered":"https:\/\/www.sunkaraoke.hu\/index.php\/termek\/domotor-balazs-ott-varok-rad\/"},"modified":"2025-04-08T12:18:49","modified_gmt":"2025-04-08T12:18:49","slug":"domotor-balazs-ott-varok-rad","status":"publish","type":"product","link":"https:\/\/www.sunkaraoke.hu\/index.php\/termek\/domotor-balazs-ott-varok-rad\/","title":{"rendered":"<div class=\"wcmp-player-container product-3607\"><audio controlslist=\"nodownload\" data-product=\"3607\"  volume=\"1\"  preload=\"none\" data-lazyloading=\"none\" class=\"wcmp-player track mejs-classic\" data-duration=\"0:38\" data-estimated_duration=\"4\"><source src=\"https:\/\/www.sunkaraoke.hu\/wp-content\/uploads\/2022\/08\/Ott-varok-rad_demo.mp3\" type=\"audio\/mp3\" \/><\/audio><\/div>D\u00f6m\u00f6t\u00f6r Bal\u00e1zs &#8211; Ott v\u00e1rok r\u00e1d (Original)"},"content":{"rendered":"<p><strong>03:19<\/strong> | <strong><img loading=\"lazy\" decoding=\"async\" class=\"alignnone size-full wp-image-467\" src=\"https:\/\/www.sunkaraoke.hu\/wp-content\/uploads\/2022\/07\/choir_2-copy.webp\" alt=\"\" width=\"30\" height=\"30\" \/> <\/strong><\/p>\n","protected":false},"excerpt":{"rendered":"<h6><strong>Bits\u0171r\u0171s\u00e9g: 320<\/strong>kb\/s<strong><br \/>\n<\/strong><strong>Hossz: <\/strong>03:19<strong><br \/>\n<\/strong><strong style=\"font-size: 16px;\">Vok\u00e1lt tartalmaz: <\/strong>Nem <img loading=\"lazy\" decoding=\"async\" class=\"alignnone size-full wp-image-467\" src=\"http:\/\/www.sunkaraoke.hu\/wp-content\/uploads\/2022\/07\/choir_2-copy.png\" alt=\"\" width=\"30\" height=\"30\" \/><strong style=\"font-size: 16px;\"><br \/>\n<\/strong><\/h6>\n<p>Sunkaraoke mp3 st\u00fadi\u00f3 \/ www.sunkaraoke.hu \/ Inf: Tel: 06 20 4275001<\/p>\n<p>&#8212;Intr\u00f3&#8212;<br \/>\nIndul a parti, a Duna-parti,<br \/>\ntudod nem k\u00e9ne err\u0151l lemaradni.<br \/>\nHiszen neked is, nekem is ugyanolyan j\u00f3,<br \/>\nminek otthon \u00fclni, itt a bungal\u00f3.<br \/>\nH\u00e1t gyere, gyere, ne egyen a fene,<br \/>\n\u00e9n vagyok itt aki seg\u00edt neked ebben.<br \/>\nV\u00e1runk t\u00e9ged holnapig,<br \/>\nha most nem j\u00f6ssz, lemaradsz, nem vagy itt.<\/p>\n<p>\u00dagy szeretn\u00e9m, ha lenne szerencs\u00e9m,<br \/>\n\u00e9jjel megl\u00e1tn\u00e1m, \u00e9s meg is ismern\u00e9m.<br \/>\nTudom, nem hagyna el, b\u00e1rcsak elj\u00f6nn\u00e9l,<br \/>\nott majd v\u00e1rok r\u00e1d, a hold majd elk\u00eds\u00e9r.<br \/>\n\u00c9jjel ott v\u00e1rok r\u00e1d, ma \u00e9jjel elj\u00f6ssz hozz\u00e1m,<br \/>\nm\u00edg a parti v\u00e9get \u00e9r.<br \/>\n\u00c9jjel ott v\u00e1rok r\u00e1d, \u00e9rzem elj\u00f6ssz hozz\u00e1m,<br \/>\nkell hogy r\u00e1d tal\u00e1ljak m\u00e9g, a ma \u00e9jjel v\u00e1r r\u00e9g.<br \/>\n&#8212;Sz\u00f3l\u00f3&#8212;<br \/>\nIgen-igen-igen, m\u00e1r a torkomban a sz\u00edvem,<br \/>\nkeresem \u0151t, de sehol sincsen.<br \/>\nElsz\u00e9d\u00fclve bolyongok a szob\u00e1kban,<br \/>\nmi lesz ebb\u0151l vihar van a gaty\u00e1mban.<br \/>\nPedig hipp-hopp odaj\u00f6n a kip-kop,<br \/>\nazt mondod, hogy stip-stop \u00e9s viheted a n\u0151t.<br \/>\nUt\u00e1na pikk-pakk leker\u00fcl a flik-flak,<br \/>\na sz\u0151nyegen a nyik-nyak nyesegeted \u0151t.<\/p>\n<p>\u00dagy szeretn\u00e9m, ha lenne szerencs\u00e9m,<br \/>\n\u00e9jjel megl\u00e1tn\u00e1m, \u00e9s meg is ismern\u00e9m.<br \/>\nTudom, nem hagyna el b\u00e1rcsak elj\u00f6nn\u00e9l,<br \/>\nott majd v\u00e1rok r\u00e1d, a hold majd elk\u00eds\u00e9r.<br \/>\n\u00c9jjel ott v\u00e1rok r\u00e1d, ma \u00e9jjel elj\u00f6ssz hozz\u00e1m,<br \/>\nm\u00edg a parti v\u00e9get \u00e9r.<br \/>\n\u00c9jjel ott v\u00e1rok r\u00e1d, \u00e9rzem elj\u00f6ssz hozz\u00e1m,<br \/>\nkell hogy r\u00e1d tal\u00e1ljak m\u00e9g, a ma \u00e9jjel v\u00e1r r\u00e9g.<br \/>\n&#8212;Sz\u00f3l\u00f3&#8212;<br \/>\n\u00c9jjel ott v\u00e1rok r\u00e1d, ma \u00e9jjel elj\u00f6ssz hozz\u00e1m,<br \/>\nm\u00edg a party v\u00e9get \u00e9r.<br \/>\n\u00c9jjel ott v\u00e1rok r\u00e1d, \u00e9rzem elj\u00f6ssz hozz\u00e1m,<br \/>\nkell hogy r\u00e1d tal\u00e1ljak m\u00e9g, a ma \u00e9jjel v\u00e1r r\u00e9g.<br \/>\n&#8212;V\u00e9ge&#8212;<\/p>\n","protected":false},"featured_media":13436,"template":"","meta":{"site-sidebar-layout":"default","site-content-layout":"default","ast-site-content-layout":"default","site-content-style":"default","site-sidebar-style":"default","ast-global-header-display":"","ast-banner-title-visibility":"","ast-main-header-display":"","ast-hfb-above-header-display":"","ast-hfb-below-header-display":"","ast-hfb-mobile-header-display":"","site-post-title":"","ast-breadcrumbs-content":"","ast-featured-img":"","footer-sml-layout":"","theme-transparent-header-meta":"default","adv-header-id-meta":"","stick-header-meta":"","header-above-stick-meta":"","header-main-stick-meta":"","header-below-stick-meta":"","astra-migrate-meta-layouts":"set","ast-page-background-enabled":"default","ast-page-background-meta":{"desktop":{"background-color":"var(--ast-global-color-4)","background-image":"","background-repeat":"repeat","background-position":"center center","background-size":"auto","background-attachment":"scroll","background-type":"","background-media":"","overlay-type":"","overlay-color":"","overlay-opacity":"","overlay-gradient":""},"tablet":{"background-color":"","background-image":"","background-repeat":"repeat","background-position":"center center","background-size":"auto","background-attachment":"scroll","background-type":"","background-media":"","overlay-type":"","overlay-color":"","overlay-opacity":"","overlay-gradient":""},"mobile":{"background-color":"","background-image":"","background-repeat":"repeat","background-position":"center center","background-size":"auto","background-attachment":"scroll","background-type":"","background-media":"","overlay-type":"","overlay-color":"","overlay-opacity":"","overlay-gradient":""}},"ast-content-background-meta":{"desktop":{"background-color":"var(--ast-global-color-5)","background-image":"","background-repeat":"repeat","background-position":"center center","background-size":"auto","background-attachment":"scroll","background-type":"","background-media":"","overlay-type":"","overlay-color":"","overlay-opacity":"","overlay-gradient":""},"tablet":{"background-color":"var(--ast-global-color-5)","background-image":"","background-repeat":"repeat","background-position":"center center","background-size":"auto","background-attachment":"scroll","background-type":"","background-media":"","overlay-type":"","overlay-color":"","overlay-opacity":"","overlay-gradient":""},"mobile":{"background-color":"var(--ast-global-color-5)","background-image":"","background-repeat":"repeat","background-position":"center center","background-size":"auto","background-attachment":"scroll","background-type":"","background-media":"","overlay-type":"","overlay-color":"","overlay-opacity":"","overlay-gradient":""}}},"product_cat":[46],"product_tag":[],"class_list":["post-3607","product","type-product","status-publish","has-post-thumbnail","hentry","product_cat-eredeti-karaoke-dalok","desktop-align-left","tablet-align-left","mobile-align-left"],"_links":{"self":[{"href":"https:\/\/www.sunkaraoke.hu\/index.php\/wp-json\/wp\/v2\/product\/3607","targetHints":{"allow":["GET"]}}],"collection":[{"href":"https:\/\/www.sunkaraoke.hu\/index.php\/wp-json\/wp\/v2\/product"}],"about":[{"href":"https:\/\/www.sunkaraoke.hu\/index.php\/wp-json\/wp\/v2\/types\/product"}],"wp:featuredmedia":[{"embeddable":true,"href":"https:\/\/www.sunkaraoke.hu\/index.php\/wp-json\/wp\/v2\/media\/13436"}],"wp:attachment":[{"href":"https:\/\/www.sunkaraoke.hu\/index.php\/wp-json\/wp\/v2\/media?parent=3607"}],"wp:term":[{"taxonomy":"product_cat","embeddable":true,"href":"https:\/\/www.sunkaraoke.hu\/index.php\/wp-json\/wp\/v2\/product_cat?post=3607"},{"taxonomy":"product_tag","embeddable":true,"href":"https:\/\/www.sunkaraoke.hu\/index.php\/wp-json\/wp\/v2\/product_tag?post=3607"}],"curies":[{"name":"wp","href":"https:\/\/api.w.org\/{rel}","templated":true}]}}