{"id":3605,"date":"2022-08-08T20:46:32","date_gmt":"2022-08-08T20:46:32","guid":{"rendered":"https:\/\/www.sunkaraoke.hu\/index.php\/termek\/domotor-balazs-egy-alom-kell\/"},"modified":"2025-04-08T12:26:11","modified_gmt":"2025-04-08T12:26:11","slug":"domotor-balazs-egy-alom-kell","status":"publish","type":"product","link":"https:\/\/www.sunkaraoke.hu\/index.php\/termek\/domotor-balazs-egy-alom-kell\/","title":{"rendered":"<div class=\"wcmp-player-container product-3605\"><audio controlslist=\"nodownload\" data-product=\"3605\"  volume=\"1\"  preload=\"none\" data-lazyloading=\"none\" class=\"wcmp-player track mejs-classic\" data-duration=\"0:37\" data-estimated_duration=\"4\"><source src=\"https:\/\/www.sunkaraoke.hu\/wp-content\/uploads\/2022\/08\/Egy-alom-kell-kdemoo.mp3\" type=\"audio\/mp3\" \/><\/audio><\/div>D\u00f6m\u00f6t\u00f6r Bal\u00e1zs &#8211; Egy \u00e1lom kell \/Forever Young\/ (Original)"},"content":{"rendered":"<p><strong>03:51<\/strong> | <strong><img loading=\"lazy\" decoding=\"async\" class=\"alignnone size-full wp-image-467\" src=\"https:\/\/www.sunkaraoke.hu\/wp-content\/uploads\/2022\/07\/choir_2-copy.webp\" alt=\"\" width=\"30\" height=\"30\" \/> <\/strong><\/p>\n","protected":false},"excerpt":{"rendered":"<h6><strong>Bits\u0171r\u0171s\u00e9g: 320<\/strong>kb\/s<strong><br \/>\n<\/strong><strong>Hossz: <\/strong>03:51<strong><br \/>\n<\/strong><strong style=\"font-size: 16px;\">Vok\u00e1lt tartalmaz: <\/strong>Nem <img loading=\"lazy\" decoding=\"async\" class=\"alignnone size-full wp-image-467\" src=\"http:\/\/www.sunkaraoke.hu\/wp-content\/uploads\/2022\/07\/choir_2-copy.png\" alt=\"\" width=\"30\" height=\"30\" \/><strong style=\"font-size: 16px;\"><br \/>\n<\/strong><\/h6>\n<p>Sunkaraoke mp3 st\u00fadi\u00f3 \/ www.sunkaraoke.hu \/ Inf: Tel: 06 20 4275001<\/p>\n<p>&#8212;Intr\u00f3&#8212;<br \/>\nElindulunk \u00e9s j\u00e1runk az \u00faton,<br \/>\nvalamit v\u00e1runk, s azt kergetj\u00fck folyton.<br \/>\nAz id\u0151nk r\u00f6vid m\u00e9g is lehet es\u00e9ly,<br \/>\nhogy teljes\u00fcl egy \u00e1lom.<br \/>\nA er\u0151 kev\u00e9s \u00e9s t\u00fal sok a csapba,<br \/>\nfegyverek n\u00e9lk\u00fcl indulunk harcba,<br \/>\n\u00e9s t\u00f6r\u00e9kenyen \u00e1llunk ha j\u00f6n a vihar,<br \/>\ncsak rem\u00e9lj\u00fck, hogy nem lesz baj.<br \/>\nValaki gyorsan \u00e9l \u00e9s b\u00edzik a sorsban,<br \/>\nvalaki lassan \u00e9s sokszor megtorpan.<br \/>\nV\u00e1lasztani kell, hogy mi is a c\u00e9l,<br \/>\na te \u00e1lmod az hol van?<\/p>\n<p>Mert \u00e1lom kell, hogy gyermek maradj,az \u00e9letben.<br \/>\nAz id\u0151 m\u00falhat, de az \u00e1lmot \u0151rizd,<br \/>\n\u00f6r\u00f6kre a sz\u00edvedben.<br \/>\nSok \u00e1lom kell, hogy gyermek maradj,a lelkedben.<br \/>\nAz id\u0151 m\u00falhat, de az \u00e1lmot \u0151rizd,<br \/>\n\u00f6r\u00f6kre sz\u00edvedben.<br \/>\n&#8212;Sz\u00f3l\u00f3&#8212;<br \/>\n\u00c1lmatlan \u00e9jjelek \u00e9s boldog \u00f3r\u00e1k,<br \/>\nszerelmek, \u00e1tkok sora az mi v\u00e1r r\u00e1d.<br \/>\nDe ne add fel \u00e9s mindet \u00e9ld \u00e1t,<br \/>\naz id\u0151t sose sajn\u00e1ld.<br \/>\nEzernyi eml\u00e9k minden apr\u00f3 l\u00e9p\u00e9s,<br \/>\nmegsz\u00e9p\u00fcl majd ha v\u00e9gre c\u00e9lba \u00e9rsz.<br \/>\nMert benned is az \u00e1lmok tengere \u00e9l,<br \/>\ns ez fiatalon tart m\u00e9g.<br \/>\nMert \u00e1lom kell, hogy gyermek maradj,az \u00e9letben.<br \/>\nAz id\u0151 m\u00falhat, de az \u00e1lmot \u0151rizd,<br \/>\n\u00f6r\u00f6kre a sz\u00edvedben.<br \/>\nSok \u00e1lom kell, hogy gyermek maradj,a lelkedben.<br \/>\nAz id\u0151 m\u00falhat, de az \u00e1lmot \u0151rizd,<br \/>\n\u00f6r\u00f6kre sz\u00edvedben.<br \/>\n&#8212;Sz\u00f3l\u00f3&#8212;<br \/>\nMert \u00e1lom kell, hogy gyermek maradj,az \u00e9letben.<br \/>\nAz id\u0151 m\u00falhat, de az \u00e1lmot \u0151rizd,<br \/>\n\u00f6r\u00f6kre a sz\u00edvedben.<br \/>\nSok \u00e1lom kell, hogy gyermek maradj,a lelkedben.<br \/>\nAz id\u0151 m\u00falhat, de az \u00e1lmot \u0151rizd,<br \/>\n\u00f6r\u00f6kre sz\u00edvedben.<br \/>\n&#8212;V\u00e9ge&#8212;<\/p>\n","protected":false},"featured_media":13436,"template":"","meta":{"site-sidebar-layout":"default","site-content-layout":"default","ast-site-content-layout":"default","site-content-style":"default","site-sidebar-style":"default","ast-global-header-display":"","ast-banner-title-visibility":"","ast-main-header-display":"","ast-hfb-above-header-display":"","ast-hfb-below-header-display":"","ast-hfb-mobile-header-display":"","site-post-title":"","ast-breadcrumbs-content":"","ast-featured-img":"","footer-sml-layout":"","theme-transparent-header-meta":"default","adv-header-id-meta":"","stick-header-meta":"","header-above-stick-meta":"","header-main-stick-meta":"","header-below-stick-meta":"","astra-migrate-meta-layouts":"set","ast-page-background-enabled":"default","ast-page-background-meta":{"desktop":{"background-color":"var(--ast-global-color-4)","background-image":"","background-repeat":"repeat","background-position":"center center","background-size":"auto","background-attachment":"scroll","background-type":"","background-media":"","overlay-type":"","overlay-color":"","overlay-opacity":"","overlay-gradient":""},"tablet":{"background-color":"","background-image":"","background-repeat":"repeat","background-position":"center center","background-size":"auto","background-attachment":"scroll","background-type":"","background-media":"","overlay-type":"","overlay-color":"","overlay-opacity":"","overlay-gradient":""},"mobile":{"background-color":"","background-image":"","background-repeat":"repeat","background-position":"center center","background-size":"auto","background-attachment":"scroll","background-type":"","background-media":"","overlay-type":"","overlay-color":"","overlay-opacity":"","overlay-gradient":""}},"ast-content-background-meta":{"desktop":{"background-color":"var(--ast-global-color-5)","background-image":"","background-repeat":"repeat","background-position":"center center","background-size":"auto","background-attachment":"scroll","background-type":"","background-media":"","overlay-type":"","overlay-color":"","overlay-opacity":"","overlay-gradient":""},"tablet":{"background-color":"var(--ast-global-color-5)","background-image":"","background-repeat":"repeat","background-position":"center center","background-size":"auto","background-attachment":"scroll","background-type":"","background-media":"","overlay-type":"","overlay-color":"","overlay-opacity":"","overlay-gradient":""},"mobile":{"background-color":"var(--ast-global-color-5)","background-image":"","background-repeat":"repeat","background-position":"center center","background-size":"auto","background-attachment":"scroll","background-type":"","background-media":"","overlay-type":"","overlay-color":"","overlay-opacity":"","overlay-gradient":""}}},"product_cat":[46],"product_tag":[],"class_list":["post-3605","product","type-product","status-publish","has-post-thumbnail","hentry","product_cat-eredeti-karaoke-dalok","desktop-align-left","tablet-align-left","mobile-align-left"],"_links":{"self":[{"href":"https:\/\/www.sunkaraoke.hu\/index.php\/wp-json\/wp\/v2\/product\/3605","targetHints":{"allow":["GET"]}}],"collection":[{"href":"https:\/\/www.sunkaraoke.hu\/index.php\/wp-json\/wp\/v2\/product"}],"about":[{"href":"https:\/\/www.sunkaraoke.hu\/index.php\/wp-json\/wp\/v2\/types\/product"}],"wp:featuredmedia":[{"embeddable":true,"href":"https:\/\/www.sunkaraoke.hu\/index.php\/wp-json\/wp\/v2\/media\/13436"}],"wp:attachment":[{"href":"https:\/\/www.sunkaraoke.hu\/index.php\/wp-json\/wp\/v2\/media?parent=3605"}],"wp:term":[{"taxonomy":"product_cat","embeddable":true,"href":"https:\/\/www.sunkaraoke.hu\/index.php\/wp-json\/wp\/v2\/product_cat?post=3605"},{"taxonomy":"product_tag","embeddable":true,"href":"https:\/\/www.sunkaraoke.hu\/index.php\/wp-json\/wp\/v2\/product_tag?post=3605"}],"curies":[{"name":"wp","href":"https:\/\/api.w.org\/{rel}","templated":true}]}}