{"id":3603,"date":"2022-08-08T20:46:32","date_gmt":"2022-08-08T20:46:32","guid":{"rendered":"https:\/\/www.sunkaraoke.hu\/index.php\/termek\/domotor-balazs-sokaig-voltam-tavol\/"},"modified":"2025-04-08T13:06:22","modified_gmt":"2025-04-08T13:06:22","slug":"domotor-balazs-sokaig-voltam-tavol","status":"publish","type":"product","link":"https:\/\/www.sunkaraoke.hu\/index.php\/termek\/domotor-balazs-sokaig-voltam-tavol\/","title":{"rendered":"<div class=\"wcmp-player-container product-3603\"><audio controlslist=\"nodownload\" data-product=\"3603\"  volume=\"1\"  preload=\"none\" data-lazyloading=\"none\" class=\"wcmp-player track mejs-classic\" data-duration=\"0:33\" data-estimated_duration=\"4\"><source src=\"https:\/\/www.sunkaraoke.hu\/wp-content\/uploads\/2022\/08\/Sokaig-voltam-tavol-kdemoo.mp3\" type=\"audio\/mp3\" \/><\/audio><\/div>D\u00f6m\u00f6t\u00f6r Bal\u00e1zs &#8211; Sok\u00e1ig voltam t\u00e1vol (Original)"},"content":{"rendered":"<p><strong>03:43<\/strong> | <strong><img loading=\"lazy\" decoding=\"async\" class=\"alignnone size-full wp-image-467\" src=\"https:\/\/www.sunkaraoke.hu\/wp-content\/uploads\/2022\/07\/choir_2-copy.webp\" alt=\"\" width=\"30\" height=\"30\" \/> <\/strong><\/p>\n","protected":false},"excerpt":{"rendered":"<h6><strong>Bits\u0171r\u0171s\u00e9g: 320<\/strong>kb\/s<strong><br \/>\n<\/strong><strong>Hossz: <\/strong>03:43<strong><br \/>\n<\/strong><strong style=\"font-size: 16px;\">Vok\u00e1lt tartalmaz: <\/strong>Nem <img loading=\"lazy\" decoding=\"async\" class=\"alignnone size-full wp-image-467\" src=\"http:\/\/www.sunkaraoke.hu\/wp-content\/uploads\/2022\/07\/choir_2-copy.png\" alt=\"\" width=\"30\" height=\"30\" \/><strong style=\"font-size: 16px;\"><br \/>\n<\/strong><\/h6>\n<p>Sunkaraoke mp3 st\u00fadi\u00f3 \/ www.sunkaraoke.hu \/ Inf: Tel: 06 20 4275001<\/p>\n<p>&#8212;Intr\u00f3&#8212;<br \/>\nMikor elindultam messzi f\u00f6ldre,<br \/>\negy sz\u00e9p l\u00e1ny a sz\u00edvemet t\u00f6rte \u00f6ssze.<br \/>\nF\u00e1jdalmam \u0171z\u00f6tt innen t\u00e1vol,<br \/>\nsz\u00edvem \u00e9gett \u00e9s csak s\u00edrtam b\u00e1natom em\u00e9sztett.<br \/>\nBuon giorno mondtam \u00e9s \u0151 r\u00e1m se n\u00e9zett,<br \/>\n\u00e9des szerelm\u00fcnkkel egy m\u00e1sik v\u00e9gzett.<br \/>\nAzt mondta m\u00e1st szeret \u00e9s m\u00e1s az igazi,<br \/>\nmi k\u00f6zt\u00fcnk volt azt gyorsan elfelejti.<br \/>\nBuon giorno mondtam \u00e9s \u0151 r\u00e1m se n\u00e9zett,<br \/>\n\u00e9des szerelm\u00fcnkkel egy m\u00e1sik v\u00e9gzett,<br \/>\nh\u00e1t \u00e9g veled, a sz\u00edvem t\u00f6r\u00f6tt ma el.<br \/>\nSok\u00e1ig voltam t\u00e1vol, az \u00e9let j\u00f3 volt b\u00e1rhol,<br \/>\ncsavarg\u00f3 lettem egymagam \u00e9s az otthon \u00fagy hi\u00e1nyzott.<br \/>\nSok\u00e1ig voltam t\u00e1vol, az \u00e9let j\u00f3 volt b\u00e1rhol,<br \/>\nsok\u00e1ig voltam t\u00e1vol, sz\u00edvem h\u00faz hazafel\u00e9.<br \/>\n&#8212;Sz\u00f3l\u00f3&#8212;<br \/>\nSokat felejtettem \u00e9n az\u00f3ta,<br \/>\nde n\u00e9ha \u00e1lmodom m\u00e9g valamit r\u00f3la.<br \/>\nMost hazat\u00e9rek \u00e9s meg\u00edrom azt,<br \/>\nhogy megbocs\u00e1jtok elk\u00fcld\u00f6m egy sz\u00e9p lev\u00e9lben.<br \/>\nBuon giorno \u00fajra l\u00e1tom milyen az \u00e9let,<br \/>\n\u00e9des szerelm\u00fcnkkel egy m\u00e1sik v\u00e9gzett.<br \/>\n\u00c9n m\u00e1r nem haragszom, sz\u00edvem \u00f6sszeforrt,<br \/>\nk\u00edv\u00e1nom boldogan \u00e9ljen.<br \/>\nBuon giorno \u00fajra l\u00e1tom milyen az \u00e9let,<br \/>\n\u00e9des szerelm\u00fcnkkel egy m\u00e1sik v\u00e9gzett,<br \/>\nh\u00e1t \u00e9g veled, sose leszek a Tied.<\/p>\n<p>Sok\u00e1ig voltam t\u00e1vol, az \u00e9let j\u00f3 volt b\u00e1rhol,<br \/>\ncsavarg\u00f3 lettem egymagam \u00e9s az otthon \u00fagy hi\u00e1nyzott.<br \/>\nSok\u00e1ig voltam t\u00e1vol, az \u00e9let j\u00f3 volt b\u00e1rhol,<br \/>\nsok\u00e1ig voltam t\u00e1vol, sz\u00edvem h\u00faz hazafel\u00e9.<\/p>\n<p>Sok\u00e1ig voltam t\u00e1vol, az \u00e9let j\u00f3 volt b\u00e1rhol,<br \/>\ncsavarg\u00f3 lettem egymagam \u00e9s az otthon \u00fagy hi\u00e1nyzott.<br \/>\nSok\u00e1ig voltam t\u00e1vol, az \u00e9let j\u00f3 volt b\u00e1rhol,<br \/>\nsok\u00e1ig voltam t\u00e1vol, sz\u00edvem h\u00faz hazafel\u00e9.<br \/>\n&#8212;V\u00e9ge&#8212;<\/p>\n","protected":false},"featured_media":13436,"template":"","meta":{"site-sidebar-layout":"default","site-content-layout":"default","ast-site-content-layout":"default","site-content-style":"default","site-sidebar-style":"default","ast-global-header-display":"","ast-banner-title-visibility":"","ast-main-header-display":"","ast-hfb-above-header-display":"","ast-hfb-below-header-display":"","ast-hfb-mobile-header-display":"","site-post-title":"","ast-breadcrumbs-content":"","ast-featured-img":"","footer-sml-layout":"","theme-transparent-header-meta":"default","adv-header-id-meta":"","stick-header-meta":"","header-above-stick-meta":"","header-main-stick-meta":"","header-below-stick-meta":"","astra-migrate-meta-layouts":"set","ast-page-background-enabled":"default","ast-page-background-meta":{"desktop":{"background-color":"var(--ast-global-color-4)","background-image":"","background-repeat":"repeat","background-position":"center center","background-size":"auto","background-attachment":"scroll","background-type":"","background-media":"","overlay-type":"","overlay-color":"","overlay-opacity":"","overlay-gradient":""},"tablet":{"background-color":"","background-image":"","background-repeat":"repeat","background-position":"center center","background-size":"auto","background-attachment":"scroll","background-type":"","background-media":"","overlay-type":"","overlay-color":"","overlay-opacity":"","overlay-gradient":""},"mobile":{"background-color":"","background-image":"","background-repeat":"repeat","background-position":"center center","background-size":"auto","background-attachment":"scroll","background-type":"","background-media":"","overlay-type":"","overlay-color":"","overlay-opacity":"","overlay-gradient":""}},"ast-content-background-meta":{"desktop":{"background-color":"var(--ast-global-color-5)","background-image":"","background-repeat":"repeat","background-position":"center center","background-size":"auto","background-attachment":"scroll","background-type":"","background-media":"","overlay-type":"","overlay-color":"","overlay-opacity":"","overlay-gradient":""},"tablet":{"background-color":"var(--ast-global-color-5)","background-image":"","background-repeat":"repeat","background-position":"center center","background-size":"auto","background-attachment":"scroll","background-type":"","background-media":"","overlay-type":"","overlay-color":"","overlay-opacity":"","overlay-gradient":""},"mobile":{"background-color":"var(--ast-global-color-5)","background-image":"","background-repeat":"repeat","background-position":"center center","background-size":"auto","background-attachment":"scroll","background-type":"","background-media":"","overlay-type":"","overlay-color":"","overlay-opacity":"","overlay-gradient":""}}},"product_cat":[46],"product_tag":[],"class_list":["post-3603","product","type-product","status-publish","has-post-thumbnail","hentry","product_cat-eredeti-karaoke-dalok","desktop-align-left","tablet-align-left","mobile-align-left"],"_links":{"self":[{"href":"https:\/\/www.sunkaraoke.hu\/index.php\/wp-json\/wp\/v2\/product\/3603","targetHints":{"allow":["GET"]}}],"collection":[{"href":"https:\/\/www.sunkaraoke.hu\/index.php\/wp-json\/wp\/v2\/product"}],"about":[{"href":"https:\/\/www.sunkaraoke.hu\/index.php\/wp-json\/wp\/v2\/types\/product"}],"wp:featuredmedia":[{"embeddable":true,"href":"https:\/\/www.sunkaraoke.hu\/index.php\/wp-json\/wp\/v2\/media\/13436"}],"wp:attachment":[{"href":"https:\/\/www.sunkaraoke.hu\/index.php\/wp-json\/wp\/v2\/media?parent=3603"}],"wp:term":[{"taxonomy":"product_cat","embeddable":true,"href":"https:\/\/www.sunkaraoke.hu\/index.php\/wp-json\/wp\/v2\/product_cat?post=3603"},{"taxonomy":"product_tag","embeddable":true,"href":"https:\/\/www.sunkaraoke.hu\/index.php\/wp-json\/wp\/v2\/product_tag?post=3603"}],"curies":[{"name":"wp","href":"https:\/\/api.w.org\/{rel}","templated":true}]}}