{"id":3586,"date":"2022-08-08T20:46:31","date_gmt":"2022-08-08T20:46:31","guid":{"rendered":"https:\/\/www.sunkaraoke.hu\/index.php\/termek\/happy-gang-kerek-egy-kulcsot-2011\/"},"modified":"2023-10-04T12:36:30","modified_gmt":"2023-10-04T12:36:30","slug":"happy-gang-kerek-egy-kulcsot-2011","status":"publish","type":"product","link":"https:\/\/www.sunkaraoke.hu\/index.php\/termek\/happy-gang-kerek-egy-kulcsot-2011\/","title":{"rendered":"<div class=\"wcmp-player-container product-3586\"><audio controlslist=\"nodownload\" data-product=\"3586\"  volume=\"1\"  preload=\"none\" data-lazyloading=\"none\" class=\"wcmp-player track mejs-classic\" ><source src=\"https:\/\/www.sunkaraoke.hu\/wp-content\/uploads\/wcmp\/788d6181427f71b2e26d111b79bf9a32.mp3\" type=\"audio\/mp3\" \/><\/audio><\/div>Happy Gang &#8211; K\u00e9rek egy kulcsot 2011."},"content":{"rendered":"<p><strong>04:24<\/strong> | <strong><img loading=\"lazy\" decoding=\"async\" class=\"alignnone size-full wp-image-467\" src=\"https:\/\/www.sunkaraoke.hu\/wp-content\/uploads\/2022\/07\/choir_2-copy.webp\" alt=\"\" width=\"30\" height=\"30\" \/> <\/p>\n","protected":false},"excerpt":{"rendered":"<p><strong>Bits\u0171r\u0171s\u00e9g: <\/strong>196kb\/s<strong><br \/>\n<\/strong><strong>Hossz: <\/strong>04:24<strong><br \/>\n<\/strong><strong style=\"font-size: 16px;\">Vok\u00e1lt tartalmaz: <\/strong>Nem <img loading=\"lazy\" decoding=\"async\" class=\"alignnone size-full wp-image-467\" src=\"http:\/\/www.sunkaraoke.hu\/wp-content\/uploads\/2022\/07\/choir_2-copy.png\" alt=\"\" width=\"30\" height=\"30\" \/><strong style=\"font-size: 16px;\"><br \/>\n<\/strong><\/p>\n<p>&nbsp;<\/p>\n<p>\ufeff&#8212;Intr\u00f3&#8212;<br \/>\nEl\u0151sz\u00f6r l\u00e1tlak, \u00e9s belehalok,<br \/>\nmegcs\u00f3koln\u00e1lak, tudom, te is \u00edgy akarod.<br \/>\nEl\u0151sz\u00f6r l\u00e1tlak, de belehalok,<br \/>\nsz\u00e1zszor is elk\u00e9pzeltem,<br \/>\nm\u00e9gis bizonytalanul dadogok.<br \/>\nHadd \u00e9rezzem, hadd v\u00e9tkezzem veled,<br \/>\nk\u00e9rek egy kulcsot a sz\u00edvedhez!<br \/>\nHadd \u00e9rezzem, hadd v\u00e9tkezzem veled,<br \/>\nk\u00e9rek egy kulcsot a sz\u00edvedhez!<\/p>\n<p>F\u00e9lek, hogy be\u00e9gek,<br \/>\nha od\u00e1ig egy\u00e1ltal\u00e1n eljutok, el\u00e9rek,<br \/>\nminden reggel arra mentem fel\u00e9tek,<br \/>\nde eddig nem l\u00e1ttalak sosem.<br \/>\nDe most egy csap\u00e1sra megv\u00e1ltozhat minden,<br \/>\nmag\u00e1nyos voltam, \u00e9s rideg volt minden,<br \/>\nami fak\u00f3 volt, \u00fcres, \u00e9s sz\u00edntelen,<br \/>\naz most sz\u00ednekben pomp\u00e1zhat hirtelen.<\/p>\n<p>L\u00e1tlak, \u00e9s belehalok,<br \/>\nmeg cs\u00f3koln\u00e1lak, tudom te is \u00edgy akarod.<br \/>\nEl\u0151sz\u00f6r l\u00e1tlak, de belehalok,<br \/>\nsz\u00e1zszor is elk\u00e9pzeltem,<br \/>\nm\u00e9gis bizonytalanul dadogok.<\/p>\n<p>Hadd \u00e9rezzem, hadd v\u00e9tkezzem veled,<br \/>\nk\u00e9rek egy kulcsot a sz\u00edvedhez!<br \/>\nHadd \u00e9rezzem, hadd v\u00e9tkezzem veled,<br \/>\nk\u00e9rek egy kulcsot a sz\u00edvedhez!<\/p>\n<p>Ott az apr\u00f3 szikra a szemedben,<br \/>\n\u00e9n igent mondan\u00e9k a helyedben.<br \/>\nV\u00e1rom, hogy mit l\u00e9psz, a sz\u00edv elszorul,<br \/>\nmit biztosnak hittem, eddig, most felborul.<br \/>\nB\u00f3lints, mondj igent, mondd, hogy j\u00f3,<br \/>\nmit ir\u00e1ntad \u00e9rzek, el nem mondhat<br \/>\nPofon m\u00e9g nem csattant, ez b\u00edztat\u00f3,<br \/>\nL\u00e1tlak, \u00e9s belehalok,<br \/>\nmeg cs\u00f3koln\u00e1lak, tudom te is \u00edgy akarod.<br \/>\nEl\u0151sz\u00f6r l\u00e1tlak, de belehalok,<br \/>\nsz\u00e1zszor is elk\u00e9pzeltem,<br \/>\nm\u00e9gis bizonytalanul dadogok.<br \/>\nHadd \u00e9rezzem, hadd v\u00e9tkezzem veled,<br \/>\nk\u00e9rek egy kulcsot a sz\u00edvedhez!<br \/>\nHadd \u00e9rezzem, hadd v\u00e9tkezzem veled,<br \/>\nk\u00e9rek egy kulcsot a sz\u00edvedhez!<br \/>\nHadd \u00e9rezzem, hadd v\u00e9tkezzem veled,<br \/>\nk\u00e9rek egy kulcsot a sz\u00edvedhez!<br \/>\nHadd \u00e9rezzem, hadd v\u00e9tkezzem veled,<br \/>\nk\u00e9rek egy kulcsot a sz\u00edvedhez!<br \/>\n&#8212;Sz\u00f3l\u00f3&#8212;<br \/>\nL\u00e1tlak, \u00e9s belehalok,<br \/>\nmeg cs\u00f3koln\u00e1lak, tudom te is \u00edgy akarod.<br \/>\nEl\u0151sz\u00f6r l\u00e1tlak, de belehalok,<br \/>\nsz\u00e1zszor is elk\u00e9pzeltem,<br \/>\nm\u00e9gis bizonytalanul dadogok.<br \/>\nL\u00e1tlak, \u00e9s belehalok,<br \/>\nmeg cs\u00f3koln\u00e1lak, tudom te is \u00edgy akarod.<br \/>\nEl\u0151sz\u00f6r l\u00e1tlak, de belehalok,<br \/>\nsz\u00e1zszor is elk\u00e9pzeltem,<br \/>\nm\u00e9gis bizonytalanul dadogok.<br \/>\n&#8212;V\u00e9ge&#8212;<\/p>\n","protected":false},"featured_media":10029,"template":"","meta":{"site-sidebar-layout":"default","site-content-layout":"default","ast-site-content-layout":"","site-content-style":"default","site-sidebar-style":"default","ast-global-header-display":"","ast-banner-title-visibility":"","ast-main-header-display":"","ast-hfb-above-header-display":"","ast-hfb-below-header-display":"","ast-hfb-mobile-header-display":"","site-post-title":"","ast-breadcrumbs-content":"","ast-featured-img":"","footer-sml-layout":"","theme-transparent-header-meta":"default","adv-header-id-meta":"","stick-header-meta":"","header-above-stick-meta":"","header-main-stick-meta":"","header-below-stick-meta":"","astra-migrate-meta-layouts":"default","ast-page-background-enabled":"default","ast-page-background-meta":{"desktop":{"background-color":"var(--ast-global-color-4)","background-image":"","background-repeat":"repeat","background-position":"center center","background-size":"auto","background-attachment":"scroll","background-type":"","background-media":"","overlay-type":"","overlay-color":"","overlay-opacity":"","overlay-gradient":""},"tablet":{"background-color":"","background-image":"","background-repeat":"repeat","background-position":"center center","background-size":"auto","background-attachment":"scroll","background-type":"","background-media":"","overlay-type":"","overlay-color":"","overlay-opacity":"","overlay-gradient":""},"mobile":{"background-color":"","background-image":"","background-repeat":"repeat","background-position":"center center","background-size":"auto","background-attachment":"scroll","background-type":"","background-media":"","overlay-type":"","overlay-color":"","overlay-opacity":"","overlay-gradient":""}},"ast-content-background-meta":{"desktop":{"background-color":"var(--ast-global-color-5)","background-image":"","background-repeat":"repeat","background-position":"center center","background-size":"auto","background-attachment":"scroll","background-type":"","background-media":"","overlay-type":"","overlay-color":"","overlay-opacity":"","overlay-gradient":""},"tablet":{"background-color":"var(--ast-global-color-5)","background-image":"","background-repeat":"repeat","background-position":"center center","background-size":"auto","background-attachment":"scroll","background-type":"","background-media":"","overlay-type":"","overlay-color":"","overlay-opacity":"","overlay-gradient":""},"mobile":{"background-color":"var(--ast-global-color-5)","background-image":"","background-repeat":"repeat","background-position":"center center","background-size":"auto","background-attachment":"scroll","background-type":"","background-media":"","overlay-type":"","overlay-color":"","overlay-opacity":"","overlay-gradient":""}}},"product_cat":[48],"product_tag":[],"class_list":["post-3586","product","type-product","status-publish","has-post-thumbnail","hentry","product_cat-sunkaraoke-dalok","desktop-align-left","tablet-align-left","mobile-align-left"],"_links":{"self":[{"href":"https:\/\/www.sunkaraoke.hu\/index.php\/wp-json\/wp\/v2\/product\/3586","targetHints":{"allow":["GET"]}}],"collection":[{"href":"https:\/\/www.sunkaraoke.hu\/index.php\/wp-json\/wp\/v2\/product"}],"about":[{"href":"https:\/\/www.sunkaraoke.hu\/index.php\/wp-json\/wp\/v2\/types\/product"}],"wp:featuredmedia":[{"embeddable":true,"href":"https:\/\/www.sunkaraoke.hu\/index.php\/wp-json\/wp\/v2\/media\/10029"}],"wp:attachment":[{"href":"https:\/\/www.sunkaraoke.hu\/index.php\/wp-json\/wp\/v2\/media?parent=3586"}],"wp:term":[{"taxonomy":"product_cat","embeddable":true,"href":"https:\/\/www.sunkaraoke.hu\/index.php\/wp-json\/wp\/v2\/product_cat?post=3586"},{"taxonomy":"product_tag","embeddable":true,"href":"https:\/\/www.sunkaraoke.hu\/index.php\/wp-json\/wp\/v2\/product_tag?post=3586"}],"curies":[{"name":"wp","href":"https:\/\/api.w.org\/{rel}","templated":true}]}}