{"id":3584,"date":"2022-08-08T20:46:31","date_gmt":"2022-08-08T20:46:31","guid":{"rendered":"https:\/\/www.sunkaraoke.hu\/index.php\/termek\/slager-tibo-kell-egy-vidam-nap\/"},"modified":"2026-02-14T15:46:18","modified_gmt":"2026-02-14T13:46:18","slug":"slager-tibo-kell-egy-vidam-nap","status":"publish","type":"product","link":"https:\/\/www.sunkaraoke.hu\/index.php\/termek\/slager-tibo-kell-egy-vidam-nap\/","title":{"rendered":"<div class=\"wcmp-player-container product-3584\"><audio controlslist=\"nodownload\" data-product=\"3584\"  volume=\"1\"  preload=\"none\" data-lazyloading=\"none\" class=\"wcmp-player track mejs-classic\" data-duration=\"0:32\" data-estimated_duration=\"4\"><source src=\"https:\/\/www.sunkaraoke.hu\/wp-content\/uploads\/2022\/08\/Kell-egy-vidam-nap-demooo.mp3\" type=\"audio\/mp3\" \/><\/audio><\/div>Sl\u00e1ger Tib\u00f3 &#8211; Kell egy vid\u00e1m nap (Original)"},"content":{"rendered":"<p><strong>03:16<\/strong> | <strong><img loading=\"lazy\" decoding=\"async\" class=\"alignnone size-full wp-image-467\" src=\"https:\/\/www.sunkaraoke.hu\/wp-content\/uploads\/2022\/07\/choir_2-copy.webp\" alt=\"\" width=\"30\" height=\"30\" \/> <\/strong><\/p>\n","protected":false},"excerpt":{"rendered":"<h6><strong>Bits\u0171r\u0171s\u00e9g: 320 K<\/strong>b\/s<strong><br \/>\n<\/strong><strong>Hossz: <\/strong>03:16<strong><br \/>\n<\/strong><strong style=\"font-size: 16px;\">Vok\u00e1lt tartalmaz: <\/strong>Nem <img loading=\"lazy\" decoding=\"async\" class=\"alignnone size-full wp-image-467\" src=\"http:\/\/www.sunkaraoke.hu\/wp-content\/uploads\/2022\/07\/choir_2-copy.png\" alt=\"\" width=\"30\" height=\"30\" \/><strong style=\"font-size: 16px;\"><br \/>\n<\/strong><\/h6>\n<p>Sunkaraoke mp3 st\u00fadi\u00f3 \/ www.sunkaraoke.hu \/ Inf: Tel: 06 20 4275001<\/p>\n<p>&#8212;Intr\u00f3&#8212;<br \/>\nMit akar a sz\u00edved, r\u00f6vid ez a ny\u00e1r.<br \/>\nKaland ez az \u00e9let,csak egy utaz\u00e1s.<br \/>\nCs\u00f3kokkal \u00e9rkezik fel\u00e9nk,<br \/>\nTombol \u00e9s gyorsan v\u00e9get \u00e9r.<br \/>\nNem tudom elhinni,hogy v\u00e9gleg elment\u00e9l.<\/p>\n<p>Nekem m\u00e9g kell egy vid\u00e1m nap,<br \/>\ntitokban s\u00edrok ut\u00e1nad.<br \/>\nNe menj m\u00e9g, maradj m\u00e9g.<br \/>\nNekem m\u00e9g kell egy vid\u00e1m nap,<br \/>\nmert \u00e9n m\u00e9g most is im\u00e1dlak,<br \/>\nEz\u00e9rt szeretn\u00e9m, ha \u00fajra kezdhetn\u00e9nk.<\/p>\n<p>Mit akar a sz\u00edved,ha nem lehet eny\u00e9m.<br \/>\nR\u00f6vid ez az \u00e9let,s a szerelem a t\u00e9t.<br \/>\nCs\u00f3kokkal \u00e9rkezik fel\u00e9nk,<br \/>\ntombol \u00e9s gyorsan v\u00e9get \u00e9r.<br \/>\nNem tudom elhinni,hogy v\u00e9gleg elment\u00e9l.<br \/>\nNekem m\u00e9g kell egy vid\u00e1m nap,<br \/>\ntitokban s\u00edrok ut\u00e1nad.<br \/>\nNe menj m\u00e9g, maradj m\u00e9g.<br \/>\nNekem m\u00e9g kell egy vid\u00e1m nap,<br \/>\nmert \u00e9n m\u00e9g most is im\u00e1dlak,<br \/>\nEz\u00e9rt szeretn\u00e9m, ha \u00fajra kezdhetn\u00e9nk.<br \/>\n&#8212;Sz\u00f3l\u00f3&#8212;<br \/>\nCs\u00f3kokkal \u00e9rkezik fel\u00e9nk,<br \/>\ntombol \u00e9s gyorsan v\u00e9get \u00e9r.<br \/>\nNem tudom elhinni, hogy v\u00e9gleg elment\u00e9l.<br \/>\nNekem m\u00e9g kell egy vid\u00e1m nap,<br \/>\ntitokban s\u00edrok ut\u00e1nad.<br \/>\nNe menj m\u00e9g,maradj m\u00e9g.<br \/>\nNekem m\u00e9g kell egy vid\u00e1m nap,<br \/>\nmert \u00e9n m\u00e9g most is im\u00e1dlak,<br \/>\nEz\u00e9rt szeretn\u00e9m,ha \u00fajra kezdhetn\u00e9nk.<br \/>\nNekem m\u00e9g kell egy vid\u00e1m nap,<br \/>\ntitokban s\u00edrok ut\u00e1nad.<br \/>\nNe menj m\u00e9g,maradj m\u00e9g.<br \/>\nNekem m\u00e9g kell egy vid\u00e1m nap,<br \/>\nmert \u00e9n m\u00e9g most is im\u00e1dlak,<br \/>\nEz\u00e9rt szeretn\u00e9m,ha \u00fajra kezdhetn\u00e9nk.<br \/>\nEz\u00e9rt szeretn\u00e9m,ha \u00fajra kezdhetn\u00e9nk.<br \/>\n&#8212;V\u00e9ge&#8212;<\/p>\n","protected":false},"featured_media":9289,"template":"","meta":{"site-sidebar-layout":"default","site-content-layout":"default","ast-site-content-layout":"default","site-content-style":"default","site-sidebar-style":"default","ast-global-header-display":"","ast-banner-title-visibility":"","ast-main-header-display":"","ast-hfb-above-header-display":"","ast-hfb-below-header-display":"","ast-hfb-mobile-header-display":"","site-post-title":"","ast-breadcrumbs-content":"","ast-featured-img":"","footer-sml-layout":"","theme-transparent-header-meta":"default","adv-header-id-meta":"","stick-header-meta":"","header-above-stick-meta":"","header-main-stick-meta":"","header-below-stick-meta":"","astra-migrate-meta-layouts":"set","ast-page-background-enabled":"default","ast-page-background-meta":{"desktop":{"background-color":"var(--ast-global-color-4)","background-image":"","background-repeat":"repeat","background-position":"center center","background-size":"auto","background-attachment":"scroll","background-type":"","background-media":"","overlay-type":"","overlay-color":"","overlay-opacity":"","overlay-gradient":""},"tablet":{"background-color":"","background-image":"","background-repeat":"repeat","background-position":"center center","background-size":"auto","background-attachment":"scroll","background-type":"","background-media":"","overlay-type":"","overlay-color":"","overlay-opacity":"","overlay-gradient":""},"mobile":{"background-color":"","background-image":"","background-repeat":"repeat","background-position":"center center","background-size":"auto","background-attachment":"scroll","background-type":"","background-media":"","overlay-type":"","overlay-color":"","overlay-opacity":"","overlay-gradient":""}},"ast-content-background-meta":{"desktop":{"background-color":"var(--ast-global-color-5)","background-image":"","background-repeat":"repeat","background-position":"center center","background-size":"auto","background-attachment":"scroll","background-type":"","background-media":"","overlay-type":"","overlay-color":"","overlay-opacity":"","overlay-gradient":""},"tablet":{"background-color":"var(--ast-global-color-5)","background-image":"","background-repeat":"repeat","background-position":"center center","background-size":"auto","background-attachment":"scroll","background-type":"","background-media":"","overlay-type":"","overlay-color":"","overlay-opacity":"","overlay-gradient":""},"mobile":{"background-color":"var(--ast-global-color-5)","background-image":"","background-repeat":"repeat","background-position":"center center","background-size":"auto","background-attachment":"scroll","background-type":"","background-media":"","overlay-type":"","overlay-color":"","overlay-opacity":"","overlay-gradient":""}}},"product_cat":[46],"product_tag":[],"class_list":["post-3584","product","type-product","status-publish","has-post-thumbnail","hentry","product_cat-eredeti-karaoke-dalok","desktop-align-left","tablet-align-left","mobile-align-left"],"_links":{"self":[{"href":"https:\/\/www.sunkaraoke.hu\/index.php\/wp-json\/wp\/v2\/product\/3584","targetHints":{"allow":["GET"]}}],"collection":[{"href":"https:\/\/www.sunkaraoke.hu\/index.php\/wp-json\/wp\/v2\/product"}],"about":[{"href":"https:\/\/www.sunkaraoke.hu\/index.php\/wp-json\/wp\/v2\/types\/product"}],"wp:featuredmedia":[{"embeddable":true,"href":"https:\/\/www.sunkaraoke.hu\/index.php\/wp-json\/wp\/v2\/media\/9289"}],"wp:attachment":[{"href":"https:\/\/www.sunkaraoke.hu\/index.php\/wp-json\/wp\/v2\/media?parent=3584"}],"wp:term":[{"taxonomy":"product_cat","embeddable":true,"href":"https:\/\/www.sunkaraoke.hu\/index.php\/wp-json\/wp\/v2\/product_cat?post=3584"},{"taxonomy":"product_tag","embeddable":true,"href":"https:\/\/www.sunkaraoke.hu\/index.php\/wp-json\/wp\/v2\/product_tag?post=3584"}],"curies":[{"name":"wp","href":"https:\/\/api.w.org\/{rel}","templated":true}]}}