{"id":3568,"date":"2022-08-08T20:46:30","date_gmt":"2022-08-08T20:46:30","guid":{"rendered":"https:\/\/www.sunkaraoke.hu\/index.php\/termek\/mulatos-tommy-mulatos-mix-04\/"},"modified":"2025-04-06T13:03:31","modified_gmt":"2025-04-06T13:03:31","slug":"mulatos-tommy-mulatos-mix-04","status":"publish","type":"product","link":"https:\/\/www.sunkaraoke.hu\/index.php\/termek\/mulatos-tommy-mulatos-mix-04\/","title":{"rendered":"<div class=\"wcmp-player-container product-3568\"><audio controlslist=\"nodownload\" data-product=\"3568\"  volume=\"1\"  preload=\"none\" data-lazyloading=\"none\" class=\"wcmp-player track mejs-classic\" data-duration=\"0:38\" data-estimated_duration=\"4\"><source src=\"https:\/\/www.sunkaraoke.hu\/wp-content\/uploads\/2022\/08\/Tommy-Mulatos-Mix-4.-demooo.mp3\" type=\"audio\/mp3\" \/><\/audio><\/div>Mulat\u00f3s &#8211; TOMMY Mulat\u00f3s Mix 04. (Original)"},"content":{"rendered":"<p><strong>07:29<\/strong> | <strong><img loading=\"lazy\" decoding=\"async\" class=\"alignnone size-full wp-image-467\" src=\"https:\/\/www.sunkaraoke.hu\/wp-content\/uploads\/2022\/07\/choir_2-copy.webp\" alt=\"\" width=\"30\" height=\"30\" \/> <\/strong><\/p>\n","protected":false},"excerpt":{"rendered":"<h6><strong>Bits\u0171r\u0171s\u00e9g: 320<\/strong>kb\/s<strong><br \/>\n<\/strong><strong>Hossz: <\/strong>07:29<strong><br \/>\n<\/strong><strong style=\"font-size: 16px;\">Vok\u00e1lt tartalmaz: <\/strong>Nem <img loading=\"lazy\" decoding=\"async\" class=\"alignnone size-full wp-image-467\" src=\"http:\/\/www.sunkaraoke.hu\/wp-content\/uploads\/2022\/07\/choir_2-copy.png\" alt=\"\" width=\"30\" height=\"30\" \/><strong style=\"font-size: 16px;\"><br \/>\n<\/strong><\/h6>\n<p>Sunkaraoke mp3 st\u00fadi\u00f3 \/ www.sunkaraoke.hu \/ Inf: Tel: 06 20 4275001<\/p>\n<p>&#8212;Intr\u00f3&#8212;<br \/>\nOrsz\u00e1g\u00faton hossz\u00fa a jegenyesor,<br \/>\nhossz\u00fa a jegenyesor haz\u00e1ig.<br \/>\nCsizm\u00e1m talpa sz\u00e1zszor is lekopik de,<br \/>\nsz\u00e1zszor is lekopik hej od\u00e1ig.<br \/>\nNincsen p\u00e9nzem a vonatra,<br \/>\naz sincs aki haza hozatna.<br \/>\nF\u00e1radt l\u00e1bam est\u00e9re hazatal\u00e1l,<br \/>\nnem messze van ide Kolozsv\u00e1r.<br \/>\nNincsen p\u00e9nzem a vonatra,<br \/>\naz sincs aki haza hozatna.<br \/>\nF\u00e1radt l\u00e1bam est\u00e9re hazatal\u00e1l,<br \/>\nnem messze van ide Kolozsv\u00e1r.<br \/>\nOrsz\u00e1g\u00faton hossz\u00fa a jegenyesor,<br \/>\nhossz\u00fa a jegenyesor haz\u00e1ig.<br \/>\nCsizm\u00e1m talpa sz\u00e1zszor is lekopik,<br \/>\nde sz\u00e1zszor is lekopik hej od\u00e1ig.<br \/>\nNincsen p\u00e9nzem a vonatra,<br \/>\naz sincs aki haza hozatna.<br \/>\nF\u00e1radt l\u00e1bam est\u00e9re hazatal\u00e1l,<br \/>\nnem messze van ide Kolozsv\u00e1r.<br \/>\nNincsen p\u00e9nzem a vonatra,<br \/>\naz sincs aki haza hozatna.<br \/>\nF\u00e1radt l\u00e1bam est\u00e9re hazatal\u00e1l,<br \/>\nnem messze van ide Kolozsv\u00e1r.<br \/>\nL\u0151re l\u0151re cudar l\u0151re de savany\u00fa l\u0151re.<br \/>\nVeszt\u00e9l volna, de veszt\u00e9l volna a homokos d\u0171l\u0151be!<br \/>\nH\u00fazz\u00e1tok cig\u00e1nyok est\u00e9t\u0151l reggelig!<br \/>\nS\u00f6rt\u0151l a bort\u00f3l a sz\u00e9p l\u00e1ny cs\u00f3kt\u00f3l a b\u00e1natom elm\u00falik.<br \/>\nH\u00fazz\u00e1tok cig\u00e1nyok est\u00e9t\u0151l reggelig!<br \/>\nS\u00f6rt\u0151l a bort\u00f3l a sz\u00e9p l\u00e1ny cs\u00f3kt\u00f3l a b\u00e1natom elm\u00falik.<br \/>\nHa bemegyek, ha bemegyek a gyarmati cs\u00e1rd\u00e1ba.<br \/>\nR\u00e1n\u00e9zek a, r\u00e1n\u00e9zek az els\u0151 muzsik\u00e1sra.<br \/>\nH\u00fazz\u00e1tok cig\u00e1nyok est\u00e9t\u0151l reggelig!<br \/>\nS\u00f6rt\u0151l a bort\u00f3l a sz\u00e9p l\u00e1ny cs\u00f3kt\u00f3l a b\u00e1natom elm\u00falik.<br \/>\nH\u00fazz\u00e1tok cig\u00e1nyok est\u00e9t\u0151l reggelig!<br \/>\nS\u00f6rt\u0151l a bort\u00f3l a sz\u00e9p l\u00e1ny cs\u00f3kt\u00f3l a b\u00e1natom elm\u00falik.<br \/>\nHallj\u00e1tok cig\u00e1nyok, valahogy ma oly j\u00f3 kedvem van!<br \/>\nN\u00f3t\u00e1mat j\u00e1tssz\u00e1tok, mert abban a sz\u00edvem lelkem van!<br \/>\n\u00d6r\u00f6m vagy b\u00e1nat \u00e9r, ide j\u00f6n az ember mindig hozz\u00e1tok.<br \/>\nA j\u00f3kedv sokat \u00e9r, s tet\u00e9zni ti oly j\u00f3l tudj\u00e1tok.<br \/>\n\u00d6r\u00f6m vagy b\u00e1nat \u00e9r, ide j\u00f6n az ember mindig hozz\u00e1tok.<br \/>\nA j\u00f3kedv sokat \u00e9r, s tet\u00e9zni ti oly j\u00f3l tudj\u00e1tok.<br \/>\nPr\u00edm\u00e1s mi tagad\u00e1s, tele van a sz\u00edvem n\u00f3t\u00e1val.<br \/>\nLelkembe bele l\u00e1ss, gyere ide most a band\u00e1val!<br \/>\nH\u00fazz\u00e1tok, h\u00fazz\u00e1tok sz\u00edvetekb\u0151l, ahogyan csak tudj\u00e1tok!<br \/>\nCig\u00e1nyok bar\u00e1tok, de csuda j\u00f3 kedvet csin\u00e1ltok!<br \/>\nH\u00fazz\u00e1tok, h\u00fazz\u00e1tok sz\u00edvetekb\u0151l, ahogyan csak tudj\u00e1tok!<br \/>\nCig\u00e1nyok bar\u00e1tok, de csuda j\u00f3 kedvet csin\u00e1ltok!<br \/>\nSz\u00e9p asszonynak kuriz\u00e1lok, kuriz\u00e1lok, de kuriz\u00e1lok.<br \/>\nAz ur\u00e1nak fittyet h\u00e1nyok, fittyet h\u00e1nyok, fittyet h\u00e1nyok.<br \/>\nAj jaj jaj jaj a sz\u00edvem, meg ne tudja senki sem,<br \/>\nhogy \u00e9n ezt a barna kisl\u00e1nyt szeretem!<br \/>\nCsak a cig\u00e1ny egyed\u00fcl,<br \/>\naki n\u00e9kem heged\u00fcl csak az tudja egyed\u00fcl.<br \/>\nAj jaj jaj jaj a sz\u00edvem, meg ne tudja senki sem,<br \/>\nhogy \u00e9n ezt a barna kisl\u00e1nyt szeretem!<br \/>\nCsak a cig\u00e1ny egyed\u00fcl, aki n\u00e9kem heged\u00fcl<br \/>\ncsak az tudja egyed\u00fcl.<br \/>\nSz\u00e9p asszonynak kuriz\u00e1lok,kuriz\u00e1lok, de kuriz\u00e1lok.<br \/>\nAz ur\u00e1nak fittyet h\u00e1nyok, fittyet h\u00e1nyok, fittyet h\u00e1nyok.<br \/>\nAj jaj jaj jaj a sz\u00edvem, meg ne tudja senki sem,<br \/>\nhogy \u00e9n ezt a barna kisl\u00e1nyt szeretem!<br \/>\nCsak a cig\u00e1ny egyed\u00fcl,<br \/>\naki n\u00e9kem heged\u00fcl csak az tudja egyed\u00fcl.<br \/>\nAj jaj jaj jaj a sz\u00edvem, meg ne tudja senki sem,<br \/>\nhogy \u00e9n ezt a barna kisl\u00e1nyt szeretem!<br \/>\nCsak a cig\u00e1ny egyed\u00fcl, aki n\u00e9kem heged\u00fcl<br \/>\ncsak az tudja egyed\u00fcl.<br \/>\nCsitt csak r\u00f3zs\u00e1m hallod, micsoda r\u00e9gi n\u00f3t\u00e1t hallok?<br \/>\nSej haj d\u00ednom d\u00e1nom,<br \/>\nmicsoda cs\u00e1rd\u00e1st penget az \u00e9n pr\u00edm\u00e1som?<br \/>\nHopp h\u00e1t r\u00f3zs\u00e1m j\u00e1rjad,<br \/>\nperd\u00fclj\u00f6n t\u00e1ncra a t\u00e1ncos l\u00e1bad!<br \/>\n\u00c9g a talpam tudd meg,<br \/>\nm\u00e9g ez a n\u00f3ta j\u00e1rja dehogy halunk meg!<br \/>\nH\u00fazd r\u00e1 pr\u00edm\u00e1s bety\u00e1r a kedvem!<br \/>\nSarkanty\u00fa peng, a szoknya lebben.<br \/>\nPerd\u00fclj, fordulj karomba p\u00e1rom!<br \/>\nEzt a csuda cs\u00e1rd\u00e1st rogy\u00e1sig j\u00e1rom.<br \/>\nH\u00fazd r\u00e1 pr\u00edm\u00e1s bety\u00e1r a kedvem!<br \/>\nSarkanty\u00fa peng, a szoknya lebben.<br \/>\nPerd\u00fclj, fordulj karomba p\u00e1rom!<br \/>\nEzt a csuda cs\u00e1rd\u00e1st rogy\u00e1sig j\u00e1rom.<br \/>\nHajlik a r\u00f3zsafa, hajlik a l\u00e1ny,<br \/>\nt\u00e1ncra perd\u00fcl, ha h\u00fazza a cig\u00e1ny.<br \/>\nHajlik a r\u00f3zsafa, hajlik a l\u00e1ny,<br \/>\nt\u00e1ncra perd\u00fcl, ha h\u00fazza a cig\u00e1ny.<br \/>\nHej, ha ez az \u00e9jszaka h\u00e1rom teljes h\u00e9tig tartana!<br \/>\nHajlik a r\u00f3zsafa, hajlik a l\u00e1ny,<br \/>\nt\u00e1ncra perd\u00fcl, ha h\u00fazza a cig\u00e1ny.<br \/>\nHej, ha ez az \u00e9jszaka h\u00e1rom teljes h\u00e9tig tartana!<br \/>\nHajlik a r\u00f3zsafa, hajlik a l\u00e1ny,<br \/>\nt\u00e1ncra perd\u00fcl, ha h\u00fazza a cig\u00e1ny.<br \/>\nHajlik a r\u00f3zsafa, hajlik a l\u00e1ny,<br \/>\nt\u00e1ncra perd\u00fcl, ha h\u00fazza a cig\u00e1ny.<br \/>\nHajlik a r\u00f3zsafa, hajlik a l\u00e1ny,<br \/>\nt\u00e1ncra perd\u00fcl, ha h\u00fazza a cig\u00e1ny.<br \/>\nHej, ha ez az \u00e9jszaka h\u00e1rom teljes h\u00e9tig tartana!<br \/>\nHajlik a r\u00f3zsafa, hajlik a l\u00e1ny,<br \/>\nt\u00e1ncra perd\u00fcl, ha h\u00fazza a cig\u00e1ny.<br \/>\nHej, ha ez az \u00e9jszaka h\u00e1rom teljes h\u00e9tig tartana!<br \/>\nHajlik a r\u00f3zsafa, hajlik a l\u00e1ny,<br \/>\nt\u00e1ncra perd\u00fcl, ha h\u00fazza a cig\u00e1ny.<br \/>\nHej, ha ez az \u00e9jszaka h\u00e1rom teljes h\u00e9tig tartana!<br \/>\nHajlik a r\u00f3zsafa, hajlik a l\u00e1ny,<br \/>\nt\u00e1ncra perd\u00fcl, ha h\u00fazza a cig\u00e1ny.<br \/>\n&#8212;V\u00e9ge&#8212;<\/p>\n","protected":false},"featured_media":288,"template":"","meta":{"site-sidebar-layout":"default","site-content-layout":"default","ast-site-content-layout":"default","site-content-style":"default","site-sidebar-style":"default","ast-global-header-display":"","ast-banner-title-visibility":"","ast-main-header-display":"","ast-hfb-above-header-display":"","ast-hfb-below-header-display":"","ast-hfb-mobile-header-display":"","site-post-title":"","ast-breadcrumbs-content":"","ast-featured-img":"","footer-sml-layout":"","theme-transparent-header-meta":"default","adv-header-id-meta":"","stick-header-meta":"","header-above-stick-meta":"","header-main-stick-meta":"","header-below-stick-meta":"","astra-migrate-meta-layouts":"set","ast-page-background-enabled":"default","ast-page-background-meta":{"desktop":{"background-color":"var(--ast-global-color-4)","background-image":"","background-repeat":"repeat","background-position":"center center","background-size":"auto","background-attachment":"scroll","background-type":"","background-media":"","overlay-type":"","overlay-color":"","overlay-opacity":"","overlay-gradient":""},"tablet":{"background-color":"","background-image":"","background-repeat":"repeat","background-position":"center center","background-size":"auto","background-attachment":"scroll","background-type":"","background-media":"","overlay-type":"","overlay-color":"","overlay-opacity":"","overlay-gradient":""},"mobile":{"background-color":"","background-image":"","background-repeat":"repeat","background-position":"center center","background-size":"auto","background-attachment":"scroll","background-type":"","background-media":"","overlay-type":"","overlay-color":"","overlay-opacity":"","overlay-gradient":""}},"ast-content-background-meta":{"desktop":{"background-color":"var(--ast-global-color-5)","background-image":"","background-repeat":"repeat","background-position":"center center","background-size":"auto","background-attachment":"scroll","background-type":"","background-media":"","overlay-type":"","overlay-color":"","overlay-opacity":"","overlay-gradient":""},"tablet":{"background-color":"var(--ast-global-color-5)","background-image":"","background-repeat":"repeat","background-position":"center center","background-size":"auto","background-attachment":"scroll","background-type":"","background-media":"","overlay-type":"","overlay-color":"","overlay-opacity":"","overlay-gradient":""},"mobile":{"background-color":"var(--ast-global-color-5)","background-image":"","background-repeat":"repeat","background-position":"center center","background-size":"auto","background-attachment":"scroll","background-type":"","background-media":"","overlay-type":"","overlay-color":"","overlay-opacity":"","overlay-gradient":""}}},"product_cat":[48],"product_tag":[],"class_list":["post-3568","product","type-product","status-publish","has-post-thumbnail","hentry","product_cat-sunkaraoke-dalok","desktop-align-left","tablet-align-left","mobile-align-left"],"_links":{"self":[{"href":"https:\/\/www.sunkaraoke.hu\/index.php\/wp-json\/wp\/v2\/product\/3568","targetHints":{"allow":["GET"]}}],"collection":[{"href":"https:\/\/www.sunkaraoke.hu\/index.php\/wp-json\/wp\/v2\/product"}],"about":[{"href":"https:\/\/www.sunkaraoke.hu\/index.php\/wp-json\/wp\/v2\/types\/product"}],"wp:featuredmedia":[{"embeddable":true,"href":"https:\/\/www.sunkaraoke.hu\/index.php\/wp-json\/wp\/v2\/media\/288"}],"wp:attachment":[{"href":"https:\/\/www.sunkaraoke.hu\/index.php\/wp-json\/wp\/v2\/media?parent=3568"}],"wp:term":[{"taxonomy":"product_cat","embeddable":true,"href":"https:\/\/www.sunkaraoke.hu\/index.php\/wp-json\/wp\/v2\/product_cat?post=3568"},{"taxonomy":"product_tag","embeddable":true,"href":"https:\/\/www.sunkaraoke.hu\/index.php\/wp-json\/wp\/v2\/product_tag?post=3568"}],"curies":[{"name":"wp","href":"https:\/\/api.w.org\/{rel}","templated":true}]}}