{"id":3566,"date":"2022-08-08T20:46:30","date_gmt":"2022-08-08T20:46:30","guid":{"rendered":"https:\/\/www.sunkaraoke.hu\/index.php\/termek\/slager-tibo-ma-ejjel-add-a-szivedet\/"},"modified":"2026-02-14T15:46:18","modified_gmt":"2026-02-14T13:46:18","slug":"slager-tibo-ma-ejjel-add-a-szivedet","status":"publish","type":"product","link":"https:\/\/www.sunkaraoke.hu\/index.php\/termek\/slager-tibo-ma-ejjel-add-a-szivedet\/","title":{"rendered":"<div class=\"wcmp-player-container product-3566\"><audio controlslist=\"nodownload\" data-product=\"3566\"  volume=\"1\"  preload=\"none\" data-lazyloading=\"none\" class=\"wcmp-player track mejs-classic\" data-duration=\"0:33\" data-estimated_duration=\"4\"><source src=\"https:\/\/www.sunkaraoke.hu\/wp-content\/uploads\/2022\/08\/Ma-ejjel-add-a-szivedet-demoo.mp3\" type=\"audio\/mp3\" \/><\/audio><\/div>Sl\u00e1ger Tib\u00f3 &#8211; Ma \u00e9jjel add a sz\u00edvedet (Original)"},"content":{"rendered":"<p><strong>03:37<\/strong> | <strong><img loading=\"lazy\" decoding=\"async\" class=\"alignnone size-full wp-image-466\" src=\"https:\/\/www.sunkaraoke.hu\/wp-content\/uploads\/2022\/07\/choir_1-copy.webp\" alt=\"\" width=\"30\" height=\"30\" \/> <\/strong><\/p>\n","protected":false},"excerpt":{"rendered":"<h6><strong>Bits\u0171r\u0171s\u00e9g: 320<\/strong>kb\/s<strong><br \/>\n<\/strong><strong>Hossz: <\/strong>03:37<strong><br \/>\n<\/strong><strong style=\"font-size: 16px;\">Vok\u00e1lt tartalmaz: <\/strong>Igen <img loading=\"lazy\" decoding=\"async\" class=\"alignnone size-full wp-image-466\" src=\"http:\/\/www.sunkaraoke.hu\/wp-content\/uploads\/2022\/07\/choir_1-copy.png\" alt=\"\" width=\"30\" height=\"30\" \/><strong style=\"font-size: 16px;\"><br \/>\n<\/strong><\/h6>\n<p>Sunkaraoke mp3 st\u00fadi\u00f3 \/ www.sunkaraoke.hu \/ Inf: Tel: 06 20 4275001<\/p>\n<p>&#8212;Intr\u00f3&#8212;<br \/>\nElm\u00falt a kar\u00e1csony, kih\u0171lt a kar\u00e1csony,<br \/>\nablakom alatt elsuhantak az \u00fcnnepek.<br \/>\nMost kint hull a h\u00f3, bent t\u00fczes a kandall\u00f3,<br \/>\nde ha nem v\u00e1laszolsz, nem tudom, m\u00e1r mit tegyek.<br \/>\nR\u00e1d gondolok \u00e1lmaimban minden \u00e9jszak\u00e1n,<br \/>\n\u00e9bredek, \u00e9s k\u00e9pzelem, hogy visszaj\u00f6tt\u00e9l m\u00e1r.<br \/>\nMa \u00e9jjel add, a sz\u00edvedet ma \u00e9jjel t\u00e1ncolok veled,<br \/>\nrem\u00e9lem, annyit k\u00e9rhetek, legy\u00e9l ott \u00e9n is ott leszek.<br \/>\nMa \u00e9jjel hozz\u00e1d indulok, ma olyan izgatott vagyok.<br \/>\na m\u0171sort hozz\u00e1d hangolom l\u00e9nyeg, hogy szeress,<br \/>\n\u00e9n szeretlek nagyon.<br \/>\n&#8212;Sz\u00f3l\u00f3&#8212;<br \/>\nElm\u00falt a kar\u00e1csony, kih\u0171lt a kar\u00e1csony,<br \/>\nablakom alatt elsuhantak az \u00fcnnepek.<br \/>\nMost kint hull a h\u00f3, bent t\u00fczes a kandall\u00f3,<br \/>\nde ha nem v\u00e1laszolsz, nem tudom, m\u00e1r mit tegyek.<br \/>\nR\u00e1d gondolok \u00e1lmaimban minden \u00e9jszak\u00e1n,<br \/>\n\u00e9bredek, \u00e9s k\u00e9pzelem, hogy visszaj\u00f6tt\u00e9l m\u00e1r.<br \/>\nMa \u00e9jjel add, a sz\u00edvedet ma \u00e9jjel t\u00e1ncolok veled,<br \/>\nrem\u00e9lem, annyit k\u00e9rhetek, legy\u00e9l ott \u00e9n is ott leszek.<br \/>\nMa \u00e9jjel hozz\u00e1d indulok, ma olyan izgatott vagyok.<br \/>\na m\u0171sort hozz\u00e1d hangolom l\u00e9nyeg, hogy szeress,<br \/>\n\u00e9n szeretlek nagyon.<br \/>\n&#8212;Sz\u00f3l\u00f3&#8212;<br \/>\nR\u00e1d gondolok \u00e1lmaimban minden \u00e9jszak\u00e1n,<br \/>\n\u00e9bredek, \u00e9s k\u00e9pzelem, hogy visszaj\u00f6tt\u00e9l m\u00e1r.<br \/>\nMa \u00e9jjel add, a sz\u00edvedet ma \u00e9jjel t\u00e1ncolok veled,<br \/>\nrem\u00e9lem, annyit k\u00e9rhetek, legy\u00e9l ott \u00e9n is ott leszek.<br \/>\nMa \u00e9jjel hozz\u00e1d indulok, ma olyan izgatott vagyok.<br \/>\na m\u0171sort hozz\u00e1d hangolom l\u00e9nyeg, hogy szeress,<br \/>\n\u00e9n szeretlek nagyon.<br \/>\nMa \u00e9jjel add, a sz\u00edvedet ma \u00e9jjel t\u00e1ncolok veled,<br \/>\nrem\u00e9lem, annyit k\u00e9rhetek, legy\u00e9l ott \u00e9n is ott leszek.<br \/>\nMa \u00e9jjel hozz\u00e1d indulok, ma olyan izgatott vagyok.<br \/>\na m\u0171sort hozz\u00e1d hangolom l\u00e9nyeg, hogy szeress,<br \/>\n\u00e9n szeretlek nagyon.<br \/>\nMa \u00e9jjel add, a sz\u00edvedet ma \u00e9jjel t\u00e1ncolok veled,<br \/>\nrem\u00e9lem, annyit k\u00e9rhetek, legy\u00e9l ott \u00e9n is ott leszek.<br \/>\nMa \u00e9jjel hozz\u00e1d indulok, ma olyan izgatott vagyok.<br \/>\na m\u0171sort hozz\u00e1d hangolom l\u00e9nyeg, hogy szeress,<br \/>\n\u00e9n szeretlek nagyon.<br \/>\n&#8212;V\u00e9ge&#8212;<\/p>\n","protected":false},"featured_media":9289,"template":"","meta":{"site-sidebar-layout":"default","site-content-layout":"default","ast-site-content-layout":"default","site-content-style":"default","site-sidebar-style":"default","ast-global-header-display":"","ast-banner-title-visibility":"","ast-main-header-display":"","ast-hfb-above-header-display":"","ast-hfb-below-header-display":"","ast-hfb-mobile-header-display":"","site-post-title":"","ast-breadcrumbs-content":"","ast-featured-img":"","footer-sml-layout":"","theme-transparent-header-meta":"default","adv-header-id-meta":"","stick-header-meta":"","header-above-stick-meta":"","header-main-stick-meta":"","header-below-stick-meta":"","astra-migrate-meta-layouts":"set","ast-page-background-enabled":"default","ast-page-background-meta":{"desktop":{"background-color":"var(--ast-global-color-4)","background-image":"","background-repeat":"repeat","background-position":"center center","background-size":"auto","background-attachment":"scroll","background-type":"","background-media":"","overlay-type":"","overlay-color":"","overlay-opacity":"","overlay-gradient":""},"tablet":{"background-color":"","background-image":"","background-repeat":"repeat","background-position":"center center","background-size":"auto","background-attachment":"scroll","background-type":"","background-media":"","overlay-type":"","overlay-color":"","overlay-opacity":"","overlay-gradient":""},"mobile":{"background-color":"","background-image":"","background-repeat":"repeat","background-position":"center center","background-size":"auto","background-attachment":"scroll","background-type":"","background-media":"","overlay-type":"","overlay-color":"","overlay-opacity":"","overlay-gradient":""}},"ast-content-background-meta":{"desktop":{"background-color":"var(--ast-global-color-5)","background-image":"","background-repeat":"repeat","background-position":"center center","background-size":"auto","background-attachment":"scroll","background-type":"","background-media":"","overlay-type":"","overlay-color":"","overlay-opacity":"","overlay-gradient":""},"tablet":{"background-color":"var(--ast-global-color-5)","background-image":"","background-repeat":"repeat","background-position":"center center","background-size":"auto","background-attachment":"scroll","background-type":"","background-media":"","overlay-type":"","overlay-color":"","overlay-opacity":"","overlay-gradient":""},"mobile":{"background-color":"var(--ast-global-color-5)","background-image":"","background-repeat":"repeat","background-position":"center center","background-size":"auto","background-attachment":"scroll","background-type":"","background-media":"","overlay-type":"","overlay-color":"","overlay-opacity":"","overlay-gradient":""}}},"product_cat":[46],"product_tag":[],"class_list":["post-3566","product","type-product","status-publish","has-post-thumbnail","hentry","product_cat-eredeti-karaoke-dalok","desktop-align-left","tablet-align-left","mobile-align-left"],"_links":{"self":[{"href":"https:\/\/www.sunkaraoke.hu\/index.php\/wp-json\/wp\/v2\/product\/3566","targetHints":{"allow":["GET"]}}],"collection":[{"href":"https:\/\/www.sunkaraoke.hu\/index.php\/wp-json\/wp\/v2\/product"}],"about":[{"href":"https:\/\/www.sunkaraoke.hu\/index.php\/wp-json\/wp\/v2\/types\/product"}],"wp:featuredmedia":[{"embeddable":true,"href":"https:\/\/www.sunkaraoke.hu\/index.php\/wp-json\/wp\/v2\/media\/9289"}],"wp:attachment":[{"href":"https:\/\/www.sunkaraoke.hu\/index.php\/wp-json\/wp\/v2\/media?parent=3566"}],"wp:term":[{"taxonomy":"product_cat","embeddable":true,"href":"https:\/\/www.sunkaraoke.hu\/index.php\/wp-json\/wp\/v2\/product_cat?post=3566"},{"taxonomy":"product_tag","embeddable":true,"href":"https:\/\/www.sunkaraoke.hu\/index.php\/wp-json\/wp\/v2\/product_tag?post=3566"}],"curies":[{"name":"wp","href":"https:\/\/api.w.org\/{rel}","templated":true}]}}