{"id":3565,"date":"2022-08-08T20:46:30","date_gmt":"2022-08-08T20:46:30","guid":{"rendered":"https:\/\/www.sunkaraoke.hu\/index.php\/termek\/tajtiboy-falu-vegen\/"},"modified":"2025-04-05T09:18:22","modified_gmt":"2025-04-05T09:18:22","slug":"tajtiboy-falu-vegen","status":"publish","type":"product","link":"https:\/\/www.sunkaraoke.hu\/index.php\/termek\/tajtiboy-falu-vegen\/","title":{"rendered":"<div class=\"wcmp-player-container product-3565\"><audio controlslist=\"nodownload\" data-product=\"3565\"  volume=\"1\"  preload=\"none\" data-lazyloading=\"none\" class=\"wcmp-player track mejs-classic\" data-duration=\"0:34\" data-estimated_duration=\"4\"><source src=\"https:\/\/www.sunkaraoke.hu\/wp-content\/uploads\/2022\/08\/Falu-vegen-kademo.mp3\" type=\"audio\/mp3\" \/><\/audio><\/div>Tajtiboy &#8211; Falu v\u00e9g\u00e9n (Original)"},"content":{"rendered":"<p><strong>03:36<\/strong> | <strong><img loading=\"lazy\" decoding=\"async\" class=\"alignnone size-full wp-image-467\" src=\"https:\/\/www.sunkaraoke.hu\/wp-content\/uploads\/2022\/07\/choir_2-copy.webp\" alt=\"\" width=\"30\" height=\"30\" \/> <\/strong><\/p>\n","protected":false},"excerpt":{"rendered":"<h6><strong>Bits\u0171r\u0171s\u00e9g: 320<\/strong>kb\/s<strong><br \/>\n<\/strong><strong>Hossz: <\/strong>03:36<strong><br \/>\n<\/strong><strong style=\"font-size: 16px;\">Vok\u00e1lt tartalmaz: <\/strong>Nem <img loading=\"lazy\" decoding=\"async\" class=\"alignnone size-full wp-image-467\" src=\"http:\/\/www.sunkaraoke.hu\/wp-content\/uploads\/2022\/07\/choir_2-copy.png\" alt=\"\" width=\"30\" height=\"30\" \/><strong style=\"font-size: 16px;\"><br \/>\n<\/strong><\/h6>\n<p>Sunkaraoke mp3 st\u00fadi\u00f3 \/ www.sunkaraoke.hu \/ Inf: Tel: 06 20 4275001<\/p>\n<p>&#8212;Intr\u00f3&#8212;<br \/>\nFalu v\u00e9g\u00e9n van egy h\u00e1z, ott lakik az \u00e9n bab\u00e1m,<br \/>\nott lakik \u00e9s est\u00e9nk\u00e9nt csak engem v\u00e1r.<br \/>\nNeki adtam a sz\u00edvem, mert \u0151 az aki kell nekem,<br \/>\nboldog vagyok \u00e9n, hogy van nekem.<br \/>\nNeki adtam a sz\u00edvem \u00e9s vigy\u00e1z r\u00e1 egy \u00e9leten,<br \/>\nIstenem, de nagyon szeretem.<br \/>\nA szeret\u0151m olyan sz\u00e9p, a b\u0151re barna, a szeme k\u00e9k,<br \/>\nenn\u00e9l szebbet tudom nem is k\u00e9rhetn\u00e9k.<br \/>\nNeki adtam a sz\u00edvem, mert \u0151 az aki kell nekem,<br \/>\nboldog vagyok \u00e9n, hogy van nekem.<br \/>\nNeki adtam a sz\u00edvem \u00e9s vigy\u00e1z r\u00e1 egy \u00e9leten,<br \/>\nIstenem, de nagyon szeretem.<br \/>\n&#8212;Sz\u00f3l\u00f3&#8212;<br \/>\nA szerelem csuda j\u00f3, nincsen enn\u00e9l r\u00e1 jobb sz\u00f3,<br \/>\nki nem hisz nekem r\u00fagja meg, h\u00e1t r\u00fagja meg a l\u00f3!<br \/>\nNeki adtam a sz\u00edvem, mert \u0151 az aki kell nekem,<br \/>\nboldog vagyok \u00e9n, hogy van nekem.<br \/>\nNeki adtam a sz\u00edvem \u00e9s vigy\u00e1z r\u00e1 egy \u00e9leten,<br \/>\nIstenem, de nagyon szeretem.<br \/>\nCsillog a napsug\u00e1r, k\u00e9k szem\u00e9ben t\u00e1ncot j\u00e1r,<br \/>\ncsillag szeme mindig csak kacag r\u00e1m.<br \/>\nNeki adtam a sz\u00edvem, mert \u0151 az aki kell nekem,<br \/>\nboldog vagyok \u00e9n, hogy van nekem.<br \/>\nNeki adtam a sz\u00edvem \u00e9s vigy\u00e1z r\u00e1 egy \u00e9leten,<br \/>\nIstenem, de nagyon szeretem.<br \/>\n&#8212;Sz\u00f3l\u00f3&#8212;<br \/>\nNeki adtam a sz\u00edvem, mert \u0151 az aki kell nekem,<br \/>\nboldog vagyok \u00e9n, hogy van nekem.<br \/>\nNeki adtam a sz\u00edvem \u00e9s vigy\u00e1z r\u00e1 egy \u00e9leten,<br \/>\nIstenem, de nagyon szeretem.<br \/>\nNeki adtam a sz\u00edvem, mert \u0151 az aki kell nekem,<br \/>\nboldog vagyok \u00e9n, hogy van nekem.<br \/>\nNeki adtam a sz\u00edvem \u00e9s vigy\u00e1z r\u00e1 egy \u00e9leten,<br \/>\nIstenem, de nagyon szeretem.<br \/>\n&#8212;V\u00e9ge&#8212;<\/p>\n","protected":false},"featured_media":9020,"template":"","meta":{"site-sidebar-layout":"default","site-content-layout":"default","ast-site-content-layout":"default","site-content-style":"default","site-sidebar-style":"default","ast-global-header-display":"","ast-banner-title-visibility":"","ast-main-header-display":"","ast-hfb-above-header-display":"","ast-hfb-below-header-display":"","ast-hfb-mobile-header-display":"","site-post-title":"","ast-breadcrumbs-content":"","ast-featured-img":"","footer-sml-layout":"","theme-transparent-header-meta":"default","adv-header-id-meta":"","stick-header-meta":"","header-above-stick-meta":"","header-main-stick-meta":"","header-below-stick-meta":"","astra-migrate-meta-layouts":"set","ast-page-background-enabled":"default","ast-page-background-meta":{"desktop":{"background-color":"var(--ast-global-color-4)","background-image":"","background-repeat":"repeat","background-position":"center center","background-size":"auto","background-attachment":"scroll","background-type":"","background-media":"","overlay-type":"","overlay-color":"","overlay-opacity":"","overlay-gradient":""},"tablet":{"background-color":"","background-image":"","background-repeat":"repeat","background-position":"center center","background-size":"auto","background-attachment":"scroll","background-type":"","background-media":"","overlay-type":"","overlay-color":"","overlay-opacity":"","overlay-gradient":""},"mobile":{"background-color":"","background-image":"","background-repeat":"repeat","background-position":"center center","background-size":"auto","background-attachment":"scroll","background-type":"","background-media":"","overlay-type":"","overlay-color":"","overlay-opacity":"","overlay-gradient":""}},"ast-content-background-meta":{"desktop":{"background-color":"var(--ast-global-color-5)","background-image":"","background-repeat":"repeat","background-position":"center center","background-size":"auto","background-attachment":"scroll","background-type":"","background-media":"","overlay-type":"","overlay-color":"","overlay-opacity":"","overlay-gradient":""},"tablet":{"background-color":"var(--ast-global-color-5)","background-image":"","background-repeat":"repeat","background-position":"center center","background-size":"auto","background-attachment":"scroll","background-type":"","background-media":"","overlay-type":"","overlay-color":"","overlay-opacity":"","overlay-gradient":""},"mobile":{"background-color":"var(--ast-global-color-5)","background-image":"","background-repeat":"repeat","background-position":"center center","background-size":"auto","background-attachment":"scroll","background-type":"","background-media":"","overlay-type":"","overlay-color":"","overlay-opacity":"","overlay-gradient":""}}},"product_cat":[52],"product_tag":[],"class_list":["post-3565","product","type-product","status-publish","has-post-thumbnail","hentry","product_cat-tajtiboy","desktop-align-left","tablet-align-left","mobile-align-left"],"_links":{"self":[{"href":"https:\/\/www.sunkaraoke.hu\/index.php\/wp-json\/wp\/v2\/product\/3565","targetHints":{"allow":["GET"]}}],"collection":[{"href":"https:\/\/www.sunkaraoke.hu\/index.php\/wp-json\/wp\/v2\/product"}],"about":[{"href":"https:\/\/www.sunkaraoke.hu\/index.php\/wp-json\/wp\/v2\/types\/product"}],"wp:featuredmedia":[{"embeddable":true,"href":"https:\/\/www.sunkaraoke.hu\/index.php\/wp-json\/wp\/v2\/media\/9020"}],"wp:attachment":[{"href":"https:\/\/www.sunkaraoke.hu\/index.php\/wp-json\/wp\/v2\/media?parent=3565"}],"wp:term":[{"taxonomy":"product_cat","embeddable":true,"href":"https:\/\/www.sunkaraoke.hu\/index.php\/wp-json\/wp\/v2\/product_cat?post=3565"},{"taxonomy":"product_tag","embeddable":true,"href":"https:\/\/www.sunkaraoke.hu\/index.php\/wp-json\/wp\/v2\/product_tag?post=3565"}],"curies":[{"name":"wp","href":"https:\/\/api.w.org\/{rel}","templated":true}]}}