{"id":3491,"date":"2022-08-08T20:46:26","date_gmt":"2022-08-08T20:46:26","guid":{"rendered":"https:\/\/www.sunkaraoke.hu\/index.php\/termek\/mulatos-tommy-mulatos-mix-03\/"},"modified":"2025-04-06T13:00:42","modified_gmt":"2025-04-06T13:00:42","slug":"mulatos-tommy-mulatos-mix-03","status":"publish","type":"product","link":"https:\/\/www.sunkaraoke.hu\/index.php\/termek\/mulatos-tommy-mulatos-mix-03\/","title":{"rendered":"<div class=\"wcmp-player-container product-3491\"><audio controlslist=\"nodownload\" data-product=\"3491\"  volume=\"1\"  preload=\"none\" data-lazyloading=\"none\" class=\"wcmp-player track mejs-classic\" data-duration=\"0:32\" data-estimated_duration=\"4\"><source src=\"https:\/\/www.sunkaraoke.hu\/wp-content\/uploads\/2022\/08\/Tommy-Mulatos-Mix-3.-kdemooo.mp3\" type=\"audio\/mp3\" \/><\/audio><\/div>Mulat\u00f3s &#8211; TOMMY Mulat\u00f3s Mix 03. (Original)"},"content":{"rendered":"<p><strong>04:45<\/strong> | <strong><img loading=\"lazy\" decoding=\"async\" class=\"alignnone size-full wp-image-467\" src=\"https:\/\/www.sunkaraoke.hu\/wp-content\/uploads\/2022\/07\/choir_2-copy.webp\" alt=\"\" width=\"30\" height=\"30\" \/> <\/strong><\/p>\n","protected":false},"excerpt":{"rendered":"<h6><strong>Bits\u0171r\u0171s\u00e9g: 320<\/strong>kb\/s<strong><br \/>\n<\/strong><strong>Hossz: <\/strong>04:45<strong><br \/>\n<\/strong><strong style=\"font-size: 16px;\">Vok\u00e1lt tartalmaz: <\/strong>Nem <img loading=\"lazy\" decoding=\"async\" class=\"alignnone size-full wp-image-467\" src=\"http:\/\/www.sunkaraoke.hu\/wp-content\/uploads\/2022\/07\/choir_2-copy.png\" alt=\"\" width=\"30\" height=\"30\" \/><strong style=\"font-size: 16px;\"><br \/>\n<\/strong><\/h6>\n<p>Sunkaraoke mp3 st\u00fadi\u00f3 \/ www.sunkaraoke.hu \/ Inf: Tel: 06 20 4275001<\/p>\n<p>&#8212;Intr\u00f3&#8212;<br \/>\nJulcsa, hogyha kimegy a piacra,<br \/>\nkiskosar\u00e1t jobb karj\u00e1ra r\u00e1akasztja.<br \/>\nLesz is abban hannamanna, csokol\u00e1d\u00e9,<br \/>\nde Julcsa sose leszek a mag\u00e1\u00e9!<br \/>\nLesz is abban hannamanna, csokol\u00e1d\u00e9,<br \/>\nde Julcsa sose leszek a mag\u00e1\u00e9!<br \/>\n&#8212;Sz\u00f3l\u00f3&#8212;<br \/>\nJulcsa, hogyha kimegy a piacra,<br \/>\nkiskosar\u00e1t jobb karj\u00e1ra r\u00e1akasztja.<br \/>\nLesz is abban hannamanna, csokol\u00e1d\u00e9,<br \/>\nde Julcsa sose leszek a mag\u00e1\u00e9!<br \/>\nLesz is abban hannamanna, csokol\u00e1d\u00e9,<br \/>\nde Julcsa sose leszek a mag\u00e1\u00e9!<br \/>\n&#8212;Sz\u00f3l\u00f3&#8212;-<br \/>\nJulcsa, hogyha kimegy a piacra,<br \/>\nkiskosar\u00e1t jobb karj\u00e1ra r\u00e1akasztja.<br \/>\nLesz is abban hannamanna, csokol\u00e1d\u00e9,<br \/>\nde Julcsa sose leszek a mag\u00e1\u00e9!<br \/>\nLesz is abban hannamanna, csokol\u00e1d\u00e9,<br \/>\nde Julcsa sose leszek a mag\u00e1\u00e9!<br \/>\n&#8212;Sz\u00f3l\u00f3&#8212;<br \/>\nTegnap \u00e9jjel \u00e1lmomban \u00e9n \u00fajra leg\u00e9ny voltam,<br \/>\nszabadon mint a mad\u00e1r v\u00edgan \u00edgy daloltam.<br \/>\nBety\u00e1ros kis kalapom a fejemre t\u00e9ve,<br \/>\nki\u00e1lltam \u00e9n a kapuba a h\u00e1zunk el\u00e9be.<br \/>\nBety\u00e1ros kis kalapom a fejemre t\u00e9ve,<br \/>\nki\u00e1lltam \u00e9n a kapuba a h\u00e1zunk el\u00e9be.<br \/>\n&#8212;Sz\u00f3l\u00f3&#8212;<br \/>\nArra j\u00f6tt a szeret\u0151m a sok k\u00f6z\u00fcl az egyik,<br \/>\negy \u2013 kett\u0151re tov\u00e1bbment azt\u00e1n j\u00f6tt a m\u00e1sik.<br \/>\nElj\u00f6tt volna mind a sz\u00e1z de m\u00e1r \u00e9bren voltam,<br \/>\nhov\u00e1 tettem az eszemet hogy megh\u00e1zasodtam.<br \/>\nElj\u00f6tt volna mind a sz\u00e1z de m\u00e1r \u00e9bren voltam,<br \/>\nhov\u00e1 tettem az eszemet hogy megh\u00e1zasodtam.<br \/>\n&#8212;V\u00e9ge&#8212;<\/p>\n","protected":false},"featured_media":288,"template":"","meta":{"site-sidebar-layout":"default","site-content-layout":"default","ast-site-content-layout":"default","site-content-style":"default","site-sidebar-style":"default","ast-global-header-display":"","ast-banner-title-visibility":"","ast-main-header-display":"","ast-hfb-above-header-display":"","ast-hfb-below-header-display":"","ast-hfb-mobile-header-display":"","site-post-title":"","ast-breadcrumbs-content":"","ast-featured-img":"","footer-sml-layout":"","theme-transparent-header-meta":"default","adv-header-id-meta":"","stick-header-meta":"","header-above-stick-meta":"","header-main-stick-meta":"","header-below-stick-meta":"","astra-migrate-meta-layouts":"set","ast-page-background-enabled":"default","ast-page-background-meta":{"desktop":{"background-color":"var(--ast-global-color-4)","background-image":"","background-repeat":"repeat","background-position":"center center","background-size":"auto","background-attachment":"scroll","background-type":"","background-media":"","overlay-type":"","overlay-color":"","overlay-opacity":"","overlay-gradient":""},"tablet":{"background-color":"","background-image":"","background-repeat":"repeat","background-position":"center center","background-size":"auto","background-attachment":"scroll","background-type":"","background-media":"","overlay-type":"","overlay-color":"","overlay-opacity":"","overlay-gradient":""},"mobile":{"background-color":"","background-image":"","background-repeat":"repeat","background-position":"center center","background-size":"auto","background-attachment":"scroll","background-type":"","background-media":"","overlay-type":"","overlay-color":"","overlay-opacity":"","overlay-gradient":""}},"ast-content-background-meta":{"desktop":{"background-color":"var(--ast-global-color-5)","background-image":"","background-repeat":"repeat","background-position":"center center","background-size":"auto","background-attachment":"scroll","background-type":"","background-media":"","overlay-type":"","overlay-color":"","overlay-opacity":"","overlay-gradient":""},"tablet":{"background-color":"var(--ast-global-color-5)","background-image":"","background-repeat":"repeat","background-position":"center center","background-size":"auto","background-attachment":"scroll","background-type":"","background-media":"","overlay-type":"","overlay-color":"","overlay-opacity":"","overlay-gradient":""},"mobile":{"background-color":"var(--ast-global-color-5)","background-image":"","background-repeat":"repeat","background-position":"center center","background-size":"auto","background-attachment":"scroll","background-type":"","background-media":"","overlay-type":"","overlay-color":"","overlay-opacity":"","overlay-gradient":""}}},"product_cat":[48],"product_tag":[],"class_list":["post-3491","product","type-product","status-publish","has-post-thumbnail","hentry","product_cat-sunkaraoke-dalok","desktop-align-left","tablet-align-left","mobile-align-left"],"_links":{"self":[{"href":"https:\/\/www.sunkaraoke.hu\/index.php\/wp-json\/wp\/v2\/product\/3491","targetHints":{"allow":["GET"]}}],"collection":[{"href":"https:\/\/www.sunkaraoke.hu\/index.php\/wp-json\/wp\/v2\/product"}],"about":[{"href":"https:\/\/www.sunkaraoke.hu\/index.php\/wp-json\/wp\/v2\/types\/product"}],"wp:featuredmedia":[{"embeddable":true,"href":"https:\/\/www.sunkaraoke.hu\/index.php\/wp-json\/wp\/v2\/media\/288"}],"wp:attachment":[{"href":"https:\/\/www.sunkaraoke.hu\/index.php\/wp-json\/wp\/v2\/media?parent=3491"}],"wp:term":[{"taxonomy":"product_cat","embeddable":true,"href":"https:\/\/www.sunkaraoke.hu\/index.php\/wp-json\/wp\/v2\/product_cat?post=3491"},{"taxonomy":"product_tag","embeddable":true,"href":"https:\/\/www.sunkaraoke.hu\/index.php\/wp-json\/wp\/v2\/product_tag?post=3491"}],"curies":[{"name":"wp","href":"https:\/\/api.w.org\/{rel}","templated":true}]}}