{"id":3487,"date":"2022-08-08T20:46:25","date_gmt":"2022-08-08T20:46:25","guid":{"rendered":"https:\/\/www.sunkaraoke.hu\/index.php\/termek\/slager-tibo-egyszer-sirok\/"},"modified":"2026-02-14T15:46:18","modified_gmt":"2026-02-14T13:46:18","slug":"slager-tibo-egyszer-sirok","status":"publish","type":"product","link":"https:\/\/www.sunkaraoke.hu\/index.php\/termek\/slager-tibo-egyszer-sirok\/","title":{"rendered":"<div class=\"wcmp-player-container product-3487\"><audio controlslist=\"nodownload\" data-product=\"3487\"  volume=\"1\"  preload=\"none\" data-lazyloading=\"none\" class=\"wcmp-player track mejs-classic\" data-duration=\"0:33\" data-estimated_duration=\"4\"><source src=\"https:\/\/www.sunkaraoke.hu\/wp-content\/uploads\/2022\/08\/Egyszer-sirioka_dempoo.mp3\" type=\"audio\/mp3\" \/><\/audio><\/div>Sl\u00e1ger Tib\u00f3 &#8211; Egyszer s\u00edrok (Original)"},"content":{"rendered":"<p><strong>03:51<\/strong> | <strong><img loading=\"lazy\" decoding=\"async\" class=\"alignnone size-full wp-image-467\" src=\"https:\/\/www.sunkaraoke.hu\/wp-content\/uploads\/2022\/07\/choir_2-copy.webp\" alt=\"\" width=\"30\" height=\"30\" \/> <\/strong><\/p>\n","protected":false},"excerpt":{"rendered":"<h5><strong>Bits\u0171r\u0171s\u00e9g: 320kb\/s<\/strong><br \/>\n<strong>Hossz: 03:51<\/strong><br \/>\n<strong>Vok\u00e1lt tartalmaz: Nem <img loading=\"lazy\" decoding=\"async\" class=\"alignnone size-full wp-image-467\" src=\"http:\/\/www.sunkaraoke.hu\/wp-content\/uploads\/2022\/07\/choir_2-copy.png\" alt=\"\" width=\"30\" height=\"30\" \/><\/strong><strong style=\"font-size: 16px;\"><br \/>\n<\/strong><\/h5>\n<p>Sunkaraoke mp3 st\u00fadi\u00f3 \/ www.sunkaraoke.hu \/ Inf: Tel: 06 20 4275001<\/p>\n<p>&#8212;Intr\u00f3&#8212;<br \/>\nEzer \u00e9ve itt \u00e9l\u00fck,ez a f\u00f6ld a haz\u00e1nk.<br \/>\nEzer \u00e9ve rem\u00e9lj\u00fck,hogy r\u00e1nk tal\u00e1l a boldogs\u00e1g.<br \/>\n\u00c1lmodtam egy \u00e1lmot nem ezt a vil\u00e1got,<br \/>\nnem tudom most hol vagyok.<br \/>\nHova t\u0171nt az \u00e9rt\u00e9k nem is ezt \u00edg\u00e9rt\u00e9k,<br \/>\nnek\u00fcnk a csillagok.<br \/>\nEgyszer s\u00edrok, egyszer vigadok,<br \/>\ntudod uram ilyenek a magyarok.<br \/>\nDe nem vagyunk mi rosszabbak senkin\u00e9l,<br \/>\ncsak elhagyott a szerencs\u00e9nk.<br \/>\nEgyszer s\u00edrok, egyszer vigadok,<br \/>\ntudod uram ilyenek a magyarok.<br \/>\nDe nem vagyunk mi rosszabbak senkin\u00e9l,<br \/>\ncsak elhagyott a szerencs\u00e9nk.<br \/>\n&#8212;Sz\u00f3l\u00f3&#8212;<br \/>\nEzer \u00e9ve itt \u00e9l\u00fck,ez a f\u00f6ld a haz\u00e1nk.<br \/>\nEzer \u00e9ve rem\u00e9lj\u00fck,hogy r\u00e1nk tal\u00e1l a boldogs\u00e1g.<br \/>\n\u00c1lmodtam egy \u00e1lmot nem ezt a vil\u00e1got,<br \/>\nnem tudom most hol vagyok.<br \/>\nHova t\u0171nt az \u00e9rt\u00e9k nem is ezt \u00edg\u00e9rt\u00e9k,<br \/>\nnek\u00fcnk a csillagok.<br \/>\nEgyszer s\u00edrok, egyszer vigadok,<br \/>\ntudod uram ilyenek a magyarok.<br \/>\nDe nem vagyunk mi rosszabbak senkin\u00e9l,<br \/>\ncsak elhagyott a szerencs\u00e9nk.<br \/>\nEgyszer s\u00edrok, egyszer vigadok,<br \/>\ntudod uram ilyenek a magyarok.<br \/>\nDe nem vagyunk mi rosszabbak senkin\u00e9l,<br \/>\ncsak elhagyott a szerencs\u00e9nk.<br \/>\n&#8212;Sz\u00f3l\u00f3&#8212;<br \/>\nEgyszer s\u00edrok, egyszer vigadok,<br \/>\ntudod uram ilyenek a magyarok.<br \/>\nDe nem vagyunk mi rosszabbak senkin\u00e9l,<br \/>\ncsak elhagyott a szerencs\u00e9nk.<br \/>\nEgyszer s\u00edrok, egyszer vigadok,<br \/>\ntudod uram ilyenek a magyarok.<br \/>\nDe nem vagyunk mi rosszabbak senkin\u00e9l,<br \/>\ncsak elhagyott a szerencs\u00e9nk.<br \/>\nEgyszer s\u00edrok, egyszer vigadok,<br \/>\ntudod uram ilyenek a magyarok.<br \/>\nDe nem vagyunk mi rosszabbak senkin\u00e9l,<br \/>\ncsak elhagyott a szerencs\u00e9nk.<br \/>\nEgyszer s\u00edrok, egyszer vigadok,<br \/>\ntudod uram ilyenek a magyarok.<br \/>\nDe nem vagyunk mi rosszabbak senkin\u00e9l,<br \/>\ncsak elhagyott a szerencs\u00e9nk.<br \/>\n&#8212;V\u00e9ge&#8212;<\/p>\n","protected":false},"featured_media":9289,"template":"","meta":{"site-sidebar-layout":"default","site-content-layout":"default","ast-site-content-layout":"default","site-content-style":"default","site-sidebar-style":"default","ast-global-header-display":"","ast-banner-title-visibility":"","ast-main-header-display":"","ast-hfb-above-header-display":"","ast-hfb-below-header-display":"","ast-hfb-mobile-header-display":"","site-post-title":"","ast-breadcrumbs-content":"","ast-featured-img":"","footer-sml-layout":"","theme-transparent-header-meta":"default","adv-header-id-meta":"","stick-header-meta":"","header-above-stick-meta":"","header-main-stick-meta":"","header-below-stick-meta":"","astra-migrate-meta-layouts":"set","ast-page-background-enabled":"default","ast-page-background-meta":{"desktop":{"background-color":"var(--ast-global-color-4)","background-image":"","background-repeat":"repeat","background-position":"center center","background-size":"auto","background-attachment":"scroll","background-type":"","background-media":"","overlay-type":"","overlay-color":"","overlay-opacity":"","overlay-gradient":""},"tablet":{"background-color":"","background-image":"","background-repeat":"repeat","background-position":"center center","background-size":"auto","background-attachment":"scroll","background-type":"","background-media":"","overlay-type":"","overlay-color":"","overlay-opacity":"","overlay-gradient":""},"mobile":{"background-color":"","background-image":"","background-repeat":"repeat","background-position":"center center","background-size":"auto","background-attachment":"scroll","background-type":"","background-media":"","overlay-type":"","overlay-color":"","overlay-opacity":"","overlay-gradient":""}},"ast-content-background-meta":{"desktop":{"background-color":"var(--ast-global-color-5)","background-image":"","background-repeat":"repeat","background-position":"center center","background-size":"auto","background-attachment":"scroll","background-type":"","background-media":"","overlay-type":"","overlay-color":"","overlay-opacity":"","overlay-gradient":""},"tablet":{"background-color":"var(--ast-global-color-5)","background-image":"","background-repeat":"repeat","background-position":"center center","background-size":"auto","background-attachment":"scroll","background-type":"","background-media":"","overlay-type":"","overlay-color":"","overlay-opacity":"","overlay-gradient":""},"mobile":{"background-color":"var(--ast-global-color-5)","background-image":"","background-repeat":"repeat","background-position":"center center","background-size":"auto","background-attachment":"scroll","background-type":"","background-media":"","overlay-type":"","overlay-color":"","overlay-opacity":"","overlay-gradient":""}}},"product_cat":[46],"product_tag":[],"class_list":["post-3487","product","type-product","status-publish","has-post-thumbnail","hentry","product_cat-eredeti-karaoke-dalok","desktop-align-left","tablet-align-left","mobile-align-left"],"_links":{"self":[{"href":"https:\/\/www.sunkaraoke.hu\/index.php\/wp-json\/wp\/v2\/product\/3487","targetHints":{"allow":["GET"]}}],"collection":[{"href":"https:\/\/www.sunkaraoke.hu\/index.php\/wp-json\/wp\/v2\/product"}],"about":[{"href":"https:\/\/www.sunkaraoke.hu\/index.php\/wp-json\/wp\/v2\/types\/product"}],"wp:featuredmedia":[{"embeddable":true,"href":"https:\/\/www.sunkaraoke.hu\/index.php\/wp-json\/wp\/v2\/media\/9289"}],"wp:attachment":[{"href":"https:\/\/www.sunkaraoke.hu\/index.php\/wp-json\/wp\/v2\/media?parent=3487"}],"wp:term":[{"taxonomy":"product_cat","embeddable":true,"href":"https:\/\/www.sunkaraoke.hu\/index.php\/wp-json\/wp\/v2\/product_cat?post=3487"},{"taxonomy":"product_tag","embeddable":true,"href":"https:\/\/www.sunkaraoke.hu\/index.php\/wp-json\/wp\/v2\/product_tag?post=3487"}],"curies":[{"name":"wp","href":"https:\/\/api.w.org\/{rel}","templated":true}]}}