{"id":3483,"date":"2022-08-08T20:46:25","date_gmt":"2022-08-08T20:46:25","guid":{"rendered":"https:\/\/www.sunkaraoke.hu\/index.php\/termek\/notar-mary-rumcsaka-2011\/"},"modified":"2025-03-29T13:28:25","modified_gmt":"2025-03-29T13:28:25","slug":"notar-mary-rumcsaka-2011","status":"publish","type":"product","link":"https:\/\/www.sunkaraoke.hu\/index.php\/termek\/notar-mary-rumcsaka-2011\/","title":{"rendered":"<div class=\"wcmp-player-container product-3483\"><audio controlslist=\"nodownload\" data-product=\"3483\"  volume=\"1\"  preload=\"none\" data-lazyloading=\"none\" class=\"wcmp-player track mejs-classic\" data-duration=\"0:36\" data-estimated_duration=\"4\"><source src=\"https:\/\/www.sunkaraoke.hu\/wp-content\/uploads\/2022\/08\/Rumcsaka-2011_demo.mp3\" type=\"audio\/mp3\" \/><\/audio><\/div>Notar Mary &#8211; Rumcsaka (Original)"},"content":{"rendered":"<p><strong>03:21<\/strong> | <strong><img loading=\"lazy\" decoding=\"async\" class=\"alignnone size-full wp-image-467\" src=\"https:\/\/www.sunkaraoke.hu\/wp-content\/uploads\/2022\/07\/choir_2-copy.webp\" alt=\"\" width=\"30\" height=\"30\" \/> <\/strong><\/p>\n","protected":false},"excerpt":{"rendered":"<h6>Bits\u0171r\u0171s\u00e9g: 320 kb\/s<br \/>\nHossz: 03:21<br \/>\nVok\u00e1lt tartalmaz: Nem <img loading=\"lazy\" decoding=\"async\" class=\"alignnone size-full wp-image-467\" src=\"http:\/\/www.sunkaraoke.hu\/wp-content\/uploads\/2022\/07\/choir_2-copy.png\" alt=\"\" width=\"30\" height=\"30\" \/><strong style=\"font-size: 16px;\"><br \/>\n<\/strong><\/h6>\n<p>Sunkaraoke mp3 st\u00fadi\u00f3 \/ www.sunkaraoke.hu \/ Inf: Tel: 06 20 4275001<\/p>\n<p>&#8212;Intr\u00f3&#8212;<br \/>\nEzerszer k\u00e9rem az Istent,<br \/>\nvigy\u00e1zzon r\u00e1d dr\u00e1ga kincsem,<br \/>\nezerszer s\u00fagn\u00e1m meg n\u00e9ked,<br \/>\nmeghalok \u00e9n \u00e9rted.<br \/>\nEzerszer k\u00e9rem az Istent,<br \/>\nvigy\u00e1zzon r\u00e1d dr\u00e1ga kincsem,<br \/>\nezerszer s\u00fagn\u00e1m meg n\u00e9ked,<br \/>\nmeghalok \u00e9n \u00e9rted.<\/p>\n<p>\u00c1lmodtam egy vil\u00e1got magamnak,<br \/>\nnem volt r\u00e1csok k\u00f6zt az ablak,<br \/>\nles\u00fct\u00f6tt r\u00e1m a napf\u00e9ny.<br \/>\nTe lett\u00e9l a sz\u00edvem boldogs\u00e1ga,<br \/>\nb\u00e1natom vigasztal\u00e1sa, a nap ragyog\u00e1sa.<\/p>\n<p>Ezerszer k\u00e9rem az Istent,<br \/>\nvigy\u00e1zzon r\u00e1d dr\u00e1ga kincsem,<br \/>\nezerszer s\u00fagn\u00e1m meg n\u00e9ked,<br \/>\nmeghalok \u00e9n \u00e9rted.<br \/>\nEzerszer k\u00e9rem az Istent,<br \/>\nvigy\u00e1zzon r\u00e1d dr\u00e1ga kincsem,<br \/>\nezerszer s\u00fagn\u00e1m meg n\u00e9ked,<br \/>\nmeghalok \u00e9n \u00e9rted.<br \/>\nEzerszer k\u00e9rem az Istent,<br \/>\nvigy\u00e1zzon r\u00e1d dr\u00e1ga kincsem,<br \/>\nezerszer s\u00fagn\u00e1m meg n\u00e9ked,<br \/>\nmeghalok \u00e9n \u00e9rted.<br \/>\nEzerszer k\u00e9rem az Istent,<br \/>\nvigy\u00e1zzon r\u00e1d dr\u00e1ga kincsem,<br \/>\nezerszer s\u00fagn\u00e1m meg n\u00e9ked,<br \/>\nmeghalok \u00e9n \u00e9rted.<br \/>\nMeg\u00e1lmodom minden \u00e1lmodat,<br \/>\nismerem titkos v\u00e1gyadat, pillant\u00e1saidat.<br \/>\nMert t\u00e9ged az \u00e9letemn\u00e9l is jobban,<br \/>\nsokkal-sokkal jobban, jobban szeretlek.<\/p>\n<p>Ezerszer k\u00e9rem az Istent,<br \/>\nvigy\u00e1zzon r\u00e1d dr\u00e1ga kincsem,<br \/>\nezerszer s\u00fagn\u00e1m meg n\u00e9ked,<br \/>\nmeghalok \u00e9n \u00e9rted.<br \/>\nEzerszer k\u00e9rem az Istent,<br \/>\nvigy\u00e1zzon r\u00e1d dr\u00e1ga kincsem,<br \/>\nezerszer s\u00fagn\u00e1m meg n\u00e9ked,<br \/>\nmeghalok \u00e9n \u00e9rted.<\/p>\n<p>Ruma- csaka &#8211; csaka- csakacsa..<br \/>\n&#8212;Sz\u00f3l\u00f3&#8212;<br \/>\nEzerszer k\u00e9rem az Istent,<br \/>\nvigy\u00e1zzon r\u00e1d dr\u00e1ga kincsem,<br \/>\nezerszer s\u00fagn\u00e1m meg n\u00e9ked,<br \/>\nmeghalok \u00e9n \u00e9rted.<br \/>\nEzerszer k\u00e9rem az Istent,<br \/>\nvigy\u00e1zzon r\u00e1d dr\u00e1ga kincsem,<br \/>\nezerszer s\u00fagn\u00e1m meg n\u00e9ked,<br \/>\nmeghalok \u00e9n \u00e9rted.<br \/>\nEzerszer k\u00e9rem az Istent,<br \/>\nvigy\u00e1zzon r\u00e1d dr\u00e1ga kincsem,<br \/>\nezerszer s\u00fagn\u00e1m meg n\u00e9ked,<br \/>\nmeghalok \u00e9n \u00e9rted.<br \/>\nEzerszer k\u00e9rem az Istent,<br \/>\nvigy\u00e1zzon r\u00e1d dr\u00e1ga kincsem,<br \/>\nezerszer s\u00fagn\u00e1m meg n\u00e9ked,<br \/>\nmeghalok \u00e9n \u00e9rted.<br \/>\n&#8212;V\u00e9ge&#8212;<\/p>\n","protected":false},"featured_media":8740,"template":"","meta":{"site-sidebar-layout":"default","site-content-layout":"default","ast-site-content-layout":"default","site-content-style":"default","site-sidebar-style":"default","ast-global-header-display":"","ast-banner-title-visibility":"","ast-main-header-display":"","ast-hfb-above-header-display":"","ast-hfb-below-header-display":"","ast-hfb-mobile-header-display":"","site-post-title":"","ast-breadcrumbs-content":"","ast-featured-img":"","footer-sml-layout":"","theme-transparent-header-meta":"default","adv-header-id-meta":"","stick-header-meta":"","header-above-stick-meta":"","header-main-stick-meta":"","header-below-stick-meta":"","astra-migrate-meta-layouts":"set","ast-page-background-enabled":"default","ast-page-background-meta":{"desktop":{"background-color":"var(--ast-global-color-4)","background-image":"","background-repeat":"repeat","background-position":"center center","background-size":"auto","background-attachment":"scroll","background-type":"","background-media":"","overlay-type":"","overlay-color":"","overlay-opacity":"","overlay-gradient":""},"tablet":{"background-color":"","background-image":"","background-repeat":"repeat","background-position":"center center","background-size":"auto","background-attachment":"scroll","background-type":"","background-media":"","overlay-type":"","overlay-color":"","overlay-opacity":"","overlay-gradient":""},"mobile":{"background-color":"","background-image":"","background-repeat":"repeat","background-position":"center center","background-size":"auto","background-attachment":"scroll","background-type":"","background-media":"","overlay-type":"","overlay-color":"","overlay-opacity":"","overlay-gradient":""}},"ast-content-background-meta":{"desktop":{"background-color":"var(--ast-global-color-5)","background-image":"","background-repeat":"repeat","background-position":"center center","background-size":"auto","background-attachment":"scroll","background-type":"","background-media":"","overlay-type":"","overlay-color":"","overlay-opacity":"","overlay-gradient":""},"tablet":{"background-color":"var(--ast-global-color-5)","background-image":"","background-repeat":"repeat","background-position":"center center","background-size":"auto","background-attachment":"scroll","background-type":"","background-media":"","overlay-type":"","overlay-color":"","overlay-opacity":"","overlay-gradient":""},"mobile":{"background-color":"var(--ast-global-color-5)","background-image":"","background-repeat":"repeat","background-position":"center center","background-size":"auto","background-attachment":"scroll","background-type":"","background-media":"","overlay-type":"","overlay-color":"","overlay-opacity":"","overlay-gradient":""}}},"product_cat":[48],"product_tag":[],"class_list":["post-3483","product","type-product","status-publish","has-post-thumbnail","hentry","product_cat-sunkaraoke-dalok","desktop-align-left","tablet-align-left","mobile-align-left"],"_links":{"self":[{"href":"https:\/\/www.sunkaraoke.hu\/index.php\/wp-json\/wp\/v2\/product\/3483","targetHints":{"allow":["GET"]}}],"collection":[{"href":"https:\/\/www.sunkaraoke.hu\/index.php\/wp-json\/wp\/v2\/product"}],"about":[{"href":"https:\/\/www.sunkaraoke.hu\/index.php\/wp-json\/wp\/v2\/types\/product"}],"wp:featuredmedia":[{"embeddable":true,"href":"https:\/\/www.sunkaraoke.hu\/index.php\/wp-json\/wp\/v2\/media\/8740"}],"wp:attachment":[{"href":"https:\/\/www.sunkaraoke.hu\/index.php\/wp-json\/wp\/v2\/media?parent=3483"}],"wp:term":[{"taxonomy":"product_cat","embeddable":true,"href":"https:\/\/www.sunkaraoke.hu\/index.php\/wp-json\/wp\/v2\/product_cat?post=3483"},{"taxonomy":"product_tag","embeddable":true,"href":"https:\/\/www.sunkaraoke.hu\/index.php\/wp-json\/wp\/v2\/product_tag?post=3483"}],"curies":[{"name":"wp","href":"https:\/\/api.w.org\/{rel}","templated":true}]}}