{"id":3479,"date":"2022-08-08T20:46:25","date_gmt":"2022-08-08T20:46:25","guid":{"rendered":"https:\/\/www.sunkaraoke.hu\/index.php\/termek\/kaczor-ferenc-joska-rogton-gyere-haza-2011\/"},"modified":"2026-02-14T15:46:19","modified_gmt":"2026-02-14T13:46:19","slug":"kaczor-ferenc-joska-rogton-gyere-haza-2011","status":"publish","type":"product","link":"https:\/\/www.sunkaraoke.hu\/index.php\/termek\/kaczor-ferenc-joska-rogton-gyere-haza-2011\/","title":{"rendered":"<div class=\"wcmp-player-container product-3479\"><audio controlslist=\"nodownload\" data-product=\"3479\"  volume=\"1\"  preload=\"none\" data-lazyloading=\"none\" class=\"wcmp-player track mejs-classic\" data-duration=\"0:33\" data-estimated_duration=\"4\"><source src=\"https:\/\/www.sunkaraoke.hu\/wp-content\/uploads\/2022\/08\/Joska-rogton-2022.-Kaczor-Dance-remix_demo.mp3\" type=\"audio\/mp3\" \/><\/audio><\/div>Kaczor Ferenc &#8211; J\u00f3ska r\u00f6gt\u00f6n gyere haza (D\u00f6m\u00f6t\u00f6r B. RMX)"},"content":{"rendered":"<p><strong>03:28<\/strong> | <strong><img loading=\"lazy\" decoding=\"async\" class=\"alignnone size-full wp-image-467\" src=\"https:\/\/www.sunkaraoke.hu\/wp-content\/uploads\/2022\/07\/choir_2-copy.webp\" alt=\"\" width=\"30\" height=\"30\" \/> <\/strong><\/p>\n","protected":false},"excerpt":{"rendered":"<h6>Bits\u0171r\u0171s\u00e9g: 196kb\/s<br \/>\nHossz: 03:28<br \/>\nVok\u00e1lt tartalmaz: Nem <img loading=\"lazy\" decoding=\"async\" class=\"alignnone size-full wp-image-467\" src=\"http:\/\/www.sunkaraoke.hu\/wp-content\/uploads\/2022\/07\/choir_2-copy.png\" alt=\"\" width=\"30\" height=\"30\" \/><strong style=\"font-size: 16px;\"><br \/>\n<\/strong><\/h6>\n<p>&nbsp;<\/p>\n<p>&#8212;Intr\u00f3&#8212;<br \/>\nElmegyek \u00e9n a kocsm\u00e1ba,<br \/>\nminden p\u00e9ntek szombaton.<br \/>\nAlig k\u00e9rem ki a fr\u00f6ccs\u00f6m,<br \/>\nm\u00e1ris ott van az asszony!<br \/>\nCsip\u0151re tesz az ajt\u00f3ban,<br \/>\ns \u00edgy ord\u00edtja el mag\u00e1t.<\/p>\n<p>J\u00f3ska r\u00f6gt\u00f6n gyere haza,<br \/>\nmert kih\u0171l otthon a vacsora!<br \/>\nHa nem j\u00f6ssz haza megl\u00e1tod,<br \/>\nmegl\u00e1sd J\u00f3ska megb\u00e1nod!<br \/>\nJ\u00f3ska r\u00f6gt\u00f6n gyere haza,<br \/>\nmert kih\u0171l otthon a vacsora!<br \/>\nHa nem j\u00f6ssz haza megl\u00e1tod,<br \/>\nmegl\u00e1sd J\u00f3ska megb\u00e1nod!<br \/>\n&#8212;Sz\u00f3l\u00f3&#8212;<br \/>\nHa tudn\u00e1d \u00e9des Marisk\u00e1m,<br \/>\nhogy mennyire szeretlek.<br \/>\nMenj csak haza nyugodtan,<br \/>\nmidj\u00e1rt ut\u00e1nad megyek!<br \/>\nVisszafordul az ajt\u00f3b\u00f3l,<br \/>\ns \u00edgy ord\u00edtja el mag\u00e1t<br \/>\nJ\u00f3ska r\u00f6gt\u00f6n gyere haza,<br \/>\nmert kih\u0171l otthon a vacsora!<br \/>\nHa nem j\u00f6ssz haza megl\u00e1tod,<br \/>\nmegl\u00e1sd J\u00f3ska megb\u00e1nod!<br \/>\nJ\u00f3ska r\u00f6gt\u00f6n gyere haza,<br \/>\nmert kih\u0171l otthon a vacsora!<br \/>\nHa nem j\u00f6ssz haza megl\u00e1tod,<br \/>\nmegl\u00e1sd J\u00f3ska megb\u00e1nod!<br \/>\n&#8212;Sz\u00f3l\u00f3&#8212;<br \/>\nJ\u00f3ska r\u00f6gt\u00f6n gyere haza,<br \/>\nmert kih\u0171l otthon a vacsora!<br \/>\nHa nem j\u00f6ssz haza megl\u00e1tod,<br \/>\nmegl\u00e1sd J\u00f3ska megb\u00e1nod!<br \/>\nJ\u00f3ska r\u00f6gt\u00f6n gyere haza,<br \/>\nmert kih\u0171l otthon a vacsora!<br \/>\nHa nem j\u00f6ssz haza megl\u00e1tod,<br \/>\nmegl\u00e1sd J\u00f3ska megb\u00e1nod!<br \/>\n&#8212;V\u00e9ge&#8212;<\/p>\n","protected":false},"featured_media":8960,"template":"","meta":{"site-sidebar-layout":"default","site-content-layout":"default","ast-site-content-layout":"default","site-content-style":"default","site-sidebar-style":"default","ast-global-header-display":"","ast-banner-title-visibility":"","ast-main-header-display":"","ast-hfb-above-header-display":"","ast-hfb-below-header-display":"","ast-hfb-mobile-header-display":"","site-post-title":"","ast-breadcrumbs-content":"","ast-featured-img":"","footer-sml-layout":"","theme-transparent-header-meta":"default","adv-header-id-meta":"","stick-header-meta":"","header-above-stick-meta":"","header-main-stick-meta":"","header-below-stick-meta":"","astra-migrate-meta-layouts":"set","ast-page-background-enabled":"default","ast-page-background-meta":{"desktop":{"background-color":"var(--ast-global-color-4)","background-image":"","background-repeat":"repeat","background-position":"center center","background-size":"auto","background-attachment":"scroll","background-type":"","background-media":"","overlay-type":"","overlay-color":"","overlay-opacity":"","overlay-gradient":""},"tablet":{"background-color":"","background-image":"","background-repeat":"repeat","background-position":"center center","background-size":"auto","background-attachment":"scroll","background-type":"","background-media":"","overlay-type":"","overlay-color":"","overlay-opacity":"","overlay-gradient":""},"mobile":{"background-color":"","background-image":"","background-repeat":"repeat","background-position":"center center","background-size":"auto","background-attachment":"scroll","background-type":"","background-media":"","overlay-type":"","overlay-color":"","overlay-opacity":"","overlay-gradient":""}},"ast-content-background-meta":{"desktop":{"background-color":"var(--ast-global-color-5)","background-image":"","background-repeat":"repeat","background-position":"center center","background-size":"auto","background-attachment":"scroll","background-type":"","background-media":"","overlay-type":"","overlay-color":"","overlay-opacity":"","overlay-gradient":""},"tablet":{"background-color":"var(--ast-global-color-5)","background-image":"","background-repeat":"repeat","background-position":"center center","background-size":"auto","background-attachment":"scroll","background-type":"","background-media":"","overlay-type":"","overlay-color":"","overlay-opacity":"","overlay-gradient":""},"mobile":{"background-color":"var(--ast-global-color-5)","background-image":"","background-repeat":"repeat","background-position":"center center","background-size":"auto","background-attachment":"scroll","background-type":"","background-media":"","overlay-type":"","overlay-color":"","overlay-opacity":"","overlay-gradient":""}}},"product_cat":[46],"product_tag":[],"class_list":["post-3479","product","type-product","status-publish","has-post-thumbnail","hentry","product_cat-eredeti-karaoke-dalok","desktop-align-left","tablet-align-left","mobile-align-left"],"_links":{"self":[{"href":"https:\/\/www.sunkaraoke.hu\/index.php\/wp-json\/wp\/v2\/product\/3479","targetHints":{"allow":["GET"]}}],"collection":[{"href":"https:\/\/www.sunkaraoke.hu\/index.php\/wp-json\/wp\/v2\/product"}],"about":[{"href":"https:\/\/www.sunkaraoke.hu\/index.php\/wp-json\/wp\/v2\/types\/product"}],"wp:featuredmedia":[{"embeddable":true,"href":"https:\/\/www.sunkaraoke.hu\/index.php\/wp-json\/wp\/v2\/media\/8960"}],"wp:attachment":[{"href":"https:\/\/www.sunkaraoke.hu\/index.php\/wp-json\/wp\/v2\/media?parent=3479"}],"wp:term":[{"taxonomy":"product_cat","embeddable":true,"href":"https:\/\/www.sunkaraoke.hu\/index.php\/wp-json\/wp\/v2\/product_cat?post=3479"},{"taxonomy":"product_tag","embeddable":true,"href":"https:\/\/www.sunkaraoke.hu\/index.php\/wp-json\/wp\/v2\/product_tag?post=3479"}],"curies":[{"name":"wp","href":"https:\/\/api.w.org\/{rel}","templated":true}]}}