{"id":3476,"date":"2022-08-08T20:46:25","date_gmt":"2022-08-08T20:46:25","guid":{"rendered":"https:\/\/www.sunkaraoke.hu\/index.php\/termek\/jolly-nem-sirok-mar-tobbe-utanad\/"},"modified":"2026-02-14T15:46:19","modified_gmt":"2026-02-14T13:46:19","slug":"jolly-nem-sirok-mar-tobbe-utanad","status":"publish","type":"product","link":"https:\/\/www.sunkaraoke.hu\/index.php\/termek\/jolly-nem-sirok-mar-tobbe-utanad\/","title":{"rendered":"<div class=\"wcmp-player-container product-3476\"><audio controlslist=\"nodownload\" data-product=\"3476\"  volume=\"1\"  preload=\"none\" data-lazyloading=\"none\" class=\"wcmp-player track mejs-classic\" data-duration=\"0:33\" data-estimated_duration=\"4\"><source src=\"https:\/\/www.sunkaraoke.hu\/wp-content\/uploads\/2022\/08\/Nem-sirok-mar-tobbe_demo.mp3\" type=\"audio\/mp3\" \/><\/audio><\/div>Jolly &#8211; Nem s\u00edrok m\u00e1r t\u00f6bb\u00e9 (Tommy Remix)"},"content":{"rendered":"<p><strong>03:21<\/strong> | <strong><img loading=\"lazy\" decoding=\"async\" class=\"alignnone size-full wp-image-467\" src=\"https:\/\/www.sunkaraoke.hu\/wp-content\/uploads\/2022\/07\/choir_2-copy.webp\" alt=\"\" width=\"30\" height=\"30\" \/> <\/strong><\/p>\n","protected":false},"excerpt":{"rendered":"<h6>Bits\u0171r\u0171s\u00e9g: 320 kb\/s<br \/>\nHossz: 03:21<br \/>\nVok\u00e1lt tartalmaz: Nem <img loading=\"lazy\" decoding=\"async\" class=\"alignnone size-full wp-image-467\" src=\"http:\/\/www.sunkaraoke.hu\/wp-content\/uploads\/2022\/07\/choir_2-copy.png\" alt=\"\" width=\"30\" height=\"30\" \/><strong style=\"font-size: 16px;\"><br \/>\n<\/strong><\/h6>\n<p>Sunkaraoke mp3 st\u00fadi\u00f3 \/ www.sunkaraoke.hu \/ Inf: Tel: 06 20 4275001<\/p>\n<p>&#8212;Intr\u00f3&#8212;<br \/>\nDalolj nekem kismad\u00e1r,mi a b\u00e1natom,<br \/>\nhogy tudom \u0151t elfeledni ,azt m\u00e9g nem tudom.<br \/>\nKi hoz nekem boldogs\u00e1got,kivel \u00e9bredek,<br \/>\njaj istenem de rossz ez \u00edgy nekem.<\/p>\n<p>Megpr\u00f3b\u00e1ltam elfeledni,f\u00e9nyl\u0151 k\u00e9t szem\u00e9t,<br \/>\nlesz majd nekem boldogs\u00e1gom,m\u00e1s karj\u00e1ba m\u00e9g.<br \/>\nB\u00e1nat b\u00e1nat ker\u00fcld el,b\u00e1natos sz\u00edvem,<br \/>\nlegyen boldog az \u00e9n \u00e9letem.<\/p>\n<p>Nem s\u00edrok nem s\u00edrok t\u00f6bb\u00e9 m\u00e1r ut\u00e1nad,<br \/>\na sz\u00edvemben nem lesz m\u00e1r t\u00f6bb\u00e9 a b\u00e1nat.<br \/>\nCsak \u00e9lem az \u00e9letem nem szenvedek m\u00e1r,<br \/>\na boldogs\u00e1g majd \u00fajra r\u00e1m tal\u00e1l.<br \/>\nNem s\u00edrok nem s\u00edrok t\u00f6bb\u00e9 m\u00e1r ut\u00e1nad,<br \/>\na sz\u00edvemben nem lesz m\u00e1r t\u00f6bb\u00e9 a b\u00e1nat.<br \/>\nCsak \u00e9lem az \u00e9letem nem szenvedek m\u00e1r,<br \/>\na boldogs\u00e1g majd \u00fajra r\u00e1m tal\u00e1l.<\/p>\n<p>Dalolj nekem kismad\u00e1r,mi a b\u00e1natom,<br \/>\nhogy tudom \u0151t elfeledni ,azt m\u00e9g nem tudom.<br \/>\nKi hoz nekem boldogs\u00e1got,kivel \u00e9bredek,<br \/>\njaj istenem de rossz ez \u00edgy nekem.<br \/>\nMegpr\u00f3b\u00e1ltam elfeledni,f\u00e9nyl\u0151 k\u00e9t szem\u00e9t,<br \/>\nlesz majd nekem boldogs\u00e1gom,m\u00e1s karj\u00e1ba m\u00e9g.<br \/>\nB\u00e1nat b\u00e1nat ker\u00fcld el,b\u00e1natos sz\u00edvem,<br \/>\nlegyen boldog az \u00e9n \u00e9letem.<\/p>\n<p>Nem s\u00edrok nem s\u00edrok t\u00f6bb\u00e9 m\u00e1r ut\u00e1nad,<br \/>\na sz\u00edvemben nem lesz m\u00e1r t\u00f6bb\u00e9 a b\u00e1nat.<br \/>\nCsak \u00e9lem az \u00e9letem nem szenvedek m\u00e1r,<br \/>\na boldogs\u00e1g majd \u00fajra r\u00e1m tal\u00e1l.<br \/>\nNem s\u00edrok nem s\u00edrok t\u00f6bb\u00e9 m\u00e1r ut\u00e1nad,<br \/>\na sz\u00edvemben nem lesz m\u00e1r t\u00f6bb\u00e9 a b\u00e1nat.<br \/>\nCsak \u00e9lem az \u00e9letem nem szenvedek m\u00e1r,<br \/>\na boldogs\u00e1g majd \u00fajra r\u00e1m tal\u00e1l.<br \/>\nNem s\u00edrok nem s\u00edrok t\u00f6bb\u00e9 m\u00e1r ut\u00e1nad,<br \/>\na sz\u00edvemben nem lesz m\u00e1r t\u00f6bb\u00e9 a b\u00e1nat.<br \/>\nCsak \u00e9lem az \u00e9letem nem szenvedek m\u00e1r,<br \/>\na boldogs\u00e1g majd \u00fajra r\u00e1m tal\u00e1l.<br \/>\nNem s\u00edrok nem s\u00edrok t\u00f6bb\u00e9 m\u00e1r ut\u00e1nad,<br \/>\na sz\u00edvemben nem lesz m\u00e1r t\u00f6bb\u00e9 a b\u00e1nat.<br \/>\nCsak \u00e9lem az \u00e9letem nem szenvedek m\u00e1r,<br \/>\na boldogs\u00e1g majd \u00fajra r\u00e1m tal\u00e1l.<br \/>\nNem s\u00edrok nem s\u00edrok t\u00f6bb\u00e9 m\u00e1r ut\u00e1nad,<br \/>\na sz\u00edvemben nem lesz m\u00e1r t\u00f6bb\u00e9 a b\u00e1nat.<br \/>\nCsak \u00e9lem az \u00e9letem nem szenvedek m\u00e1r,<br \/>\na boldogs\u00e1g majd \u00fajra r\u00e1m tal\u00e1l.<br \/>\nA boldogs\u00e1g majd \u00fajra r\u00e1m tal\u00e1l!<\/p>\n","protected":false},"featured_media":6147,"template":"","meta":{"site-sidebar-layout":"default","site-content-layout":"default","ast-site-content-layout":"default","site-content-style":"default","site-sidebar-style":"default","ast-global-header-display":"","ast-banner-title-visibility":"","ast-main-header-display":"","ast-hfb-above-header-display":"","ast-hfb-below-header-display":"","ast-hfb-mobile-header-display":"","site-post-title":"","ast-breadcrumbs-content":"","ast-featured-img":"","footer-sml-layout":"","theme-transparent-header-meta":"default","adv-header-id-meta":"","stick-header-meta":"","header-above-stick-meta":"","header-main-stick-meta":"","header-below-stick-meta":"","astra-migrate-meta-layouts":"set","ast-page-background-enabled":"default","ast-page-background-meta":{"desktop":{"background-color":"var(--ast-global-color-4)","background-image":"","background-repeat":"repeat","background-position":"center center","background-size":"auto","background-attachment":"scroll","background-type":"","background-media":"","overlay-type":"","overlay-color":"","overlay-opacity":"","overlay-gradient":""},"tablet":{"background-color":"","background-image":"","background-repeat":"repeat","background-position":"center center","background-size":"auto","background-attachment":"scroll","background-type":"","background-media":"","overlay-type":"","overlay-color":"","overlay-opacity":"","overlay-gradient":""},"mobile":{"background-color":"","background-image":"","background-repeat":"repeat","background-position":"center center","background-size":"auto","background-attachment":"scroll","background-type":"","background-media":"","overlay-type":"","overlay-color":"","overlay-opacity":"","overlay-gradient":""}},"ast-content-background-meta":{"desktop":{"background-color":"var(--ast-global-color-5)","background-image":"","background-repeat":"repeat","background-position":"center center","background-size":"auto","background-attachment":"scroll","background-type":"","background-media":"","overlay-type":"","overlay-color":"","overlay-opacity":"","overlay-gradient":""},"tablet":{"background-color":"var(--ast-global-color-5)","background-image":"","background-repeat":"repeat","background-position":"center center","background-size":"auto","background-attachment":"scroll","background-type":"","background-media":"","overlay-type":"","overlay-color":"","overlay-opacity":"","overlay-gradient":""},"mobile":{"background-color":"var(--ast-global-color-5)","background-image":"","background-repeat":"repeat","background-position":"center center","background-size":"auto","background-attachment":"scroll","background-type":"","background-media":"","overlay-type":"","overlay-color":"","overlay-opacity":"","overlay-gradient":""}}},"product_cat":[48],"product_tag":[],"class_list":["post-3476","product","type-product","status-publish","has-post-thumbnail","hentry","product_cat-sunkaraoke-dalok","desktop-align-left","tablet-align-left","mobile-align-left"],"_links":{"self":[{"href":"https:\/\/www.sunkaraoke.hu\/index.php\/wp-json\/wp\/v2\/product\/3476","targetHints":{"allow":["GET"]}}],"collection":[{"href":"https:\/\/www.sunkaraoke.hu\/index.php\/wp-json\/wp\/v2\/product"}],"about":[{"href":"https:\/\/www.sunkaraoke.hu\/index.php\/wp-json\/wp\/v2\/types\/product"}],"wp:featuredmedia":[{"embeddable":true,"href":"https:\/\/www.sunkaraoke.hu\/index.php\/wp-json\/wp\/v2\/media\/6147"}],"wp:attachment":[{"href":"https:\/\/www.sunkaraoke.hu\/index.php\/wp-json\/wp\/v2\/media?parent=3476"}],"wp:term":[{"taxonomy":"product_cat","embeddable":true,"href":"https:\/\/www.sunkaraoke.hu\/index.php\/wp-json\/wp\/v2\/product_cat?post=3476"},{"taxonomy":"product_tag","embeddable":true,"href":"https:\/\/www.sunkaraoke.hu\/index.php\/wp-json\/wp\/v2\/product_tag?post=3476"}],"curies":[{"name":"wp","href":"https:\/\/api.w.org\/{rel}","templated":true}]}}