{"id":3475,"date":"2022-08-08T20:46:25","date_gmt":"2022-08-08T20:46:25","guid":{"rendered":"https:\/\/www.sunkaraoke.hu\/index.php\/termek\/hevesi-tamas-jeremy\/"},"modified":"2026-02-14T15:46:19","modified_gmt":"2026-02-14T13:46:19","slug":"hevesi-tamas-jeremy","status":"publish","type":"product","link":"https:\/\/www.sunkaraoke.hu\/index.php\/termek\/hevesi-tamas-jeremy\/","title":{"rendered":"<div class=\"wcmp-player-container product-3475\"><audio controlslist=\"nodownload\" data-product=\"3475\"  volume=\"1\"  preload=\"none\" data-lazyloading=\"none\" class=\"wcmp-player track mejs-classic\" data-duration=\"0:36\" data-estimated_duration=\"4\"><source src=\"https:\/\/www.sunkaraoke.hu\/wp-content\/uploads\/2022\/08\/Jeremy-karaoke-Tommy_demooo.mp3\" type=\"audio\/mp3\" \/><\/audio><\/div>Hevesi Tam\u00e1s &#8211; Jeremy (Original Tommy Edition)"},"content":{"rendered":"<p><strong>04:16<\/strong> | <strong><img loading=\"lazy\" decoding=\"async\" class=\"alignnone size-full wp-image-467\" src=\"https:\/\/www.sunkaraoke.hu\/wp-content\/uploads\/2022\/07\/choir_2-copy.webp\" alt=\"\" width=\"30\" height=\"30\" \/> <\/strong><\/p>\n","protected":false},"excerpt":{"rendered":"<h6><strong>Bits\u0171r\u0171s\u00e9g: 320<\/strong>kb\/s<strong><br \/>\n<\/strong><strong>Hossz: <\/strong>04:16<strong><br \/>\n<\/strong><strong style=\"font-size: 16px;\">Vok\u00e1lt tartalmaz: <\/strong>Nem <img loading=\"lazy\" decoding=\"async\" class=\"alignnone size-full wp-image-467\" src=\"http:\/\/www.sunkaraoke.hu\/wp-content\/uploads\/2022\/07\/choir_2-copy.png\" alt=\"\" width=\"30\" height=\"30\" \/><strong style=\"font-size: 16px;\"><br \/>\n<\/strong><\/h6>\n<p>Sunkaraoke mp3 st\u00fadi\u00f3 \/ www.sunkaraoke.hu \/ Inf: Tel: 06 20 4275001<\/p>\n<p>&#8212;Intr\u00f3&#8212;<br \/>\nJeremy, ne hagyj el,<br \/>\nhisz v\u00e1rom az \u00e9letet.<br \/>\nHa elm\u00e9sz, itt hagysz m\u00e1r,<br \/>\nm\u00e1s lesz a f\u00f6ld, \u00e9s m\u00e1s a vil\u00e1g.<\/p>\n<p>N\u00e9lk\u00fclem, v\u00e1rj m\u00edg megj\u00f6v\u00f6k,<br \/>\ns majd veled lassan feln\u00f6v\u00f6k,<br \/>\n\u00e9s addig egy\u00fctt lehet\u00fcnk,<br \/>\nm\u00edg a nap oda f\u00f6ntr\u0151l les\u00fct.<br \/>\nJeremy, hallod m\u00e1r,<br \/>\nhogy messzir\u0151l egy l\u00e1ny \u00edgy ki\u00e1lt.<br \/>\nHa elm\u00e9sz, itt hagysz m\u00e1r,<br \/>\nm\u00e1s lesz a f\u00f6ld, m\u00e1s a vil\u00e1g.<\/p>\n<p>N\u00e9lk\u00fclem, v\u00e1rj m\u00edg megj\u00f6v\u00f6k,<br \/>\ns majd veled lassan feln\u00f6v\u00f6k,<br \/>\n\u00e9s addig egy\u00fctt lehet\u00fcnk,<br \/>\nm\u00edg a nap oda f\u00f6ntr\u0151l les\u00fct.<br \/>\nN\u00e9lk\u00fclem, v\u00e1rj m\u00edg megj\u00f6v\u00f6k,<br \/>\ns majd veled lassan feln\u00f6v\u00f6k,<br \/>\n\u00e9s addig egy\u00fctt lehet\u00fcnk,<br \/>\nm\u00edg a nap oda f\u00f6ntr\u0151l les\u00fct.<\/p>\n<p>Jeremy, ne hagyj el,<br \/>\nhisz v\u00e1rom az \u00e9letet.<br \/>\nHa elm\u00e9sz, itt hagysz m\u00e1r,<br \/>\nm\u00e1s lesz a f\u00f6ld, \u00e9s m\u00e1s a vil\u00e1g.<\/p>\n<p>N\u00e9lk\u00fclem, v\u00e1rj m\u00edg megj\u00f6v\u00f6k,<br \/>\ns majd veled lassan feln\u00f6v\u00f6k,<br \/>\n\u00e9s addig egy\u00fctt lehet\u00fcnk,<br \/>\nm\u00edg a nap oda f\u00f6ntr\u0151l les\u00fct.<br \/>\nN\u00e9lk\u00fclem, v\u00e1rj m\u00edg megj\u00f6v\u00f6k,<br \/>\ns majd veled lassan feln\u00f6v\u00f6k,<br \/>\n\u00e9s addig egy\u00fctt lehet\u00fcnk,<br \/>\nm\u00edg a nap oda f\u00f6ntr\u0151l les\u00fct.<br \/>\n&#8212;V\u00e9ge&#8212;<\/p>\n","protected":false},"featured_media":17902,"template":"","meta":{"site-sidebar-layout":"default","site-content-layout":"default","ast-site-content-layout":"default","site-content-style":"default","site-sidebar-style":"default","ast-global-header-display":"","ast-banner-title-visibility":"","ast-main-header-display":"","ast-hfb-above-header-display":"","ast-hfb-below-header-display":"","ast-hfb-mobile-header-display":"","site-post-title":"","ast-breadcrumbs-content":"","ast-featured-img":"","footer-sml-layout":"","theme-transparent-header-meta":"default","adv-header-id-meta":"","stick-header-meta":"","header-above-stick-meta":"","header-main-stick-meta":"","header-below-stick-meta":"","astra-migrate-meta-layouts":"set","ast-page-background-enabled":"default","ast-page-background-meta":{"desktop":{"background-color":"var(--ast-global-color-4)","background-image":"","background-repeat":"repeat","background-position":"center center","background-size":"auto","background-attachment":"scroll","background-type":"","background-media":"","overlay-type":"","overlay-color":"","overlay-opacity":"","overlay-gradient":""},"tablet":{"background-color":"","background-image":"","background-repeat":"repeat","background-position":"center center","background-size":"auto","background-attachment":"scroll","background-type":"","background-media":"","overlay-type":"","overlay-color":"","overlay-opacity":"","overlay-gradient":""},"mobile":{"background-color":"","background-image":"","background-repeat":"repeat","background-position":"center center","background-size":"auto","background-attachment":"scroll","background-type":"","background-media":"","overlay-type":"","overlay-color":"","overlay-opacity":"","overlay-gradient":""}},"ast-content-background-meta":{"desktop":{"background-color":"var(--ast-global-color-5)","background-image":"","background-repeat":"repeat","background-position":"center center","background-size":"auto","background-attachment":"scroll","background-type":"","background-media":"","overlay-type":"","overlay-color":"","overlay-opacity":"","overlay-gradient":""},"tablet":{"background-color":"var(--ast-global-color-5)","background-image":"","background-repeat":"repeat","background-position":"center center","background-size":"auto","background-attachment":"scroll","background-type":"","background-media":"","overlay-type":"","overlay-color":"","overlay-opacity":"","overlay-gradient":""},"mobile":{"background-color":"var(--ast-global-color-5)","background-image":"","background-repeat":"repeat","background-position":"center center","background-size":"auto","background-attachment":"scroll","background-type":"","background-media":"","overlay-type":"","overlay-color":"","overlay-opacity":"","overlay-gradient":""}}},"product_cat":[48],"product_tag":[],"class_list":["post-3475","product","type-product","status-publish","has-post-thumbnail","hentry","product_cat-sunkaraoke-dalok","desktop-align-left","tablet-align-left","mobile-align-left"],"_links":{"self":[{"href":"https:\/\/www.sunkaraoke.hu\/index.php\/wp-json\/wp\/v2\/product\/3475","targetHints":{"allow":["GET"]}}],"collection":[{"href":"https:\/\/www.sunkaraoke.hu\/index.php\/wp-json\/wp\/v2\/product"}],"about":[{"href":"https:\/\/www.sunkaraoke.hu\/index.php\/wp-json\/wp\/v2\/types\/product"}],"wp:featuredmedia":[{"embeddable":true,"href":"https:\/\/www.sunkaraoke.hu\/index.php\/wp-json\/wp\/v2\/media\/17902"}],"wp:attachment":[{"href":"https:\/\/www.sunkaraoke.hu\/index.php\/wp-json\/wp\/v2\/media?parent=3475"}],"wp:term":[{"taxonomy":"product_cat","embeddable":true,"href":"https:\/\/www.sunkaraoke.hu\/index.php\/wp-json\/wp\/v2\/product_cat?post=3475"},{"taxonomy":"product_tag","embeddable":true,"href":"https:\/\/www.sunkaraoke.hu\/index.php\/wp-json\/wp\/v2\/product_tag?post=3475"}],"curies":[{"name":"wp","href":"https:\/\/api.w.org\/{rel}","templated":true}]}}