{"id":3473,"date":"2022-08-08T20:46:25","date_gmt":"2022-08-08T20:46:25","guid":{"rendered":"https:\/\/www.sunkaraoke.hu\/index.php\/termek\/slager-tibo-slager-tibo-mix-01\/"},"modified":"2025-04-03T15:52:00","modified_gmt":"2025-04-03T15:52:00","slug":"slager-tibo-slager-tibo-mix-01","status":"publish","type":"product","link":"https:\/\/www.sunkaraoke.hu\/index.php\/termek\/slager-tibo-slager-tibo-mix-01\/","title":{"rendered":"<div class=\"wcmp-player-container product-3473\"><audio controlslist=\"nodownload\" data-product=\"3473\"  volume=\"1\"  preload=\"none\" data-lazyloading=\"none\" class=\"wcmp-player track mejs-classic\" data-duration=\"0:33\" data-estimated_duration=\"4\"><source src=\"https:\/\/www.sunkaraoke.hu\/wp-content\/uploads\/2022\/08\/Slager-Tibo-Mix1-demooo.mp3\" type=\"audio\/mp3\" \/><\/audio><\/div>Sl\u00e1ger Tib\u00f3 &#8211; Sl\u00e1ger Tib\u00f3 Mix 01. (Original)"},"content":{"rendered":"<p><strong>05:44<\/strong> | <strong><img loading=\"lazy\" decoding=\"async\" class=\"alignnone size-full wp-image-466\" src=\"https:\/\/www.sunkaraoke.hu\/wp-content\/uploads\/2022\/07\/choir_1-copy.webp\" alt=\"\" width=\"30\" height=\"30\" \/> <\/strong><\/p>\n","protected":false},"excerpt":{"rendered":"<h6><strong>Bits\u0171r\u0171s\u00e9g: 320<\/strong>kb\/s<strong><br \/>\n<\/strong><strong>Hossz: <\/strong>05:44<strong><br \/>\n<\/strong><strong style=\"font-size: 16px;\">Vok\u00e1lt tartalmaz: <\/strong>Igen <img loading=\"lazy\" decoding=\"async\" class=\"alignnone size-full wp-image-466\" src=\"http:\/\/www.sunkaraoke.hu\/wp-content\/uploads\/2022\/07\/choir_1-copy.png\" alt=\"\" width=\"30\" height=\"30\" \/><strong style=\"font-size: 16px;\"><br \/>\n<\/strong><\/h6>\n<p>Sunkaraoke mp3 st\u00fadi\u00f3 \/ www.sunkaraoke.hu \/ Inf: Tel: 06 20 4275001<\/p>\n<p>&#8212;Intr\u00f3&#8212;<br \/>\nMicsoda \u00e9jjel, \u00e9s micsoda \u00e9rz\u00e9s,<br \/>\nazt hittem, nem m\u00e1s, csak fut\u00f3 kaland.<br \/>\nV\u00e1rom, hogy csengess, v\u00e1rom, hogy felh\u00edvsz,<br \/>\nde szeretn\u00e9m hinni, hogy velem maradsz.<br \/>\nNevetve \u00e9lek, de akarom \u0151t,<br \/>\nkeresem \u0151t, szeretem \u0151t,<br \/>\n\u00e9s mint egy k\u00e1rtyaj\u00e1t\u00e9kos,<br \/>\nmindent egy lapra tettem fel \u00e9n.<br \/>\nSe veled, se n\u00e9lk\u00fcled, \u00e9lni nem tudok,<br \/>\nde neh\u00e9z eld\u00f6ntenem, csiki-csuki \u00e1llapot!<br \/>\nSe veled, se n\u00e9lk\u00fcled, \u00e9lni nem tudok,<br \/>\nszabadulni t\u0151led \u00e9n t\u00f6bb\u00e9 nem fogok.<br \/>\nHa mell\u00e9m b\u00fajsz v\u00e9gre, \u00e9s egy\u00fctt van minden,<br \/>\n\u00fagy \u00e9rzem, jobb m\u00e1r nem is lehet.<br \/>\nDe elj\u00f6n a reggel, s vele egy \u00faj nap,<br \/>\ntal\u00e1n m\u00e1r m\u00e1s kell, \u00edgy nem mehet!<br \/>\nNevetve \u00e9lek, de akarom \u0151t,<br \/>\nkeresem \u0151t, szeretem \u0151t,<br \/>\n\u00e9s mint egy k\u00e1rtyaj\u00e1t\u00e9kos,<br \/>\nmindent egy lapra tettem fel \u00e9n.<br \/>\nSe veled, se n\u00e9lk\u00fcled \u00e9lni nem tudok,<br \/>\nde neh\u00e9z eld\u00f6ntenem, csiki-csuki \u00e1llapot!<br \/>\nSe veled, se n\u00e9lk\u00fcled \u00e9lni nem tudok,<br \/>\nszabadulni t\u0151led \u00e9n t\u00f6bb\u00e9 nem fogok.<br \/>\n&#8212;Sz\u00f3l\u00f3&#8212;<br \/>\nNevetve \u00e9lek, de akarom \u0151t,<br \/>\nkeresem \u0151t, szeretem \u0151t,<br \/>\n\u00e9s mint egy k\u00e1rtyaj\u00e1t\u00e9kos,<br \/>\nmindent egy lapra tettem fel \u00e9n.<br \/>\nSe veled, se n\u00e9lk\u00fcled \u00e9lni nem tudok,<br \/>\nde neh\u00e9z eld\u00f6ntenem, csiki-csuki \u00e1llapot!<br \/>\nSe veled, se n\u00e9lk\u00fcled \u00e9lni nem tudok,<br \/>\nszabadulni t\u0151led \u00e9n t\u00f6bb\u00e9 nem fogok.<br \/>\n&#8212;Sz\u00f3l\u00f3&#8212;<br \/>\nJ\u00f3 kedvem van v\u00e9gre, j\u00f3 a t\u00e1rsas\u00e1g,<br \/>\nhallgatom a hangokat, r\u00e9g l\u00e1ttam az arcodat.<br \/>\nJ\u00f3 kedvem van v\u00e9gre, borral koccintunk.<br \/>\n\u00f6reg hob\u00f3k mes\u00e9lnek, a feles\u00e9gek nevetnek a sztorikon.<br \/>\nR\u00e9g volt mikor stoppal j\u00e1rtunk, az orsz\u00e1g legszebb t\u00e1jain.<br \/>\nA Duna parti l\u00e9pcs\u0151n \u00fclve, udvaroltunk hajnalig,<br \/>\naz volt csak a sz\u00e9p.<br \/>\nOlykor suli helyett moziba j\u00e1rtunk,<br \/>\n\u00f6sszetart\u00f3 t\u00e1rsas\u00e1gunk egy\u00fctt maradt \u00e9vekig.<br \/>\nJ\u00f3 kedvem van v\u00e9gre, j\u00f3 a t\u00e1rsas\u00e1g,<br \/>\nhallgatom a hangokat, r\u00e9g l\u00e1ttam az arcodat.<br \/>\nJ\u00f3 kedvem van v\u00e9gre, borral koccintunk.<br \/>\n\u00f6reg hob\u00f3k mes\u00e9lnek, a feles\u00e9gek nevetnek a sztorikon.<br \/>\nR\u00e9g volt mikor klubba j\u00e1rtunk, rock and rollra t\u00e1ncoltunk,<br \/>\na sz\u00fcnetben csak Bambit ittunk, \u00e9nekelt\u00fcnk, tapsoltunk,<br \/>\naz volt csak a sz\u00e9p.<br \/>\nOlykor t\u00e9li est\u00e9n j\u00e9gre j\u00e1rtunk, n\u00e9ha egy-egy l\u00e1nyt buktattunk,<br \/>\nhogy megfoghassuk k\u00e9t kez\u00e9t.<br \/>\nJ\u00f3 kedvem van v\u00e9gre, j\u00f3 a t\u00e1rsas\u00e1g,<br \/>\nhallgatom a hangokat, r\u00e9g l\u00e1ttam az arcodat.<br \/>\nJ\u00f3 kedvem van v\u00e9gre, borral koccintunk.<br \/>\n\u00f6reg hob\u00f3k mes\u00e9lnek, a feles\u00e9gek nevetnek a sztorikon.<br \/>\nJ\u00f3 kedvem van v\u00e9gre, j\u00f3 a t\u00e1rsas\u00e1g,<br \/>\nhallgatom a hangokat, r\u00e9g l\u00e1ttam az arcodat.<br \/>\nJ\u00f3 kedvem van v\u00e9gre, borral koccintunk.<br \/>\n\u00f6reg hob\u00f3k mes\u00e9lnek, a feles\u00e9gek nevetnek a sztorikon.<br \/>\n&#8212;V\u00e9ge&#8212;<\/p>\n","protected":false},"featured_media":9289,"template":"","meta":{"site-sidebar-layout":"default","site-content-layout":"default","ast-site-content-layout":"default","site-content-style":"default","site-sidebar-style":"default","ast-global-header-display":"","ast-banner-title-visibility":"","ast-main-header-display":"","ast-hfb-above-header-display":"","ast-hfb-below-header-display":"","ast-hfb-mobile-header-display":"","site-post-title":"","ast-breadcrumbs-content":"","ast-featured-img":"","footer-sml-layout":"","theme-transparent-header-meta":"default","adv-header-id-meta":"","stick-header-meta":"","header-above-stick-meta":"","header-main-stick-meta":"","header-below-stick-meta":"","astra-migrate-meta-layouts":"set","ast-page-background-enabled":"default","ast-page-background-meta":{"desktop":{"background-color":"var(--ast-global-color-4)","background-image":"","background-repeat":"repeat","background-position":"center center","background-size":"auto","background-attachment":"scroll","background-type":"","background-media":"","overlay-type":"","overlay-color":"","overlay-opacity":"","overlay-gradient":""},"tablet":{"background-color":"","background-image":"","background-repeat":"repeat","background-position":"center center","background-size":"auto","background-attachment":"scroll","background-type":"","background-media":"","overlay-type":"","overlay-color":"","overlay-opacity":"","overlay-gradient":""},"mobile":{"background-color":"","background-image":"","background-repeat":"repeat","background-position":"center center","background-size":"auto","background-attachment":"scroll","background-type":"","background-media":"","overlay-type":"","overlay-color":"","overlay-opacity":"","overlay-gradient":""}},"ast-content-background-meta":{"desktop":{"background-color":"var(--ast-global-color-5)","background-image":"","background-repeat":"repeat","background-position":"center center","background-size":"auto","background-attachment":"scroll","background-type":"","background-media":"","overlay-type":"","overlay-color":"","overlay-opacity":"","overlay-gradient":""},"tablet":{"background-color":"var(--ast-global-color-5)","background-image":"","background-repeat":"repeat","background-position":"center center","background-size":"auto","background-attachment":"scroll","background-type":"","background-media":"","overlay-type":"","overlay-color":"","overlay-opacity":"","overlay-gradient":""},"mobile":{"background-color":"var(--ast-global-color-5)","background-image":"","background-repeat":"repeat","background-position":"center center","background-size":"auto","background-attachment":"scroll","background-type":"","background-media":"","overlay-type":"","overlay-color":"","overlay-opacity":"","overlay-gradient":""}}},"product_cat":[46],"product_tag":[],"class_list":["post-3473","product","type-product","status-publish","has-post-thumbnail","hentry","product_cat-eredeti-karaoke-dalok","desktop-align-left","tablet-align-left","mobile-align-left"],"_links":{"self":[{"href":"https:\/\/www.sunkaraoke.hu\/index.php\/wp-json\/wp\/v2\/product\/3473","targetHints":{"allow":["GET"]}}],"collection":[{"href":"https:\/\/www.sunkaraoke.hu\/index.php\/wp-json\/wp\/v2\/product"}],"about":[{"href":"https:\/\/www.sunkaraoke.hu\/index.php\/wp-json\/wp\/v2\/types\/product"}],"wp:featuredmedia":[{"embeddable":true,"href":"https:\/\/www.sunkaraoke.hu\/index.php\/wp-json\/wp\/v2\/media\/9289"}],"wp:attachment":[{"href":"https:\/\/www.sunkaraoke.hu\/index.php\/wp-json\/wp\/v2\/media?parent=3473"}],"wp:term":[{"taxonomy":"product_cat","embeddable":true,"href":"https:\/\/www.sunkaraoke.hu\/index.php\/wp-json\/wp\/v2\/product_cat?post=3473"},{"taxonomy":"product_tag","embeddable":true,"href":"https:\/\/www.sunkaraoke.hu\/index.php\/wp-json\/wp\/v2\/product_tag?post=3473"}],"curies":[{"name":"wp","href":"https:\/\/api.w.org\/{rel}","templated":true}]}}