{"id":3472,"date":"2022-08-08T20:46:25","date_gmt":"2022-08-08T20:46:25","guid":{"rendered":"https:\/\/www.sunkaraoke.hu\/index.php\/termek\/slager-tibo-slager-tibo-mix-02\/"},"modified":"2025-04-03T15:48:15","modified_gmt":"2025-04-03T15:48:15","slug":"slager-tibo-slager-tibo-mix-02","status":"publish","type":"product","link":"https:\/\/www.sunkaraoke.hu\/index.php\/termek\/slager-tibo-slager-tibo-mix-02\/","title":{"rendered":"<div class=\"wcmp-player-container product-3472\"><audio controlslist=\"nodownload\" data-product=\"3472\"  volume=\"1\"  preload=\"none\" data-lazyloading=\"none\" class=\"wcmp-player track mejs-classic\" data-duration=\"0:32\" data-estimated_duration=\"4\"><source src=\"https:\/\/www.sunkaraoke.hu\/wp-content\/uploads\/2022\/08\/Slager-Tibo-Mix-2.-demo.mp3\" type=\"audio\/mp3\" \/><\/audio><\/div>Sl\u00e1ger Tib\u00f3 &#8211; Sl\u00e1ger Tib\u00f3 Mix 02. (Original)"},"content":{"rendered":"<p><strong>06:25<\/strong> | <strong><img loading=\"lazy\" decoding=\"async\" class=\"alignnone size-full wp-image-466\" src=\"https:\/\/www.sunkaraoke.hu\/wp-content\/uploads\/2022\/07\/choir_1-copy.webp\" alt=\"\" width=\"30\" height=\"30\" \/> <\/strong><\/p>\n","protected":false},"excerpt":{"rendered":"<h6><strong>Bits\u0171r\u0171s\u00e9g: 320<\/strong>kb\/s<strong><br \/>\n<\/strong><strong>Hossz: <\/strong>06:25<strong><br \/>\n<\/strong><strong style=\"font-size: 16px;\">Vok\u00e1lt tartalmaz: <\/strong>Igen <img loading=\"lazy\" decoding=\"async\" class=\"alignnone size-full wp-image-466\" src=\"http:\/\/www.sunkaraoke.hu\/wp-content\/uploads\/2022\/07\/choir_1-copy.png\" alt=\"\" width=\"30\" height=\"30\" \/><strong style=\"font-size: 16px;\"><br \/>\n<\/strong><\/h6>\n<p>Sunkaraoke mp3 st\u00fadi\u00f3 \/ www.sunkaraoke.hu \/ Inf: Tel: 06 20 4275001<\/p>\n<p>&#8212;Intr\u00f3&#8212;<br \/>\n\u00c9l a faluv\u00e9gi kis kunyh\u00f3ban egy suk\u00e1r cig\u00e1nyl\u00e1ny.<br \/>\nRabja lettem,nem felejtem,sz\u00edvem re\u00e1 v\u00e1r.<br \/>\nSzeretni m\u00e1st az\u00f3ta nem tudok,<br \/>\n\u00e1lmaimban mindig csak r\u00e1 gondolok<br \/>\nGyere,t\u00e1ncolj,cig\u00e1nyl\u00e1ny!<br \/>\nNek\u00fcnk \u00fagyis mindegy m\u00e1r<br \/>\nEliszom az utols\u00f3 p\u00e9nzemet,<br \/>\nnem b\u00e1nom,hogy szerettelek t\u00e9gedet.<br \/>\nGyere,t\u00e1ncolj,cig\u00e1nyl\u00e1ny,<br \/>\nez a t\u00e1nc m\u00e9g nek\u00fcnk j\u00e1r.<br \/>\nFelejtsd el a b\u00e1natot ,most \u00e1ll a b\u00e1l,<br \/>\ngyere,t\u00e1ncolj,cig\u00e1nyl\u00e1ny!(Egyb\u0151l)<br \/>\nSz\u00e1z \u00e1lmatlan \u00e9jszak\u00e1n, elt\u0171n\u0151dtem \u00e9n.<br \/>\nZene n\u00e9lk\u00fcl, az \u00e9letem, tal\u00e1n mit sem \u00e9r,<br \/>\nMert minden \u00e9jjel, \u00e9l a csoda,<br \/>\nha itt vagy, ez nekem,ugyanolyan j\u00f3.<br \/>\nEgy\u00fctt t\u00e1ncolunk, a csillagokkal,<br \/>\nsoha nem volt, m\u00e9g ilyen j\u00f3.<br \/>\nK\u00e9sz\u00fclj, hozom a boldogs\u00e1got, de viszem, a sz\u00edvedet,<br \/>\nMire val\u00f3, ez az \u00e9let, ha mulatni sem lehet.<br \/>\nK\u00e9sz\u00fclj, hozom a boldogs\u00e1got, de viszem, a sz\u00edvedet,<br \/>\nNekem el\u00e9g, ha mosolyod l\u00e1tom,<br \/>\nnekem el\u00e9g, ha r\u00e1m nevetsz.<br \/>\n&#8212;Sz\u00f3l\u00f3&#8212;02.13<br \/>\nMerre j\u00e1r most a sz\u00edved, keresem, nem \u00e9rem el.<br \/>\nMindig olyanra v\u00e1gytam, aki meg\u00e9rt, ha kell !<br \/>\nElvesztettem a csillagom, nem tal\u00e1lom, f\u00e1j nagyon .<br \/>\nEgyszer \u00e9n is elt\u0171n\u00f6k,<br \/>\nde ha v\u00e1rsz, majd visszaj\u00f6v\u00f6k, visszaj\u00f6v\u00f6k !<br \/>\nNem vagyok m\u00e1s, csak egy rossz fi\u00fa,<br \/>\n\u00e9rtem soha ne l\u00e9gy szomor\u00fa<br \/>\nTe vagy a l\u00e1ny, aki\u00e9rt meghalok,<br \/>\nmindig a sz\u00edvemre hallgatok<br \/>\n\u00c1tkozott h\u0171tlen \u00e9jszak\u00e1k,<br \/>\ntudom, hogy \u00e9rtem s\u00edrtad \u00e1t.<br \/>\n\u00cdg\u00e9rem, egyszer megjavulok,<br \/>\nde addig is \u00e9lni csak \u00edgy tudok!!<br \/>\nNem vagyok m\u00e1s, csak egy rossz fi\u00fa,<br \/>\n\u00e9rtem soha ne l\u00e9gy szomor\u00fa<br \/>\nTe vagy a l\u00e1ny, aki\u00e9rt meghalok,<br \/>\nakit\u0151l szerelmet kapok! (egyb\u0151l)<br \/>\nK\u00e9k a szeme, arca csupa der\u0171,<br \/>\nn\u00e1la a sz\u00f6veg h\u00f3d\u00edt, ha mese szer\u0171,<br \/>\n\u00e9s a keze, ha a v\u00e1llamra ker\u00fcl,<br \/>\na szerelem nem ker\u00fcl!<br \/>\nJ\u00f3 a zene, t\u00e1ncol minden velem,<br \/>\nnem is t\u00f6rt\u00e9nt, m\u00e9g soha-soha ilyen,<br \/>\ncsak tudn\u00e1d, hogy hol j\u00e1r az eszem,<br \/>\ntele van a sz\u00edvem, veled. (egyb\u0151l)<br \/>\nEgy \u00e9ve m\u00e1r, hogy v\u00e9ge, hogy nem vagy velem m\u00e1r.<br \/>\nHa l\u00e1tlak \u00fajra \u00e9rzem a sz\u00edvem vadul j\u00e1r !<br \/>\nTudom, hogy most is v\u00e1rsz re\u00e1m,csillagos \u00e9jszak\u00e1n.<br \/>\nCsak azt nem \u00e9rtem, akkor \u00e9ppen mi\u00e9rt hazudt\u00e1l?<br \/>\n\u00d6ssze-vissza sz\u00e9d\u00edted a sz\u00edvemet,<br \/>\nt\u00e9ved\u00e9sb\u0151l elhiszi, hogy nem szeret!<br \/>\nHozd vissza nekem, orgonavir\u00e1g,<br \/>\na m\u00e1jusi szerelem dal\u00e1t !<br \/>\n\u00d6ssze-vissza sz\u00e9d\u00edted a sz\u00edvemet,<br \/>\nt\u00e9ved\u00e9sb\u0151l elhiszi, hogy nem szeret!<br \/>\nHozd vissza nekem, orgonavir\u00e1g,<br \/>\na m\u00e1jusi szerelem dal\u00e1t !<br \/>\n&#8212;Sz\u00f3l\u00f3&#8212;(05:05)<br \/>\nCsak egy j\u00e1t\u00e9k, egy j\u00e1t\u00e9k az \u00e9letem.<br \/>\nVeled j\u00e1tszom, hogy mindig szeretni kell.<br \/>\nEgy l\u00e1nc f\u0171z hozz\u00e1d egy gy\u00f6ny\u00f6r\u0171 l\u00e1nc,<br \/>\nh\u00e1l\u00e1m a szeretet\u00e9rt,<br \/>\ncsak annyit k\u00e9rek, hogy soha ne szak\u00edtsd sz\u00e9t!<br \/>\nAmikor a sz\u00edvem \u00fagy dobog,<br \/>\ntudnod kell hogy hozz\u00e1d indulok,<br \/>\ngyere velem most ha kell ha nem \u00e9n itt vagyok.<br \/>\nRep\u00fcl\u00fcnk a m\u00e1t\u00f3l holnapig,<br \/>\noda hol a boldogs\u00e1g lakik,<br \/>\nadd nekem m\u00e9g ezt az \u00e9jszak\u00e1t,<br \/>\n\u00e9s menj tov\u00e1bb!<br \/>\nAmikor a sz\u00edvem \u00fagy dobog,<br \/>\ntudnod kell hogy hozz\u00e1d indulok,<br \/>\ngyere velem most ha kell ha nem \u00e9n itt vagyok.<br \/>\nRep\u00fcl\u00fcnk a m\u00e1t\u00f3l holnapig,<br \/>\noda hol a boldogs\u00e1g lakik,<br \/>\nadd nekem m\u00e9g ezt az \u00e9jszak\u00e1t,<br \/>\n\u00e9s menj tov\u00e1bb!<br \/>\n&#8212;V\u00e9ge&#8212;<\/p>\n","protected":false},"featured_media":9289,"template":"","meta":{"site-sidebar-layout":"default","site-content-layout":"default","ast-site-content-layout":"default","site-content-style":"default","site-sidebar-style":"default","ast-global-header-display":"","ast-banner-title-visibility":"","ast-main-header-display":"","ast-hfb-above-header-display":"","ast-hfb-below-header-display":"","ast-hfb-mobile-header-display":"","site-post-title":"","ast-breadcrumbs-content":"","ast-featured-img":"","footer-sml-layout":"","theme-transparent-header-meta":"default","adv-header-id-meta":"","stick-header-meta":"","header-above-stick-meta":"","header-main-stick-meta":"","header-below-stick-meta":"","astra-migrate-meta-layouts":"set","ast-page-background-enabled":"default","ast-page-background-meta":{"desktop":{"background-color":"var(--ast-global-color-4)","background-image":"","background-repeat":"repeat","background-position":"center center","background-size":"auto","background-attachment":"scroll","background-type":"","background-media":"","overlay-type":"","overlay-color":"","overlay-opacity":"","overlay-gradient":""},"tablet":{"background-color":"","background-image":"","background-repeat":"repeat","background-position":"center center","background-size":"auto","background-attachment":"scroll","background-type":"","background-media":"","overlay-type":"","overlay-color":"","overlay-opacity":"","overlay-gradient":""},"mobile":{"background-color":"","background-image":"","background-repeat":"repeat","background-position":"center center","background-size":"auto","background-attachment":"scroll","background-type":"","background-media":"","overlay-type":"","overlay-color":"","overlay-opacity":"","overlay-gradient":""}},"ast-content-background-meta":{"desktop":{"background-color":"var(--ast-global-color-5)","background-image":"","background-repeat":"repeat","background-position":"center center","background-size":"auto","background-attachment":"scroll","background-type":"","background-media":"","overlay-type":"","overlay-color":"","overlay-opacity":"","overlay-gradient":""},"tablet":{"background-color":"var(--ast-global-color-5)","background-image":"","background-repeat":"repeat","background-position":"center center","background-size":"auto","background-attachment":"scroll","background-type":"","background-media":"","overlay-type":"","overlay-color":"","overlay-opacity":"","overlay-gradient":""},"mobile":{"background-color":"var(--ast-global-color-5)","background-image":"","background-repeat":"repeat","background-position":"center center","background-size":"auto","background-attachment":"scroll","background-type":"","background-media":"","overlay-type":"","overlay-color":"","overlay-opacity":"","overlay-gradient":""}}},"product_cat":[46],"product_tag":[],"class_list":["post-3472","product","type-product","status-publish","has-post-thumbnail","hentry","product_cat-eredeti-karaoke-dalok","desktop-align-left","tablet-align-left","mobile-align-left"],"_links":{"self":[{"href":"https:\/\/www.sunkaraoke.hu\/index.php\/wp-json\/wp\/v2\/product\/3472","targetHints":{"allow":["GET"]}}],"collection":[{"href":"https:\/\/www.sunkaraoke.hu\/index.php\/wp-json\/wp\/v2\/product"}],"about":[{"href":"https:\/\/www.sunkaraoke.hu\/index.php\/wp-json\/wp\/v2\/types\/product"}],"wp:featuredmedia":[{"embeddable":true,"href":"https:\/\/www.sunkaraoke.hu\/index.php\/wp-json\/wp\/v2\/media\/9289"}],"wp:attachment":[{"href":"https:\/\/www.sunkaraoke.hu\/index.php\/wp-json\/wp\/v2\/media?parent=3472"}],"wp:term":[{"taxonomy":"product_cat","embeddable":true,"href":"https:\/\/www.sunkaraoke.hu\/index.php\/wp-json\/wp\/v2\/product_cat?post=3472"},{"taxonomy":"product_tag","embeddable":true,"href":"https:\/\/www.sunkaraoke.hu\/index.php\/wp-json\/wp\/v2\/product_tag?post=3472"}],"curies":[{"name":"wp","href":"https:\/\/api.w.org\/{rel}","templated":true}]}}