{"id":3469,"date":"2022-08-08T20:46:24","date_gmt":"2022-08-08T20:46:24","guid":{"rendered":"https:\/\/www.sunkaraoke.hu\/index.php\/termek\/domotor-balazs-vegre-nyaral-a-csalad\/"},"modified":"2025-07-10T15:24:25","modified_gmt":"2025-07-10T13:24:25","slug":"domotor-balazs-vegre-nyaral-a-csalad","status":"publish","type":"product","link":"https:\/\/www.sunkaraoke.hu\/index.php\/termek\/domotor-balazs-vegre-nyaral-a-csalad\/","title":{"rendered":"<div class=\"wcmp-player-container product-3469\"><audio controlslist=\"nodownload\" data-product=\"3469\"  volume=\"1\"  preload=\"none\" data-lazyloading=\"none\" class=\"wcmp-player track mejs-classic\" data-duration=\"0:32\" data-estimated_duration=\"4\"><source src=\"https:\/\/www.sunkaraoke.hu\/wp-content\/uploads\/2022\/08\/Vegre-nyaral-a-csalad-DB-kdemo.mp3\" type=\"audio\/mp3\" \/><\/audio><\/div>D\u00f6m\u00f6t\u00f6r Bal\u00e1zs &#8211; V\u00e9gre nyaral a csal\u00e1d (Original)"},"content":{"rendered":"<p><strong>04:03<\/strong> | <strong><img loading=\"lazy\" decoding=\"async\" class=\"alignnone size-full wp-image-466\" src=\"https:\/\/www.sunkaraoke.hu\/wp-content\/uploads\/2022\/07\/choir_1-copy.webp\" alt=\"\" width=\"30\" height=\"30\" \/> <\/strong><\/p>\n","protected":false},"excerpt":{"rendered":"<h5>Bits\u0171r\u0171s\u00e9g: 320kb\/s<br \/>\nHossz: 04:03<br \/>\nVok\u00e1lt tartalmaz: Igen <img loading=\"lazy\" decoding=\"async\" class=\"alignnone size-full wp-image-466\" src=\"http:\/\/www.sunkaraoke.hu\/wp-content\/uploads\/2022\/07\/choir_1-copy.png\" alt=\"\" width=\"30\" height=\"30\" \/><strong style=\"font-size: 16px;\"><br \/>\n<\/strong><\/h5>\n<p>Sunkaraoke mp3 st\u00fadi\u00f3 \/ www.sunkaraoke.hu \/ Inf: Tel: 06 20 4275001<\/p>\n<p>&#8212;Intr\u00f3&#8212;<br \/>\nMindenki nyaral,b\u00edzik abba, hogy nem j\u00f6n a vihar.<br \/>\nJ\u00f3 lesz az id\u0151, csupa napsug\u00e1r.<br \/>\n\u00daszik a gyerek,de a s\u00f6r most is egy kicsit meleg.<br \/>\nM\u00e9g is \u00fagy hiszem, sz\u00e9p lesz az idei ny\u00e1r.<\/p>\n<p>V\u00e9gre nyaral a csal\u00e1d,n\u00e9ha nem kap vacsor\u00e1t.<br \/>\nF\u0151z\u00fcnk ki-ki alapon,a f\u0151, hogy itt a Balaton.<br \/>\nV\u00e9gre nyaral a csal\u00e1d,n\u00e9ha nem kap vacsor\u00e1t.<br \/>\nF\u0151z\u00fcnk ki-ki alapon,a f\u0151, hogy itt a Balaton.<br \/>\n&#8212;Sz\u00f3l\u00f3&#8212;<br \/>\nMindenki nyaral,minden \u00e1ron csak barnulni akar,<br \/>\n\u00e9s aki pec\u00e1z, csak a halra v\u00e1r.<br \/>\nHa vedlik is mehet,de a s\u00f6r most is egy kicsit meleg,<br \/>\nm\u00e9g is \u00fagy hiszem, j\u00f3 lesz az idei ny\u00e1r.<\/p>\n<p>V\u00e9gre nyaral a csal\u00e1d,n\u00e9ha nem kap vacsor\u00e1t.<br \/>\nF\u0151z\u00fcnk ki-ki alapon,a f\u0151, hogy itt a Balaton.<br \/>\nV\u00e9gre nyaral a csal\u00e1d,n\u00e9ha nem kap vacsor\u00e1t.<br \/>\nF\u0151z\u00fcnk ki-ki alapon,a f\u0151, hogy itt a Balaton.<br \/>\n&#8212;Sz\u00f3l\u00f3&#8212;<br \/>\nV\u00e9gre nyaral a csal\u00e1d,n\u00e9ha nem kap vacsor\u00e1t.<br \/>\nF\u0151z\u00fcnk ki-ki alapon,a f\u0151, hogy itt a Balaton.<br \/>\nV\u00e9gre nyaral a csal\u00e1d,n\u00e9ha nem kap vacsor\u00e1t.<br \/>\nF\u0151z\u00fcnk ki-ki alapon,a f\u0151, hogy itt a Balaton.<br \/>\nV\u00e9gre nyaral a csal\u00e1d,n\u00e9ha nem kap vacsor\u00e1t.<br \/>\nF\u0151z\u00fcnk ki-ki alapon,a f\u0151, hogy itt a Balaton.<br \/>\nV\u00e9gre nyaral a csal\u00e1d,n\u00e9ha nem kap vacsor\u00e1t.<br \/>\nF\u0151z\u00fcnk ki-ki alapon,a f\u0151, hogy itt a Balaton.<br \/>\n&#8212;V\u00e9ge&#8212;<\/p>\n","protected":false},"featured_media":13436,"template":"","meta":{"site-sidebar-layout":"default","site-content-layout":"default","ast-site-content-layout":"default","site-content-style":"default","site-sidebar-style":"default","ast-global-header-display":"","ast-banner-title-visibility":"","ast-main-header-display":"","ast-hfb-above-header-display":"","ast-hfb-below-header-display":"","ast-hfb-mobile-header-display":"","site-post-title":"","ast-breadcrumbs-content":"","ast-featured-img":"","footer-sml-layout":"","theme-transparent-header-meta":"default","adv-header-id-meta":"","stick-header-meta":"","header-above-stick-meta":"","header-main-stick-meta":"","header-below-stick-meta":"","astra-migrate-meta-layouts":"set","ast-page-background-enabled":"default","ast-page-background-meta":{"desktop":{"background-color":"var(--ast-global-color-4)","background-image":"","background-repeat":"repeat","background-position":"center center","background-size":"auto","background-attachment":"scroll","background-type":"","background-media":"","overlay-type":"","overlay-color":"","overlay-opacity":"","overlay-gradient":""},"tablet":{"background-color":"","background-image":"","background-repeat":"repeat","background-position":"center center","background-size":"auto","background-attachment":"scroll","background-type":"","background-media":"","overlay-type":"","overlay-color":"","overlay-opacity":"","overlay-gradient":""},"mobile":{"background-color":"","background-image":"","background-repeat":"repeat","background-position":"center center","background-size":"auto","background-attachment":"scroll","background-type":"","background-media":"","overlay-type":"","overlay-color":"","overlay-opacity":"","overlay-gradient":""}},"ast-content-background-meta":{"desktop":{"background-color":"var(--ast-global-color-5)","background-image":"","background-repeat":"repeat","background-position":"center center","background-size":"auto","background-attachment":"scroll","background-type":"","background-media":"","overlay-type":"","overlay-color":"","overlay-opacity":"","overlay-gradient":""},"tablet":{"background-color":"var(--ast-global-color-5)","background-image":"","background-repeat":"repeat","background-position":"center center","background-size":"auto","background-attachment":"scroll","background-type":"","background-media":"","overlay-type":"","overlay-color":"","overlay-opacity":"","overlay-gradient":""},"mobile":{"background-color":"var(--ast-global-color-5)","background-image":"","background-repeat":"repeat","background-position":"center center","background-size":"auto","background-attachment":"scroll","background-type":"","background-media":"","overlay-type":"","overlay-color":"","overlay-opacity":"","overlay-gradient":""}}},"product_cat":[46],"product_tag":[],"class_list":["post-3469","product","type-product","status-publish","has-post-thumbnail","hentry","product_cat-eredeti-karaoke-dalok","desktop-align-left","tablet-align-left","mobile-align-left"],"_links":{"self":[{"href":"https:\/\/www.sunkaraoke.hu\/index.php\/wp-json\/wp\/v2\/product\/3469","targetHints":{"allow":["GET"]}}],"collection":[{"href":"https:\/\/www.sunkaraoke.hu\/index.php\/wp-json\/wp\/v2\/product"}],"about":[{"href":"https:\/\/www.sunkaraoke.hu\/index.php\/wp-json\/wp\/v2\/types\/product"}],"wp:featuredmedia":[{"embeddable":true,"href":"https:\/\/www.sunkaraoke.hu\/index.php\/wp-json\/wp\/v2\/media\/13436"}],"wp:attachment":[{"href":"https:\/\/www.sunkaraoke.hu\/index.php\/wp-json\/wp\/v2\/media?parent=3469"}],"wp:term":[{"taxonomy":"product_cat","embeddable":true,"href":"https:\/\/www.sunkaraoke.hu\/index.php\/wp-json\/wp\/v2\/product_cat?post=3469"},{"taxonomy":"product_tag","embeddable":true,"href":"https:\/\/www.sunkaraoke.hu\/index.php\/wp-json\/wp\/v2\/product_tag?post=3469"}],"curies":[{"name":"wp","href":"https:\/\/api.w.org\/{rel}","templated":true}]}}