{"id":3394,"date":"2022-08-08T20:46:21","date_gmt":"2022-08-08T20:46:21","guid":{"rendered":"https:\/\/www.sunkaraoke.hu\/index.php\/termek\/slager-tibo-feher-siralyok\/"},"modified":"2026-02-14T15:46:19","modified_gmt":"2026-02-14T13:46:19","slug":"slager-tibo-feher-siralyok","status":"publish","type":"product","link":"https:\/\/www.sunkaraoke.hu\/index.php\/termek\/slager-tibo-feher-siralyok\/","title":{"rendered":"<div class=\"wcmp-player-container product-3394\"><audio controlslist=\"nodownload\" data-product=\"3394\"  volume=\"1\"  preload=\"none\" data-lazyloading=\"none\" class=\"wcmp-player track mejs-classic\" data-duration=\"0:33\" data-estimated_duration=\"4\"><source src=\"https:\/\/www.sunkaraoke.hu\/wp-content\/uploads\/2022\/08\/Feher-siralyok-kdemoo.mp3\" type=\"audio\/mp3\" \/><\/audio><\/div>Sl\u00e1ger Tib\u00f3 &#8211; Feh\u00e9r sir\u00e1lyok  (Original)"},"content":{"rendered":"<p><strong>03:57<\/strong> | <strong><img loading=\"lazy\" decoding=\"async\" class=\"alignnone size-full wp-image-466\" src=\"https:\/\/www.sunkaraoke.hu\/wp-content\/uploads\/2022\/07\/choir_1-copy.webp\" alt=\"\" width=\"30\" height=\"30\" \/> <\/strong><\/p>\n","protected":false},"excerpt":{"rendered":"<h6><strong>Bits\u0171r\u0171s\u00e9g: 320<\/strong>kb\/s<strong><br \/>\n<\/strong><strong>Hossz: <\/strong>03:57<strong><br \/>\n<\/strong><strong style=\"font-size: 16px;\">Vok\u00e1lt tartalmaz: <\/strong>Igen <img loading=\"lazy\" decoding=\"async\" class=\"alignnone size-full wp-image-466\" src=\"http:\/\/www.sunkaraoke.hu\/wp-content\/uploads\/2022\/07\/choir_1-copy.png\" alt=\"\" width=\"30\" height=\"30\" \/><strong style=\"font-size: 16px;\"><br \/>\n<\/strong><\/h6>\n<p>Sunkaraoke mp3 st\u00fadi\u00f3 \/ www.sunkaraoke.hu \/ Inf: Tel: 06 20 4275001<\/p>\n<p>&#8212;Intr\u00f3&#8212;<br \/>\n\u00c9letemben annyi minden t\u00f6rt\u00e9nt m\u00e1r velem,<br \/>\nnem tudom a sz\u00edvem, merre hagytam el.<br \/>\nBej\u00e1rtam \u00e9n m\u00e1r a nagyvil\u00e1got,<br \/>\n\u00e1tcsavaroghattam sok orsz\u00e1got,<br \/>\nde a tenger partot sosem felejtem el.<\/p>\n<p>Feh\u00e9r sir\u00e1lyok r\u00e1tok v\u00e1rok minden \u00e9jszak\u00e1n,<br \/>\nt\u0151letek sz\u00e9p a tenger sz\u00e9p az \u00e9let sz\u00e9p a ny\u00e1r.<br \/>\nTitokban r\u00e1tok gondolok feledni semmit, nem tudok,<br \/>\nfeh\u00e9r sir\u00e1lyok csak j\u00f3 h\u00edrt hozzatok.<br \/>\nTitokban r\u00e1tok gondolok feledni semmit, nem tudok,<br \/>\nfeh\u00e9r sir\u00e1lyok csak j\u00f3 h\u00edrt hozzatok.<br \/>\n\u00c9letemben annyi minden t\u00f6rt\u00e9nt m\u00e1r velem,<br \/>\nnem tudom a sz\u00edvem, merre hagytam el.<br \/>\nBej\u00e1rtam \u00e9n m\u00e1r a nagyvil\u00e1got,<br \/>\n\u00e1tcsavaroghattam sok orsz\u00e1got,<br \/>\nde a tenger partot sosem felejtem el.<\/p>\n<p>Feh\u00e9r sir\u00e1lyok r\u00e1tok v\u00e1rok minden \u00e9jszak\u00e1n,<br \/>\nt\u0151letek sz\u00e9p a tenger sz\u00e9p az \u00e9let sz\u00e9p a ny\u00e1r.<br \/>\nTitokban r\u00e1tok gondolok feledni semmit, nem tudok,<br \/>\nfeh\u00e9r sir\u00e1lyok csak j\u00f3 h\u00edrt hozzatok.<br \/>\nTitokban r\u00e1tok gondolok feledni semmit, nem tudok,<br \/>\nfeh\u00e9r sir\u00e1lyok csak j\u00f3 h\u00edrt hozzatok.<br \/>\n&#8212;Sz\u00f3l\u00f3&#8212;<br \/>\nBej\u00e1rtam \u00e9n m\u00e1r a nagyvil\u00e1got,<br \/>\n\u00e1tcsavaroghattam sok orsz\u00e1got,<br \/>\nde a tenger partot sosem felejtem el.<\/p>\n<p>Feh\u00e9r sir\u00e1lyok r\u00e1tok v\u00e1rok minden \u00e9jszak\u00e1n,<br \/>\nt\u0151letek sz\u00e9p a tenger sz\u00e9p az \u00e9let sz\u00e9p a ny\u00e1r.<br \/>\nTitokban r\u00e1tok gondolok feledni semmit, nem tudok,<br \/>\nfeh\u00e9r sir\u00e1lyok csak j\u00f3 h\u00edrt hozzatok.<br \/>\nTitokban r\u00e1tok gondolok feledni semmit, nem tudok,<br \/>\nfeh\u00e9r sir\u00e1lyok csak j\u00f3 h\u00edrt hozzatok.<br \/>\n&#8212;V\u00e9ge&#8212;<\/p>\n","protected":false},"featured_media":9289,"template":"","meta":{"site-sidebar-layout":"default","site-content-layout":"default","ast-site-content-layout":"default","site-content-style":"default","site-sidebar-style":"default","ast-global-header-display":"","ast-banner-title-visibility":"","ast-main-header-display":"","ast-hfb-above-header-display":"","ast-hfb-below-header-display":"","ast-hfb-mobile-header-display":"","site-post-title":"","ast-breadcrumbs-content":"","ast-featured-img":"","footer-sml-layout":"","theme-transparent-header-meta":"default","adv-header-id-meta":"","stick-header-meta":"","header-above-stick-meta":"","header-main-stick-meta":"","header-below-stick-meta":"","astra-migrate-meta-layouts":"set","ast-page-background-enabled":"default","ast-page-background-meta":{"desktop":{"background-color":"var(--ast-global-color-4)","background-image":"","background-repeat":"repeat","background-position":"center center","background-size":"auto","background-attachment":"scroll","background-type":"","background-media":"","overlay-type":"","overlay-color":"","overlay-opacity":"","overlay-gradient":""},"tablet":{"background-color":"","background-image":"","background-repeat":"repeat","background-position":"center center","background-size":"auto","background-attachment":"scroll","background-type":"","background-media":"","overlay-type":"","overlay-color":"","overlay-opacity":"","overlay-gradient":""},"mobile":{"background-color":"","background-image":"","background-repeat":"repeat","background-position":"center center","background-size":"auto","background-attachment":"scroll","background-type":"","background-media":"","overlay-type":"","overlay-color":"","overlay-opacity":"","overlay-gradient":""}},"ast-content-background-meta":{"desktop":{"background-color":"var(--ast-global-color-5)","background-image":"","background-repeat":"repeat","background-position":"center center","background-size":"auto","background-attachment":"scroll","background-type":"","background-media":"","overlay-type":"","overlay-color":"","overlay-opacity":"","overlay-gradient":""},"tablet":{"background-color":"var(--ast-global-color-5)","background-image":"","background-repeat":"repeat","background-position":"center center","background-size":"auto","background-attachment":"scroll","background-type":"","background-media":"","overlay-type":"","overlay-color":"","overlay-opacity":"","overlay-gradient":""},"mobile":{"background-color":"var(--ast-global-color-5)","background-image":"","background-repeat":"repeat","background-position":"center center","background-size":"auto","background-attachment":"scroll","background-type":"","background-media":"","overlay-type":"","overlay-color":"","overlay-opacity":"","overlay-gradient":""}}},"product_cat":[46],"product_tag":[],"class_list":["post-3394","product","type-product","status-publish","has-post-thumbnail","hentry","product_cat-eredeti-karaoke-dalok","desktop-align-left","tablet-align-left","mobile-align-left"],"_links":{"self":[{"href":"https:\/\/www.sunkaraoke.hu\/index.php\/wp-json\/wp\/v2\/product\/3394","targetHints":{"allow":["GET"]}}],"collection":[{"href":"https:\/\/www.sunkaraoke.hu\/index.php\/wp-json\/wp\/v2\/product"}],"about":[{"href":"https:\/\/www.sunkaraoke.hu\/index.php\/wp-json\/wp\/v2\/types\/product"}],"wp:featuredmedia":[{"embeddable":true,"href":"https:\/\/www.sunkaraoke.hu\/index.php\/wp-json\/wp\/v2\/media\/9289"}],"wp:attachment":[{"href":"https:\/\/www.sunkaraoke.hu\/index.php\/wp-json\/wp\/v2\/media?parent=3394"}],"wp:term":[{"taxonomy":"product_cat","embeddable":true,"href":"https:\/\/www.sunkaraoke.hu\/index.php\/wp-json\/wp\/v2\/product_cat?post=3394"},{"taxonomy":"product_tag","embeddable":true,"href":"https:\/\/www.sunkaraoke.hu\/index.php\/wp-json\/wp\/v2\/product_tag?post=3394"}],"curies":[{"name":"wp","href":"https:\/\/api.w.org\/{rel}","templated":true}]}}