{"id":3391,"date":"2022-08-08T20:46:21","date_gmt":"2022-08-08T20:46:21","guid":{"rendered":"https:\/\/www.sunkaraoke.hu\/index.php\/termek\/matyi-es-a-hegeds-beleszerettem-a-ket-szemedbe\/"},"modified":"2025-04-08T06:03:15","modified_gmt":"2025-04-08T06:03:15","slug":"matyi-es-a-hegeds-beleszerettem-a-ket-szemedbe","status":"publish","type":"product","link":"https:\/\/www.sunkaraoke.hu\/index.php\/termek\/matyi-es-a-hegeds-beleszerettem-a-ket-szemedbe\/","title":{"rendered":"<div class=\"wcmp-player-container product-3391\"><audio controlslist=\"nodownload\" data-product=\"3391\"  volume=\"1\"  preload=\"none\" data-lazyloading=\"none\" class=\"wcmp-player track mejs-classic\" data-duration=\"0:31\" data-estimated_duration=\"4\"><source src=\"https:\/\/www.sunkaraoke.hu\/wp-content\/uploads\/2022\/08\/Beleszerettem-a-ket-szemedbe-demooo.mp3\" type=\"audio\/mp3\" \/><\/audio><\/div>Matyi \u00e9s a heged\u0171s &#8211; Beleszerettem a k\u00e9t szemedbe (Original)"},"content":{"rendered":"<p><strong>03:05<\/strong> | <strong><img loading=\"lazy\" decoding=\"async\" class=\"alignnone size-full wp-image-467\" src=\"https:\/\/www.sunkaraoke.hu\/wp-content\/uploads\/2022\/07\/choir_2-copy.webp\" alt=\"\" width=\"30\" height=\"30\" \/> <\/strong><\/p>\n","protected":false},"excerpt":{"rendered":"<h6><strong>Bits\u0171r\u0171s\u00e9g: 320<\/strong>kb\/s<strong><br \/>\n<\/strong><strong>Hossz: <\/strong>03:05<strong><br \/>\n<\/strong><strong style=\"font-size: 16px;\">Vok\u00e1lt tartalmaz: <\/strong>Nem <img loading=\"lazy\" decoding=\"async\" class=\"alignnone size-full wp-image-467\" src=\"http:\/\/www.sunkaraoke.hu\/wp-content\/uploads\/2022\/07\/choir_2-copy.png\" alt=\"\" width=\"30\" height=\"30\" \/><strong style=\"font-size: 16px;\"><br \/>\n<\/strong><\/h6>\n<p>Sunkaraoke mp3 st\u00fadi\u00f3 \/ www.sunkaraoke.hu \/ Inf: Tel: 06 20 4275001<\/p>\n<p>&#8212;Intr\u00f3&#8212;<br \/>\nBele szerettem a k\u00e9t szemedbe,<br \/>\nte miattad nem alszom m\u00e1r r\u00e9g.<\/p>\n<p>K\u00e9rlek, ne hagyj el, maradj velem,<br \/>\n\u00e1lmomban t\u00e9ged kerestelek,<br \/>\nte vagy nekem az \u00e9letem,hogy mondjam el.<br \/>\nK\u00e9rlek, ne hagyj el, maradj velem,<br \/>\n\u00c1lmomban t\u00e9ged kerestelek,<br \/>\nte vagy nekem az \u00e9letem,hogy mondjam el.<br \/>\n&#8212;Sz\u00f3l\u00f3&#8212;<br \/>\nK\u00e9rtelek, hogy maradj mindig velem,<br \/>\nde elment\u00e9l, \u00e9s vissza sem n\u00e9zt\u00e9l.<br \/>\nK\u00e9rlek, ne hagyj el, maradj velem,<br \/>\n\u00e1lmomban t\u00e9ged kerestelek,<br \/>\nte vagy nekem az \u00e9letem,hogy mondjam el.<br \/>\nK\u00e9rlek, ne hagyj el, maradj velem,<br \/>\n\u00e1lmomban t\u00e9ged kerestelek,<br \/>\nte vagy nekem az \u00e9letem,hogy mondjam el.<br \/>\n&#8212;Sz\u00f3l\u00f3&#8212;<br \/>\nK\u00e9rlek, ne hagyj el, maradj velem,<br \/>\n\u00e1lmomban t\u00e9ged kerestelek,<br \/>\nte vagy nekem az \u00e9letem,hogy mondjam el.<br \/>\nK\u00e9rlek, ne hagyj el, maradj velem,<br \/>\n\u00e1lmomban t\u00e9ged kerestelek,<br \/>\nte vagy nekem az \u00e9letem,hogy mondjam el.<br \/>\nK\u00e9rlek, ne hagyj el, maradj velem,<br \/>\n\u00e1lmomban t\u00e9ged kerestelek,<br \/>\nte vagy nekem az \u00e9letem,hogy mondjam el.<br \/>\nK\u00e9rlek, ne hagyj el, maradj velem,<br \/>\n\u00e1lmomban t\u00e9ged kerestelek,<br \/>\nte vagy nekem az \u00e9letem,hogy mondjam el.<br \/>\n&#8212;V\u00e9ge&#8212;<\/p>\n","protected":false},"featured_media":9296,"template":"","meta":{"site-sidebar-layout":"default","site-content-layout":"default","ast-site-content-layout":"default","site-content-style":"default","site-sidebar-style":"default","ast-global-header-display":"","ast-banner-title-visibility":"","ast-main-header-display":"","ast-hfb-above-header-display":"","ast-hfb-below-header-display":"","ast-hfb-mobile-header-display":"","site-post-title":"","ast-breadcrumbs-content":"","ast-featured-img":"","footer-sml-layout":"","theme-transparent-header-meta":"default","adv-header-id-meta":"","stick-header-meta":"","header-above-stick-meta":"","header-main-stick-meta":"","header-below-stick-meta":"","astra-migrate-meta-layouts":"set","ast-page-background-enabled":"default","ast-page-background-meta":{"desktop":{"background-color":"var(--ast-global-color-4)","background-image":"","background-repeat":"repeat","background-position":"center center","background-size":"auto","background-attachment":"scroll","background-type":"","background-media":"","overlay-type":"","overlay-color":"","overlay-opacity":"","overlay-gradient":""},"tablet":{"background-color":"","background-image":"","background-repeat":"repeat","background-position":"center center","background-size":"auto","background-attachment":"scroll","background-type":"","background-media":"","overlay-type":"","overlay-color":"","overlay-opacity":"","overlay-gradient":""},"mobile":{"background-color":"","background-image":"","background-repeat":"repeat","background-position":"center center","background-size":"auto","background-attachment":"scroll","background-type":"","background-media":"","overlay-type":"","overlay-color":"","overlay-opacity":"","overlay-gradient":""}},"ast-content-background-meta":{"desktop":{"background-color":"var(--ast-global-color-5)","background-image":"","background-repeat":"repeat","background-position":"center center","background-size":"auto","background-attachment":"scroll","background-type":"","background-media":"","overlay-type":"","overlay-color":"","overlay-opacity":"","overlay-gradient":""},"tablet":{"background-color":"var(--ast-global-color-5)","background-image":"","background-repeat":"repeat","background-position":"center center","background-size":"auto","background-attachment":"scroll","background-type":"","background-media":"","overlay-type":"","overlay-color":"","overlay-opacity":"","overlay-gradient":""},"mobile":{"background-color":"var(--ast-global-color-5)","background-image":"","background-repeat":"repeat","background-position":"center center","background-size":"auto","background-attachment":"scroll","background-type":"","background-media":"","overlay-type":"","overlay-color":"","overlay-opacity":"","overlay-gradient":""}}},"product_cat":[46],"product_tag":[],"class_list":["post-3391","product","type-product","status-publish","has-post-thumbnail","hentry","product_cat-eredeti-karaoke-dalok","desktop-align-left","tablet-align-left","mobile-align-left"],"_links":{"self":[{"href":"https:\/\/www.sunkaraoke.hu\/index.php\/wp-json\/wp\/v2\/product\/3391","targetHints":{"allow":["GET"]}}],"collection":[{"href":"https:\/\/www.sunkaraoke.hu\/index.php\/wp-json\/wp\/v2\/product"}],"about":[{"href":"https:\/\/www.sunkaraoke.hu\/index.php\/wp-json\/wp\/v2\/types\/product"}],"wp:featuredmedia":[{"embeddable":true,"href":"https:\/\/www.sunkaraoke.hu\/index.php\/wp-json\/wp\/v2\/media\/9296"}],"wp:attachment":[{"href":"https:\/\/www.sunkaraoke.hu\/index.php\/wp-json\/wp\/v2\/media?parent=3391"}],"wp:term":[{"taxonomy":"product_cat","embeddable":true,"href":"https:\/\/www.sunkaraoke.hu\/index.php\/wp-json\/wp\/v2\/product_cat?post=3391"},{"taxonomy":"product_tag","embeddable":true,"href":"https:\/\/www.sunkaraoke.hu\/index.php\/wp-json\/wp\/v2\/product_tag?post=3391"}],"curies":[{"name":"wp","href":"https:\/\/api.w.org\/{rel}","templated":true}]}}