{"id":3390,"date":"2022-08-08T20:46:21","date_gmt":"2022-08-08T20:46:21","guid":{"rendered":"https:\/\/www.sunkaraoke.hu\/index.php\/termek\/tajtiboy-ajkad-edes-jateka\/"},"modified":"2025-04-05T09:10:10","modified_gmt":"2025-04-05T09:10:10","slug":"tajtiboy-ajkad-edes-jateka","status":"publish","type":"product","link":"https:\/\/www.sunkaraoke.hu\/index.php\/termek\/tajtiboy-ajkad-edes-jateka\/","title":{"rendered":"<div class=\"wcmp-player-container product-3390\"><audio controlslist=\"nodownload\" data-product=\"3390\"  volume=\"1\"  preload=\"none\" data-lazyloading=\"none\" class=\"wcmp-player track mejs-classic\" data-duration=\"0:31\" data-estimated_duration=\"4\"><source src=\"https:\/\/www.sunkaraoke.hu\/wp-content\/uploads\/2022\/08\/Ajkad-edes-Tajty-kdemoo.mp3\" type=\"audio\/mp3\" \/><\/audio><\/div>Tajtiboy &#8211; Ajkad \u00e9des j\u00e1t\u00e9ka (Original)"},"content":{"rendered":"<p><strong>04:33<\/strong> | <strong><img loading=\"lazy\" decoding=\"async\" class=\"alignnone size-full wp-image-466\" src=\"https:\/\/www.sunkaraoke.hu\/wp-content\/uploads\/2022\/07\/choir_1-copy.webp\" alt=\"\" width=\"30\" height=\"30\" \/> <\/strong><\/p>\n","protected":false},"excerpt":{"rendered":"<h6><strong>Bits\u0171r\u0171s\u00e9g: 320<\/strong>kb\/s<strong><br \/>\n<\/strong><strong>Hossz: <\/strong>04:33<strong><br \/>\n<\/strong><strong style=\"font-size: 16px;\">Vok\u00e1lt tartalmaz: <\/strong>Igen <img loading=\"lazy\" decoding=\"async\" class=\"alignnone size-full wp-image-466\" src=\"http:\/\/www.sunkaraoke.hu\/wp-content\/uploads\/2022\/07\/choir_1-copy.png\" alt=\"\" width=\"30\" height=\"30\" \/><strong style=\"font-size: 16px;\"><br \/>\n<\/strong><\/h6>\n<p>Sunkaraoke mp3 st\u00fadi\u00f3 \/ www.sunkaraoke.hu \/ Inf: Tel: 06 20 4275001<\/p>\n<p>&#8212;Intr\u00f3&#8212;<br \/>\nAjkad \u00e9des j\u00e1t\u00e9ka,<br \/>\nest\u00e9m sz\u00e9p aj\u00e1nd\u00e9ka,<br \/>\nj\u00f6jj h\u00e1t nevetve,<br \/>\ngyere be a sz\u00edvembe,<br \/>\ngyere be a sz\u00edvembe.<br \/>\nJ\u00f6jj h\u00e1t nevetve,<br \/>\ngyere be a sz\u00edvembe,<br \/>\ngyere be a sz\u00edvembe.<br \/>\n\u00c1t\u00f6lellek, nem hagylak,<br \/>\neg\u00e9sz \u00e9jjel cs\u00f3kollak,<br \/>\nk\u00e9rlek, remegve, j\u00f6jj h\u00e1t sietve,<br \/>\ngyere be a sz\u00edvembe.<br \/>\nK\u00e9rlek, remegve, j\u00f6jj h\u00e1t sietve,<br \/>\ngyere be a sz\u00edvembe.<br \/>\nHajnalban f\u00e9nyes a szob\u00e1m,<br \/>\nhol van a ruh\u00e1m, el kell v\u00e1lnunk m\u00e1r.<br \/>\nDe holnap ugyan\u00edgy ism\u00e9t meleg\u00edt,<br \/>\nv\u00e1r a holdsug\u00e1r.<br \/>\nSz\u00f3rd h\u00e1t ide, nap,<br \/>\nsz\u00f3rd a sugarat, r\u00e1nk esnek tal\u00e1n.<br \/>\nBerep\u00fcl a kezembe, mosolyog a szemembe,<br \/>\nmosolyog a szemembe.<br \/>\nBerep\u00fcl a kezembe, mosolyog a szemembe,<br \/>\nmosolyog a szemembe.<br \/>\nAjkad \u00e9des j\u00e1t\u00e9ka,<br \/>\nest\u00e9m sz\u00e9p aj\u00e1nd\u00e9ka,<br \/>\nj\u00f6jj h\u00e1t nevetve,<br \/>\ngyere be a sz\u00edvembe,<br \/>\ngyere be a sz\u00edvembe.<br \/>\nJ\u00f6jj h\u00e1t nevetve,<br \/>\ngyere be a sz\u00edvembe,<br \/>\ngyere be a sz\u00edvembe.<br \/>\n\u00c1t\u00f6lellek, nem hagylak,<br \/>\neg\u00e9sz \u00e9jjel cs\u00f3kollak,<br \/>\nk\u00e9rlek, remegve, j\u00f6jj h\u00e1t sietve,<br \/>\ngyere be a sz\u00edvembe.<br \/>\nK\u00e9rlek, remegve, j\u00f6jj h\u00e1t sietve,<br \/>\ngyere be a sz\u00edvembe.<br \/>\nHajnalban f\u00e9nyes a szob\u00e1m,<br \/>\nhol van a ruh\u00e1m, el kell v\u00e1lnunk m\u00e1r.<br \/>\nDe holnap ugyan\u00edgy ism\u00e9t meleg\u00edt,<br \/>\nv\u00e1r a holdsug\u00e1r.<br \/>\nSz\u00f3rd h\u00e1t ide, nap,<br \/>\nsz\u00f3rd a sugarat, r\u00e1nk esnek tal\u00e1n.<br \/>\nBerep\u00fcl a kezembe, mosolyog a szemembe,<br \/>\nmosolyog a szemembe.<br \/>\nBerep\u00fcl a kezembe, mosolyog a szemembe,<br \/>\nmosolyog a szemembe.<br \/>\n&#8212;Sz\u00f3l\u00f3&#8212;<br \/>\nHajnalban f\u00e9nyes a szob\u00e1m,<br \/>\nhol van a ruh\u00e1m, el kell v\u00e1lnunk m\u00e1r.<br \/>\nDe holnap ugyan\u00edgy ism\u00e9t meleg\u00edt,<br \/>\nv\u00e1r a holdsug\u00e1r.<br \/>\nSz\u00f3rd h\u00e1t ide, nap,<br \/>\nsz\u00f3rd a sugarat, r\u00e1nk esnek tal\u00e1n.<br \/>\nBerep\u00fcl a kezembe, mosolyog a szemembe,<br \/>\nmosolyog a szemembe.<br \/>\nBerep\u00fcl a kezembe, mosolyog a szemembe,<br \/>\nmosolyog a szemembe.<br \/>\nHajnalban f\u00e9nyes a szob\u00e1m,<br \/>\nhol van a ruh\u00e1m, el kell v\u00e1lnunk m\u00e1r.<br \/>\nDe holnap ugyan\u00edgy ism\u00e9t meleg\u00edt,<br \/>\nv\u00e1r a holdsug\u00e1r.<br \/>\nSz\u00f3rd h\u00e1t ide, nap,<br \/>\nsz\u00f3rd a sugarat, r\u00e1nk esnek tal\u00e1n.<br \/>\nBerep\u00fcl a kezembe, mosolyog a szemembe,<br \/>\nmosolyog a szemembe.<br \/>\nBerep\u00fcl a kezembe, mosolyog a szemembe,<br \/>\nmosolyog a szemembe.<br \/>\n&#8212;V\u00e9ge&#8212;<\/p>\n","protected":false},"featured_media":9020,"template":"","meta":{"site-sidebar-layout":"default","site-content-layout":"default","ast-site-content-layout":"default","site-content-style":"default","site-sidebar-style":"default","ast-global-header-display":"","ast-banner-title-visibility":"","ast-main-header-display":"","ast-hfb-above-header-display":"","ast-hfb-below-header-display":"","ast-hfb-mobile-header-display":"","site-post-title":"","ast-breadcrumbs-content":"","ast-featured-img":"","footer-sml-layout":"","theme-transparent-header-meta":"default","adv-header-id-meta":"","stick-header-meta":"","header-above-stick-meta":"","header-main-stick-meta":"","header-below-stick-meta":"","astra-migrate-meta-layouts":"set","ast-page-background-enabled":"default","ast-page-background-meta":{"desktop":{"background-color":"var(--ast-global-color-4)","background-image":"","background-repeat":"repeat","background-position":"center center","background-size":"auto","background-attachment":"scroll","background-type":"","background-media":"","overlay-type":"","overlay-color":"","overlay-opacity":"","overlay-gradient":""},"tablet":{"background-color":"","background-image":"","background-repeat":"repeat","background-position":"center center","background-size":"auto","background-attachment":"scroll","background-type":"","background-media":"","overlay-type":"","overlay-color":"","overlay-opacity":"","overlay-gradient":""},"mobile":{"background-color":"","background-image":"","background-repeat":"repeat","background-position":"center center","background-size":"auto","background-attachment":"scroll","background-type":"","background-media":"","overlay-type":"","overlay-color":"","overlay-opacity":"","overlay-gradient":""}},"ast-content-background-meta":{"desktop":{"background-color":"var(--ast-global-color-5)","background-image":"","background-repeat":"repeat","background-position":"center center","background-size":"auto","background-attachment":"scroll","background-type":"","background-media":"","overlay-type":"","overlay-color":"","overlay-opacity":"","overlay-gradient":""},"tablet":{"background-color":"var(--ast-global-color-5)","background-image":"","background-repeat":"repeat","background-position":"center center","background-size":"auto","background-attachment":"scroll","background-type":"","background-media":"","overlay-type":"","overlay-color":"","overlay-opacity":"","overlay-gradient":""},"mobile":{"background-color":"var(--ast-global-color-5)","background-image":"","background-repeat":"repeat","background-position":"center center","background-size":"auto","background-attachment":"scroll","background-type":"","background-media":"","overlay-type":"","overlay-color":"","overlay-opacity":"","overlay-gradient":""}}},"product_cat":[52],"product_tag":[],"class_list":["post-3390","product","type-product","status-publish","has-post-thumbnail","hentry","product_cat-tajtiboy","desktop-align-left","tablet-align-left","mobile-align-left"],"_links":{"self":[{"href":"https:\/\/www.sunkaraoke.hu\/index.php\/wp-json\/wp\/v2\/product\/3390","targetHints":{"allow":["GET"]}}],"collection":[{"href":"https:\/\/www.sunkaraoke.hu\/index.php\/wp-json\/wp\/v2\/product"}],"about":[{"href":"https:\/\/www.sunkaraoke.hu\/index.php\/wp-json\/wp\/v2\/types\/product"}],"wp:featuredmedia":[{"embeddable":true,"href":"https:\/\/www.sunkaraoke.hu\/index.php\/wp-json\/wp\/v2\/media\/9020"}],"wp:attachment":[{"href":"https:\/\/www.sunkaraoke.hu\/index.php\/wp-json\/wp\/v2\/media?parent=3390"}],"wp:term":[{"taxonomy":"product_cat","embeddable":true,"href":"https:\/\/www.sunkaraoke.hu\/index.php\/wp-json\/wp\/v2\/product_cat?post=3390"},{"taxonomy":"product_tag","embeddable":true,"href":"https:\/\/www.sunkaraoke.hu\/index.php\/wp-json\/wp\/v2\/product_tag?post=3390"}],"curies":[{"name":"wp","href":"https:\/\/api.w.org\/{rel}","templated":true}]}}