{"id":3386,"date":"2022-08-08T20:46:20","date_gmt":"2022-08-08T20:46:20","guid":{"rendered":"https:\/\/www.sunkaraoke.hu\/index.php\/termek\/pias-noverkek-pancsolo-kislany\/"},"modified":"2026-02-14T15:46:22","modified_gmt":"2026-02-14T13:46:22","slug":"pias-noverkek-pancsolo-kislany","status":"publish","type":"product","link":"https:\/\/www.sunkaraoke.hu\/index.php\/termek\/pias-noverkek-pancsolo-kislany\/","title":{"rendered":"<div class=\"wcmp-player-container product-3386\"><audio controlslist=\"nodownload\" data-product=\"3386\"  volume=\"1\"  preload=\"none\" data-lazyloading=\"none\" class=\"wcmp-player track mejs-classic\" data-duration=\"0:35\" data-estimated_duration=\"4\"><source src=\"https:\/\/www.sunkaraoke.hu\/wp-content\/uploads\/2022\/08\/Pancsolo-kislany-demoo.mp3\" type=\"audio\/mp3\" \/><\/audio><\/div>Pi\u00e1s N\u00f5v\u00e9rk\u00e9k &#8211; Pancsol\u00f3 kisl\u00e1ny (Original)"},"content":{"rendered":"<p><strong>02:55<\/strong> | <strong><img loading=\"lazy\" decoding=\"async\" class=\"alignnone size-full wp-image-467\" src=\"https:\/\/www.sunkaraoke.hu\/wp-content\/uploads\/2022\/07\/choir_2-copy.webp\" alt=\"\" width=\"30\" height=\"30\" \/> <\/strong><\/p>\n","protected":false},"excerpt":{"rendered":"<h6><strong>Bits\u0171r\u0171s\u00e9g: 320<\/strong>kb\/s<strong><br \/>\n<\/strong><strong>Hossz: <\/strong>02:55<strong><br \/>\n<\/strong><strong style=\"font-size: 16px;\">Vok\u00e1lt tartalmaz: <\/strong>Nem <img loading=\"lazy\" decoding=\"async\" class=\"alignnone size-full wp-image-467\" src=\"http:\/\/www.sunkaraoke.hu\/wp-content\/uploads\/2022\/07\/choir_2-copy.png\" alt=\"\" width=\"30\" height=\"30\" \/><strong style=\"font-size: 16px;\"><br \/>\n<\/strong><\/h6>\n<p>Sunkaraoke mp3 st\u00fadi\u00f3 \/ www.sunkaraoke.hu \/ Inf: Tel: 06 20 4275001<\/p>\n<p>&#8212;Intr\u00f3&#8212;<br \/>\nHa v\u00e9gre itt a ny\u00e1r \u00e9s meleg az id\u0151,<br \/>\naz ember strandra j\u00e1r, mert az\u00e9rt van itt \u0151.<br \/>\nS m\u00edg anyu \u00f6lt\u00f6zik az apu ideges,<br \/>\nhogy olyan lassan k\u00e9sz\u00fcl el,<br \/>\nhogy addigra este lesz.<\/p>\n<p>Jaj \u00fagy \u00e9lvezem \u00e9n a strandot,<br \/>\nottan annyira sz\u00e9p \u00e9s j\u00f3,<br \/>\nannyi vicceset l\u00e1tok, hallok,<br \/>\n\u00e9s m\u00e9g bambi is kaphat\u00f3.<br \/>\n&#8212;Sz\u00f3l\u00f3&#8212;<br \/>\nA strandon az is j\u00f3,<br \/>\nhogy van m\u00e9g sok gyerek,<br \/>\n\u00e9s van homokoz\u00f3 \u00e9s labd\u00e1zni lehet.<br \/>\nCsak azt nem \u00e9rtem \u00e9n,<br \/>\nsok n\u00e9ni mi\u00e9rt sik\u00edt,<br \/>\nha v\u00e9letlen egy labda \u00e9pp,<br \/>\negy b\u00e1csira r\u00e1esik.<br \/>\nJaj \u00fagy \u00e9lvezem \u00e9n a strandot,<br \/>\nottan annyira sz\u00e9p \u00e9s j\u00f3,<br \/>\nannyi vicceset l\u00e1tok, hallok,<br \/>\n\u00e9s m\u00e9g bambi is kaphat\u00f3.<br \/>\n&#8212;Sz\u00f3l\u00f3&#8212;<br \/>\nDe apuk\u00e1ra is \u00e9n az\u00e9rt \u00fcgyelek,<br \/>\n\u00e9s mindig odavisz a lelkiismeret,<br \/>\ns ha fekszik a napon,<br \/>\n\u00e9s izzad m\u00e1r szeg\u00e9ny,<br \/>\nkis v\u00f6dr\u00f6m v\u00edzzel megt\u00f6lt\u00f6m,<br \/>\n\u00e9s r\u00e1locsolom mind \u00e9n.<br \/>\nJaj \u00fagy \u00e9lvezem \u00e9n a strandot,<br \/>\nottan annyira sz\u00e9p \u00e9s j\u00f3,<br \/>\nannyi vicceset l\u00e1tok, hallok,<br \/>\n\u00e9s m\u00e9g bambi is kaphat\u00f3.<br \/>\n&#8212;Sz\u00f3l\u00f3&#8212;-<br \/>\nDe este szomor\u00fa a hazafel\u00e9 \u00fat,<br \/>\nmert otthon az anyu a f\u00fcrd\u0151k\u00e1dba dob.<br \/>\nM\u00e1r volt vele ez\u00e9rt,<br \/>\nm\u00e1r nagyon sok vit\u00e1m,<br \/>\nmert ki hallott m\u00e1r ilyen dolgot,<br \/>\nf\u00fcrdeni strand ut\u00e1n.<br \/>\nOtthon nem szeretem a strandot,<br \/>\nabban semmi sem sz\u00e9p se j\u00f3,<br \/>\ngyorsan mosdani m\u00e1st se hallok,<br \/>\n\u00e9s m\u00e9g bambi se kaphat\u00f3.<br \/>\nOtthon nem szeretem a strandot,<br \/>\nabban semmi sem sz\u00e9p se j\u00f3,<br \/>\ngyorsan mosdani m\u00e1st se hallok,<br \/>\n\u00e9s m\u00e9g bambi se kaphat\u00f3.<br \/>\n&#8212;V\u00e9ge&#8212;<\/p>\n","protected":false},"featured_media":12590,"template":"","meta":{"site-sidebar-layout":"default","site-content-layout":"default","ast-site-content-layout":"default","site-content-style":"default","site-sidebar-style":"default","ast-global-header-display":"","ast-banner-title-visibility":"","ast-main-header-display":"","ast-hfb-above-header-display":"","ast-hfb-below-header-display":"","ast-hfb-mobile-header-display":"","site-post-title":"","ast-breadcrumbs-content":"","ast-featured-img":"","footer-sml-layout":"","theme-transparent-header-meta":"default","adv-header-id-meta":"","stick-header-meta":"","header-above-stick-meta":"","header-main-stick-meta":"","header-below-stick-meta":"","astra-migrate-meta-layouts":"set","ast-page-background-enabled":"default","ast-page-background-meta":{"desktop":{"background-color":"var(--ast-global-color-4)","background-image":"","background-repeat":"repeat","background-position":"center center","background-size":"auto","background-attachment":"scroll","background-type":"","background-media":"","overlay-type":"","overlay-color":"","overlay-opacity":"","overlay-gradient":""},"tablet":{"background-color":"","background-image":"","background-repeat":"repeat","background-position":"center center","background-size":"auto","background-attachment":"scroll","background-type":"","background-media":"","overlay-type":"","overlay-color":"","overlay-opacity":"","overlay-gradient":""},"mobile":{"background-color":"","background-image":"","background-repeat":"repeat","background-position":"center center","background-size":"auto","background-attachment":"scroll","background-type":"","background-media":"","overlay-type":"","overlay-color":"","overlay-opacity":"","overlay-gradient":""}},"ast-content-background-meta":{"desktop":{"background-color":"var(--ast-global-color-5)","background-image":"","background-repeat":"repeat","background-position":"center center","background-size":"auto","background-attachment":"scroll","background-type":"","background-media":"","overlay-type":"","overlay-color":"","overlay-opacity":"","overlay-gradient":""},"tablet":{"background-color":"var(--ast-global-color-5)","background-image":"","background-repeat":"repeat","background-position":"center center","background-size":"auto","background-attachment":"scroll","background-type":"","background-media":"","overlay-type":"","overlay-color":"","overlay-opacity":"","overlay-gradient":""},"mobile":{"background-color":"var(--ast-global-color-5)","background-image":"","background-repeat":"repeat","background-position":"center center","background-size":"auto","background-attachment":"scroll","background-type":"","background-media":"","overlay-type":"","overlay-color":"","overlay-opacity":"","overlay-gradient":""}}},"product_cat":[46],"product_tag":[],"class_list":["post-3386","product","type-product","status-publish","has-post-thumbnail","hentry","product_cat-eredeti-karaoke-dalok","desktop-align-left","tablet-align-left","mobile-align-left"],"_links":{"self":[{"href":"https:\/\/www.sunkaraoke.hu\/index.php\/wp-json\/wp\/v2\/product\/3386","targetHints":{"allow":["GET"]}}],"collection":[{"href":"https:\/\/www.sunkaraoke.hu\/index.php\/wp-json\/wp\/v2\/product"}],"about":[{"href":"https:\/\/www.sunkaraoke.hu\/index.php\/wp-json\/wp\/v2\/types\/product"}],"wp:featuredmedia":[{"embeddable":true,"href":"https:\/\/www.sunkaraoke.hu\/index.php\/wp-json\/wp\/v2\/media\/12590"}],"wp:attachment":[{"href":"https:\/\/www.sunkaraoke.hu\/index.php\/wp-json\/wp\/v2\/media?parent=3386"}],"wp:term":[{"taxonomy":"product_cat","embeddable":true,"href":"https:\/\/www.sunkaraoke.hu\/index.php\/wp-json\/wp\/v2\/product_cat?post=3386"},{"taxonomy":"product_tag","embeddable":true,"href":"https:\/\/www.sunkaraoke.hu\/index.php\/wp-json\/wp\/v2\/product_tag?post=3386"}],"curies":[{"name":"wp","href":"https:\/\/api.w.org\/{rel}","templated":true}]}}