{"id":3383,"date":"2022-08-08T20:46:20","date_gmt":"2022-08-08T20:46:20","guid":{"rendered":"https:\/\/www.sunkaraoke.hu\/index.php\/termek\/forte-richie-mutass-ram\/"},"modified":"2025-03-31T12:26:09","modified_gmt":"2025-03-31T12:26:09","slug":"forte-richie-mutass-ram","status":"publish","type":"product","link":"https:\/\/www.sunkaraoke.hu\/index.php\/termek\/forte-richie-mutass-ram\/","title":{"rendered":"<div class=\"wcmp-player-container product-3383\"><audio controlslist=\"nodownload\" data-product=\"3383\"  volume=\"1\"  preload=\"none\" data-lazyloading=\"none\" class=\"wcmp-player track mejs-classic\" data-duration=\"0:31\" data-estimated_duration=\"4\"><source src=\"https:\/\/www.sunkaraoke.hu\/wp-content\/uploads\/2022\/08\/Richie-mutass-ram-_demo.mp3\" type=\"audio\/mp3\" \/><\/audio><\/div>Forte &#8211; Richie mutass r\u00e1m (Original)"},"content":{"rendered":"<p><strong>02:45<\/strong> | <strong><img loading=\"lazy\" decoding=\"async\" class=\"alignnone size-full wp-image-467\" src=\"https:\/\/www.sunkaraoke.hu\/wp-content\/uploads\/2022\/07\/choir_2-copy.webp\" alt=\"\" width=\"30\" height=\"30\" \/> <\/strong><\/p>\n","protected":false},"excerpt":{"rendered":"<h6><strong>Bits\u0171r\u0171s\u00e9g: 320<\/strong>kb\/s<strong><br \/>\n<\/strong><strong>Hossz: <\/strong>02:45<strong><br \/>\n<\/strong><strong style=\"font-size: 16px;\">Vok\u00e1lt tartalmaz: <\/strong>Nem <img loading=\"lazy\" decoding=\"async\" class=\"alignnone size-full wp-image-467\" src=\"http:\/\/www.sunkaraoke.hu\/wp-content\/uploads\/2022\/07\/choir_2-copy.png\" alt=\"\" width=\"30\" height=\"30\" \/><strong style=\"font-size: 16px;\"><br \/>\n<\/strong><\/h6>\n<p>Sunkaraoke mp3 st\u00fadi\u00f3 \/ www.sunkaraoke.hu \/ Inf: Tel: 06 20 4275001<\/p>\n<p>&#8212;Intr\u00f3\u2026<br \/>\nMutatok egy j\u00e1t\u00e9kot a kezekkel,<br \/>\ntudom, f\u00e9l perc alatt megtanulod.<br \/>\nTapsolok, s ha v\u00e9letlen\u00fcl r\u00e1d mutatok,<br \/>\npontosan lem\u00e1solod.<\/p>\n<p>Gyer\u00fcnk kezeket fel (Richie mutass r\u00e1m,)<br \/>\nMost j\u00f3l figyelj , (Richie mutass r\u00e1m,)<br \/>\nm\u00e1sold a figur\u00e1t, (Richie mutass r\u00e1m,)<br \/>\nennyi volt, igen!<\/p>\n<p>Kezdj\u00fcnk \u00fajra \u00fctemesen tapsolni,<br \/>\nl\u00e1tod, nagyon j\u00f3l csin\u00e1lod.<br \/>\nFigyelj, mert ha megint r\u00e1d mutatok,<br \/>\na ritmik\u00e1t folytatod.<\/p>\n<p>Gyer\u00fcnk kezeket fel (Richie mutass r\u00e1m,)<br \/>\nMost j\u00f3l figyelj , (Richie mutass r\u00e1m,)<br \/>\nm\u00e1sold a figur\u00e1t, (Richie mutass r\u00e1m,)<br \/>\nennyi volt, igen!<br \/>\n&#8212;Sz\u00f3l\u00f3&#8212;<br \/>\nMutatok egy j\u00e1t\u00e9kot a kezekkel,<br \/>\ntudom, f\u00e9l perc alatt megtanulod.<br \/>\nTapsolok, s ha v\u00e9letlen\u00fcl r\u00e1d mutatok,<br \/>\npontosan lem\u00e1solod.<\/p>\n<p>Gyer\u00fcnk kezeket fel (Richie mutass r\u00e1m,)<br \/>\nMost j\u00f3l figyelj , (Richie mutass r\u00e1m,)<br \/>\nm\u00e1sold a figur\u00e1t, (Richie mutass r\u00e1m,)<br \/>\nennyi volt, igen!<\/p>\n<p>Kezdj\u00fcnk \u00fajra \u00fctemesen tapsolni,<br \/>\nl\u00e1tod, nagyon j\u00f3l csin\u00e1lod.<br \/>\nFigyelj, mert ha megint r\u00e1d mutatok,<br \/>\na ritmik\u00e1t folytatod.<\/p>\n<p>Gyer\u00fcnk kezeket fel (Richie mutass r\u00e1m,)<br \/>\nMost j\u00f3l figyelj , (Richie mutass r\u00e1m,)<br \/>\nm\u00e1sold a figur\u00e1t, (Richie mutass r\u00e1m,)<br \/>\nennyi volt, igen!<\/p>\n<p>Gyer\u00fcnk kezeket fel (Richie mutass r\u00e1m,)<br \/>\nMost j\u00f3l figyelj , (Richie mutass r\u00e1m,)<br \/>\nm\u00e1sold a figur\u00e1t, (Richie mutass r\u00e1m,)<br \/>\nennyi volt, igen!<\/p>\n","protected":false},"featured_media":16293,"template":"","meta":{"site-sidebar-layout":"default","site-content-layout":"default","ast-site-content-layout":"default","site-content-style":"default","site-sidebar-style":"default","ast-global-header-display":"","ast-banner-title-visibility":"","ast-main-header-display":"","ast-hfb-above-header-display":"","ast-hfb-below-header-display":"","ast-hfb-mobile-header-display":"","site-post-title":"","ast-breadcrumbs-content":"","ast-featured-img":"","footer-sml-layout":"","theme-transparent-header-meta":"default","adv-header-id-meta":"","stick-header-meta":"","header-above-stick-meta":"","header-main-stick-meta":"","header-below-stick-meta":"","astra-migrate-meta-layouts":"set","ast-page-background-enabled":"default","ast-page-background-meta":{"desktop":{"background-color":"var(--ast-global-color-4)","background-image":"","background-repeat":"repeat","background-position":"center center","background-size":"auto","background-attachment":"scroll","background-type":"","background-media":"","overlay-type":"","overlay-color":"","overlay-opacity":"","overlay-gradient":""},"tablet":{"background-color":"","background-image":"","background-repeat":"repeat","background-position":"center center","background-size":"auto","background-attachment":"scroll","background-type":"","background-media":"","overlay-type":"","overlay-color":"","overlay-opacity":"","overlay-gradient":""},"mobile":{"background-color":"","background-image":"","background-repeat":"repeat","background-position":"center center","background-size":"auto","background-attachment":"scroll","background-type":"","background-media":"","overlay-type":"","overlay-color":"","overlay-opacity":"","overlay-gradient":""}},"ast-content-background-meta":{"desktop":{"background-color":"var(--ast-global-color-5)","background-image":"","background-repeat":"repeat","background-position":"center center","background-size":"auto","background-attachment":"scroll","background-type":"","background-media":"","overlay-type":"","overlay-color":"","overlay-opacity":"","overlay-gradient":""},"tablet":{"background-color":"var(--ast-global-color-5)","background-image":"","background-repeat":"repeat","background-position":"center center","background-size":"auto","background-attachment":"scroll","background-type":"","background-media":"","overlay-type":"","overlay-color":"","overlay-opacity":"","overlay-gradient":""},"mobile":{"background-color":"var(--ast-global-color-5)","background-image":"","background-repeat":"repeat","background-position":"center center","background-size":"auto","background-attachment":"scroll","background-type":"","background-media":"","overlay-type":"","overlay-color":"","overlay-opacity":"","overlay-gradient":""}}},"product_cat":[48],"product_tag":[],"class_list":["post-3383","product","type-product","status-publish","has-post-thumbnail","hentry","product_cat-sunkaraoke-dalok","desktop-align-left","tablet-align-left","mobile-align-left"],"_links":{"self":[{"href":"https:\/\/www.sunkaraoke.hu\/index.php\/wp-json\/wp\/v2\/product\/3383","targetHints":{"allow":["GET"]}}],"collection":[{"href":"https:\/\/www.sunkaraoke.hu\/index.php\/wp-json\/wp\/v2\/product"}],"about":[{"href":"https:\/\/www.sunkaraoke.hu\/index.php\/wp-json\/wp\/v2\/types\/product"}],"wp:featuredmedia":[{"embeddable":true,"href":"https:\/\/www.sunkaraoke.hu\/index.php\/wp-json\/wp\/v2\/media\/16293"}],"wp:attachment":[{"href":"https:\/\/www.sunkaraoke.hu\/index.php\/wp-json\/wp\/v2\/media?parent=3383"}],"wp:term":[{"taxonomy":"product_cat","embeddable":true,"href":"https:\/\/www.sunkaraoke.hu\/index.php\/wp-json\/wp\/v2\/product_cat?post=3383"},{"taxonomy":"product_tag","embeddable":true,"href":"https:\/\/www.sunkaraoke.hu\/index.php\/wp-json\/wp\/v2\/product_tag?post=3383"}],"curies":[{"name":"wp","href":"https:\/\/api.w.org\/{rel}","templated":true}]}}