{"id":3382,"date":"2022-08-08T20:46:20","date_gmt":"2022-08-08T20:46:20","guid":{"rendered":"https:\/\/www.sunkaraoke.hu\/index.php\/termek\/domotor-balazs-petroleum-lampa\/"},"modified":"2025-04-08T10:29:18","modified_gmt":"2025-04-08T10:29:18","slug":"domotor-balazs-petroleum-lampa","status":"publish","type":"product","link":"https:\/\/www.sunkaraoke.hu\/index.php\/termek\/domotor-balazs-petroleum-lampa\/","title":{"rendered":"<div class=\"wcmp-player-container product-3382\"><audio controlslist=\"nodownload\" data-product=\"3382\"  volume=\"1\"  preload=\"none\" data-lazyloading=\"none\" class=\"wcmp-player track mejs-classic\" data-duration=\"0:32\" data-estimated_duration=\"4\"><source src=\"https:\/\/www.sunkaraoke.hu\/wp-content\/uploads\/2022\/08\/Petroleum-lampa-Domotor-_demo.mp3\" type=\"audio\/mp3\" \/><\/audio><\/div>D\u00f6m\u00f6t\u00f6r Bal\u00e1zs &#8211; Petr\u00f3leum l\u00e1mpa (Original)"},"content":{"rendered":"<p><strong>03:00<\/strong> | <strong><img loading=\"lazy\" decoding=\"async\" class=\"alignnone size-full wp-image-466\" src=\"https:\/\/www.sunkaraoke.hu\/wp-content\/uploads\/2022\/07\/choir_1-copy.webp\" alt=\"\" width=\"30\" height=\"30\" \/> <\/strong><\/p>\n","protected":false},"excerpt":{"rendered":"<h6><strong>Bits\u0171r\u0171s\u00e9g: 320<\/strong>kb\/s<strong><br \/>\n<\/strong><strong>Hossz: <\/strong>03:00<strong><br \/>\n<\/strong><strong style=\"font-size: 16px;\">Vok\u00e1lt tartalmaz: <\/strong>Igen <img loading=\"lazy\" decoding=\"async\" class=\"alignnone size-full wp-image-466\" src=\"http:\/\/www.sunkaraoke.hu\/wp-content\/uploads\/2022\/07\/choir_1-copy.png\" alt=\"\" width=\"30\" height=\"30\" \/><strong style=\"font-size: 16px;\"><br \/>\n<\/strong><\/h6>\n<p>Sunkaraoke mp3 st\u00fadi\u00f3 \/ www.sunkaraoke.hu \/ Inf: Tel: 06 20 4275001<\/p>\n<p>&#8212;Intr\u00f3 &#8212;<br \/>\nK\u00e9nyes porcel\u00e1n, \u00e9s itt \u00e1ll a zongor\u00e1n,<br \/>\negy f\u00e9nyes r\u00e9gi,r\u00e9gi,r\u00e9gi-r\u00e9gi l\u00e1mpa.<br \/>\nTalp\u00e1n z\u00f6ld bet\u0171k,\u00e9n vagyok a f\u00e9ny, a t\u0171z,<br \/>\nhogy l\u00e1ss az \u00e9jszak\u00e1ba.<br \/>\nPetr\u00f3leum l\u00e1mpa,<br \/>\nmilyen sz\u00e9p a l\u00e1ngja \u00e1-\u00e1-\u00e1\u2026<br \/>\n&#8212;Sz\u00f3l\u00f3&#8212;<br \/>\nK\u00e9mlelt \u00e9jeket, sok lepk\u00e9t meg\u00e9getett,<br \/>\n\u00e9s t\u0171rt sok,sok,sok hazugs\u00e1got.<br \/>\nSz\u00e1z \u00e9v r\u00e1l\u00e9pett, ismeri az \u00e9letet,<br \/>\n\u00e9s \u00e9rti a nagyvil\u00e1got.<br \/>\nPetr\u00f3leum l\u00e1mpa,<br \/>\nmilyen sz\u00e9p a l\u00e1ngja \u00e1-\u00e1-\u00e1\u2026<br \/>\n&#8212;Sz\u00f3l\u00f3&#8212;<br \/>\nKisl\u00e1ny, ha itt j\u00e1rsz, az \u00e1rny\u00e9kod k\u00e9k \u00f3ri\u00e1s,<br \/>\nmegn\u00e9z \u00e9s elvar\u00e1zsol.<br \/>\nB\u00e1mulsz, hogy mi van, n\u00e9zel, mint a moziban,<br \/>\n\u00e9s k\u00e9t sz\u00e9p szemedben t\u00e1ncol.<br \/>\nPetr\u00f3leum l\u00e1mpa,<br \/>\nmilyen sz\u00e9p a l\u00e1ngja \u00e1-\u00e1-\u00e1\u2026.<br \/>\n&#8212;Sz\u00f3l\u00f3&#8212;<br \/>\nK\u00e9nyes porcel\u00e1n, \u00e9s itt \u00e1ll a zongor\u00e1n,<br \/>\negy f\u00e9nyes r\u00e9gi,r\u00e9gi,r\u00e9gi-r\u00e9gi l\u00e1mpa.<br \/>\nTalp\u00e1n z\u00f6ld bet\u0171k,\u00e9n vagyok a f\u00e9ny, a t\u0171z,<br \/>\nhogy l\u00e1ss az \u00e9jszak\u00e1ba.<br \/>\nPetr\u00f3leum l\u00e1mpa,<br \/>\nmilyen sz\u00e9p a l\u00e1ngja \u00e1-\u00e1-\u00e1\u2026<br \/>\n&#8212;V\u00e9ge&#8212;<\/p>\n","protected":false},"featured_media":13436,"template":"","meta":{"site-sidebar-layout":"default","site-content-layout":"default","ast-site-content-layout":"default","site-content-style":"default","site-sidebar-style":"default","ast-global-header-display":"","ast-banner-title-visibility":"","ast-main-header-display":"","ast-hfb-above-header-display":"","ast-hfb-below-header-display":"","ast-hfb-mobile-header-display":"","site-post-title":"","ast-breadcrumbs-content":"","ast-featured-img":"","footer-sml-layout":"","theme-transparent-header-meta":"default","adv-header-id-meta":"","stick-header-meta":"","header-above-stick-meta":"","header-main-stick-meta":"","header-below-stick-meta":"","astra-migrate-meta-layouts":"set","ast-page-background-enabled":"default","ast-page-background-meta":{"desktop":{"background-color":"var(--ast-global-color-4)","background-image":"","background-repeat":"repeat","background-position":"center center","background-size":"auto","background-attachment":"scroll","background-type":"","background-media":"","overlay-type":"","overlay-color":"","overlay-opacity":"","overlay-gradient":""},"tablet":{"background-color":"","background-image":"","background-repeat":"repeat","background-position":"center center","background-size":"auto","background-attachment":"scroll","background-type":"","background-media":"","overlay-type":"","overlay-color":"","overlay-opacity":"","overlay-gradient":""},"mobile":{"background-color":"","background-image":"","background-repeat":"repeat","background-position":"center center","background-size":"auto","background-attachment":"scroll","background-type":"","background-media":"","overlay-type":"","overlay-color":"","overlay-opacity":"","overlay-gradient":""}},"ast-content-background-meta":{"desktop":{"background-color":"var(--ast-global-color-5)","background-image":"","background-repeat":"repeat","background-position":"center center","background-size":"auto","background-attachment":"scroll","background-type":"","background-media":"","overlay-type":"","overlay-color":"","overlay-opacity":"","overlay-gradient":""},"tablet":{"background-color":"var(--ast-global-color-5)","background-image":"","background-repeat":"repeat","background-position":"center center","background-size":"auto","background-attachment":"scroll","background-type":"","background-media":"","overlay-type":"","overlay-color":"","overlay-opacity":"","overlay-gradient":""},"mobile":{"background-color":"var(--ast-global-color-5)","background-image":"","background-repeat":"repeat","background-position":"center center","background-size":"auto","background-attachment":"scroll","background-type":"","background-media":"","overlay-type":"","overlay-color":"","overlay-opacity":"","overlay-gradient":""}}},"product_cat":[46],"product_tag":[],"class_list":["post-3382","product","type-product","status-publish","has-post-thumbnail","hentry","product_cat-eredeti-karaoke-dalok","desktop-align-left","tablet-align-left","mobile-align-left"],"_links":{"self":[{"href":"https:\/\/www.sunkaraoke.hu\/index.php\/wp-json\/wp\/v2\/product\/3382","targetHints":{"allow":["GET"]}}],"collection":[{"href":"https:\/\/www.sunkaraoke.hu\/index.php\/wp-json\/wp\/v2\/product"}],"about":[{"href":"https:\/\/www.sunkaraoke.hu\/index.php\/wp-json\/wp\/v2\/types\/product"}],"wp:featuredmedia":[{"embeddable":true,"href":"https:\/\/www.sunkaraoke.hu\/index.php\/wp-json\/wp\/v2\/media\/13436"}],"wp:attachment":[{"href":"https:\/\/www.sunkaraoke.hu\/index.php\/wp-json\/wp\/v2\/media?parent=3382"}],"wp:term":[{"taxonomy":"product_cat","embeddable":true,"href":"https:\/\/www.sunkaraoke.hu\/index.php\/wp-json\/wp\/v2\/product_cat?post=3382"},{"taxonomy":"product_tag","embeddable":true,"href":"https:\/\/www.sunkaraoke.hu\/index.php\/wp-json\/wp\/v2\/product_tag?post=3382"}],"curies":[{"name":"wp","href":"https:\/\/api.w.org\/{rel}","templated":true}]}}